{"id":26373,"date":"2021-02-16T12:07:13","date_gmt":"2021-02-16T10:07:13","guid":{"rendered":"https:\/\/www.brogue.ch\/?page_id=26373"},"modified":"2022-05-19T11:25:05","modified_gmt":"2022-05-19T09:25:05","slug":"unsure-marken","status":"publish","type":"page","link":"https:\/\/brogue.ch\/de\/unsure-marken\/","title":{"rendered":"Unsere marken"},"content":{"rendered":"<p>[vc_row css_animation=&#8220;&#8220; row_type=&#8220;row&#8220; use_row_as_full_screen_section=&#8220;no&#8220; type=&#8220;full_width&#8220; angled_section=&#8220;no&#8220; text_align=&#8220;left&#8220; background_image_as_pattern=&#8220;without_pattern&#8220;][vc_column width=&#8220;1\/12&#8243;][\/vc_column][vc_column width=&#8220;5\/6&#8243;][vc_empty_space height=&#8220;50px&#8220;][vc_column_text]<\/p>\n<h3 style=\"text-align: center;\"><em>Wir f\u00fchren einige der weltbesten Marken und bieten ein breites Spektrum an Stilen und Designs. Vom typisch englischen Brogue bis hin zu modischen, farbenfrohen Sommermokassins aus Wildleder finden Sie alles in unserer Boutique. Auch f\u00fcr breite F\u00fc\u00dfe ist gesorgt, ebenso wie f\u00fcr gro\u00dfe und kleine Gr\u00f6\u00dfen (Gr\u00f6\u00dfe 5 bis 13).<\/em><\/h3>\n<p>[\/vc_column_text][vc_empty_space height=&#8220;50px&#8220;][\/vc_column][vc_column width=&#8220;1\/12&#8243;][\/vc_column][\/vc_row][vc_row css_animation=&#8220;&#8220; row_type=&#8220;row&#8220; use_row_as_full_screen_section=&#8220;no&#8220; type=&#8220;full_width&#8220; angled_section=&#8220;no&#8220; text_align=&#8220;left&#8220; background_image_as_pattern=&#8220;without_pattern&#8220;][vc_column width=&#8220;1\/3&#8243;][vc_empty_space height=&#8220;50px&#8220;][vc_single_image image=&#8220;17375&#8243; img_size=&#8220;150&#215;150&#8243; alignment=&#8220;center&#8220; qode_css_animation=&#8220;&#8220;][vc_column_text]<\/p>\n<h3 style=\"text-align: center; font-family: inherit; font-style: normal; font-size: 1.2em; font-weight: 500; margin-bottom: 10px;\"><a href=\"https:\/\/preprod.brogue.ch\/fr\/our-brands\/andrea-ventura-shoes\/\" target=\"_blank\" rel=\"noopener noreferrer\">Andrea Ventura<\/a><\/h3>\n<p>[\/vc_column_text][vc_column_text]Im Jahr 2007 von den Designern Andrea Ventura und Iacopo Soldini in Florenz gegr\u00fcndet, hat sich Andrea Ventura Firenze das Ziel gesetzt, das Erscheinungsbild des klassischen Herrenschuhs zu ver\u00e4ndern. Den Bed\u00fcrfnissen des modernen Mannes folgend, werden nur geschmeidigste Leder und Wildleder in einer Vielzahl sch\u00f6ner, kr\u00e4ftiger Farbt\u00f6ne verarbeitet. Die Sohlen sind leicht und flexibel \u2013 eine perfekte Kombination von Mode und Tragbarkeit.[\/vc_column_text][\/vc_column][vc_column width=&#8220;1\/3&#8243;][vc_empty_space height=&#8220;50px&#8220;][vc_single_image image=&#8220;17378&#8243; img_size=&#8220;150&#215;150&#8243; alignment=&#8220;center&#8220; qode_css_animation=&#8220;&#8220;][vc_column_text]<\/p>\n<h3 style=\"text-align: center; font-family: inherit; font-style: normal; font-size: 1.2em; font-weight: 500; margin-bottom: 10px;\"><a href=\"https:\/\/preprod.brogue.ch\/fr\/our-brands\/bontoni-shoes\/\" target=\"_blank\" rel=\"noopener noreferrer\">Bontoni<\/a><\/h3>\n<p>[\/vc_column_text][vc_column_text]Franco Gazzani ist ein Schuhmacher in dritter Generation. Sein Ansatz ist der Inbegriff traditioneller Schuhmacherei. Ein kleines Team von Handwerkern stellt mit gro\u00dfer Sorgfalt etwa 50 Paare pro Woche her &#8211; jedes Paar handgen\u00e4ht und handgef\u00e4rbt: exquisit gestaltete, tragbare Kunstwerke.<\/p>\n<p>[\/vc_column_text][\/vc_column][vc_column width=&#8220;1\/3&#8243;][vc_empty_space height=&#8220;50px&#8220;][vc_single_image image=&#8220;17408&#8243; img_size=&#8220;150&#215;150&#8243; alignment=&#8220;center&#8220; qode_css_animation=&#8220;&#8220;][vc_column_text]<\/p>\n<h3 style=\"text-align: center; font-family: inherit; font-style: normal; font-size: 1.2em; font-weight: 500; margin-bottom: 10px;\"><a href=\"https:\/\/preprod.brogue.ch\/fr\/our-brands\/santoni-shoes\/\" target=\"_blank\" rel=\"noopener noreferrer\">Santoni<\/a><\/h3>\n<p>[\/vc_column_text][vc_column_text]Seit der Gr\u00fcndung im Jahr 1979 hat die Familie Santoni eine Kultmarke entwickelt, die italienisches Design und Handwerkskunst erfolgreich kombiniert. Sie produziert eine breite Palette von Modellen und investiert, dank ihrer komplett renovierten Fabrik, stark in Entwicklung und Umweltschutz. Jede Saison bietet \u00dcberraschungen mit innovativen Designs, Farben und neuen Materialien. Ihr Ziel, sch\u00f6ne und zugleich bequeme Schuhe zu kreieren, wird Jahr f\u00fcr Jahr erreicht.[\/vc_column_text][\/vc_column][\/vc_row][vc_row css_animation=&#8220;&#8220; row_type=&#8220;row&#8220; use_row_as_full_screen_section=&#8220;no&#8220; type=&#8220;full_width&#8220; angled_section=&#8220;no&#8220; text_align=&#8220;left&#8220; background_image_as_pattern=&#8220;without_pattern&#8220;][vc_column width=&#8220;1\/3&#8243;][vc_empty_space height=&#8220;50px&#8220;][vc_single_image image=&#8220;37327&#8243; img_size=&#8220;150&#215;150&#8243; alignment=&#8220;center&#8220; qode_css_animation=&#8220;&#8220;][vc_column_text]<\/p>\n<h3 style=\"text-align: center; font-family: inherit; font-style: normal; font-size: 1.2em; font-weight: 500; margin-bottom: 10px;\"><a href=\"https:\/\/preprod.brogue.ch\/fr\/our-brands\/carmina-shoes\/\" target=\"_blank\" rel=\"noopener noreferrer\">Carmina<\/a><\/h3>\n<p>[\/vc_column_text][vc_column_text]1866 er\u00f6ffnete Mat\u00edas Pujadas eine kleine Werkstatt in Inca auf der Insel Mallorca. Er begann mit der Herstellung von Ma\u00dfschuhen und gr\u00fcndete eine Familientradition von Schuhmachern, die sechs Generationen \u00fcberdauert hat. Noch immer werden die eleganten Schuhe von Carmina im selben Dorf hergestellt: traditionelle Designs und \u00fcberlieferte Techniken. Qualit\u00e4t ohne Kompromisse und die besten Rohmaterialien. Jeder Schuh das Feinste vom Feinen.[\/vc_column_text][\/vc_column][vc_column width=&#8220;1\/3&#8243;][vc_empty_space height=&#8220;50px&#8220;][vc_single_image image=&#8220;17388&#8243; img_size=&#8220;150&#215;150&#8243; alignment=&#8220;center&#8220; qode_css_animation=&#8220;&#8220;][vc_column_text]<\/p>\n<h3 style=\"text-align: center; font-family: inherit; font-style: normal; font-size: 1.2em; font-weight: 500; margin-bottom: 10px;\"><a href=\"https:\/\/preprod.brogue.ch\/fr\/our-brands\/carlos-santos-shoes\/\" target=\"_blank\" rel=\"noopener noreferrer\">Carlos Santos<\/a><\/h3>\n<p>[\/vc_column_text][vc_column_text]Carlos begann vor \u00fcber 40 Jahren als 14-j\u00e4hriger Lehrling in der Firma zu arbeiten. Heute wird er von seiner Tochter und mehr als 120 loyalen Mitarbeitern tatkr\u00e4ftig unterst\u00fctzt. Das Unternehmen hat sich in den Jahren stark entwickelt und die Qualit\u00e4t der Produkte ist heute der englischen Konkurrenz ebenb\u00fcrtig, auch weil die Rohstoffe von denselben Lieferanten stammen. Eine hochmoderne Fabrik und niedrigere Betriebskosten bedeuten, dass dies der preiswerteste aller unserer Lieferanten ist. Das Label ist innovativ und kundenorientiert, was zu einem Endprodukt f\u00fchrt, das niemals entt\u00e4uscht.[\/vc_column_text][\/vc_column][vc_column width=&#8220;1\/3&#8243;][vc_empty_space height=&#8220;50px&#8220;][vc_single_image image=&#8220;17396&#8243; img_size=&#8220;150&#215;150&#8243; alignment=&#8220;center&#8220; qode_css_animation=&#8220;&#8220;][vc_column_text]<\/p>\n<h3 style=\"text-align: center; font-family: inherit; font-style: normal; font-size: 1.2em; font-weight: 500; margin-bottom: 10px;\"><a href=\"https:\/\/preprod.brogue.ch\/fr\/our-brands\/edward-green-shoes\/\" target=\"_blank\" rel=\"noopener noreferrer\">Edward Green<\/a><\/h3>\n<p>[\/vc_column_text][vc_column_text]Edward Green Schuhe sind das High-End der englischen Schuhmacherkunst. Ende des 19. Jahrhunderts gegr\u00fcndet, hat das Unternehmen seinen exzellenten Ruf als Nischenhersteller und Vorzeigeunternehmen bis heute bewahrt. Mit traditionell hohen Standards wird jedes Paar Edward Green Schuhe gr\u00f6\u00dftenteils in Handarbeit hergestellt und dabei nur das feinste Kalbsleder verwendet. Die Fertigung jedes Paares dauert mehrere Wochen und erfordert den Einsatz vieler erfahrener Handwerker.<\/p>\n<p>[\/vc_column_text][\/vc_column][\/vc_row][vc_row css_animation=&#8220;&#8220; row_type=&#8220;row&#8220; use_row_as_full_screen_section=&#8220;no&#8220; type=&#8220;full_width&#8220; angled_section=&#8220;no&#8220; text_align=&#8220;left&#8220; background_image_as_pattern=&#8220;without_pattern&#8220;][vc_column width=&#8220;1\/3&#8243;][vc_empty_space height=&#8220;50px&#8220;][vc_single_image image=&#8220;17394&#8243; img_size=&#8220;150&#215;150&#8243; alignment=&#8220;center&#8220; qode_css_animation=&#8220;&#8220;][vc_column_text]<\/p>\n<h3 style=\"text-align: center; font-family: inherit; font-style: normal; font-size: 1.2em; font-weight: 500; margin-bottom: 10px;\"><a href=\"https:\/\/preprod.brogue.ch\/fr\/our-brands\/crockett-jones-shoes\/\" target=\"_blank\" rel=\"noopener noreferrer\">Crockett &amp; Jones<\/a><\/h3>\n<p>[\/vc_column_text][vc_column_text]Crockett &amp; Jones wurde 1879 in Northampton gegr\u00fcndet und stellt seit 140 Jahren rahmengen\u00e4hte Goodyear-Schuhe auf bew\u00e4hrte Weise her: unter Ber\u00fccksichtigung von Tradition und Handwerkskunst. Das Familienunternehmen in f\u00fcnfter Generation ist der Inbegriff englischen Know-hows und hat sich weltweit einen ausgezeichneten Ruf f\u00fcr Qualit\u00e4tsschuhe erworben.[\/vc_column_text][\/vc_column][vc_column width=&#8220;1\/3&#8243;][vc_empty_space height=&#8220;50px&#8220;][vc_single_image image=&#8220;19462&#8243; img_size=&#8220;150&#215;150&#8243; alignment=&#8220;center&#8220; qode_css_animation=&#8220;&#8220;][vc_column_text]<\/p>\n<h3 style=\"text-align: center; font-family: inherit; font-style: normal; font-size: 1.2em; font-weight: 500; margin-bottom: 10px;\"><a href=\"https:\/\/preprod.brogue.ch\/fr\/our-brands\/matthew-cookson-shoes\/\" target=\"_blank\" rel=\"noopener noreferrer\">Matthew Cookson<\/a><\/h3>\n<p>[\/vc_column_text][vc_column_text]Matthew ist der Sch\u00f6pfer einer wundersch\u00f6nen Kollektion von Hausschuhen. Sie verk\u00f6rpern britische Exzentrik mit raffinierten Materialien. Handgestickte Designs auf einer breiten Palette an Samtstoffen und geschmeidigen Veloursledern. Wir sind stolz darauf, der Exklusiv-H\u00e4ndler von Matthew Cookson in der Schweiz zu sein.<\/p>\n<p>[\/vc_column_text][\/vc_column][vc_column width=&#8220;1\/3&#8243;][vc_empty_space height=&#8220;50px&#8220;][vc_single_image image=&#8220;17402&#8243; img_size=&#8220;150&#215;150&#8243; alignment=&#8220;center&#8220; qode_css_animation=&#8220;&#8220;][vc_column_text]<\/p>\n<h3 style=\"text-align: center; font-family: inherit; font-style: normal; font-size: 1.2em; font-weight: 500; margin-bottom: 10px;\"><a href=\"https:\/\/preprod.brogue.ch\/fr\/our-brands\/magnanni-shoes\/\" target=\"_blank\" rel=\"noopener noreferrer\">Magnanni<\/a><\/h3>\n<p>[\/vc_column_text][vc_column_text]Gegr\u00fcndet von Sebastian Blanco im Jahr 1955 in Almansa, Spaniens Schuhhauptstadt. Heute k\u00fcmmern sich seine 6 Nachkommen erfolgreich um jeweils einen der verschiedenen Aspekte des komplexen, modernen Schuhunternehmens. Das Resultat: Zeitgem\u00e4\u00dfe Designs, hervorragende Verarbeitung und ein hervorragendes Preis-Leistungs-Verh\u00e4ltnis.<\/p>\n<p>[\/vc_column_text][\/vc_column][\/vc_row][vc_row css_animation=&#8220;&#8220; row_type=&#8220;row&#8220; use_row_as_full_screen_section=&#8220;no&#8220; type=&#8220;full_width&#8220; angled_section=&#8220;no&#8220; text_align=&#8220;left&#8220; background_image_as_pattern=&#8220;without_pattern&#8220;][vc_column width=&#8220;1\/3&#8243;][vc_empty_space height=&#8220;50px&#8220;][vc_single_image image=&#8220;17406&#8243; img_size=&#8220;150&#215;150&#8243; alignment=&#8220;center&#8220; qode_css_animation=&#8220;&#8220;][vc_column_text]<\/p>\n<h3 style=\"text-align: center; font-family: inherit; font-style: normal; font-size: 1.2em; font-weight: 500; margin-bottom: 10px;\"><a href=\"https:\/\/preprod.brogue.ch\/fr\/our-brands\/paraboot-shoes\/\" target=\"_blank\" rel=\"noopener noreferrer\">Paraboot<\/a><\/h3>\n<p>[\/vc_column_text][vc_column_text]Paraboot fertigt seit \u00fcber 100 Jahren Schuhe in der franz\u00f6sischen Region Is\u00e8re, unweit von Grenoble. Das Unternehmen ist seinem Leitsatz stets treu geblieben und verf\u00fcgt \u00fcber ein herausragendes Know-how in der Herstellung von norwegisch gen\u00e4hten Schuhen mit \u00e4u\u00dferst komfortablen Gummisohlen. Alle Modelle sind robust, langlebig und absolut zeitlos.<\/p>\n<p>[\/vc_column_text][\/vc_column][vc_column width=&#8220;1\/3&#8243;][vc_empty_space height=&#8220;50px&#8220;][vc_single_image image=&#8220;17400&#8243; img_size=&#8220;150&#215;150&#8243; alignment=&#8220;center&#8220; qode_css_animation=&#8220;&#8220;][vc_column_text]<\/p>\n<h3 style=\"text-align: center; font-family: inherit; font-style: normal; font-size: 1.2em; font-weight: 500; margin-bottom: 10px;\"><a href=\"https:\/\/preprod.brogue.ch\/fr\/our-brands\/john-lobb-shoes\/\" target=\"_blank\" rel=\"noopener noreferrer\">John Lobb<\/a><\/h3>\n<p>[\/vc_column_text][vc_column_text]John Lobb stellt seit 1866 in London und seit 1902 in Paris Schuhe und Stiefel von h\u00f6chster Qualit\u00e4t her. Seit 1976 in Besitz von Herm\u00e8s, sind diese Modelle f\u00fcr den anspruchsvollen Kunden bestimmt, auf der Suche nach Perfektion ohne Kompromisse. Der Name John Lobb ist ein Synonym f\u00fcr englische Handwerkskunst.[\/vc_column_text][\/vc_column][vc_column width=&#8220;1\/3&#8243;][\/vc_column][\/vc_row][vc_row css_animation=&#8220;&#8220; row_type=&#8220;row&#8220; use_row_as_full_screen_section=&#8220;no&#8220; type=&#8220;full_width&#8220; angled_section=&#8220;no&#8220; text_align=&#8220;left&#8220; background_image_as_pattern=&#8220;without_pattern&#8220;][vc_column][vc_empty_space height=&#8220;100px&#8220;][\/vc_column][\/vc_row]<\/p>\n","protected":false},"excerpt":{"rendered":"<p>[vc_row css_animation=&#8220;&#8220; row_type=&#8220;row&#8220; use_row_as_full_screen_section=&#8220;no&#8220; type=&#8220;full_width&#8220; angled_section=&#8220;no&#8220; text_align=&#8220;left&#8220; background_image_as_pattern=&#8220;without_pattern&#8220;][vc_column width=&#8220;1\/12&#8243;][\/vc_column][vc_column width=&#8220;5\/6&#8243;][vc_empty_space height=&#8220;50px&#8220;][vc_column_text] Wir f\u00fchren einige der weltbesten Marken und bieten ein breites Spektrum an Stilen und Designs. Vom typisch englischen Brogue bis hin zu modischen, farbenfrohen Sommermokassins aus Wildleder finden Sie alles in unserer Boutique. Auch f\u00fcr breite F\u00fc\u00dfe ist gesorgt, ebenso wie f\u00fcr gro\u00dfe und [&hellip;]<\/p>\n","protected":false},"author":3824,"featured_media":0,"parent":0,"menu_order":0,"comment_status":"closed","ping_status":"closed","template":"","meta":{"footnotes":""},"class_list":["post-26373","page","type-page","status-publish","hentry"],"yoast_head":"<!-- This site is optimized with the Yoast SEO plugin v27.3 - https:\/\/yoast.com\/product\/yoast-seo-wordpress\/ -->\n<title>Brogue<\/title>\n<meta name=\"description\" content=\"Auswahl der weltweit besten Marken von Spitzenschuhen in Genf, f\u00fcr Herren - gro\u00dfe Auswahl an Designs. Handgefertigte Lederschuhe in Genf.\" \/>\n<meta name=\"robots\" content=\"index, follow, max-snippet:-1, max-image-preview:large, max-video-preview:-1\" \/>\n<link rel=\"canonical\" href=\"https:\/\/brogue.ch\/de\/unsure-marken\/\" \/>\n<meta property=\"og:locale\" content=\"de_DE\" \/>\n<meta property=\"og:type\" content=\"article\" \/>\n<meta property=\"og:title\" content=\"Hochwertige Lederschuhe in Genf | Schweizer Brogue\" \/>\n<meta property=\"og:description\" content=\"Auswahl der weltweit besten Marken von Spitzenschuhen in Genf, f\u00fcr Herren - gro\u00dfe Auswahl an Designs. Handgefertigte Lederschuhe in Genf.\" \/>\n<meta property=\"og:url\" content=\"https:\/\/brogue.ch\/de\/unsure-marken\/\" \/>\n<meta property=\"og:site_name\" content=\"Brogue\" \/>\n<meta property=\"article:modified_time\" content=\"2022-05-19T09:25:05+00:00\" \/>\n<meta name=\"twitter:card\" content=\"summary_large_image\" \/>\n<meta name=\"twitter:label1\" content=\"Gesch\u00e4tzte Lesezeit\" \/>\n\t<meta name=\"twitter:data1\" content=\"7\u00a0Minuten\" \/>\n<script type=\"application\/ld+json\" class=\"yoast-schema-graph\">{\"@context\":\"https:\\\/\\\/schema.org\",\"@graph\":[{\"@type\":\"WebPage\",\"@id\":\"https:\\\/\\\/brogue.ch\\\/de\\\/unsure-marken\\\/\",\"url\":\"https:\\\/\\\/brogue.ch\\\/de\\\/unsure-marken\\\/\",\"name\":\"Hochwertige Lederschuhe in Genf | Schweizer Brogue\",\"isPartOf\":{\"@id\":\"https:\\\/\\\/brogue.ch\\\/de\\\/#website\"},\"datePublished\":\"2021-02-16T10:07:13+00:00\",\"dateModified\":\"2022-05-19T09:25:05+00:00\",\"description\":\"Auswahl der weltweit besten Marken von Spitzenschuhen in Genf, f\u00fcr Herren - gro\u00dfe Auswahl an Designs. Handgefertigte Lederschuhe in Genf.\",\"breadcrumb\":{\"@id\":\"https:\\\/\\\/brogue.ch\\\/de\\\/unsure-marken\\\/#breadcrumb\"},\"inLanguage\":\"de\",\"potentialAction\":[{\"@type\":\"ReadAction\",\"target\":[\"https:\\\/\\\/brogue.ch\\\/de\\\/unsure-marken\\\/\"]}]},{\"@type\":\"BreadcrumbList\",\"@id\":\"https:\\\/\\\/brogue.ch\\\/de\\\/unsure-marken\\\/#breadcrumb\",\"itemListElement\":[{\"@type\":\"ListItem\",\"position\":1,\"name\":\"Home\",\"item\":\"https:\\\/\\\/brogue.ch\\\/de\\\/\"},{\"@type\":\"ListItem\",\"position\":2,\"name\":\"Unsere marken\"}]},{\"@type\":\"WebSite\",\"@id\":\"https:\\\/\\\/brogue.ch\\\/de\\\/#website\",\"url\":\"https:\\\/\\\/brogue.ch\\\/de\\\/\",\"name\":\"Brogue\",\"description\":\"World class shoes\",\"publisher\":{\"@id\":\"https:\\\/\\\/brogue.ch\\\/de\\\/#organization\"},\"potentialAction\":[{\"@type\":\"SearchAction\",\"target\":{\"@type\":\"EntryPoint\",\"urlTemplate\":\"https:\\\/\\\/brogue.ch\\\/de\\\/?s={search_term_string}\"},\"query-input\":{\"@type\":\"PropertyValueSpecification\",\"valueRequired\":true,\"valueName\":\"search_term_string\"}}],\"inLanguage\":\"de\"},{\"@type\":\"Organization\",\"@id\":\"https:\\\/\\\/brogue.ch\\\/de\\\/#organization\",\"name\":\"Brogue\",\"url\":\"https:\\\/\\\/brogue.ch\\\/de\\\/\",\"logo\":{\"@type\":\"ImageObject\",\"inLanguage\":\"de\",\"@id\":\"https:\\\/\\\/brogue.ch\\\/de\\\/#\\\/schema\\\/logo\\\/image\\\/\",\"url\":\"https:\\\/\\\/brogue.ch\\\/wp-content\\\/uploads\\\/2020\\\/02\\\/logo-brogue.png\",\"contentUrl\":\"https:\\\/\\\/brogue.ch\\\/wp-content\\\/uploads\\\/2020\\\/02\\\/logo-brogue.png\",\"width\":1176,\"height\":444,\"caption\":\"Brogue\"},\"image\":{\"@id\":\"https:\\\/\\\/brogue.ch\\\/de\\\/#\\\/schema\\\/logo\\\/image\\\/\"}}]}<\/script>\n<!-- \/ Yoast SEO plugin. -->","yoast_head_json":{"title":"Brogue","description":"Auswahl der weltweit besten Marken von Spitzenschuhen in Genf, f\u00fcr Herren - gro\u00dfe Auswahl an Designs. Handgefertigte Lederschuhe in Genf.","robots":{"index":"index","follow":"follow","max-snippet":"max-snippet:-1","max-image-preview":"max-image-preview:large","max-video-preview":"max-video-preview:-1"},"canonical":"https:\/\/brogue.ch\/de\/unsure-marken\/","og_locale":"de_DE","og_type":"article","og_title":"Hochwertige Lederschuhe in Genf | Schweizer Brogue","og_description":"Auswahl der weltweit besten Marken von Spitzenschuhen in Genf, f\u00fcr Herren - gro\u00dfe Auswahl an Designs. Handgefertigte Lederschuhe in Genf.","og_url":"https:\/\/brogue.ch\/de\/unsure-marken\/","og_site_name":"Brogue","article_modified_time":"2022-05-19T09:25:05+00:00","twitter_card":"summary_large_image","twitter_misc":{"Gesch\u00e4tzte Lesezeit":"7\u00a0Minuten"},"schema":{"@context":"https:\/\/schema.org","@graph":[{"@type":"WebPage","@id":"https:\/\/brogue.ch\/de\/unsure-marken\/","url":"https:\/\/brogue.ch\/de\/unsure-marken\/","name":"Hochwertige Lederschuhe in Genf | Schweizer Brogue","isPartOf":{"@id":"https:\/\/brogue.ch\/de\/#website"},"datePublished":"2021-02-16T10:07:13+00:00","dateModified":"2022-05-19T09:25:05+00:00","description":"Auswahl der weltweit besten Marken von Spitzenschuhen in Genf, f\u00fcr Herren - gro\u00dfe Auswahl an Designs. Handgefertigte Lederschuhe in Genf.","breadcrumb":{"@id":"https:\/\/brogue.ch\/de\/unsure-marken\/#breadcrumb"},"inLanguage":"de","potentialAction":[{"@type":"ReadAction","target":["https:\/\/brogue.ch\/de\/unsure-marken\/"]}]},{"@type":"BreadcrumbList","@id":"https:\/\/brogue.ch\/de\/unsure-marken\/#breadcrumb","itemListElement":[{"@type":"ListItem","position":1,"name":"Home","item":"https:\/\/brogue.ch\/de\/"},{"@type":"ListItem","position":2,"name":"Unsere marken"}]},{"@type":"WebSite","@id":"https:\/\/brogue.ch\/de\/#website","url":"https:\/\/brogue.ch\/de\/","name":"Brogue","description":"World class shoes","publisher":{"@id":"https:\/\/brogue.ch\/de\/#organization"},"potentialAction":[{"@type":"SearchAction","target":{"@type":"EntryPoint","urlTemplate":"https:\/\/brogue.ch\/de\/?s={search_term_string}"},"query-input":{"@type":"PropertyValueSpecification","valueRequired":true,"valueName":"search_term_string"}}],"inLanguage":"de"},{"@type":"Organization","@id":"https:\/\/brogue.ch\/de\/#organization","name":"Brogue","url":"https:\/\/brogue.ch\/de\/","logo":{"@type":"ImageObject","inLanguage":"de","@id":"https:\/\/brogue.ch\/de\/#\/schema\/logo\/image\/","url":"https:\/\/brogue.ch\/wp-content\/uploads\/2020\/02\/logo-brogue.png","contentUrl":"https:\/\/brogue.ch\/wp-content\/uploads\/2020\/02\/logo-brogue.png","width":1176,"height":444,"caption":"Brogue"},"image":{"@id":"https:\/\/brogue.ch\/de\/#\/schema\/logo\/image\/"}}]}},"_links":{"self":[{"href":"https:\/\/brogue.ch\/de\/wp-json\/wp\/v2\/pages\/26373","targetHints":{"allow":["GET"]}}],"collection":[{"href":"https:\/\/brogue.ch\/de\/wp-json\/wp\/v2\/pages"}],"about":[{"href":"https:\/\/brogue.ch\/de\/wp-json\/wp\/v2\/types\/page"}],"author":[{"embeddable":true,"href":"https:\/\/brogue.ch\/de\/wp-json\/wp\/v2\/users\/3824"}],"replies":[{"embeddable":true,"href":"https:\/\/brogue.ch\/de\/wp-json\/wp\/v2\/comments?post=26373"}],"version-history":[{"count":8,"href":"https:\/\/brogue.ch\/de\/wp-json\/wp\/v2\/pages\/26373\/revisions"}],"predecessor-version":[{"id":37330,"href":"https:\/\/brogue.ch\/de\/wp-json\/wp\/v2\/pages\/26373\/revisions\/37330"}],"wp:attachment":[{"href":"https:\/\/brogue.ch\/de\/wp-json\/wp\/v2\/media?parent=26373"}],"curies":[{"name":"wp","href":"https:\/\/api.w.org\/{rel}","templated":true}]}}