{"id":26376,"date":"2021-02-16T12:10:11","date_gmt":"2021-02-16T10:10:11","guid":{"rendered":"https:\/\/www.brogue.ch\/?page_id=26376"},"modified":"2021-02-19T12:52:45","modified_gmt":"2021-02-19T10:52:45","slug":"service","status":"publish","type":"page","link":"https:\/\/brogue.ch\/de\/service\/","title":{"rendered":"Service"},"content":{"rendered":"<p>[vc_row css_animation=&#8220;&#8220; row_type=&#8220;row&#8220; use_row_as_full_screen_section=&#8220;yes&#8220; type=&#8220;full_width&#8220; angled_section=&#8220;no&#8220; text_align=&#8220;left&#8220; background_image_as_pattern=&#8220;without_pattern&#8220; z_index=&#8220;&#8220;][vc_column][vc_empty_space height=&#8220;50px&#8220;][vc_column_text]<\/p>\n<h2 style=\"text-align: center;\">Schuhpflege<\/h2>\n<p>[\/vc_column_text][vc_empty_space height=&#8220;50px&#8220;][vc_column_text]Es hei\u00dft, man kann einen Menschen nach seinen Schuhen beurteilen! Ob das nun wahr ist oder nicht, werden Sie sicher keinen bleibenden Eindruck hinterlassen, wenn Sie in glanzlosen, ungeputzten Schuhen herumlaufen. Mit gl\u00e4nzenden, sch\u00f6nen Schuhen fallen Sie auf und heben sich von der Masse ab.<\/p>\n<p>Wir sind der einzige professionelle Schuhputzservice in Genf. Bringen Sie uns Ihre m\u00fcde aussehenden Schuhe und wir garantieren Ihnen ein zufriedenstellendes Ergebnis. Denn wir verwenden die besten Cremes und Polituren von Saphir, die mit nat\u00fcrlichen Wachsen und \u00d6len speziell f\u00fcr Lederschuhe konzipiert sind.<\/p>\n<p>Sie k\u00f6nnen Ihre Schuhe entweder bei uns abgeben oder, wenn m\u00f6glich, polieren wir Ihre Schuhe, w\u00e4hrend Sie warten und dabei ein Getr\u00e4nk Ihrer Wahl genie\u00dfen.<\/p>\n<p>Au\u00dferdem sind wir f\u00fcr professionelle Schuhreparaturen zust\u00e4ndig. Wir sind stolz darauf, ausschlie\u00dflich mit Yohan Seror zusammenzuarbeiten, dem besten Schuster von Genf und dem einzigen, der in Frankreich die angesehene Ausbildung &#8222;Compagnons de Devoir&#8220; absolviert hat. Alle Arten von Herren- und Damenschuhen sind bei uns in besten H\u00e4nden, unabh\u00e4ngig von Marke und Komplexit\u00e4t der Reparatur. Bringen Sie Ihre Schuhe einfach bei uns vorbei und wir k\u00fcmmern uns um den Rest.[\/vc_column_text][\/vc_column][\/vc_row][vc_row css_animation=&#8220;&#8220; row_type=&#8220;row&#8220; use_row_as_full_screen_section=&#8220;no&#8220; type=&#8220;full_width&#8220; angled_section=&#8220;no&#8220; text_align=&#8220;left&#8220; background_image_as_pattern=&#8220;without_pattern&#8220;][vc_column][vc_empty_space height=&#8220;50px&#8220;][vc_column_text]<\/p>\n<h2 style=\"text-align: center;\">Preisliste<\/h2>\n<p>[\/vc_column_text][vc_empty_space height=&#8220;70px&#8220;][vc_row_inner row_type=&#8220;row&#8220; type=&#8220;full_width&#8220; text_align=&#8220;left&#8220; css_animation=&#8220;&#8220;][vc_column_inner width=&#8220;1\/3&#8243;][vc_single_image image=&#8220;923&#8243; img_size=&#8220;medium&#8220; alignment=&#8220;center&#8220; qode_css_animation=&#8220;&#8220; css=&#8220;.vc_custom_1588754358749{padding-top: 30px !important;}&#8220;][service_table title=&#8220;Politur&#8220; title_background_type=&#8220;background_color_type&#8220; icon_size=&#8220;fa-lg&#8220;]<\/p>\n<h4>15 CHF<\/h4>\n<p>&nbsp;<\/p>\n<ul>\n<li>Abgabe im Gesch\u00e4ft.<\/li>\n<li>Zzgl. 10 CHF f\u00fcr eine Lieferung im Zentrum von Genf<\/li>\n<\/ul>\n<p>[\/service_table][vc_empty_space height=&#8220;100px&#8220;][\/vc_column_inner][vc_column_inner width=&#8220;1\/3&#8243;][vc_single_image image=&#8220;922&#8243; img_size=&#8220;medium&#8220; alignment=&#8220;center&#8220; qode_css_animation=&#8220;&#8220; css=&#8220;.vc_custom_1588754609809{padding-top: 30px !important;}&#8220;][service_table title=&#8220;Politur Plus&#8220; title_background_type=&#8220;background_color_type&#8220; icon_size=&#8220;fa-lg&#8220;]<\/p>\n<h4>25 CHF<\/h4>\n<p>&nbsp;<\/p>\n<ul>\n<li>Sohlenr\u00e4nder und Abs\u00e4tze werden von unserem Schuster neu gef\u00e4rbt und poliert.<\/li>\n<\/ul>\n<p>[\/service_table][vc_empty_space height=&#8220;100px&#8220;][\/vc_column_inner][vc_column_inner width=&#8220;1\/3&#8243;][vc_single_image image=&#8220;921&#8243; img_size=&#8220;medium&#8220; alignment=&#8220;center&#8220; qode_css_animation=&#8220;&#8220;][service_table title=&#8220;Politur Intensiv&#8220; title_background_type=&#8220;background_color_type&#8220; icon_size=&#8220;fa-lg&#8220;]<\/p>\n<h4>40 CHF<\/h4>\n<p>&nbsp;<\/p>\n<ul>\n<li>Wir entfernen alte Politur- und Wachsschichten, f\u00e4rben und polieren die Abs\u00e4tze und Kanten.<\/li>\n<li>Anschlie\u00dfend tragen wir die entsprechenden Saphir-Produkte auf, um den Schuh in einen nahezu neuwertigen Zustand zu versetzen.<\/li>\n<\/ul>\n<p>[\/service_table][vc_empty_space height=&#8220;100px&#8220;][\/vc_column_inner][\/vc_row_inner][\/vc_column][\/vc_row]<\/p>\n","protected":false},"excerpt":{"rendered":"<p>[vc_row css_animation=&#8220;&#8220; row_type=&#8220;row&#8220; use_row_as_full_screen_section=&#8220;yes&#8220; type=&#8220;full_width&#8220; angled_section=&#8220;no&#8220; text_align=&#8220;left&#8220; background_image_as_pattern=&#8220;without_pattern&#8220; z_index=&#8220;&#8220;][vc_column][vc_empty_space height=&#8220;50px&#8220;][vc_column_text] Schuhpflege [\/vc_column_text][vc_empty_space height=&#8220;50px&#8220;][vc_column_text]Es hei\u00dft, man kann einen Menschen nach seinen Schuhen beurteilen! Ob das nun wahr ist oder nicht, werden Sie sicher keinen bleibenden Eindruck hinterlassen, wenn Sie in glanzlosen, ungeputzten Schuhen herumlaufen. Mit gl\u00e4nzenden, sch\u00f6nen Schuhen fallen Sie auf und heben sich von der [&hellip;]<\/p>\n","protected":false},"author":3824,"featured_media":0,"parent":0,"menu_order":0,"comment_status":"closed","ping_status":"closed","template":"","meta":{"footnotes":""},"class_list":["post-26376","page","type-page","status-publish","hentry"],"yoast_head":"<!-- This site is optimized with the Yoast SEO plugin v27.3 - https:\/\/yoast.com\/product\/yoast-seo-wordpress\/ -->\n<title>Brogue<\/title>\n<meta name=\"description\" content=\"Pflege- und Reparaturservice f\u00fcr Herrenschuhe: Brogue ist der einzige Schuhputzsalon in Genf. Artisan-Schuhe Genf.\" \/>\n<meta name=\"robots\" content=\"index, follow, max-snippet:-1, max-image-preview:large, max-video-preview:-1\" \/>\n<link rel=\"canonical\" href=\"https:\/\/brogue.ch\/de\/service\/\" \/>\n<meta property=\"og:locale\" content=\"de_DE\" \/>\n<meta property=\"og:type\" content=\"article\" \/>\n<meta property=\"og:title\" content=\"Wartung und Reparatur von Schuhen in Genf | Brogue\" \/>\n<meta property=\"og:description\" content=\"Pflege- und Reparaturservice f\u00fcr Herrenschuhe: Brogue ist der einzige Schuhputzsalon in Genf. Artisan-Schuhe Genf.\" \/>\n<meta property=\"og:url\" content=\"https:\/\/brogue.ch\/de\/service\/\" \/>\n<meta property=\"og:site_name\" content=\"Brogue\" \/>\n<meta property=\"article:modified_time\" content=\"2021-02-19T10:52:45+00:00\" \/>\n<meta name=\"twitter:card\" content=\"summary_large_image\" \/>\n<meta name=\"twitter:label1\" content=\"Gesch\u00e4tzte Lesezeit\" \/>\n\t<meta name=\"twitter:data1\" content=\"3\u00a0Minuten\" \/>\n<script type=\"application\/ld+json\" class=\"yoast-schema-graph\">{\"@context\":\"https:\\\/\\\/schema.org\",\"@graph\":[{\"@type\":\"WebPage\",\"@id\":\"https:\\\/\\\/brogue.ch\\\/de\\\/service\\\/\",\"url\":\"https:\\\/\\\/brogue.ch\\\/de\\\/service\\\/\",\"name\":\"Wartung und Reparatur von Schuhen in Genf | Brogue\",\"isPartOf\":{\"@id\":\"https:\\\/\\\/brogue.ch\\\/de\\\/#website\"},\"datePublished\":\"2021-02-16T10:10:11+00:00\",\"dateModified\":\"2021-02-19T10:52:45+00:00\",\"description\":\"Pflege- und Reparaturservice f\u00fcr Herrenschuhe: Brogue ist der einzige Schuhputzsalon in Genf. Artisan-Schuhe Genf.\",\"breadcrumb\":{\"@id\":\"https:\\\/\\\/brogue.ch\\\/de\\\/service\\\/#breadcrumb\"},\"inLanguage\":\"de\",\"potentialAction\":[{\"@type\":\"ReadAction\",\"target\":[\"https:\\\/\\\/brogue.ch\\\/de\\\/service\\\/\"]}]},{\"@type\":\"BreadcrumbList\",\"@id\":\"https:\\\/\\\/brogue.ch\\\/de\\\/service\\\/#breadcrumb\",\"itemListElement\":[{\"@type\":\"ListItem\",\"position\":1,\"name\":\"Home\",\"item\":\"https:\\\/\\\/brogue.ch\\\/de\\\/\"},{\"@type\":\"ListItem\",\"position\":2,\"name\":\"Service\"}]},{\"@type\":\"WebSite\",\"@id\":\"https:\\\/\\\/brogue.ch\\\/de\\\/#website\",\"url\":\"https:\\\/\\\/brogue.ch\\\/de\\\/\",\"name\":\"Brogue\",\"description\":\"World class shoes\",\"publisher\":{\"@id\":\"https:\\\/\\\/brogue.ch\\\/de\\\/#organization\"},\"potentialAction\":[{\"@type\":\"SearchAction\",\"target\":{\"@type\":\"EntryPoint\",\"urlTemplate\":\"https:\\\/\\\/brogue.ch\\\/de\\\/?s={search_term_string}\"},\"query-input\":{\"@type\":\"PropertyValueSpecification\",\"valueRequired\":true,\"valueName\":\"search_term_string\"}}],\"inLanguage\":\"de\"},{\"@type\":\"Organization\",\"@id\":\"https:\\\/\\\/brogue.ch\\\/de\\\/#organization\",\"name\":\"Brogue\",\"url\":\"https:\\\/\\\/brogue.ch\\\/de\\\/\",\"logo\":{\"@type\":\"ImageObject\",\"inLanguage\":\"de\",\"@id\":\"https:\\\/\\\/brogue.ch\\\/de\\\/#\\\/schema\\\/logo\\\/image\\\/\",\"url\":\"https:\\\/\\\/brogue.ch\\\/wp-content\\\/uploads\\\/2020\\\/02\\\/logo-brogue.png\",\"contentUrl\":\"https:\\\/\\\/brogue.ch\\\/wp-content\\\/uploads\\\/2020\\\/02\\\/logo-brogue.png\",\"width\":1176,\"height\":444,\"caption\":\"Brogue\"},\"image\":{\"@id\":\"https:\\\/\\\/brogue.ch\\\/de\\\/#\\\/schema\\\/logo\\\/image\\\/\"}}]}<\/script>\n<!-- \/ Yoast SEO plugin. -->","yoast_head_json":{"title":"Brogue","description":"Pflege- und Reparaturservice f\u00fcr Herrenschuhe: Brogue ist der einzige Schuhputzsalon in Genf. Artisan-Schuhe Genf.","robots":{"index":"index","follow":"follow","max-snippet":"max-snippet:-1","max-image-preview":"max-image-preview:large","max-video-preview":"max-video-preview:-1"},"canonical":"https:\/\/brogue.ch\/de\/service\/","og_locale":"de_DE","og_type":"article","og_title":"Wartung und Reparatur von Schuhen in Genf | Brogue","og_description":"Pflege- und Reparaturservice f\u00fcr Herrenschuhe: Brogue ist der einzige Schuhputzsalon in Genf. Artisan-Schuhe Genf.","og_url":"https:\/\/brogue.ch\/de\/service\/","og_site_name":"Brogue","article_modified_time":"2021-02-19T10:52:45+00:00","twitter_card":"summary_large_image","twitter_misc":{"Gesch\u00e4tzte Lesezeit":"3\u00a0Minuten"},"schema":{"@context":"https:\/\/schema.org","@graph":[{"@type":"WebPage","@id":"https:\/\/brogue.ch\/de\/service\/","url":"https:\/\/brogue.ch\/de\/service\/","name":"Wartung und Reparatur von Schuhen in Genf | Brogue","isPartOf":{"@id":"https:\/\/brogue.ch\/de\/#website"},"datePublished":"2021-02-16T10:10:11+00:00","dateModified":"2021-02-19T10:52:45+00:00","description":"Pflege- und Reparaturservice f\u00fcr Herrenschuhe: Brogue ist der einzige Schuhputzsalon in Genf. Artisan-Schuhe Genf.","breadcrumb":{"@id":"https:\/\/brogue.ch\/de\/service\/#breadcrumb"},"inLanguage":"de","potentialAction":[{"@type":"ReadAction","target":["https:\/\/brogue.ch\/de\/service\/"]}]},{"@type":"BreadcrumbList","@id":"https:\/\/brogue.ch\/de\/service\/#breadcrumb","itemListElement":[{"@type":"ListItem","position":1,"name":"Home","item":"https:\/\/brogue.ch\/de\/"},{"@type":"ListItem","position":2,"name":"Service"}]},{"@type":"WebSite","@id":"https:\/\/brogue.ch\/de\/#website","url":"https:\/\/brogue.ch\/de\/","name":"Brogue","description":"World class shoes","publisher":{"@id":"https:\/\/brogue.ch\/de\/#organization"},"potentialAction":[{"@type":"SearchAction","target":{"@type":"EntryPoint","urlTemplate":"https:\/\/brogue.ch\/de\/?s={search_term_string}"},"query-input":{"@type":"PropertyValueSpecification","valueRequired":true,"valueName":"search_term_string"}}],"inLanguage":"de"},{"@type":"Organization","@id":"https:\/\/brogue.ch\/de\/#organization","name":"Brogue","url":"https:\/\/brogue.ch\/de\/","logo":{"@type":"ImageObject","inLanguage":"de","@id":"https:\/\/brogue.ch\/de\/#\/schema\/logo\/image\/","url":"https:\/\/brogue.ch\/wp-content\/uploads\/2020\/02\/logo-brogue.png","contentUrl":"https:\/\/brogue.ch\/wp-content\/uploads\/2020\/02\/logo-brogue.png","width":1176,"height":444,"caption":"Brogue"},"image":{"@id":"https:\/\/brogue.ch\/de\/#\/schema\/logo\/image\/"}}]}},"_links":{"self":[{"href":"https:\/\/brogue.ch\/de\/wp-json\/wp\/v2\/pages\/26376","targetHints":{"allow":["GET"]}}],"collection":[{"href":"https:\/\/brogue.ch\/de\/wp-json\/wp\/v2\/pages"}],"about":[{"href":"https:\/\/brogue.ch\/de\/wp-json\/wp\/v2\/types\/page"}],"author":[{"embeddable":true,"href":"https:\/\/brogue.ch\/de\/wp-json\/wp\/v2\/users\/3824"}],"replies":[{"embeddable":true,"href":"https:\/\/brogue.ch\/de\/wp-json\/wp\/v2\/comments?post=26376"}],"version-history":[{"count":4,"href":"https:\/\/brogue.ch\/de\/wp-json\/wp\/v2\/pages\/26376\/revisions"}],"predecessor-version":[{"id":26432,"href":"https:\/\/brogue.ch\/de\/wp-json\/wp\/v2\/pages\/26376\/revisions\/26432"}],"wp:attachment":[{"href":"https:\/\/brogue.ch\/de\/wp-json\/wp\/v2\/media?parent=26376"}],"curies":[{"name":"wp","href":"https:\/\/api.w.org\/{rel}","templated":true}]}}