{"id":28504,"date":"2021-07-12T16:49:07","date_gmt":"2021-07-12T14:49:07","guid":{"rendered":"https:\/\/www.brogue.ch\/unsere-geschichte\/"},"modified":"2024-04-23T12:13:17","modified_gmt":"2024-04-23T10:13:17","slug":"unsere-geschichte","status":"publish","type":"page","link":"https:\/\/brogue.ch\/de\/unsere-geschichte\/","title":{"rendered":"Unsere Geschichte"},"content":{"rendered":"\n<div style=\"height:50px\" aria-hidden=\"true\" class=\"wp-block-spacer\"><\/div>\n\n<div class=\"wp-block-columns is-layout-flex wp-container-core-columns-is-layout-28f84493 wp-block-columns-is-layout-flex\">\n<div class=\"wp-block-column is-layout-flow wp-block-column-is-layout-flow\">\n<div style=\"height:27px\" aria-hidden=\"true\" class=\"wp-block-spacer\"><\/div>\n\n\n\n<h2 class=\"wp-block-heading has-text-align-center\">Pr\u00e4sentation<\/h2>\n\n\n\n<p>Gary und Emer Levy, ein anglo-irisches Paar, lebten 14 Jahre lang in London, wo sie ein Restaurant betrieben. Sie beschlossen, aus einer Laune heraus nach Genf zu ziehen. Nicht nur der Umzug in ein fremdes Land, sondern auch der Wechsel von der Gastronomie zu Herrenschuhen waren ein echtes Abenteuer. So gr\u00fcndeten sie 2005 die Boutique Brogue.<\/p>\n\n\n\n<p>Der Name Brogue wurde gew\u00e4hlt, weil es der Name eines klassischen Herrenschuhs ist und in der irischen Sprache auch die \u00dcbersetzung des Wortes &#8218;Schuh&#8216; ist.<\/p>\n\n\n\n<p>18 Jahre sp\u00e4ter ist Brogue in neuere, moderne R\u00e4umlichkeiten umgezogen. Der gute Ruf von Brogue hat sich in der Schweiz, in Europa und dar\u00fcber hinaus herumgesprochen.<\/p>\n\n\n\n<p>Unsere Boutique ist heute eine Referenz f\u00fcr die besten europ\u00e4ischen Herrenschuhmarken. Genauso bekannt sind wir allerding auch f\u00fcr unseren freundlichen Empfang und professionellen Service. Ab M\u00e4rz 2023 werden auch Damenschuhe in einem eigenen Shop-in-Shop angeboten.<\/p>\n<\/div>\n\n\n\n<div class=\"wp-block-column is-layout-flow wp-block-column-is-layout-flow\">\n<figure class=\"wp-block-image size-large\"><img loading=\"lazy\" decoding=\"async\" width=\"913\" height=\"1024\" src=\"https:\/\/preprod.brogue.ch\/wp-content\/uploads\/2023\/06\/DSC09371-913x1024.jpg\" alt=\"\" class=\"wp-image-54504\" srcset=\"https:\/\/brogue.ch\/wp-content\/uploads\/2023\/06\/DSC09371-913x1024.jpg 913w, https:\/\/brogue.ch\/wp-content\/uploads\/2023\/06\/DSC09371-268x300.jpg 268w, https:\/\/brogue.ch\/wp-content\/uploads\/2023\/06\/DSC09371-768x861.jpg 768w, https:\/\/brogue.ch\/wp-content\/uploads\/2023\/06\/DSC09371-1370x1536.jpg 1370w, https:\/\/brogue.ch\/wp-content\/uploads\/2023\/06\/DSC09371-700x785.jpg 700w, https:\/\/brogue.ch\/wp-content\/uploads\/2023\/06\/DSC09371-600x673.jpg 600w, https:\/\/brogue.ch\/wp-content\/uploads\/2023\/06\/DSC09371.jpg 1712w\" sizes=\"auto, (max-width: 913px) 100vw, 913px\" \/><\/figure>\n<\/div>\n<\/div>\n\n<div class=\"wp-block-cover alignfull is-light\"><span aria-hidden=\"true\" class=\"wp-block-cover__background has-background-dim-100 has-background-dim\" style=\"background-color:#f1f1f1\"><\/span><div class=\"wp-block-cover__inner-container is-layout-constrained wp-block-cover-is-layout-constrained\">\n<h2 class=\"wp-block-heading has-text-align-center\">Unsere Marken<\/h2>\n\n\n\n<p class=\"has-text-align-center has-black-color has-text-color has-link-color has-normal-font-size wp-elements-81dd2b625e5f529a960239ae041c02e5\">11 f\u00fchrende europ\u00e4ische Marken sind in unseren Mauern vertreten.<br\/>Die besten Schuhe aus England, Frankreich, Spanien, Italien und Portugal sind erh\u00e4ltlich.<\/p>\n\n\n<div class=\"wp-block-image\">\n<figure class=\"aligncenter size-large\"><img loading=\"lazy\" decoding=\"async\" width=\"1024\" height=\"280\" src=\"https:\/\/preprod.brogue.ch\/wp-content\/uploads\/2023\/05\/logos-1024x280.png\" alt=\"\" class=\"wp-image-53941\" srcset=\"https:\/\/brogue.ch\/wp-content\/uploads\/2023\/05\/logos-1024x280.png 1024w, https:\/\/brogue.ch\/wp-content\/uploads\/2023\/05\/logos-300x82.png 300w, https:\/\/brogue.ch\/wp-content\/uploads\/2023\/05\/logos-768x210.png 768w, https:\/\/brogue.ch\/wp-content\/uploads\/2023\/05\/logos-1536x420.png 1536w, https:\/\/brogue.ch\/wp-content\/uploads\/2023\/05\/logos-700x191.png 700w, https:\/\/brogue.ch\/wp-content\/uploads\/2023\/05\/logos-600x164.png 600w, https:\/\/brogue.ch\/wp-content\/uploads\/2023\/05\/logos.png 1888w\" sizes=\"auto, (max-width: 1024px) 100vw, 1024px\" \/><\/figure>\n<\/div><\/div><\/div>\n\n<div style=\"height:52px\" aria-hidden=\"true\" class=\"wp-block-spacer\"><\/div>\n\n<div class=\"wp-block-columns is-layout-flex wp-container-core-columns-is-layout-28f84493 wp-block-columns-is-layout-flex\">\n<div class=\"wp-block-column is-layout-flow wp-block-column-is-layout-flow\">\n<figure class=\"wp-block-image size-large\"><img loading=\"lazy\" decoding=\"async\" width=\"1024\" height=\"576\" src=\"https:\/\/preprod.brogue.ch\/wp-content\/uploads\/2021\/08\/img_shop_2-min-1024x576.jpg\" alt=\"\" class=\"wp-image-28996\" srcset=\"https:\/\/brogue.ch\/wp-content\/uploads\/2021\/08\/img_shop_2-min-1024x576.jpg 1024w, https:\/\/brogue.ch\/wp-content\/uploads\/2021\/08\/img_shop_2-min-300x169.jpg 300w, https:\/\/brogue.ch\/wp-content\/uploads\/2021\/08\/img_shop_2-min-768x432.jpg 768w, https:\/\/brogue.ch\/wp-content\/uploads\/2021\/08\/img_shop_2-min-700x394.jpg 700w, https:\/\/brogue.ch\/wp-content\/uploads\/2021\/08\/img_shop_2-min-539x303.jpg 539w, https:\/\/brogue.ch\/wp-content\/uploads\/2021\/08\/img_shop_2-min-600x338.jpg 600w, https:\/\/brogue.ch\/wp-content\/uploads\/2021\/08\/img_shop_2-min.jpg 1280w\" sizes=\"auto, (max-width: 1024px) 100vw, 1024px\" \/><\/figure>\n<\/div>\n\n\n\n<div class=\"wp-block-column is-layout-flow wp-block-column-is-layout-flow\">\n<h2 class=\"wp-block-heading has-text-align-center\">Der Laden<\/h2>\n\n\n\n<p>Besuchen Sie unser Schuhgesch\u00e4ft in Genf oder st\u00f6bern Sie in unserem eShop. Online bieten wir allerdings nur eine begrenzte Auswahl an<br\/>Wenn Sie irgendein anderes Modell suchen, kontaktieren Sie uns bitte per Telefon oder E-Mail.<\/p>\n\n\n\n<p>In unmittelbarer N\u00e4he des Place Bel-Air k\u00f6nnen Sie auf dem Manor-Parkplatz parken: <strong>11 Quai des Bergues, 1201 Genf<\/strong><\/p>\n\n\n\n<p>Mo &#8211; Fr von 10 Uhr bis 18:30 Uhr | Sa von 10 Uhr bis 18 Uhr<\/p>\n<\/div>\n<\/div>\n\n<div style=\"height:52px\" aria-hidden=\"true\" class=\"wp-block-spacer\"><\/div>\n\n<div class=\"wp-block-columns is-layout-flex wp-container-core-columns-is-layout-28f84493 wp-block-columns-is-layout-flex\">\n<div class=\"wp-block-column is-layout-flow wp-block-column-is-layout-flow\">\n<h2 class=\"wp-block-heading has-text-align-center\">Hohe Qualit\u00e4t<\/h2>\n\n\n\n<p>Wir verkaufen ausschlie\u00dflich Schuhe einwandfreier Qualit\u00e4t. Diese werden ausschlie\u00dflich in Europa von Familienbetrieben hergestellt, die ihre Mitarbeiter und die Umwelt respektieren.<\/p>\n\n\n\n<p>Das Know-how ist f\u00fcr jede Marke einzigartig. Bei einigen wird der Schuh komplett von Hand gefertigt, bei anderen sind Entwicklung und Innovation die Kernpunkte ihrer Herstellung. Auf jeden Fall stehen wir, unabh\u00e4ngig vom Preis, mit \u00dcberzeugung hinter unserer Ware.<\/p>\n\n\n\n<p>Unsere Lieferanten verwenden ausschlie\u00dflich Leder von renommierten und umweltbewussten Gerbereien in Europa.<\/p>\n<\/div>\n\n\n\n<div class=\"wp-block-column is-layout-flow wp-block-column-is-layout-flow\"><div class=\"wp-block-image\">\n<figure class=\"aligncenter size-full is-resized\"><img loading=\"lazy\" decoding=\"async\" width=\"1528\" height=\"1920\" src=\"https:\/\/preprod.brogue.ch\/wp-content\/uploads\/2024\/01\/IMG_9424.jpg\" alt=\"\" class=\"wp-image-62526\" style=\"aspect-ratio:1;width:354px;height:auto\" srcset=\"https:\/\/brogue.ch\/wp-content\/uploads\/2024\/01\/IMG_9424.jpg 1528w, https:\/\/brogue.ch\/wp-content\/uploads\/2024\/01\/IMG_9424-239x300.jpg 239w, https:\/\/brogue.ch\/wp-content\/uploads\/2024\/01\/IMG_9424-815x1024.jpg 815w, https:\/\/brogue.ch\/wp-content\/uploads\/2024\/01\/IMG_9424-768x965.jpg 768w, https:\/\/brogue.ch\/wp-content\/uploads\/2024\/01\/IMG_9424-1222x1536.jpg 1222w, https:\/\/brogue.ch\/wp-content\/uploads\/2024\/01\/IMG_9424-700x880.jpg 700w, https:\/\/brogue.ch\/wp-content\/uploads\/2024\/01\/IMG_9424-600x754.jpg 600w\" sizes=\"auto, (max-width: 1528px) 100vw, 1528px\" \/><\/figure>\n<\/div><\/div>\n<\/div>\n\n<div style=\"height:52px\" aria-hidden=\"true\" class=\"wp-block-spacer\"><\/div>\n\n<p class=\"has-text-align-center\">Wir sind \u00fcberzeugt, ein Gesamterlebnis zu bieten, in dem ein liebevoller Service, fundierte Beratung und eine Vielzahl von Dienstleistungen, einschlie\u00dflich Schuhpflege und Reparaturen, vollst\u00e4ndig integriert sind.<\/p>\n\n<p class=\"has-text-align-center\">Und nat\u00fcrlich sind wir ebenso stolz auf unseren vorz\u00fcglichen Kaffee und unsere Whisky-Kollektion.<\/p>\n\n<div style=\"height:52px\" aria-hidden=\"true\" class=\"wp-block-spacer\"><\/div>\n\n<style>h1 { display:none;}<\/style>\n","protected":false},"excerpt":{"rendered":"<p>Pr\u00e4sentation Gary und Emer Levy, ein anglo-irisches Paar, lebten 14 Jahre lang in London, wo sie ein Restaurant betrieben. Sie beschlossen, aus einer Laune heraus nach Genf zu ziehen. Nicht nur der Umzug in ein fremdes Land, sondern auch der Wechsel von der Gastronomie zu Herrenschuhen waren ein echtes Abenteuer. So gr\u00fcndeten sie 2005 die [&hellip;]<\/p>\n","protected":false},"author":72,"featured_media":0,"parent":0,"menu_order":0,"comment_status":"closed","ping_status":"closed","template":"","meta":{"footnotes":""},"class_list":["post-28504","page","type-page","status-publish","hentry"],"yoast_head":"<!-- This site is optimized with the Yoast SEO plugin v27.3 - https:\/\/yoast.com\/product\/yoast-seo-wordpress\/ -->\n<title>Brogue<\/title>\n<meta name=\"description\" content=\"Brogue - Die besten Schuhmarken der Welt f\u00fcr Damen und Herren. Luxuri\u00f6ses, hochwertiges Lederschuhgesch\u00e4ft, g\u00fcnstig gelegen im Zentrum von Genf.\" \/>\n<meta name=\"robots\" content=\"index, follow, max-snippet:-1, max-image-preview:large, max-video-preview:-1\" \/>\n<link rel=\"canonical\" href=\"https:\/\/brogue.ch\/de\/unsere-geschichte\/\" \/>\n<meta property=\"og:locale\" content=\"de_DE\" \/>\n<meta property=\"og:type\" content=\"article\" \/>\n<meta property=\"og:title\" content=\"Schuhgesch\u00e4ft in Genf \u2022 Lederschuhgesch\u00e4ft f\u00fcr Herren | Brogue\" \/>\n<meta property=\"og:description\" content=\"Brogue - Die besten Schuhmarken der Welt f\u00fcr Herren. Luxuri\u00f6ses, hochwertiges Lederschuhgesch\u00e4ft f\u00fcr Herren, g\u00fcnstig gelegen im Zentrum von Genf.\" \/>\n<meta property=\"og:url\" content=\"https:\/\/brogue.ch\/de\/unsere-geschichte\/\" \/>\n<meta property=\"og:site_name\" content=\"Brogue\" \/>\n<meta property=\"article:modified_time\" content=\"2024-04-23T10:13:17+00:00\" \/>\n<meta property=\"og:image\" content=\"https:\/\/preprod.brogue.ch\/wp-content\/uploads\/2023\/06\/DSC09371-913x1024.jpg\" \/>\n<meta name=\"twitter:card\" content=\"summary_large_image\" \/>\n<meta name=\"twitter:label1\" content=\"Gesch\u00e4tzte Lesezeit\" \/>\n\t<meta name=\"twitter:data1\" content=\"6\u00a0Minuten\" \/>\n<script type=\"application\/ld+json\" class=\"yoast-schema-graph\">{\"@context\":\"https:\\\/\\\/schema.org\",\"@graph\":[{\"@type\":\"WebPage\",\"@id\":\"https:\\\/\\\/brogue.ch\\\/de\\\/unsere-geschichte\\\/\",\"url\":\"https:\\\/\\\/brogue.ch\\\/de\\\/unsere-geschichte\\\/\",\"name\":\"Luxus-Schuhgesch\u00e4ft in Genf - Lederschuhe f\u00fcr Damen und Herren | Brogue\",\"isPartOf\":{\"@id\":\"https:\\\/\\\/brogue.ch\\\/de\\\/#website\"},\"primaryImageOfPage\":{\"@id\":\"https:\\\/\\\/brogue.ch\\\/de\\\/unsere-geschichte\\\/#primaryimage\"},\"image\":{\"@id\":\"https:\\\/\\\/brogue.ch\\\/de\\\/unsere-geschichte\\\/#primaryimage\"},\"thumbnailUrl\":\"https:\\\/\\\/preprod.brogue.ch\\\/wp-content\\\/uploads\\\/2023\\\/06\\\/DSC09371-913x1024.jpg\",\"datePublished\":\"2021-07-12T14:49:07+00:00\",\"dateModified\":\"2024-04-23T10:13:17+00:00\",\"description\":\"Brogue - Die besten Schuhmarken der Welt f\u00fcr Damen und Herren. Luxuri\u00f6ses, hochwertiges Lederschuhgesch\u00e4ft, g\u00fcnstig gelegen im Zentrum von Genf.\",\"breadcrumb\":{\"@id\":\"https:\\\/\\\/brogue.ch\\\/de\\\/unsere-geschichte\\\/#breadcrumb\"},\"inLanguage\":\"de\",\"potentialAction\":[{\"@type\":\"ReadAction\",\"target\":[\"https:\\\/\\\/brogue.ch\\\/de\\\/unsere-geschichte\\\/\"]}]},{\"@type\":\"ImageObject\",\"inLanguage\":\"de\",\"@id\":\"https:\\\/\\\/brogue.ch\\\/de\\\/unsere-geschichte\\\/#primaryimage\",\"url\":\"https:\\\/\\\/preprod.brogue.ch\\\/wp-content\\\/uploads\\\/2023\\\/06\\\/DSC09371-913x1024.jpg\",\"contentUrl\":\"https:\\\/\\\/preprod.brogue.ch\\\/wp-content\\\/uploads\\\/2023\\\/06\\\/DSC09371-913x1024.jpg\"},{\"@type\":\"BreadcrumbList\",\"@id\":\"https:\\\/\\\/brogue.ch\\\/de\\\/unsere-geschichte\\\/#breadcrumb\",\"itemListElement\":[{\"@type\":\"ListItem\",\"position\":1,\"name\":\"Home\",\"item\":\"https:\\\/\\\/brogue.ch\\\/de\\\/\"},{\"@type\":\"ListItem\",\"position\":2,\"name\":\"Unsere Geschichte\"}]},{\"@type\":\"WebSite\",\"@id\":\"https:\\\/\\\/brogue.ch\\\/de\\\/#website\",\"url\":\"https:\\\/\\\/brogue.ch\\\/de\\\/\",\"name\":\"Brogue\",\"description\":\"World class shoes\",\"publisher\":{\"@id\":\"https:\\\/\\\/brogue.ch\\\/de\\\/#organization\"},\"potentialAction\":[{\"@type\":\"SearchAction\",\"target\":{\"@type\":\"EntryPoint\",\"urlTemplate\":\"https:\\\/\\\/brogue.ch\\\/de\\\/?s={search_term_string}\"},\"query-input\":{\"@type\":\"PropertyValueSpecification\",\"valueRequired\":true,\"valueName\":\"search_term_string\"}}],\"inLanguage\":\"de\"},{\"@type\":\"Organization\",\"@id\":\"https:\\\/\\\/brogue.ch\\\/de\\\/#organization\",\"name\":\"Brogue\",\"url\":\"https:\\\/\\\/brogue.ch\\\/de\\\/\",\"logo\":{\"@type\":\"ImageObject\",\"inLanguage\":\"de\",\"@id\":\"https:\\\/\\\/brogue.ch\\\/de\\\/#\\\/schema\\\/logo\\\/image\\\/\",\"url\":\"https:\\\/\\\/brogue.ch\\\/wp-content\\\/uploads\\\/2020\\\/02\\\/logo-brogue.png\",\"contentUrl\":\"https:\\\/\\\/brogue.ch\\\/wp-content\\\/uploads\\\/2020\\\/02\\\/logo-brogue.png\",\"width\":1176,\"height\":444,\"caption\":\"Brogue\"},\"image\":{\"@id\":\"https:\\\/\\\/brogue.ch\\\/de\\\/#\\\/schema\\\/logo\\\/image\\\/\"}}]}<\/script>\n<!-- \/ Yoast SEO plugin. -->","yoast_head_json":{"title":"Brogue","description":"Brogue - Die besten Schuhmarken der Welt f\u00fcr Damen und Herren. Luxuri\u00f6ses, hochwertiges Lederschuhgesch\u00e4ft, g\u00fcnstig gelegen im Zentrum von Genf.","robots":{"index":"index","follow":"follow","max-snippet":"max-snippet:-1","max-image-preview":"max-image-preview:large","max-video-preview":"max-video-preview:-1"},"canonical":"https:\/\/brogue.ch\/de\/unsere-geschichte\/","og_locale":"de_DE","og_type":"article","og_title":"Schuhgesch\u00e4ft in Genf \u2022 Lederschuhgesch\u00e4ft f\u00fcr Herren | Brogue","og_description":"Brogue - Die besten Schuhmarken der Welt f\u00fcr Herren. Luxuri\u00f6ses, hochwertiges Lederschuhgesch\u00e4ft f\u00fcr Herren, g\u00fcnstig gelegen im Zentrum von Genf.","og_url":"https:\/\/brogue.ch\/de\/unsere-geschichte\/","og_site_name":"Brogue","article_modified_time":"2024-04-23T10:13:17+00:00","og_image":[{"url":"https:\/\/preprod.brogue.ch\/wp-content\/uploads\/2023\/06\/DSC09371-913x1024.jpg","type":"","width":"","height":""}],"twitter_card":"summary_large_image","twitter_misc":{"Gesch\u00e4tzte Lesezeit":"6\u00a0Minuten"},"schema":{"@context":"https:\/\/schema.org","@graph":[{"@type":"WebPage","@id":"https:\/\/brogue.ch\/de\/unsere-geschichte\/","url":"https:\/\/brogue.ch\/de\/unsere-geschichte\/","name":"Luxus-Schuhgesch\u00e4ft in Genf - Lederschuhe f\u00fcr Damen und Herren | Brogue","isPartOf":{"@id":"https:\/\/brogue.ch\/de\/#website"},"primaryImageOfPage":{"@id":"https:\/\/brogue.ch\/de\/unsere-geschichte\/#primaryimage"},"image":{"@id":"https:\/\/brogue.ch\/de\/unsere-geschichte\/#primaryimage"},"thumbnailUrl":"https:\/\/preprod.brogue.ch\/wp-content\/uploads\/2023\/06\/DSC09371-913x1024.jpg","datePublished":"2021-07-12T14:49:07+00:00","dateModified":"2024-04-23T10:13:17+00:00","description":"Brogue - Die besten Schuhmarken der Welt f\u00fcr Damen und Herren. Luxuri\u00f6ses, hochwertiges Lederschuhgesch\u00e4ft, g\u00fcnstig gelegen im Zentrum von Genf.","breadcrumb":{"@id":"https:\/\/brogue.ch\/de\/unsere-geschichte\/#breadcrumb"},"inLanguage":"de","potentialAction":[{"@type":"ReadAction","target":["https:\/\/brogue.ch\/de\/unsere-geschichte\/"]}]},{"@type":"ImageObject","inLanguage":"de","@id":"https:\/\/brogue.ch\/de\/unsere-geschichte\/#primaryimage","url":"https:\/\/preprod.brogue.ch\/wp-content\/uploads\/2023\/06\/DSC09371-913x1024.jpg","contentUrl":"https:\/\/preprod.brogue.ch\/wp-content\/uploads\/2023\/06\/DSC09371-913x1024.jpg"},{"@type":"BreadcrumbList","@id":"https:\/\/brogue.ch\/de\/unsere-geschichte\/#breadcrumb","itemListElement":[{"@type":"ListItem","position":1,"name":"Home","item":"https:\/\/brogue.ch\/de\/"},{"@type":"ListItem","position":2,"name":"Unsere Geschichte"}]},{"@type":"WebSite","@id":"https:\/\/brogue.ch\/de\/#website","url":"https:\/\/brogue.ch\/de\/","name":"Brogue","description":"World class shoes","publisher":{"@id":"https:\/\/brogue.ch\/de\/#organization"},"potentialAction":[{"@type":"SearchAction","target":{"@type":"EntryPoint","urlTemplate":"https:\/\/brogue.ch\/de\/?s={search_term_string}"},"query-input":{"@type":"PropertyValueSpecification","valueRequired":true,"valueName":"search_term_string"}}],"inLanguage":"de"},{"@type":"Organization","@id":"https:\/\/brogue.ch\/de\/#organization","name":"Brogue","url":"https:\/\/brogue.ch\/de\/","logo":{"@type":"ImageObject","inLanguage":"de","@id":"https:\/\/brogue.ch\/de\/#\/schema\/logo\/image\/","url":"https:\/\/brogue.ch\/wp-content\/uploads\/2020\/02\/logo-brogue.png","contentUrl":"https:\/\/brogue.ch\/wp-content\/uploads\/2020\/02\/logo-brogue.png","width":1176,"height":444,"caption":"Brogue"},"image":{"@id":"https:\/\/brogue.ch\/de\/#\/schema\/logo\/image\/"}}]}},"_links":{"self":[{"href":"https:\/\/brogue.ch\/de\/wp-json\/wp\/v2\/pages\/28504","targetHints":{"allow":["GET"]}}],"collection":[{"href":"https:\/\/brogue.ch\/de\/wp-json\/wp\/v2\/pages"}],"about":[{"href":"https:\/\/brogue.ch\/de\/wp-json\/wp\/v2\/types\/page"}],"author":[{"embeddable":true,"href":"https:\/\/brogue.ch\/de\/wp-json\/wp\/v2\/users\/72"}],"replies":[{"embeddable":true,"href":"https:\/\/brogue.ch\/de\/wp-json\/wp\/v2\/comments?post=28504"}],"version-history":[{"count":27,"href":"https:\/\/brogue.ch\/de\/wp-json\/wp\/v2\/pages\/28504\/revisions"}],"predecessor-version":[{"id":69584,"href":"https:\/\/brogue.ch\/de\/wp-json\/wp\/v2\/pages\/28504\/revisions\/69584"}],"wp:attachment":[{"href":"https:\/\/brogue.ch\/de\/wp-json\/wp\/v2\/media?parent=28504"}],"curies":[{"name":"wp","href":"https:\/\/api.w.org\/{rel}","templated":true}]}}