{"id":28509,"date":"2021-07-12T17:16:56","date_gmt":"2021-07-12T15:16:56","guid":{"rendered":"https:\/\/www.brogue.ch\/termin-fuer-eine-anprobe\/"},"modified":"2021-07-21T15:46:19","modified_gmt":"2021-07-21T13:46:19","slug":"terminvereinbarung-im-shop","status":"publish","type":"page","link":"https:\/\/brogue.ch\/de\/terminvereinbarung-im-shop\/","title":{"rendered":"Terminvereinbarung im Shop"},"content":{"rendered":"<p>[vc_row css_animation=&#8220;&#8220; row_type=&#8220;row&#8220; use_row_as_full_screen_section=&#8220;no&#8220; type=&#8220;grid&#8220; angled_section=&#8220;no&#8220; text_align=&#8220;left&#8220; background_image_as_pattern=&#8220;without_pattern&#8220; z_index=&#8220;&#8220; css=&#8220;.vc_custom_1522070080091{padding-bottom: 135px !important;}&#8220;][vc_column][vc_empty_space height=&#8220;100px&#8220;][vc_column_text]<\/p>\n<h2 style=\"text-align: center;\">Termin f\u00fcr eine Anpassung<\/h2>\n<p>[\/vc_column_text][vc_empty_space height=&#8220;50px&#8220;][vc_column_text]<\/p>\n<ul>\n<li><span class=\"s1\">Gerne begleiten wir Sie beim Kauf Ihrer Schuhe.<\/span><\/li>\n<\/ul>\n<p>&nbsp;<\/p>\n<ul>\n<li><span class=\"s1\">Dieses Formular ist speziell f\u00fcr Kunden gedacht, die w\u00e4hrend unserer \u00d6ffnungszeiten nicht anreisen k\u00f6nnen. Sie haben dann die M\u00f6glichkeit, am Ende des Tages oder am Sonntag einen Termin zu vereinbaren<\/span><\/li>\n<\/ul>\n<p>&nbsp;<\/p>\n<ul>\n<li><span style=\"font-weight: 400;\">Dar\u00fcber hinaus bieten wir einen sehr pers\u00f6nlichen Service. Wenn unsere \u00d6ffnungszeiten nicht zu Ihnen passen, \u00f6ffnen wir gerne unsere T\u00fcr auf Anfrage, 24\/7. <span class=\"s1\">Was auch immer Ihnen das Leben erleichtert, wir sind hier, um Ihnen zu helfen.<\/span><\/span><\/li>\n<\/ul>\n<p>&nbsp;<\/p>\n<ul>\n<li style=\"text-align: left;\"><span style=\"font-weight: 400;\"><span class=\"s1\">Alternativ k\u00f6nnen wir f\u00fcr einen privaten Termin zu Ihnen nach Hause oder ins B\u00fcro kommen. Was immer dir am besten passt.<\/span><\/span><\/li>\n<\/ul>\n<p>&nbsp;<\/p>\n<p>&nbsp;<\/p>\n<p>&nbsp;<\/p>\n<div class=\"oSioSc\">\n<div id=\"tw-target\">\n<div id=\"kAz1tf\" class=\"g9WsWb\">\n<div id=\"tw-target-text-container\" class=\"tw-ta-container F0azHf tw-nfl\" tabindex=\"0\">\n<p id=\"tw-target-text\" class=\"tw-data-text tw-text-large XcVN5d tw-ta\" dir=\"ltr\" data-placeholder=\"Translation\">\n<\/div>\n<\/div>\n<\/div>\n<\/div>\n<p>[\/vc_column_text][vc_empty_space height=&#8220;50px&#8220;][qode_elements_holder number_of_columns=&#8220;two_columns&#8220; columns_proportion=&#8220;75_25&#8243;][qode_elements_holder_item vertical_alignment=&#8220;top&#8220; advanced_animations=&#8220;no&#8220; item_padding=&#8220;0px 10% 0px&#8220; item_padding_600_768=&#8220;0px 6% 0px 6%&#8220; item_padding_480=&#8220;0px 3% 0px 3%&#8220;][vc_column_text]<\/p>\n<h3>Bitte hinterlassen Sie uns hier Ihre Kontaktdaten, um einen Termin zu vereinbaren<\/h3>\n<p>[\/vc_column_text][vc_empty_space height=&#8220;40px&#8220;]\n<div class=\"wpcf7 no-js\" id=\"wpcf7-f28503-o1\" lang=\"en-US\" dir=\"ltr\" data-wpcf7-id=\"28503\">\n<div class=\"screen-reader-response\"><p role=\"status\" aria-live=\"polite\" aria-atomic=\"true\"><\/p> <ul><\/ul><\/div>\n<form action=\"\/de\/wp-json\/wp\/v2\/pages\/28509#wpcf7-f28503-o1\" method=\"post\" class=\"wpcf7-form init\" aria-label=\"Contact form\" novalidate=\"novalidate\" data-status=\"init\">\n<fieldset class=\"hidden-fields-container\"><input type=\"hidden\" name=\"_wpcf7\" value=\"28503\" \/><input type=\"hidden\" name=\"_wpcf7_version\" value=\"6.1.5\" \/><input type=\"hidden\" name=\"_wpcf7_locale\" value=\"en_US\" \/><input type=\"hidden\" name=\"_wpcf7_unit_tag\" value=\"wpcf7-f28503-o1\" \/><input type=\"hidden\" name=\"_wpcf7_container_post\" value=\"0\" \/><input type=\"hidden\" name=\"_wpcf7_posted_data_hash\" value=\"\" \/><input type=\"hidden\" name=\"_wpcf7_recaptcha_response\" value=\"\" \/>\n<\/fieldset>\n<div>\n\t<p><span class=\"wpcf7-form-control-wrap\" data-name=\"fullname\"><input size=\"40\" maxlength=\"400\" class=\"wpcf7-form-control wpcf7-text wpcf7-validates-as-required\" aria-required=\"true\" aria-invalid=\"false\" placeholder=\"Name\" value=\"\" type=\"text\" name=\"fullname\" \/><\/span>\n\t<\/p>\n<\/div>\n<div>\n\t<p><span class=\"wpcf7-form-control-wrap\" data-name=\"email\"><input size=\"40\" maxlength=\"400\" class=\"wpcf7-form-control wpcf7-email wpcf7-validates-as-required wpcf7-text wpcf7-validates-as-email\" aria-required=\"true\" aria-invalid=\"false\" placeholder=\"Email\" value=\"\" type=\"email\" name=\"email\" \/><\/span>\n\t<\/p>\n<\/div>\n<div>\n\t<p><span class=\"wpcf7-form-control-wrap\" data-name=\"your-message\"><textarea cols=\"40\" rows=\"10\" maxlength=\"2000\" class=\"wpcf7-form-control wpcf7-textarea wpcf7-validates-as-required\" aria-required=\"true\" aria-invalid=\"false\" placeholder=\"Nachricht\" name=\"your-message\"><\/textarea><\/span>\n\t<\/p>\n<\/div>\n<h3 id=titre_formulaire, style=font-family: 'Libre Baskerville';><br \/>\nW\u00e4hlen Sie einen Tag und eine Zeit f\u00fcr das Treffen\n<\/h3>\n<p><select name=\"Todays_Day\" id=\"jours\">\n <option value=\"Montag\" selected>Montag<\/option>\n <option value=\"Dienstag\">Dienstag<\/option>\n <option value=\"Mittwoch\">Mittwoch<\/option>\n <option value=\"Donnerstag\">Donnerstag<\/option>\n <option value=\"Freitag\">Freitag<\/option>\n <option value=\"Samstag\">Samstag<\/option>\n<\/select>\n<\/p>\n<p><select name=\"Week hours\" id=\"heure-semaine\">\n <option value=\"18:30\" selected>18:30<\/option>\n <option value=\"19:00\">19:00<\/option>\n <option value=\"19:30\">19:30<\/option>\n<\/select>\n<\/p>\n<h3 id=titre_formulaire, style=font-family: 'Libre Baskerville';><br \/>\nW\u00e4hlen Sie eine Zeit f\u00fcr die Sonntagssitzung\n<\/h3>\n<p><select name=\"Week hours\" id=\"heure-dimanche\">\n <option value=\"10:00\" selected>10:00<\/option>\n <option value=\"10:00\">10:00<\/option>\n <option value=\"11:00\">11:00<\/option>\n <option value=\"11:00\">11:30<\/option>\n <option value=\"13:\">13:<\/option>\n <option value=\"13:30\">13:30<\/option>\n <option value=\"14:00\">14:00<\/option>\n <option value=\"14:30\">14:30<\/option>\n <option value=\"15:00\">15:00<\/option>\n <option value=\"15:30\">15:30<\/option>\n <option value=\"16:00\">16:00<\/option>\n <option value=\"16:30\">16:30<\/option>\n <option value=\"17:00\">17:00<\/option>\n <option value=\"17:30\">17:30<\/option>\n <option value=\"18:00\">18:00<\/option>\n<\/select>\n<\/p>\n<div>\n\t<p><input class=\"wpcf7-form-control wpcf7-submit has-spinner\" type=\"submit\" value=\"SENDEN\" \/>\n\t<\/p>\n<\/div><div class=\"wpcf7-response-output\" aria-hidden=\"true\"><\/div>\n<\/form>\n<\/div>\n [vc_empty_space height=&#8220;100px&#8220;][\/qode_elements_holder_item][qode_elements_holder_item vertical_alignment=&#8220;top&#8220; advanced_animations=&#8220;no&#8220; item_padding=&#8220;0 10% 0&#8243; item_padding_600_768=&#8220;0px 6% 0px 6%&#8220; item_padding_480=&#8220;0px 3% 0px 3%&#8220;][vc_column_text]<\/p>\n<h3>Unserem Standort<\/h3>\n<p>[\/vc_column_text][vc_empty_space height=&#8220;20px&#8220;][vc_column_text]G\u00fcnstig gelegen am Quai des Bergues in Genf, direkt neben dem Place Bel-Air. Parkm\u00f6glichkeiten gibt es im Manor-Parkhaus.<\/p>\n<p>&nbsp;<\/p>\n<p>11 Quai des Bergues<br \/>\n1201 Geneva<\/p>\n<p>Phone: <a href=\"tel:+41223107003\">+41 22 310 70 03<\/a><br \/>\nEmail: <a href=\"mailto:sales@brogue.ch\">sales@brogue.ch<\/a>[\/vc_column_text][\/qode_elements_holder_item][\/qode_elements_holder][\/vc_column][\/vc_row][vc_row css_animation=&#8220;&#8220; row_type=&#8220;row&#8220; use_row_as_full_screen_section=&#8220;no&#8220; type=&#8220;full_width&#8220; angled_section=&#8220;no&#8220; text_align=&#8220;left&#8220; background_image_as_pattern=&#8220;without_pattern&#8220; z_index=&#8220;&#8220; css=&#8220;.vc_custom_1584625286529{padding-bottom: 69px !important;}&#8220;][vc_column offset=&#8220;vc_col-lg-offset-0 vc_col-lg-12 vc_col-md-offset-1 vc_col-md-10 vc_col-sm-offset-1 vc_col-xs-12&#8243;][vc_raw_html]PGlmcmFtZSBzcmM9Imh0dHBzOi8vd3d3Lmdvb2dsZS5jb20vbWFwcy9lbWJlZD9wYj0hMW0xOCExbTEyITFtMyExZDI3NjEuMjE3NDA2MTc5NTczITJkNi4xNDE4MTAzMTU4MDMzMjYhM2Q0Ni4yMDYxMjk5NzkxMTY3NCEybTMhMWYwITJmMCEzZjAhM20yITFpMTAyNCEyaTc2OCE0ZjEzLjEhM20zITFtMiExczB4NDc4YzY1Mjg1MWMyODEzNSUzQTB4NmM5MGM1NjZhYTUzZjMzYyEyc0Jyb2d1ZSE1ZTAhM20yITFzZW4hMnNybyE0djE1ODUwNjM3OTAwODYhNW0yITFzZW4hMnNybyIgd2lkdGg9IjEwMCUiIGhlaWdodD0iNDUwIiBmcmFtZWJvcmRlcj0iMCIgc3R5bGU9ImJvcmRlcjowOyIgYWxsb3dmdWxsc2NyZWVuPSIiIGFyaWEtaGlkZGVuPSJmYWxzZSIgdGFiaW5kZXg9IjAiPjwvaWZyYW1lPg==[\/vc_raw_html][\/vc_column][\/vc_row]<\/p>\n","protected":false},"excerpt":{"rendered":"<p>[vc_row css_animation=&#8220;&#8220; row_type=&#8220;row&#8220; use_row_as_full_screen_section=&#8220;no&#8220; type=&#8220;grid&#8220; angled_section=&#8220;no&#8220; text_align=&#8220;left&#8220; background_image_as_pattern=&#8220;without_pattern&#8220; z_index=&#8220;&#8220; css=&#8220;.vc_custom_1522070080091{padding-bottom: 135px !important;}&#8220;][vc_column][vc_empty_space height=&#8220;100px&#8220;][vc_column_text] Termin f\u00fcr eine Anpassung [\/vc_column_text][vc_empty_space height=&#8220;50px&#8220;][vc_column_text] Gerne begleiten wir Sie beim Kauf Ihrer Schuhe. &nbsp; Dieses Formular ist speziell f\u00fcr Kunden gedacht, die w\u00e4hrend unserer \u00d6ffnungszeiten nicht anreisen k\u00f6nnen. Sie haben dann die M\u00f6glichkeit, am Ende des Tages oder am Sonntag einen [&hellip;]<\/p>\n","protected":false},"author":72,"featured_media":0,"parent":0,"menu_order":0,"comment_status":"closed","ping_status":"closed","template":"","meta":{"footnotes":""},"class_list":["post-28509","page","type-page","status-publish","hentry"],"yoast_head":"<!-- This site is optimized with the Yoast SEO plugin v27.3 - https:\/\/yoast.com\/product\/yoast-seo-wordpress\/ -->\n<title>Brogue<\/title>\n<meta name=\"description\" content=\"Kontaktformular und Social Media Netzwerke finden Sie hier. Abonnieren Sie auch unseren Newsletter.\" \/>\n<meta name=\"robots\" content=\"index, follow, max-snippet:-1, max-image-preview:large, max-video-preview:-1\" \/>\n<link rel=\"canonical\" href=\"https:\/\/brogue.ch\/de\/terminvereinbarung-im-shop\/\" \/>\n<meta property=\"og:locale\" content=\"de_DE\" \/>\n<meta property=\"og:type\" content=\"article\" \/>\n<meta property=\"og:title\" content=\"Kontaktieren Sie uns | Brogue\" \/>\n<meta property=\"og:description\" content=\"Kontaktformular und Social Media Netzwerke finden Sie hier. Abonnieren Sie auch unseren Newsletter.\" \/>\n<meta property=\"og:url\" content=\"https:\/\/brogue.ch\/de\/terminvereinbarung-im-shop\/\" \/>\n<meta property=\"og:site_name\" content=\"Brogue\" \/>\n<meta property=\"article:modified_time\" content=\"2021-07-21T13:46:19+00:00\" \/>\n<meta name=\"twitter:card\" content=\"summary_large_image\" \/>\n<meta name=\"twitter:label1\" content=\"Gesch\u00e4tzte Lesezeit\" \/>\n\t<meta name=\"twitter:data1\" content=\"2\u00a0Minuten\" \/>\n<script type=\"application\/ld+json\" class=\"yoast-schema-graph\">{\"@context\":\"https:\\\/\\\/schema.org\",\"@graph\":[{\"@type\":\"WebPage\",\"@id\":\"https:\\\/\\\/brogue.ch\\\/de\\\/terminvereinbarung-im-shop\\\/\",\"url\":\"https:\\\/\\\/brogue.ch\\\/de\\\/terminvereinbarung-im-shop\\\/\",\"name\":\"Kontaktieren Sie uns | Brogue\",\"isPartOf\":{\"@id\":\"https:\\\/\\\/brogue.ch\\\/de\\\/#website\"},\"datePublished\":\"2021-07-12T15:16:56+00:00\",\"dateModified\":\"2021-07-21T13:46:19+00:00\",\"description\":\"Kontaktformular und Social Media Netzwerke finden Sie hier. Abonnieren Sie auch unseren Newsletter.\",\"breadcrumb\":{\"@id\":\"https:\\\/\\\/brogue.ch\\\/de\\\/terminvereinbarung-im-shop\\\/#breadcrumb\"},\"inLanguage\":\"de\",\"potentialAction\":[{\"@type\":\"ReadAction\",\"target\":[\"https:\\\/\\\/brogue.ch\\\/de\\\/terminvereinbarung-im-shop\\\/\"]}]},{\"@type\":\"BreadcrumbList\",\"@id\":\"https:\\\/\\\/brogue.ch\\\/de\\\/terminvereinbarung-im-shop\\\/#breadcrumb\",\"itemListElement\":[{\"@type\":\"ListItem\",\"position\":1,\"name\":\"Home\",\"item\":\"https:\\\/\\\/brogue.ch\\\/de\\\/\"},{\"@type\":\"ListItem\",\"position\":2,\"name\":\"Terminvereinbarung im Shop\"}]},{\"@type\":\"WebSite\",\"@id\":\"https:\\\/\\\/brogue.ch\\\/de\\\/#website\",\"url\":\"https:\\\/\\\/brogue.ch\\\/de\\\/\",\"name\":\"Brogue\",\"description\":\"World class shoes\",\"publisher\":{\"@id\":\"https:\\\/\\\/brogue.ch\\\/de\\\/#organization\"},\"potentialAction\":[{\"@type\":\"SearchAction\",\"target\":{\"@type\":\"EntryPoint\",\"urlTemplate\":\"https:\\\/\\\/brogue.ch\\\/de\\\/?s={search_term_string}\"},\"query-input\":{\"@type\":\"PropertyValueSpecification\",\"valueRequired\":true,\"valueName\":\"search_term_string\"}}],\"inLanguage\":\"de\"},{\"@type\":\"Organization\",\"@id\":\"https:\\\/\\\/brogue.ch\\\/de\\\/#organization\",\"name\":\"Brogue\",\"url\":\"https:\\\/\\\/brogue.ch\\\/de\\\/\",\"logo\":{\"@type\":\"ImageObject\",\"inLanguage\":\"de\",\"@id\":\"https:\\\/\\\/brogue.ch\\\/de\\\/#\\\/schema\\\/logo\\\/image\\\/\",\"url\":\"https:\\\/\\\/brogue.ch\\\/wp-content\\\/uploads\\\/2020\\\/02\\\/logo-brogue.png\",\"contentUrl\":\"https:\\\/\\\/brogue.ch\\\/wp-content\\\/uploads\\\/2020\\\/02\\\/logo-brogue.png\",\"width\":1176,\"height\":444,\"caption\":\"Brogue\"},\"image\":{\"@id\":\"https:\\\/\\\/brogue.ch\\\/de\\\/#\\\/schema\\\/logo\\\/image\\\/\"}}]}<\/script>\n<!-- \/ Yoast SEO plugin. -->","yoast_head_json":{"title":"Brogue","description":"Kontaktformular und Social Media Netzwerke finden Sie hier. Abonnieren Sie auch unseren Newsletter.","robots":{"index":"index","follow":"follow","max-snippet":"max-snippet:-1","max-image-preview":"max-image-preview:large","max-video-preview":"max-video-preview:-1"},"canonical":"https:\/\/brogue.ch\/de\/terminvereinbarung-im-shop\/","og_locale":"de_DE","og_type":"article","og_title":"Kontaktieren Sie uns | Brogue","og_description":"Kontaktformular und Social Media Netzwerke finden Sie hier. Abonnieren Sie auch unseren Newsletter.","og_url":"https:\/\/brogue.ch\/de\/terminvereinbarung-im-shop\/","og_site_name":"Brogue","article_modified_time":"2021-07-21T13:46:19+00:00","twitter_card":"summary_large_image","twitter_misc":{"Gesch\u00e4tzte Lesezeit":"2\u00a0Minuten"},"schema":{"@context":"https:\/\/schema.org","@graph":[{"@type":"WebPage","@id":"https:\/\/brogue.ch\/de\/terminvereinbarung-im-shop\/","url":"https:\/\/brogue.ch\/de\/terminvereinbarung-im-shop\/","name":"Kontaktieren Sie uns | Brogue","isPartOf":{"@id":"https:\/\/brogue.ch\/de\/#website"},"datePublished":"2021-07-12T15:16:56+00:00","dateModified":"2021-07-21T13:46:19+00:00","description":"Kontaktformular und Social Media Netzwerke finden Sie hier. Abonnieren Sie auch unseren Newsletter.","breadcrumb":{"@id":"https:\/\/brogue.ch\/de\/terminvereinbarung-im-shop\/#breadcrumb"},"inLanguage":"de","potentialAction":[{"@type":"ReadAction","target":["https:\/\/brogue.ch\/de\/terminvereinbarung-im-shop\/"]}]},{"@type":"BreadcrumbList","@id":"https:\/\/brogue.ch\/de\/terminvereinbarung-im-shop\/#breadcrumb","itemListElement":[{"@type":"ListItem","position":1,"name":"Home","item":"https:\/\/brogue.ch\/de\/"},{"@type":"ListItem","position":2,"name":"Terminvereinbarung im Shop"}]},{"@type":"WebSite","@id":"https:\/\/brogue.ch\/de\/#website","url":"https:\/\/brogue.ch\/de\/","name":"Brogue","description":"World class shoes","publisher":{"@id":"https:\/\/brogue.ch\/de\/#organization"},"potentialAction":[{"@type":"SearchAction","target":{"@type":"EntryPoint","urlTemplate":"https:\/\/brogue.ch\/de\/?s={search_term_string}"},"query-input":{"@type":"PropertyValueSpecification","valueRequired":true,"valueName":"search_term_string"}}],"inLanguage":"de"},{"@type":"Organization","@id":"https:\/\/brogue.ch\/de\/#organization","name":"Brogue","url":"https:\/\/brogue.ch\/de\/","logo":{"@type":"ImageObject","inLanguage":"de","@id":"https:\/\/brogue.ch\/de\/#\/schema\/logo\/image\/","url":"https:\/\/brogue.ch\/wp-content\/uploads\/2020\/02\/logo-brogue.png","contentUrl":"https:\/\/brogue.ch\/wp-content\/uploads\/2020\/02\/logo-brogue.png","width":1176,"height":444,"caption":"Brogue"},"image":{"@id":"https:\/\/brogue.ch\/de\/#\/schema\/logo\/image\/"}}]}},"_links":{"self":[{"href":"https:\/\/brogue.ch\/de\/wp-json\/wp\/v2\/pages\/28509","targetHints":{"allow":["GET"]}}],"collection":[{"href":"https:\/\/brogue.ch\/de\/wp-json\/wp\/v2\/pages"}],"about":[{"href":"https:\/\/brogue.ch\/de\/wp-json\/wp\/v2\/types\/page"}],"author":[{"embeddable":true,"href":"https:\/\/brogue.ch\/de\/wp-json\/wp\/v2\/users\/72"}],"replies":[{"embeddable":true,"href":"https:\/\/brogue.ch\/de\/wp-json\/wp\/v2\/comments?post=28509"}],"version-history":[{"count":9,"href":"https:\/\/brogue.ch\/de\/wp-json\/wp\/v2\/pages\/28509\/revisions"}],"predecessor-version":[{"id":28816,"href":"https:\/\/brogue.ch\/de\/wp-json\/wp\/v2\/pages\/28509\/revisions\/28816"}],"wp:attachment":[{"href":"https:\/\/brogue.ch\/de\/wp-json\/wp\/v2\/media?parent=28509"}],"curies":[{"name":"wp","href":"https:\/\/api.w.org\/{rel}","templated":true}]}}