{"id":28516,"date":"2021-07-12T18:02:20","date_gmt":"2021-07-12T16:02:20","guid":{"rendered":"https:\/\/www.brogue.ch\/dienstleistungen\/"},"modified":"2025-05-04T01:03:30","modified_gmt":"2025-05-03T23:03:30","slug":"services","status":"publish","type":"page","link":"https:\/\/brogue.ch\/de\/services\/","title":{"rendered":"Services"},"content":{"rendered":"\n<div class=\"wp-block-cover alignfull\"><img loading=\"lazy\" decoding=\"async\" width=\"1920\" height=\"1280\" class=\"wp-block-cover__image-background wp-image-19550\" alt=\"\" src=\"https:\/\/preprod.brogue.ch\/wp-content\/uploads\/2020\/04\/services.jpg\" data-object-fit=\"cover\" srcset=\"https:\/\/brogue.ch\/wp-content\/uploads\/2020\/04\/services.jpg 1920w, https:\/\/brogue.ch\/wp-content\/uploads\/2020\/04\/services-300x200.jpg 300w, https:\/\/brogue.ch\/wp-content\/uploads\/2020\/04\/services-1024x683.jpg 1024w, https:\/\/brogue.ch\/wp-content\/uploads\/2020\/04\/services-768x512.jpg 768w, https:\/\/brogue.ch\/wp-content\/uploads\/2020\/04\/services-1536x1024.jpg 1536w, https:\/\/brogue.ch\/wp-content\/uploads\/2020\/04\/services-416x277.jpg 416w\" sizes=\"auto, (max-width: 1920px) 100vw, 1920px\" \/><span aria-hidden=\"true\" class=\"wp-block-cover__background has-background-dim\"><\/span><div class=\"wp-block-cover__inner-container is-layout-constrained wp-block-cover-is-layout-constrained\">\n<h2 class=\"wp-block-heading has-text-align-center has-white-color has-text-color has-link-color wp-elements-7d0b09425e787eae5c81b23bb9d07587\" style=\"font-size:50px\">DIENSTLEISTUNGEN<\/h2>\n<\/div><\/div>\n\n\n\n<div style=\"height:100px\" aria-hidden=\"true\" class=\"wp-block-spacer\"><\/div>\n\n\n\n<h2 class=\"wp-block-heading has-text-align-center\">Schuhpflege<\/h2>\n\n\n\n<div class=\"wp-block-columns is-layout-flex wp-container-core-columns-is-layout-28f84493 wp-block-columns-is-layout-flex\">\n<div class=\"wp-block-column is-layout-flow wp-block-column-is-layout-flow\">\n<p>Es hei\u00dft, man kann einen Menschen nach seinen Schuhen beurteilen! Ob das nun wahr ist oder nicht, werden Sie sicher keinen bleibenden Eindruck hinterlassen, wenn Sie in glanzlosen, ungeputzten Schuhen herumlaufen. Mit gl\u00e4nzenden, sch\u00f6nen Schuhen fallen Sie auf und heben sich von der Masse ab.<\/p>\n\n\n\n<p>Wir sind der einzige professionelle Schuhputzservice in Genf. Bringen Sie uns Ihre m\u00fcde aussehenden Schuhe und wir garantieren Ihnen ein zufriedenstellendes Ergebnis.<\/p>\n\n\n\n<p>Denn wir verwenden die besten Cremes und Polituren von Saphir, die mit nat\u00fcrlichen Wachsen und \u00d6len speziell f\u00fcr Lederschuhe konzipiert sind.<\/p>\n<\/div>\n\n\n\n<div class=\"wp-block-column is-layout-flow wp-block-column-is-layout-flow\">\n<p>Sie k\u00f6nnen Ihre Schuhe entweder bei uns abgeben oder, wenn m\u00f6glich, polieren wir Ihre Schuhe, w\u00e4hrend Sie warten und dabei ein Getr\u00e4nk Ihrer Wahl genie\u00dfen.<\/p>\n\n\n\n<p>Au\u00dferdem sind wir f\u00fcr professionelle Schuhreparaturen zust\u00e4ndig. Wir sind stolz darauf, exklusiv mit Yohan Seror zusammenzuarbeiten, dem besten Schuster von Genf und dem einzigen, der die prestigetr\u00e4chtige Ausbildung der &#8218;Compagnons du Devoir&#8216; in Frankreich absolviert hat.<\/p>\n\n\n\n<p>Alle Arten von Herren- und Damenschuhen sind bei uns in besten H\u00e4nden, unabh\u00e4ngig von Marke und Komplexit\u00e4t der Reparatur. Bringen Sie Ihre Schuhe einfach bei uns vorbei und wir k\u00fcmmern uns um den Rest.<\/p>\n<\/div>\n<\/div>\n\n\n\n<div style=\"height:100px\" aria-hidden=\"true\" class=\"wp-block-spacer\"><\/div>\n\n\n\n<h2 class=\"wp-block-heading has-text-align-center\">Preisliste<\/h2>\n\n\n\n<p class=\"has-text-align-center\">Alle unsere Dienstleistungen sind direkt in unserem Gesch\u00e4ft zu den \u00d6ffnungszeiten erh\u00e4ltlich.<\/p>\n\n\n\n<div class=\"wp-block-columns is-layout-flex wp-container-core-columns-is-layout-28f84493 wp-block-columns-is-layout-flex\">\n<div class=\"wp-block-column is-layout-flow wp-block-column-is-layout-flow\"><div class=\"wp-block-image\">\n<figure class=\"aligncenter size-large is-resized\"><img decoding=\"async\" src=\"https:\/\/brogue.ch\/wp-content\/uploads\/2022\/09\/polish.png\" alt=\"\" style=\"width:193px;height:auto\"\/><\/figure>\n<\/div>\n\n\n<div style=\"height:20px\" aria-hidden=\"true\" class=\"wp-block-spacer\"><\/div>\n\n\n\n<h3 class=\"wp-block-heading has-text-align-center\"><strong>POLNISCH<\/strong><\/h3>\n\n\n\n<div style=\"height:20px\" aria-hidden=\"true\" class=\"wp-block-spacer\"><\/div>\n\n\n\n<h4 class=\"wp-block-heading has-text-align-center\">15 CHF<\/h4>\n\n\n\n<div style=\"height:20px\" aria-hidden=\"true\" class=\"wp-block-spacer\"><\/div>\n\n\n\n<p class=\"has-text-align-center\">Abgabe im Gesch\u00e4ft.<\/p>\n\n\n\n<p class=\"has-text-align-center\">Zzgl. 10 CHF f\u00fcr eine Lieferung im Zentrum von Genf<\/p>\n<\/div>\n\n\n\n<div class=\"wp-block-column is-layout-flow wp-block-column-is-layout-flow\"><div class=\"wp-block-image\">\n<figure class=\"aligncenter size-large is-resized\"><img decoding=\"async\" src=\"https:\/\/brogue.ch\/wp-content\/uploads\/2022\/09\/polish-plus.png\" alt=\"\" style=\"width:143px;height:auto\"\/><\/figure>\n<\/div>\n\n\n<div style=\"height:20px\" aria-hidden=\"true\" class=\"wp-block-spacer\"><\/div>\n\n\n\n<h3 class=\"wp-block-heading has-text-align-center\"><strong>POLIZEI PLUS<\/strong><\/h3>\n\n\n\n<div style=\"height:20px\" aria-hidden=\"true\" class=\"wp-block-spacer\"><\/div>\n\n\n\n<h4 class=\"wp-block-heading has-text-align-center\">25 CHF<\/h4>\n\n\n\n<div style=\"height:20px\" aria-hidden=\"true\" class=\"wp-block-spacer\"><\/div>\n\n\n\n<p class=\"has-text-align-center\">Sohlenr\u00e4nder und Abs\u00e4tze werden von unserem Schuster neu gef\u00e4rbt und poliert.<\/p>\n<\/div>\n\n\n\n<div class=\"wp-block-column is-layout-flow wp-block-column-is-layout-flow\">\n<div style=\"height:21px\" aria-hidden=\"true\" class=\"wp-block-spacer\"><\/div>\n\n\n<div class=\"wp-block-image\">\n<figure class=\"aligncenter size-large is-resized\"><img decoding=\"async\" src=\"https:\/\/brogue.ch\/wp-content\/uploads\/2022\/09\/intensive-care-treatment.png\" alt=\"\" style=\"width:145px;height:auto\"\/><\/figure>\n<\/div>\n\n\n<h3 class=\"wp-block-heading has-text-align-center\"><strong>INTENSIVMEDIZINISCHE BEHANDLUNG<\/strong><\/h3>\n\n\n\n<h4 class=\"wp-block-heading has-text-align-center\">40 CHF<\/h4>\n\n\n\n<div style=\"height:20px\" aria-hidden=\"true\" class=\"wp-block-spacer\"><\/div>\n\n\n\n<p class=\"has-text-align-center\">Wir entfernen alte Politur- und Wachsschichten, f\u00e4rben und polieren die Abs\u00e4tze und Kanten.<\/p>\n\n\n\n<p class=\"has-text-align-center\">Anschlie\u00dfend tragen wir die entsprechenden Saphir-Produkte auf, um den Schuh in einen nahezu neuwertigen Zustand zu versetzen.<\/p>\n<\/div>\n<\/div>\n\n\n\n<div style=\"height:39px\" aria-hidden=\"true\" class=\"wp-block-spacer\"><\/div>\n\n\n\n<h2 class=\"wp-block-heading has-text-align-center\">Pers\u00f6nliche Beratung<\/h2>\n\n\n\n<p><\/p>\n\n\n\n<p class=\"has-text-align-center\">Wir beraten Sie gerne beim Kauf Ihrer Schuhe. Zudem bieten wir unseren Kunden einen absolut individuellen Service. Wenn Ihnen unsere \u00d6ffnungszeiten nicht passen, \u00f6ffnen wir Ihnen gerne auf Anfrage unsere T\u00fcr, 24\/7. Was auch immer Ihnen das Leben erleichtert, wir sind hier, um Ihnen zu helfen.<\/p>\n\n\n\n<p class=\"has-text-align-center\">Auf Wunsch kommen wir auch zu Ihnen nach Hause oder ins B\u00fcro. Wie es Ihnen am besten passt.<\/p>\n\n\n\n<p class=\"has-text-align-center\">Bitte hinterlassen Sie uns hier Ihre Kontaktdaten, um einen Termin zu vereinbaren<\/p>\n\n\n\n<div style=\"height:100px\" aria-hidden=\"true\" class=\"wp-block-spacer\"><\/div>\n\n\n\n<h3 class=\"wp-block-heading has-text-align-center\">Unser Standort<\/h3>\n\n\n\n<p class=\"has-text-align-center\">G\u00fcnstig gelegen am Quai des Bergues in Genf, direkt neben dem Place Bel-Air. Parkm\u00f6glichkeiten gibt es im Manor-Parkhaus.<\/p>\n\n\n\n<p class=\"has-text-align-center\"><a href=\"https:\/\/www.google.com\/maps\/place\/Quai+des+Bergues+11,+1201+Gen%C3%A8ve,+Suisse\/@46.2060967,6.1413334,17z\/data=!3m1!4b1!4m6!3m5!1s0x478c652860cdef2f:0x14b487dca9f55e1f!8m2!3d46.2060967!4d6.1439137!16s%2Fg%2F11c283_bxn?hl=fr-FR&amp;entry=ttu\">11 Quai des Bergues<br>1201 Geneva<\/a><br>Phone: <a href=\"tel:+41223107003\">+41 22 310 70 03<\/a><br>Email : <a href=\"mailto:sales@brogue.ch\">sales@brogue.ch<\/a><\/p>\n\n\n\n<p class=\"has-text-align-center\">Mo &#8211; Fr von 10 Uhr bis 18:30 Uhr<br>Sa von 10am bis 6pm<\/p>\n\n\n\n<p class=\"has-text-align-center\">WhatsApp: <a href=\"https:\/\/wa.me.\/+410763847428\">+41 0763 847 428<\/a><\/p>\n\n\n\n<style>h1:first-of-type {display:none;}<\/style>\n","protected":false},"excerpt":{"rendered":"<p>Schuhpflege Es hei\u00dft, man kann einen Menschen nach seinen Schuhen beurteilen! Ob das nun wahr ist oder nicht, werden Sie sicher keinen bleibenden Eindruck hinterlassen, wenn Sie in glanzlosen, ungeputzten Schuhen herumlaufen. Mit gl\u00e4nzenden, sch\u00f6nen Schuhen fallen Sie auf und heben sich von der Masse ab. Wir sind der einzige professionelle Schuhputzservice in Genf. Bringen [&hellip;]<\/p>\n","protected":false},"author":72,"featured_media":0,"parent":0,"menu_order":0,"comment_status":"closed","ping_status":"closed","template":"","meta":{"footnotes":""},"class_list":["post-28516","page","type-page","status-publish","hentry"],"yoast_head":"<!-- This site is optimized with the Yoast SEO plugin v27.3 - https:\/\/yoast.com\/product\/yoast-seo-wordpress\/ -->\n<title>Brogue<\/title>\n<meta name=\"description\" content=\"Brogue ist der einzige professionelle Schuhpflegesalon in Genf, der Schuhpflege und -reparatur f\u00fcr M\u00e4nner und Frauen anbietet.\" \/>\n<meta name=\"robots\" content=\"index, follow, max-snippet:-1, max-image-preview:large, max-video-preview:-1\" \/>\n<link rel=\"canonical\" href=\"https:\/\/brogue.ch\/de\/services\/\" \/>\n<meta property=\"og:locale\" content=\"de_DE\" \/>\n<meta property=\"og:type\" content=\"article\" \/>\n<meta property=\"og:title\" content=\"Schuhpflege Genf \u2022 Gesch\u00e4ft f\u00fcr Luxusschuhe | Brogue\" \/>\n<meta property=\"og:description\" content=\"Brogue ist der einzige professionelle Schuhpflegesalon in Genf, der Schuhpflege und -reparatur f\u00fcr M\u00e4nner und Frauen anbietet.\" \/>\n<meta property=\"og:url\" content=\"https:\/\/brogue.ch\/de\/services\/\" \/>\n<meta property=\"og:site_name\" content=\"Brogue\" \/>\n<meta property=\"article:modified_time\" content=\"2025-05-03T23:03:30+00:00\" \/>\n<meta property=\"og:image\" content=\"https:\/\/preprod.brogue.ch\/wp-content\/uploads\/2020\/04\/services.jpg\" \/>\n<meta name=\"twitter:card\" content=\"summary_large_image\" \/>\n<meta name=\"twitter:label1\" content=\"Gesch\u00e4tzte Lesezeit\" \/>\n\t<meta name=\"twitter:data1\" content=\"3\u00a0Minuten\" \/>\n<script type=\"application\/ld+json\" class=\"yoast-schema-graph\">{\"@context\":\"https:\\\/\\\/schema.org\",\"@graph\":[{\"@type\":\"WebPage\",\"@id\":\"https:\\\/\\\/brogue.ch\\\/de\\\/services\\\/\",\"url\":\"https:\\\/\\\/brogue.ch\\\/de\\\/services\\\/\",\"name\":\"Schuhpflege Genf \u2022 Gesch\u00e4ft f\u00fcr Luxusschuhe | Brogue\",\"isPartOf\":{\"@id\":\"https:\\\/\\\/brogue.ch\\\/de\\\/#website\"},\"primaryImageOfPage\":{\"@id\":\"https:\\\/\\\/brogue.ch\\\/de\\\/services\\\/#primaryimage\"},\"image\":{\"@id\":\"https:\\\/\\\/brogue.ch\\\/de\\\/services\\\/#primaryimage\"},\"thumbnailUrl\":\"https:\\\/\\\/preprod.brogue.ch\\\/wp-content\\\/uploads\\\/2020\\\/04\\\/services.jpg\",\"datePublished\":\"2021-07-12T16:02:20+00:00\",\"dateModified\":\"2025-05-03T23:03:30+00:00\",\"description\":\"Brogue ist der einzige professionelle Schuhpflegesalon in Genf, der Schuhpflege und -reparatur f\u00fcr M\u00e4nner und Frauen anbietet.\",\"breadcrumb\":{\"@id\":\"https:\\\/\\\/brogue.ch\\\/de\\\/services\\\/#breadcrumb\"},\"inLanguage\":\"de\",\"potentialAction\":[{\"@type\":\"ReadAction\",\"target\":[\"https:\\\/\\\/brogue.ch\\\/de\\\/services\\\/\"]}]},{\"@type\":\"ImageObject\",\"inLanguage\":\"de\",\"@id\":\"https:\\\/\\\/brogue.ch\\\/de\\\/services\\\/#primaryimage\",\"url\":\"https:\\\/\\\/preprod.brogue.ch\\\/wp-content\\\/uploads\\\/2020\\\/04\\\/services.jpg\",\"contentUrl\":\"https:\\\/\\\/preprod.brogue.ch\\\/wp-content\\\/uploads\\\/2020\\\/04\\\/services.jpg\"},{\"@type\":\"BreadcrumbList\",\"@id\":\"https:\\\/\\\/brogue.ch\\\/de\\\/services\\\/#breadcrumb\",\"itemListElement\":[{\"@type\":\"ListItem\",\"position\":1,\"name\":\"Home\",\"item\":\"https:\\\/\\\/brogue.ch\\\/de\\\/\"},{\"@type\":\"ListItem\",\"position\":2,\"name\":\"Services\"}]},{\"@type\":\"WebSite\",\"@id\":\"https:\\\/\\\/brogue.ch\\\/de\\\/#website\",\"url\":\"https:\\\/\\\/brogue.ch\\\/de\\\/\",\"name\":\"Brogue\",\"description\":\"World class shoes\",\"publisher\":{\"@id\":\"https:\\\/\\\/brogue.ch\\\/de\\\/#organization\"},\"potentialAction\":[{\"@type\":\"SearchAction\",\"target\":{\"@type\":\"EntryPoint\",\"urlTemplate\":\"https:\\\/\\\/brogue.ch\\\/de\\\/?s={search_term_string}\"},\"query-input\":{\"@type\":\"PropertyValueSpecification\",\"valueRequired\":true,\"valueName\":\"search_term_string\"}}],\"inLanguage\":\"de\"},{\"@type\":\"Organization\",\"@id\":\"https:\\\/\\\/brogue.ch\\\/de\\\/#organization\",\"name\":\"Brogue\",\"url\":\"https:\\\/\\\/brogue.ch\\\/de\\\/\",\"logo\":{\"@type\":\"ImageObject\",\"inLanguage\":\"de\",\"@id\":\"https:\\\/\\\/brogue.ch\\\/de\\\/#\\\/schema\\\/logo\\\/image\\\/\",\"url\":\"https:\\\/\\\/brogue.ch\\\/wp-content\\\/uploads\\\/2020\\\/02\\\/logo-brogue.png\",\"contentUrl\":\"https:\\\/\\\/brogue.ch\\\/wp-content\\\/uploads\\\/2020\\\/02\\\/logo-brogue.png\",\"width\":1176,\"height\":444,\"caption\":\"Brogue\"},\"image\":{\"@id\":\"https:\\\/\\\/brogue.ch\\\/de\\\/#\\\/schema\\\/logo\\\/image\\\/\"}}]}<\/script>\n<!-- \/ Yoast SEO plugin. -->","yoast_head_json":{"title":"Brogue","description":"Brogue ist der einzige professionelle Schuhpflegesalon in Genf, der Schuhpflege und -reparatur f\u00fcr M\u00e4nner und Frauen anbietet.","robots":{"index":"index","follow":"follow","max-snippet":"max-snippet:-1","max-image-preview":"max-image-preview:large","max-video-preview":"max-video-preview:-1"},"canonical":"https:\/\/brogue.ch\/de\/services\/","og_locale":"de_DE","og_type":"article","og_title":"Schuhpflege Genf \u2022 Gesch\u00e4ft f\u00fcr Luxusschuhe | Brogue","og_description":"Brogue ist der einzige professionelle Schuhpflegesalon in Genf, der Schuhpflege und -reparatur f\u00fcr M\u00e4nner und Frauen anbietet.","og_url":"https:\/\/brogue.ch\/de\/services\/","og_site_name":"Brogue","article_modified_time":"2025-05-03T23:03:30+00:00","og_image":[{"url":"https:\/\/preprod.brogue.ch\/wp-content\/uploads\/2020\/04\/services.jpg","type":"","width":"","height":""}],"twitter_card":"summary_large_image","twitter_misc":{"Gesch\u00e4tzte Lesezeit":"3\u00a0Minuten"},"schema":{"@context":"https:\/\/schema.org","@graph":[{"@type":"WebPage","@id":"https:\/\/brogue.ch\/de\/services\/","url":"https:\/\/brogue.ch\/de\/services\/","name":"Schuhpflege Genf \u2022 Gesch\u00e4ft f\u00fcr Luxusschuhe | Brogue","isPartOf":{"@id":"https:\/\/brogue.ch\/de\/#website"},"primaryImageOfPage":{"@id":"https:\/\/brogue.ch\/de\/services\/#primaryimage"},"image":{"@id":"https:\/\/brogue.ch\/de\/services\/#primaryimage"},"thumbnailUrl":"https:\/\/preprod.brogue.ch\/wp-content\/uploads\/2020\/04\/services.jpg","datePublished":"2021-07-12T16:02:20+00:00","dateModified":"2025-05-03T23:03:30+00:00","description":"Brogue ist der einzige professionelle Schuhpflegesalon in Genf, der Schuhpflege und -reparatur f\u00fcr M\u00e4nner und Frauen anbietet.","breadcrumb":{"@id":"https:\/\/brogue.ch\/de\/services\/#breadcrumb"},"inLanguage":"de","potentialAction":[{"@type":"ReadAction","target":["https:\/\/brogue.ch\/de\/services\/"]}]},{"@type":"ImageObject","inLanguage":"de","@id":"https:\/\/brogue.ch\/de\/services\/#primaryimage","url":"https:\/\/preprod.brogue.ch\/wp-content\/uploads\/2020\/04\/services.jpg","contentUrl":"https:\/\/preprod.brogue.ch\/wp-content\/uploads\/2020\/04\/services.jpg"},{"@type":"BreadcrumbList","@id":"https:\/\/brogue.ch\/de\/services\/#breadcrumb","itemListElement":[{"@type":"ListItem","position":1,"name":"Home","item":"https:\/\/brogue.ch\/de\/"},{"@type":"ListItem","position":2,"name":"Services"}]},{"@type":"WebSite","@id":"https:\/\/brogue.ch\/de\/#website","url":"https:\/\/brogue.ch\/de\/","name":"Brogue","description":"World class shoes","publisher":{"@id":"https:\/\/brogue.ch\/de\/#organization"},"potentialAction":[{"@type":"SearchAction","target":{"@type":"EntryPoint","urlTemplate":"https:\/\/brogue.ch\/de\/?s={search_term_string}"},"query-input":{"@type":"PropertyValueSpecification","valueRequired":true,"valueName":"search_term_string"}}],"inLanguage":"de"},{"@type":"Organization","@id":"https:\/\/brogue.ch\/de\/#organization","name":"Brogue","url":"https:\/\/brogue.ch\/de\/","logo":{"@type":"ImageObject","inLanguage":"de","@id":"https:\/\/brogue.ch\/de\/#\/schema\/logo\/image\/","url":"https:\/\/brogue.ch\/wp-content\/uploads\/2020\/02\/logo-brogue.png","contentUrl":"https:\/\/brogue.ch\/wp-content\/uploads\/2020\/02\/logo-brogue.png","width":1176,"height":444,"caption":"Brogue"},"image":{"@id":"https:\/\/brogue.ch\/de\/#\/schema\/logo\/image\/"}}]}},"_links":{"self":[{"href":"https:\/\/brogue.ch\/de\/wp-json\/wp\/v2\/pages\/28516","targetHints":{"allow":["GET"]}}],"collection":[{"href":"https:\/\/brogue.ch\/de\/wp-json\/wp\/v2\/pages"}],"about":[{"href":"https:\/\/brogue.ch\/de\/wp-json\/wp\/v2\/types\/page"}],"author":[{"embeddable":true,"href":"https:\/\/brogue.ch\/de\/wp-json\/wp\/v2\/users\/72"}],"replies":[{"embeddable":true,"href":"https:\/\/brogue.ch\/de\/wp-json\/wp\/v2\/comments?post=28516"}],"version-history":[{"count":17,"href":"https:\/\/brogue.ch\/de\/wp-json\/wp\/v2\/pages\/28516\/revisions"}],"predecessor-version":[{"id":690834,"href":"https:\/\/brogue.ch\/de\/wp-json\/wp\/v2\/pages\/28516\/revisions\/690834"}],"wp:attachment":[{"href":"https:\/\/brogue.ch\/de\/wp-json\/wp\/v2\/media?parent=28516"}],"curies":[{"name":"wp","href":"https:\/\/api.w.org\/{rel}","templated":true}]}}