{"id":69587,"date":"2024-04-23T12:14:35","date_gmt":"2024-04-23T10:14:35","guid":{"rendered":"https:\/\/preprod.brogue.ch\/groessenfuehrer\/"},"modified":"2025-07-04T11:18:31","modified_gmt":"2025-07-04T09:18:31","slug":"groessenfuehrer","status":"publish","type":"page","link":"https:\/\/brogue.ch\/de\/groessenfuehrer\/","title":{"rendered":"Gr\u00f6\u00dfenf\u00fchrer"},"content":{"rendered":"\n<div style=\"height:48px\" aria-hidden=\"true\" class=\"wp-block-spacer\"><\/div>\n\n\n\n<h3 class=\"wp-block-heading has-text-align-center\" id=\"pageHeading\">UMRECHNUNGSTABELLE F\u00dcR SCHUHGR\u00d6SSEN<\/h3>\n\n\n\n<div style=\"height:45px\" aria-hidden=\"true\" class=\"wp-block-spacer\"><\/div>\n\n\n\n<p>Verschiedene Hersteller verwenden unterschiedliche Leisten f\u00fcr ihre Schuhe, und die Gr\u00f6\u00dfen k\u00f6nnen entsprechend variieren.  <\/p>\n\n\n\n<p>Bitte beachten Sie dies, wenn Sie die Tabelle unten verwenden. <a href=\"https:\/\/brogue.ch\/de\/kontakt\/\" target=\"_blank\" rel=\"noreferrer noopener\">Kontaktieren Sie uns<\/a>, wenn Sie Fragen zur Passform eines bestimmten Designers haben.<\/p>\n\n\n\n<figure class=\"wp-block-table size-guide\"><table><thead><tr><th scope=\"col\">US Gr\u00f6\u00dfen<\/th><th scope=\"col\">Euro-Gr\u00f6\u00dfen<\/th><th scope=\"col\">UK Gr\u00f6\u00dfen<\/th><th scope=\"col\">Zentimeter<\/th><th scope=\"col\">CM<\/th><\/tr><\/thead><tbody><tr><td>6<\/td><td>39<\/td><td>5.5<\/td><td>9.25<\/td><td>23.5<\/td><\/tr><tr><td>6.5<\/td><td>39<\/td><td>6<\/td><td>9.5<\/td><td>24.1<\/td><\/tr><tr><td>7<\/td><td>40<\/td><td>6.5<\/td><td>9.625<\/td><td>24.4<\/td><\/tr><tr><td>7.5<\/td><td>40-41<\/td><td>7<\/td><td>9.75<\/td><td>24.8<\/td><\/tr><tr><td>8<\/td><td>41<\/td><td>7.5<\/td><td>9.9375<\/td><td>25.4<\/td><\/tr><tr><td>8.5<\/td><td>41-42<\/td><td>8<\/td><td>10.125<\/td><td>25.7<\/td><\/tr><tr><td>9<\/td><td>42<\/td><td>8.5<\/td><td>10.25<\/td><td>26<\/td><\/tr><tr><td>9.5<\/td><td>42-43<\/td><td>9<\/td><td>10.4375<\/td><td>26.7<\/td><\/tr><tr><td>10<\/td><td>43-44<\/td><td>9.5<\/td><td>10.5625<\/td><td>27<\/td><\/tr><tr><td>10.5<\/td><td>43-44.5<\/td><td>10<\/td><td>10.75<\/td><td>27.3<\/td><\/tr><tr><td>11<\/td><td>44-45<\/td><td>10.5<\/td><td>10.9375<\/td><td>27.9<\/td><\/tr><tr><td>11.5<\/td><td>44-45<\/td><td>11<\/td><td>11.125<\/td><td>28.3<\/td><\/tr><tr><td>12<\/td><td>45-46<\/td><td>11.5<\/td><td>11.25<\/td><td>28.6<\/td><\/tr><tr><td>13<\/td><td>46-47<\/td><td>12.5<\/td><td>11.5625<\/td><td>29.4<\/td><\/tr><tr><td>14<\/td><td>47-48<\/td><td>13.5<\/td><td>11.875<\/td><td>30.2<\/td><\/tr><tr><td>15<\/td><td>48-49<\/td><td>14.5<\/td><td>12.1875<\/td><td>31<\/td><\/tr><\/tbody><\/table><\/figure>\n\n\n\n<h4 class=\"wp-block-heading has-text-align-center\">LEITFADEN F\u00dcR HERRENSCHUHGR\u00d6SSEN (EUROP\u00c4ISCHE ENTSPRECHUNGEN)<\/h4>\n\n\n\n<figure class=\"wp-block-table size-guide\"><table><tbody><tr><th>AMERIKANISCHE GR\u00d6SSE<\/th><td>7<\/td><td>7.5<\/td><td>8<\/td><td>8.5<\/td><td>9<\/td><td>9.5<\/td><td>10<\/td><td>10.5<\/td><td>11<\/td><td>11.5<\/td><td>12<\/td><td>12.5<\/td><td>13<\/td><td>13.5<\/td><td>14<\/td><td>14.5<\/td><\/tr><tr><th>EUROP\u00c4ISCHE GR\u00d6SSE<\/th><td>40<\/td><td>40.5<\/td><td>41<\/td><td>41.5<\/td><td>42<\/td><td>42.5<\/td><td>43<\/td><td>43.5<\/td><td>44<\/td><td>44.5<\/td><td>45<\/td><td>45.5<\/td><td>46<\/td><td>46.5<\/td><td>47<\/td><td>47.5<\/td><\/tr><\/tbody><\/table><\/figure>\n","protected":false},"excerpt":{"rendered":"<p>UMRECHNUNGSTABELLE F\u00dcR SCHUHGR\u00d6SSEN Verschiedene Hersteller verwenden unterschiedliche Leisten f\u00fcr ihre Schuhe, und die Gr\u00f6\u00dfen k\u00f6nnen entsprechend variieren. Bitte beachten Sie dies, wenn Sie die Tabelle unten verwenden. Kontaktieren Sie uns, wenn Sie Fragen zur Passform eines bestimmten Designers haben. US Gr\u00f6\u00dfen Euro-Gr\u00f6\u00dfen UK Gr\u00f6\u00dfen Zentimeter CM 6 39 5.5 9.25 23.5 6.5 39 6 9.5 [&hellip;]<\/p>\n","protected":false},"author":3824,"featured_media":0,"parent":0,"menu_order":0,"comment_status":"closed","ping_status":"closed","template":"","meta":{"footnotes":""},"class_list":["post-69587","page","type-page","status-publish","hentry"],"yoast_head":"<!-- This site is optimized with the Yoast SEO plugin v27.3 - https:\/\/yoast.com\/product\/yoast-seo-wordpress\/ -->\n<title>Brogue<\/title>\n<meta name=\"description\" content=\"Unsere Gr\u00f6\u00dfentabelle hilft Ihnen, die richtige Schuhgr\u00f6\u00dfe zu finden. Auf diese Weise kommen Sie schneller in den Genuss Ihrer Schuhe von Brogue.\" \/>\n<meta name=\"robots\" content=\"index, follow, max-snippet:-1, max-image-preview:large, max-video-preview:-1\" \/>\n<link rel=\"canonical\" href=\"https:\/\/brogue.ch\/de\/groessenfuehrer\/\" \/>\n<meta property=\"og:locale\" content=\"de_DE\" \/>\n<meta property=\"og:type\" content=\"article\" \/>\n<meta property=\"og:title\" content=\"Schuhgr\u00f6\u00dfen-Tabelle | Brogue\" \/>\n<meta property=\"og:description\" content=\"Unsere Gr\u00f6\u00dfentabelle hilft Ihnen, die richtige Schuhgr\u00f6\u00dfe zu finden. Auf diese Weise kommen Sie schneller in den Genuss Ihrer Schuhe von Brogue.\" \/>\n<meta property=\"og:url\" content=\"https:\/\/brogue.ch\/de\/groessenfuehrer\/\" \/>\n<meta property=\"og:site_name\" content=\"Brogue\" \/>\n<meta property=\"article:modified_time\" content=\"2025-07-04T09:18:31+00:00\" \/>\n<meta name=\"twitter:card\" content=\"summary_large_image\" \/>\n<meta name=\"twitter:label1\" content=\"Gesch\u00e4tzte Lesezeit\" \/>\n\t<meta name=\"twitter:data1\" content=\"1\u00a0Minute\" \/>\n<script type=\"application\/ld+json\" class=\"yoast-schema-graph\">{\"@context\":\"https:\\\/\\\/schema.org\",\"@graph\":[{\"@type\":\"WebPage\",\"@id\":\"https:\\\/\\\/brogue.ch\\\/de\\\/groessenfuehrer\\\/\",\"url\":\"https:\\\/\\\/brogue.ch\\\/de\\\/groessenfuehrer\\\/\",\"name\":\"Schuhgr\u00f6\u00dfen-Tabelle | Brogue\",\"isPartOf\":{\"@id\":\"https:\\\/\\\/brogue.ch\\\/de\\\/#website\"},\"datePublished\":\"2024-04-23T10:14:35+00:00\",\"dateModified\":\"2025-07-04T09:18:31+00:00\",\"description\":\"Unsere Gr\u00f6\u00dfentabelle hilft Ihnen, die richtige Schuhgr\u00f6\u00dfe zu finden. Auf diese Weise kommen Sie schneller in den Genuss Ihrer Schuhe von Brogue.\",\"breadcrumb\":{\"@id\":\"https:\\\/\\\/brogue.ch\\\/de\\\/groessenfuehrer\\\/#breadcrumb\"},\"inLanguage\":\"de\",\"potentialAction\":[{\"@type\":\"ReadAction\",\"target\":[\"https:\\\/\\\/brogue.ch\\\/de\\\/groessenfuehrer\\\/\"]}]},{\"@type\":\"BreadcrumbList\",\"@id\":\"https:\\\/\\\/brogue.ch\\\/de\\\/groessenfuehrer\\\/#breadcrumb\",\"itemListElement\":[{\"@type\":\"ListItem\",\"position\":1,\"name\":\"Home\",\"item\":\"https:\\\/\\\/brogue.ch\\\/de\\\/\"},{\"@type\":\"ListItem\",\"position\":2,\"name\":\"Gr\u00f6\u00dfenf\u00fchrer\"}]},{\"@type\":\"WebSite\",\"@id\":\"https:\\\/\\\/brogue.ch\\\/de\\\/#website\",\"url\":\"https:\\\/\\\/brogue.ch\\\/de\\\/\",\"name\":\"Brogue\",\"description\":\"World class shoes\",\"publisher\":{\"@id\":\"https:\\\/\\\/brogue.ch\\\/de\\\/#organization\"},\"potentialAction\":[{\"@type\":\"SearchAction\",\"target\":{\"@type\":\"EntryPoint\",\"urlTemplate\":\"https:\\\/\\\/brogue.ch\\\/de\\\/?s={search_term_string}\"},\"query-input\":{\"@type\":\"PropertyValueSpecification\",\"valueRequired\":true,\"valueName\":\"search_term_string\"}}],\"inLanguage\":\"de\"},{\"@type\":\"Organization\",\"@id\":\"https:\\\/\\\/brogue.ch\\\/de\\\/#organization\",\"name\":\"Brogue\",\"url\":\"https:\\\/\\\/brogue.ch\\\/de\\\/\",\"logo\":{\"@type\":\"ImageObject\",\"inLanguage\":\"de\",\"@id\":\"https:\\\/\\\/brogue.ch\\\/de\\\/#\\\/schema\\\/logo\\\/image\\\/\",\"url\":\"https:\\\/\\\/brogue.ch\\\/wp-content\\\/uploads\\\/2020\\\/02\\\/logo-brogue.png\",\"contentUrl\":\"https:\\\/\\\/brogue.ch\\\/wp-content\\\/uploads\\\/2020\\\/02\\\/logo-brogue.png\",\"width\":1176,\"height\":444,\"caption\":\"Brogue\"},\"image\":{\"@id\":\"https:\\\/\\\/brogue.ch\\\/de\\\/#\\\/schema\\\/logo\\\/image\\\/\"}}]}<\/script>\n<!-- \/ Yoast SEO plugin. -->","yoast_head_json":{"title":"Brogue","description":"Unsere Gr\u00f6\u00dfentabelle hilft Ihnen, die richtige Schuhgr\u00f6\u00dfe zu finden. Auf diese Weise kommen Sie schneller in den Genuss Ihrer Schuhe von Brogue.","robots":{"index":"index","follow":"follow","max-snippet":"max-snippet:-1","max-image-preview":"max-image-preview:large","max-video-preview":"max-video-preview:-1"},"canonical":"https:\/\/brogue.ch\/de\/groessenfuehrer\/","og_locale":"de_DE","og_type":"article","og_title":"Schuhgr\u00f6\u00dfen-Tabelle | Brogue","og_description":"Unsere Gr\u00f6\u00dfentabelle hilft Ihnen, die richtige Schuhgr\u00f6\u00dfe zu finden. Auf diese Weise kommen Sie schneller in den Genuss Ihrer Schuhe von Brogue.","og_url":"https:\/\/brogue.ch\/de\/groessenfuehrer\/","og_site_name":"Brogue","article_modified_time":"2025-07-04T09:18:31+00:00","twitter_card":"summary_large_image","twitter_misc":{"Gesch\u00e4tzte Lesezeit":"1\u00a0Minute"},"schema":{"@context":"https:\/\/schema.org","@graph":[{"@type":"WebPage","@id":"https:\/\/brogue.ch\/de\/groessenfuehrer\/","url":"https:\/\/brogue.ch\/de\/groessenfuehrer\/","name":"Schuhgr\u00f6\u00dfen-Tabelle | Brogue","isPartOf":{"@id":"https:\/\/brogue.ch\/de\/#website"},"datePublished":"2024-04-23T10:14:35+00:00","dateModified":"2025-07-04T09:18:31+00:00","description":"Unsere Gr\u00f6\u00dfentabelle hilft Ihnen, die richtige Schuhgr\u00f6\u00dfe zu finden. Auf diese Weise kommen Sie schneller in den Genuss Ihrer Schuhe von Brogue.","breadcrumb":{"@id":"https:\/\/brogue.ch\/de\/groessenfuehrer\/#breadcrumb"},"inLanguage":"de","potentialAction":[{"@type":"ReadAction","target":["https:\/\/brogue.ch\/de\/groessenfuehrer\/"]}]},{"@type":"BreadcrumbList","@id":"https:\/\/brogue.ch\/de\/groessenfuehrer\/#breadcrumb","itemListElement":[{"@type":"ListItem","position":1,"name":"Home","item":"https:\/\/brogue.ch\/de\/"},{"@type":"ListItem","position":2,"name":"Gr\u00f6\u00dfenf\u00fchrer"}]},{"@type":"WebSite","@id":"https:\/\/brogue.ch\/de\/#website","url":"https:\/\/brogue.ch\/de\/","name":"Brogue","description":"World class shoes","publisher":{"@id":"https:\/\/brogue.ch\/de\/#organization"},"potentialAction":[{"@type":"SearchAction","target":{"@type":"EntryPoint","urlTemplate":"https:\/\/brogue.ch\/de\/?s={search_term_string}"},"query-input":{"@type":"PropertyValueSpecification","valueRequired":true,"valueName":"search_term_string"}}],"inLanguage":"de"},{"@type":"Organization","@id":"https:\/\/brogue.ch\/de\/#organization","name":"Brogue","url":"https:\/\/brogue.ch\/de\/","logo":{"@type":"ImageObject","inLanguage":"de","@id":"https:\/\/brogue.ch\/de\/#\/schema\/logo\/image\/","url":"https:\/\/brogue.ch\/wp-content\/uploads\/2020\/02\/logo-brogue.png","contentUrl":"https:\/\/brogue.ch\/wp-content\/uploads\/2020\/02\/logo-brogue.png","width":1176,"height":444,"caption":"Brogue"},"image":{"@id":"https:\/\/brogue.ch\/de\/#\/schema\/logo\/image\/"}}]}},"_links":{"self":[{"href":"https:\/\/brogue.ch\/de\/wp-json\/wp\/v2\/pages\/69587","targetHints":{"allow":["GET"]}}],"collection":[{"href":"https:\/\/brogue.ch\/de\/wp-json\/wp\/v2\/pages"}],"about":[{"href":"https:\/\/brogue.ch\/de\/wp-json\/wp\/v2\/types\/page"}],"author":[{"embeddable":true,"href":"https:\/\/brogue.ch\/de\/wp-json\/wp\/v2\/users\/3824"}],"replies":[{"embeddable":true,"href":"https:\/\/brogue.ch\/de\/wp-json\/wp\/v2\/comments?post=69587"}],"version-history":[{"count":2,"href":"https:\/\/brogue.ch\/de\/wp-json\/wp\/v2\/pages\/69587\/revisions"}],"predecessor-version":[{"id":692878,"href":"https:\/\/brogue.ch\/de\/wp-json\/wp\/v2\/pages\/69587\/revisions\/692878"}],"wp:attachment":[{"href":"https:\/\/brogue.ch\/de\/wp-json\/wp\/v2\/media?parent=69587"}],"curies":[{"name":"wp","href":"https:\/\/api.w.org\/{rel}","templated":true}]}}