{"id":19489,"date":"2020-02-27T15:57:32","date_gmt":"2020-02-27T15:57:32","guid":{"rendered":"https:\/\/www.brogue.ch\/our-brands\/"},"modified":"2021-02-19T12:50:52","modified_gmt":"2021-02-19T10:50:52","slug":"nos-marques","status":"publish","type":"page","link":"https:\/\/brogue.ch\/fr\/nos-marques\/","title":{"rendered":"Nos marques"},"content":{"rendered":"<p>[vc_row css_animation=\u00a0\u00bb\u00a0\u00bb row_type=\u00a0\u00bbrow\u00a0\u00bb use_row_as_full_screen_section=\u00a0\u00bbno\u00a0\u00bb type=\u00a0\u00bbfull_width\u00a0\u00bb angled_section=\u00a0\u00bbno\u00a0\u00bb text_align=\u00a0\u00bbleft\u00a0\u00bb background_image_as_pattern=\u00a0\u00bbwithout_pattern\u00a0\u00bb][vc_column width=\u00a0\u00bb1\/12&Prime;][\/vc_column][vc_column width=\u00a0\u00bb5\/6&Prime;][vc_empty_space height=\u00a0\u00bb50px\u00a0\u00bb][vc_column_text]<\/p>\n<h3 style=\"text-align: center;\">Notre boutique propose les meilleures marques de chaussures et vous offre un large \u00e9ventail de styles et de designs. Du brogue anglais typique aux mocassins en veau velours aux couleurs vives, vous les trouverez tous dans notre boutique. Les pieds larges trouveront \u00e9galement leur bonheur, ainsi que les grandes et petites tailles (une s\u00e9lection de la taille 5 \u00e0 13).<\/h3>\n<p>[\/vc_column_text][vc_empty_space height=\u00a0\u00bb50px\u00a0\u00bb][\/vc_column][vc_column width=\u00a0\u00bb1\/12&Prime;][\/vc_column][\/vc_row][vc_row css_animation=\u00a0\u00bb\u00a0\u00bb row_type=\u00a0\u00bbrow\u00a0\u00bb use_row_as_full_screen_section=\u00a0\u00bbno\u00a0\u00bb type=\u00a0\u00bbfull_width\u00a0\u00bb angled_section=\u00a0\u00bbno\u00a0\u00bb text_align=\u00a0\u00bbleft\u00a0\u00bb background_image_as_pattern=\u00a0\u00bbwithout_pattern\u00a0\u00bb][vc_column width=\u00a0\u00bb1\/3&Prime;][vc_empty_space height=\u00a0\u00bb50px\u00a0\u00bb][vc_single_image image=\u00a0\u00bb17376&Prime; img_size=\u00a0\u00bb150&#215;150&Prime; alignment=\u00a0\u00bbcenter\u00a0\u00bb qode_css_animation=\u00a0\u00bb\u00a0\u00bb][vc_column_text]<\/p>\n<h3 style=\"text-align: center; font-family: inherit; font-style: normal; font-size: 1.2em; font-weight: 500; margin-bottom: 10px;\"><a href=\"https:\/\/preprod.brogue.ch\/fr\/nos-marques\/andrea-ventura-chaussures\/\" target=\"_blank\" rel=\"noopener noreferrer\">Andrea Ventura<\/a><\/h3>\n<p>[\/vc_column_text][vc_column_text]<\/p>\n<div dir=\"ltr\">\n<div dir=\"ltr\">\n<div class=\"gmail_quote\">\n<div dir=\"auto\">\n<div dir=\"ltr\"><span lang=\"FR\">Fond\u00e9 en 2007 par les designers Andrea Ventura et Lacopo Soldini \u00e0 Florence. Andrea Ventura a fait le pari de changer la vision des hommes sur les chaussures classiques. D\u00e9fi r\u00e9ussi, car son esprit avant-gardiste lui a permis de r\u00e9pondre \u00e0 un besoin de la part des hommes d\u2019aujourd\u2019hui \u00e0 la recherche de chaussures souples et confortables. Tendance et se mariant parfaitement \u00e0 toutes les tenues, ses chaussures sont disponibles en cuir et veau velours avec une large palette de couleurs. Leur semelles l\u00e9g\u00e8res et flexibles apportent le confort absolu.<\/span><\/div>\n<\/div>\n<\/div>\n<\/div>\n<\/div>\n<p>[\/vc_column_text][\/vc_column][vc_column width=\u00a0\u00bb1\/3&Prime;][vc_empty_space height=\u00a0\u00bb50px\u00a0\u00bb][vc_single_image image=\u00a0\u00bb17379&Prime; img_size=\u00a0\u00bb150&#215;150&Prime; alignment=\u00a0\u00bbcenter\u00a0\u00bb qode_css_animation=\u00a0\u00bb\u00a0\u00bb][vc_column_text]<\/p>\n<h3 style=\"text-align: center; font-family: inherit; font-style: normal; font-size: 1.2em; font-weight: 500; margin-bottom: 10px;\"><a href=\"https:\/\/preprod.brogue.ch\/fr\/nos-marques\/bontoni-chaussures\/\" target=\"_blank\" rel=\"noopener noreferrer\">Bontoni<\/a><\/h3>\n<p>[\/vc_column_text][vc_column_text]<\/p>\n<div dir=\"ltr\">\n<div dir=\"ltr\">\n<div class=\"gmail_quote\">\n<div dir=\"auto\">\n<div dir=\"ltr\">\n<p>Franco Gazzani est la troisi\u00e8me g\u00e9n\u00e9ration de bottier. Son approche est l\u2019incarnation m\u00eame du talent de la fabrication traditionnelle de la chaussure. Une petite \u00e9quipe de bottier fabrique avec grand soin cinquante paires chaque semaine qui sont cousues et patin\u00e9es \u00e0 la main. Le travail est tellement minutieux qu\u2019il fait de chaque paire une v\u00e9ritable \u0153uvre d\u2019art.<\/p>\n<\/div>\n<\/div>\n<\/div>\n<\/div>\n<\/div>\n<p>[\/vc_column_text][\/vc_column][vc_column width=\u00a0\u00bb1\/3&Prime;][vc_empty_space height=\u00a0\u00bb50px\u00a0\u00bb][vc_single_image image=\u00a0\u00bb17409&Prime; img_size=\u00a0\u00bb150&#215;150&Prime; alignment=\u00a0\u00bbcenter\u00a0\u00bb qode_css_animation=\u00a0\u00bb\u00a0\u00bb][vc_column_text]<\/p>\n<h3 style=\"text-align: center; font-family: inherit; font-style: normal; font-size: 1.2em; font-weight: 500; margin-bottom: 10px;\"><a href=\"https:\/\/preprod.brogue.ch\/fr\/nos-marques\/santoni-chaussures\/\" target=\"_blank\" rel=\"noopener noreferrer\">Santoni<\/a><\/h3>\n<p>[\/vc_column_text][vc_column_text]<\/p>\n<div dir=\"ltr\">\n<div dir=\"ltr\">\n<div class=\"gmail_quote\">\n<div dir=\"auto\">\n<div dir=\"ltr\">\n<p>Depuis sa cr\u00e9ation en 1979, la famille Santoni a brillamment r\u00e9ussi \u00e0 d\u00e9velopper une marque qui combine parfaitement le design et le savoir-faire italien. Ils fabriquent une large gamme de mod\u00e8les tout en investissant beaucoup dans la recherche et le respect de l\u2019environnement gr\u00e2ce \u00e0 leur nouvelle usine enti\u00e8rement r\u00e9nov\u00e9e. Chaque saison est une belle surprise avec de nouvelles innovations en design, mati\u00e8res et couleurs. L\u2019objectif de cr\u00e9er de beaux souliers de plus en plus confortables est un succ\u00e8s renouvel\u00e9 \u00e0 chaque collection.<\/p>\n<\/div>\n<\/div>\n<\/div>\n<\/div>\n<\/div>\n<p>[\/vc_column_text][\/vc_column][\/vc_row][vc_row css_animation=\u00a0\u00bb\u00a0\u00bb row_type=\u00a0\u00bbrow\u00a0\u00bb use_row_as_full_screen_section=\u00a0\u00bbno\u00a0\u00bb type=\u00a0\u00bbfull_width\u00a0\u00bb angled_section=\u00a0\u00bbno\u00a0\u00bb text_align=\u00a0\u00bbleft\u00a0\u00bb background_image_as_pattern=\u00a0\u00bbwithout_pattern\u00a0\u00bb][vc_column width=\u00a0\u00bb1\/3&Prime;][vc_empty_space height=\u00a0\u00bb50px\u00a0\u00bb][vc_single_image image=\u00a0\u00bb19570&Prime; img_size=\u00a0\u00bb150&#215;150&Prime; alignment=\u00a0\u00bbcenter\u00a0\u00bb qode_css_animation=\u00a0\u00bb\u00a0\u00bb][vc_column_text]<\/p>\n<h3 style=\"text-align: center; font-family: inherit; font-style: normal; font-size: 1.2em; font-weight: 500; margin-bottom: 10px;\"><a href=\"https:\/\/preprod.brogue.ch\/fr\/nos-marques\/carmina-chaussures\/\" target=\"_blank\" rel=\"noopener noreferrer\">Carmina<\/a><\/h3>\n<p>[\/vc_column_text][vc_column_text]<\/p>\n<div dir=\"ltr\">\n<div dir=\"ltr\">\n<div class=\"gmail_quote\">\n<div dir=\"auto\">\n<div dir=\"ltr\">\n<p>En 1866, Matias Pujadas ouvrit un petit atelier \u00e0 Inca, sur l\u2019\u00eele de Majorque, o\u00f9 il commen\u00e7a \u00e0 fa\u00e7onner des chaussures sur-mesure. C\u2019est ainsi qu\u2019il instaura une tradition familiale de bottier qui existent depuis six g\u00e9n\u00e9rations. Leurs beaux souliers sont toujours fabriqu\u00e9s dans le m\u00eame village. Carmina tient toujours \u00e0 respecter leurs standards historiques de fabrications : designs traditionnels et techniques ancestrales. Une qualit\u00e9 sans compromis et le choix des meilleures mati\u00e8res.<\/p>\n<\/div>\n<\/div>\n<\/div>\n<\/div>\n<\/div>\n<p>[\/vc_column_text][\/vc_column][vc_column width=\u00a0\u00bb1\/3&Prime;][vc_empty_space height=\u00a0\u00bb50px\u00a0\u00bb][vc_single_image image=\u00a0\u00bb17389&Prime; img_size=\u00a0\u00bb150&#215;150&Prime; alignment=\u00a0\u00bbcenter\u00a0\u00bb qode_css_animation=\u00a0\u00bb\u00a0\u00bb][vc_column_text]<\/p>\n<h3 style=\"text-align: center; font-family: inherit; font-style: normal; font-size: 1.2em; font-weight: 500; margin-bottom: 10px;\"><a href=\"https:\/\/preprod.brogue.ch\/fr\/nos-marques\/carlos-santos-chaussures\/\" target=\"_blank\" rel=\"noopener noreferrer\">Carlos Santos<\/a><\/h3>\n<p>[\/vc_column_text][vc_column_text]<\/p>\n<div dir=\"ltr\">\n<div dir=\"ltr\">\n<div class=\"gmail_quote\">\n<div dir=\"auto\">\n<div dir=\"ltr\">\n<p>Carlos a commenc\u00e9 sa carri\u00e8re \u00e0 14 ans, alors apprenti dans une manufacture de chaussures. Quarante ans plus tard, il est maintenant \u00e9paul\u00e9 par sa fille et plus de 120 collaborateurs. Au fil des ann\u00e9es, l\u2019entreprise prend de l\u2019ampleur sans jamais conc\u00e9der sur la qualit\u00e9, par exemple en se procurant ses cuirs aupr\u00e8s des m\u00eames tanneries que ses confr\u00e8res anglais.\u00a0Les chaussures propos\u00e9es par Carlos Santos profitent d\u2019un bon rapport qualit\u00e9 \u2013 prix, gr\u00e2ce \u00e0 une usine moderne et des co\u00fbts de fabrication bas. Pour obtenir un r\u00e9sultat excellent, la marque investit beaucoup dans l\u2019innovation et la satisfaction client.<\/p>\n<\/div>\n<\/div>\n<\/div>\n<\/div>\n<\/div>\n<p>[\/vc_column_text][\/vc_column][vc_column width=\u00a0\u00bb1\/3&Prime;][vc_empty_space height=\u00a0\u00bb50px\u00a0\u00bb][vc_single_image image=\u00a0\u00bb17397&Prime; img_size=\u00a0\u00bb150&#215;150&Prime; alignment=\u00a0\u00bbcenter\u00a0\u00bb qode_css_animation=\u00a0\u00bb\u00a0\u00bb][vc_column_text]<\/p>\n<h3 style=\"text-align: center; font-family: inherit; font-style: normal; font-size: 1.2em; font-weight: 500; margin-bottom: 10px;\"><a href=\"https:\/\/preprod.brogue.ch\/fr\/nos-marques\/edward-green-chaussures\/\" target=\"_blank\" rel=\"noopener noreferrer\">Edward Green<\/a><\/h3>\n<p>[\/vc_column_text][vc_column_text]<\/p>\n<div dir=\"ltr\">\n<div dir=\"ltr\">\n<div class=\"gmail_quote\">\n<div dir=\"auto\">\n<div dir=\"ltr\">\n<div>\n<p>Edward Green repr\u00e9sente le pinacle de la chaussure anglaise. Fond\u00e9e \u00e0 la fin du 19\u00e8me si\u00e8cle, cette maison a su conserver sa remarquable r\u00e9putation en tant que fabricant de niche et mod\u00e8le d\u2019excellence. Ses standards \u00e9lev\u00e9s se retrouvent sur chaque paire de chaussures dont le processus de fabrication comprend plus de 200 \u00e9tapes manuelles et n\u2019utilise que la meilleure partie des peaux. Chaque paire prend plusieurs semaines \u00e0 \u00eatre \u00e9labor\u00e9e et de nombreux ouvriers sp\u00e9cialis\u00e9s sont impliqu\u00e9s \u00e0 chaque \u00e9tape de la fabrication.<\/p>\n<p>.<\/p>\n<\/div>\n<\/div>\n<\/div>\n<\/div>\n<\/div>\n<\/div>\n<p>[\/vc_column_text][\/vc_column][\/vc_row][vc_row css_animation=\u00a0\u00bb\u00a0\u00bb row_type=\u00a0\u00bbrow\u00a0\u00bb use_row_as_full_screen_section=\u00a0\u00bbno\u00a0\u00bb type=\u00a0\u00bbfull_width\u00a0\u00bb angled_section=\u00a0\u00bbno\u00a0\u00bb text_align=\u00a0\u00bbleft\u00a0\u00bb background_image_as_pattern=\u00a0\u00bbwithout_pattern\u00a0\u00bb][vc_column width=\u00a0\u00bb1\/3&Prime;][vc_empty_space height=\u00a0\u00bb50px\u00a0\u00bb][vc_single_image image=\u00a0\u00bb17395&Prime; img_size=\u00a0\u00bb150&#215;150&Prime; alignment=\u00a0\u00bbcenter\u00a0\u00bb qode_css_animation=\u00a0\u00bb\u00a0\u00bb][vc_column_text]<\/p>\n<h3 style=\"text-align: center; font-family: inherit; font-style: normal; font-size: 1.2em; font-weight: 500; margin-bottom: 10px;\"><a href=\"https:\/\/preprod.brogue.ch\/fr\/nos-marques\/crockettjones-chaussures\/\" target=\"_blank\" rel=\"noopener noreferrer\">Crocket &amp; Jones<\/a><\/h3>\n<p>[\/vc_column_text][vc_column_text]<\/p>\n<div dir=\"ltr\">\n<div dir=\"ltr\">\n<div class=\"gmail_quote\">\n<div dir=\"auto\">\n<div dir=\"ltr\">\n<p>Crockett &amp; Jones a \u00e9t\u00e9 fond\u00e9 en 1879 \u00e0 Northampton. Ils fabriquent depuis plus de 140 ans des chaussures cousues Goodyear, toujours de la m\u00eame fa\u00e7on, en respectant la tradition et les r\u00e8gles du m\u00e9tier. Cette marque familiale depuis cinq g\u00e9n\u00e9rations est l\u2019accomplissement du savoir-faire anglais. La marque b\u00e9n\u00e9ficie d\u2019une r\u00e9putation de qualit\u00e9 partout dans le monde.<\/p>\n<\/div>\n<\/div>\n<\/div>\n<\/div>\n<\/div>\n<p>[\/vc_column_text][\/vc_column][vc_column width=\u00a0\u00bb1\/3&Prime;][vc_empty_space height=\u00a0\u00bb50px\u00a0\u00bb][vc_single_image image=\u00a0\u00bb19463&Prime; img_size=\u00a0\u00bb150&#215;150&Prime; alignment=\u00a0\u00bbcenter\u00a0\u00bb qode_css_animation=\u00a0\u00bb\u00a0\u00bb][vc_column_text]<\/p>\n<h3 style=\"text-align: center; font-family: inherit; font-style: normal; font-size: 1.2em; font-weight: 500; margin-bottom: 10px;\"><a href=\"https:\/\/preprod.brogue.ch\/fr\/nos-marques\/matthew-cookson-chaussures\/\" target=\"_blank\" rel=\"noopener noreferrer\">Matthew Cookson<\/a><\/h3>\n<p>[\/vc_column_text][vc_column_text]<\/p>\n<div dir=\"ltr\">\n<div dir=\"ltr\">\n<div class=\"gmail_quote\">\n<div dir=\"auto\">\n<div dir=\"ltr\">\n<p>Matthew Cookson est le cr\u00e9ateur d\u2019une superbe collection de pantoufles. Il incarne le c\u00f4t\u00e9 excentrique de la Grande-Bretagne sans faire l\u2019impasse sur des finitions raffin\u00e9es. Les broderies sont cousues mains et les collections se d\u00e9clinent avec un grand choix de velours et de veau velours. Nous sommes fiers d\u2019\u00eatre le revendeur exclusif de Matthew Cookson en Suisse.<\/p>\n<\/div>\n<\/div>\n<\/div>\n<\/div>\n<\/div>\n<p>[\/vc_column_text][\/vc_column][vc_column width=\u00a0\u00bb1\/3&Prime;][vc_empty_space height=\u00a0\u00bb50px\u00a0\u00bb][vc_single_image image=\u00a0\u00bb17403&Prime; img_size=\u00a0\u00bb150&#215;150&Prime; alignment=\u00a0\u00bbcenter\u00a0\u00bb qode_css_animation=\u00a0\u00bb\u00a0\u00bb][vc_column_text]<\/p>\n<h3 style=\"text-align: center; font-family: inherit; font-style: normal; font-size: 1.2em; font-weight: 500; margin-bottom: 10px;\"><a href=\"https:\/\/preprod.brogue.ch\/fr\/nos-marques\/magnanni-chaussures\/\" target=\"_blank\" rel=\"noopener noreferrer\">Magnanni<\/a><\/h3>\n<p>[\/vc_column_text][vc_column_text]<\/p>\n<div dir=\"ltr\">\n<div dir=\"ltr\">\n<div class=\"gmail_quote\">\n<div dir=\"auto\">\n<div dir=\"ltr\">\n<p>Fond\u00e9e par Sebastian Blanco en 1954 \u00e0 Almansa, capitale de la chaussure. Aujourd\u2019hui, ses 6 descendants occupent chacun des responsabilit\u00e9s dans cette entreprise familiale qui fleurit et se modernise sans renier ses racines et son go\u00fbt pour le travail bien fait.<\/p>\n<p>Des designs actuels, une fabuleuse \u00e9quipe d\u2019artisans et une qualit\u00e9 in\u00e9branlable conf\u00e8rent \u00e0 la marque une r\u00e9putation m\u00e9rit\u00e9e.<\/p>\n<\/div>\n<\/div>\n<\/div>\n<\/div>\n<\/div>\n<p>[\/vc_column_text][\/vc_column][\/vc_row][vc_row css_animation=\u00a0\u00bb\u00a0\u00bb row_type=\u00a0\u00bbrow\u00a0\u00bb use_row_as_full_screen_section=\u00a0\u00bbno\u00a0\u00bb type=\u00a0\u00bbfull_width\u00a0\u00bb angled_section=\u00a0\u00bbno\u00a0\u00bb text_align=\u00a0\u00bbleft\u00a0\u00bb background_image_as_pattern=\u00a0\u00bbwithout_pattern\u00a0\u00bb][vc_column width=\u00a0\u00bb1\/3&Prime;][vc_empty_space height=\u00a0\u00bb50px\u00a0\u00bb][vc_single_image image=\u00a0\u00bb17407&Prime; img_size=\u00a0\u00bb150&#215;150&Prime; alignment=\u00a0\u00bbcenter\u00a0\u00bb qode_css_animation=\u00a0\u00bb\u00a0\u00bb][vc_column_text]<\/p>\n<h3 style=\"text-align: center; font-family: inherit; font-style: normal; font-size: 1.2em; font-weight: 500; margin-bottom: 10px;\"><a href=\"https:\/\/preprod.brogue.ch\/fr\/nos-marques\/paraboot-chaussures\/\" target=\"_blank\" rel=\"noopener noreferrer\">Paraboot<\/a><\/h3>\n<p>[\/vc_column_text][vc_column_text]<\/p>\n<div dir=\"ltr\">\n<div dir=\"ltr\">\n<div class=\"gmail_quote\">\n<div dir=\"auto\">\n<div dir=\"ltr\">\n<p>Paraboot fabrique des chaussures depuis plus de 100 ans dans l\u2019Is\u00e8re, non loin de Grenoble.\u00a0L\u2019entreprise est toujours rest\u00e9e fid\u00e8le \u00e0 sa ligne directrice et d\u00e9tient un savoir-faire hors pair quant \u00e0 la cr\u00e9ation et la fabrication du cousu norv\u00e9gien avec une semelle en gomme tr\u00e8s confortable. Ces chaussures robustes traversent tous les temps et toutes les \u00e9poques.<\/p>\n<\/div>\n<\/div>\n<\/div>\n<\/div>\n<\/div>\n<p>[\/vc_column_text][\/vc_column][vc_column width=\u00a0\u00bb1\/3&Prime;][vc_empty_space height=\u00a0\u00bb50px\u00a0\u00bb][vc_single_image image=\u00a0\u00bb17401&Prime; img_size=\u00a0\u00bb150&#215;150&Prime; alignment=\u00a0\u00bbcenter\u00a0\u00bb qode_css_animation=\u00a0\u00bb\u00a0\u00bb][vc_column_text]<\/p>\n<h3 style=\"text-align: center; font-family: inherit; font-style: normal; font-size: 1.2em; font-weight: 500; margin-bottom: 10px;\"><a href=\"https:\/\/preprod.brogue.ch\/fr\/nos-marques\/john-lobb-chaussures\/\" target=\"_blank\" rel=\"noopener noreferrer\">John Lobb<\/a><\/h3>\n<p>[\/vc_column_text][vc_column_text]<\/p>\n<div dir=\"ltr\">\n<div dir=\"ltr\">\n<div class=\"gmail_quote\">\n<div dir=\"auto\">\n<div dir=\"ltr\">\n<p>John Lobb confectionne des souliers et des bottes d\u2019exception depuis 1866 dans son atelier de Regent Street. D\u2019abord fond\u00e9e \u00e0 Londres, la marque ouvre sa premi\u00e8re boutique \u00e0 Paris en 1899. Appartenant d\u00e9sormais \u00e0 Herm\u00e8s, leurs souliers sont faits pour les hommes les plus exigeants, \u00e0 la recherche de la perfection et d\u2019un savoir-faire intemporel.<\/p>\n<\/div>\n<\/div>\n<\/div>\n<\/div>\n<\/div>\n<p>[\/vc_column_text][\/vc_column][vc_column width=\u00a0\u00bb1\/3&Prime;][\/vc_column][\/vc_row][vc_row css_animation=\u00a0\u00bb\u00a0\u00bb row_type=\u00a0\u00bbrow\u00a0\u00bb use_row_as_full_screen_section=\u00a0\u00bbno\u00a0\u00bb type=\u00a0\u00bbfull_width\u00a0\u00bb angled_section=\u00a0\u00bbno\u00a0\u00bb text_align=\u00a0\u00bbleft\u00a0\u00bb background_image_as_pattern=\u00a0\u00bbwithout_pattern\u00a0\u00bb][vc_column][vc_empty_space height=\u00a0\u00bb100px\u00a0\u00bb][\/vc_column][\/vc_row]<\/p>\n","protected":false},"excerpt":{"rendered":"<p>[vc_row css_animation=\u00a0\u00bb\u00a0\u00bb row_type=\u00a0\u00bbrow\u00a0\u00bb use_row_as_full_screen_section=\u00a0\u00bbno\u00a0\u00bb type=\u00a0\u00bbfull_width\u00a0\u00bb angled_section=\u00a0\u00bbno\u00a0\u00bb text_align=\u00a0\u00bbleft\u00a0\u00bb background_image_as_pattern=\u00a0\u00bbwithout_pattern\u00a0\u00bb][vc_column width=\u00a0\u00bb1\/12&Prime;][\/vc_column][vc_column width=\u00a0\u00bb5\/6&Prime;][vc_empty_space height=\u00a0\u00bb50px\u00a0\u00bb][vc_column_text] Notre boutique propose les meilleures marques de chaussures et vous offre un large \u00e9ventail de styles et de designs. Du brogue anglais typique aux mocassins en veau velours aux couleurs vives, vous les trouverez tous dans notre boutique. Les pieds larges trouveront \u00e9galement leur [&hellip;]<\/p>\n","protected":false},"author":3824,"featured_media":0,"parent":0,"menu_order":0,"comment_status":"closed","ping_status":"closed","template":"","meta":{"footnotes":""},"class_list":["post-19489","page","type-page","status-publish","hentry"],"yoast_head":"<!-- This site is optimized with the Yoast SEO plugin v27.3 - https:\/\/yoast.com\/product\/yoast-seo-wordpress\/ -->\n<title>Brogue<\/title>\n<meta name=\"description\" content=\"S\u00e9lection des meilleures marques mondiales de chaussures haut de gamme \u00e0 Gen\u00e8ve, pour hommes - large choix designs. Chaussures artisanales en cuir \u00e0 Gen\u00e8ve.\" \/>\n<meta name=\"robots\" content=\"index, follow, max-snippet:-1, max-image-preview:large, max-video-preview:-1\" \/>\n<link rel=\"canonical\" href=\"https:\/\/brogue.ch\/fr\/nos-marques\/\" \/>\n<meta property=\"og:locale\" content=\"fr_FR\" \/>\n<meta property=\"og:type\" content=\"article\" \/>\n<meta property=\"og:title\" content=\"Chaussures en Cuir Haut de Gamme \u00e0 Gen\u00e8ve | Brogue\" \/>\n<meta property=\"og:description\" content=\"S\u00e9lection des meilleures marques mondiales de chaussures haut de gamme \u00e0 Gen\u00e8ve, pour hommes - large choix designs. Chaussures artisanales en cuir \u00e0 Gen\u00e8ve.\" \/>\n<meta property=\"og:url\" content=\"https:\/\/brogue.ch\/fr\/nos-marques\/\" \/>\n<meta property=\"og:site_name\" content=\"Brogue\" \/>\n<meta property=\"article:modified_time\" content=\"2021-02-19T10:50:52+00:00\" \/>\n<meta name=\"twitter:card\" content=\"summary_large_image\" \/>\n<meta name=\"twitter:label1\" content=\"Dur\u00e9e de lecture estim\u00e9e\" \/>\n\t<meta name=\"twitter:data1\" content=\"8 minutes\" \/>\n<script type=\"application\/ld+json\" class=\"yoast-schema-graph\">{\"@context\":\"https:\\\/\\\/schema.org\",\"@graph\":[{\"@type\":\"WebPage\",\"@id\":\"https:\\\/\\\/brogue.ch\\\/fr\\\/nos-marques\\\/\",\"url\":\"https:\\\/\\\/brogue.ch\\\/fr\\\/nos-marques\\\/\",\"name\":\"Chaussures en Cuir Haut de Gamme \u00e0 Gen\u00e8ve | Brogue\",\"isPartOf\":{\"@id\":\"https:\\\/\\\/brogue.ch\\\/fr\\\/#website\"},\"datePublished\":\"2020-02-27T15:57:32+00:00\",\"dateModified\":\"2021-02-19T10:50:52+00:00\",\"description\":\"S\u00e9lection des meilleures marques mondiales de chaussures haut de gamme \u00e0 Gen\u00e8ve, pour hommes - large choix designs. Chaussures artisanales en cuir \u00e0 Gen\u00e8ve.\",\"breadcrumb\":{\"@id\":\"https:\\\/\\\/brogue.ch\\\/fr\\\/nos-marques\\\/#breadcrumb\"},\"inLanguage\":\"fr-FR\",\"potentialAction\":[{\"@type\":\"ReadAction\",\"target\":[\"https:\\\/\\\/brogue.ch\\\/fr\\\/nos-marques\\\/\"]}]},{\"@type\":\"BreadcrumbList\",\"@id\":\"https:\\\/\\\/brogue.ch\\\/fr\\\/nos-marques\\\/#breadcrumb\",\"itemListElement\":[{\"@type\":\"ListItem\",\"position\":1,\"name\":\"Home\",\"item\":\"https:\\\/\\\/brogue.ch\\\/fr\\\/\"},{\"@type\":\"ListItem\",\"position\":2,\"name\":\"Nos marques\"}]},{\"@type\":\"WebSite\",\"@id\":\"https:\\\/\\\/brogue.ch\\\/fr\\\/#website\",\"url\":\"https:\\\/\\\/brogue.ch\\\/fr\\\/\",\"name\":\"Brogue\",\"description\":\"World class shoes\",\"publisher\":{\"@id\":\"https:\\\/\\\/brogue.ch\\\/fr\\\/#organization\"},\"potentialAction\":[{\"@type\":\"SearchAction\",\"target\":{\"@type\":\"EntryPoint\",\"urlTemplate\":\"https:\\\/\\\/brogue.ch\\\/fr\\\/?s={search_term_string}\"},\"query-input\":{\"@type\":\"PropertyValueSpecification\",\"valueRequired\":true,\"valueName\":\"search_term_string\"}}],\"inLanguage\":\"fr-FR\"},{\"@type\":\"Organization\",\"@id\":\"https:\\\/\\\/brogue.ch\\\/fr\\\/#organization\",\"name\":\"Brogue\",\"url\":\"https:\\\/\\\/brogue.ch\\\/fr\\\/\",\"logo\":{\"@type\":\"ImageObject\",\"inLanguage\":\"fr-FR\",\"@id\":\"https:\\\/\\\/brogue.ch\\\/fr\\\/#\\\/schema\\\/logo\\\/image\\\/\",\"url\":\"https:\\\/\\\/brogue.ch\\\/wp-content\\\/uploads\\\/2020\\\/02\\\/logo-brogue.png\",\"contentUrl\":\"https:\\\/\\\/brogue.ch\\\/wp-content\\\/uploads\\\/2020\\\/02\\\/logo-brogue.png\",\"width\":1176,\"height\":444,\"caption\":\"Brogue\"},\"image\":{\"@id\":\"https:\\\/\\\/brogue.ch\\\/fr\\\/#\\\/schema\\\/logo\\\/image\\\/\"}}]}<\/script>\n<!-- \/ Yoast SEO plugin. -->","yoast_head_json":{"title":"Brogue","description":"S\u00e9lection des meilleures marques mondiales de chaussures haut de gamme \u00e0 Gen\u00e8ve, pour hommes - large choix designs. Chaussures artisanales en cuir \u00e0 Gen\u00e8ve.","robots":{"index":"index","follow":"follow","max-snippet":"max-snippet:-1","max-image-preview":"max-image-preview:large","max-video-preview":"max-video-preview:-1"},"canonical":"https:\/\/brogue.ch\/fr\/nos-marques\/","og_locale":"fr_FR","og_type":"article","og_title":"Chaussures en Cuir Haut de Gamme \u00e0 Gen\u00e8ve | Brogue","og_description":"S\u00e9lection des meilleures marques mondiales de chaussures haut de gamme \u00e0 Gen\u00e8ve, pour hommes - large choix designs. Chaussures artisanales en cuir \u00e0 Gen\u00e8ve.","og_url":"https:\/\/brogue.ch\/fr\/nos-marques\/","og_site_name":"Brogue","article_modified_time":"2021-02-19T10:50:52+00:00","twitter_card":"summary_large_image","twitter_misc":{"Dur\u00e9e de lecture estim\u00e9e":"8 minutes"},"schema":{"@context":"https:\/\/schema.org","@graph":[{"@type":"WebPage","@id":"https:\/\/brogue.ch\/fr\/nos-marques\/","url":"https:\/\/brogue.ch\/fr\/nos-marques\/","name":"Chaussures en Cuir Haut de Gamme \u00e0 Gen\u00e8ve | Brogue","isPartOf":{"@id":"https:\/\/brogue.ch\/fr\/#website"},"datePublished":"2020-02-27T15:57:32+00:00","dateModified":"2021-02-19T10:50:52+00:00","description":"S\u00e9lection des meilleures marques mondiales de chaussures haut de gamme \u00e0 Gen\u00e8ve, pour hommes - large choix designs. Chaussures artisanales en cuir \u00e0 Gen\u00e8ve.","breadcrumb":{"@id":"https:\/\/brogue.ch\/fr\/nos-marques\/#breadcrumb"},"inLanguage":"fr-FR","potentialAction":[{"@type":"ReadAction","target":["https:\/\/brogue.ch\/fr\/nos-marques\/"]}]},{"@type":"BreadcrumbList","@id":"https:\/\/brogue.ch\/fr\/nos-marques\/#breadcrumb","itemListElement":[{"@type":"ListItem","position":1,"name":"Home","item":"https:\/\/brogue.ch\/fr\/"},{"@type":"ListItem","position":2,"name":"Nos marques"}]},{"@type":"WebSite","@id":"https:\/\/brogue.ch\/fr\/#website","url":"https:\/\/brogue.ch\/fr\/","name":"Brogue","description":"World class shoes","publisher":{"@id":"https:\/\/brogue.ch\/fr\/#organization"},"potentialAction":[{"@type":"SearchAction","target":{"@type":"EntryPoint","urlTemplate":"https:\/\/brogue.ch\/fr\/?s={search_term_string}"},"query-input":{"@type":"PropertyValueSpecification","valueRequired":true,"valueName":"search_term_string"}}],"inLanguage":"fr-FR"},{"@type":"Organization","@id":"https:\/\/brogue.ch\/fr\/#organization","name":"Brogue","url":"https:\/\/brogue.ch\/fr\/","logo":{"@type":"ImageObject","inLanguage":"fr-FR","@id":"https:\/\/brogue.ch\/fr\/#\/schema\/logo\/image\/","url":"https:\/\/brogue.ch\/wp-content\/uploads\/2020\/02\/logo-brogue.png","contentUrl":"https:\/\/brogue.ch\/wp-content\/uploads\/2020\/02\/logo-brogue.png","width":1176,"height":444,"caption":"Brogue"},"image":{"@id":"https:\/\/brogue.ch\/fr\/#\/schema\/logo\/image\/"}}]}},"_links":{"self":[{"href":"https:\/\/brogue.ch\/fr\/wp-json\/wp\/v2\/pages\/19489","targetHints":{"allow":["GET"]}}],"collection":[{"href":"https:\/\/brogue.ch\/fr\/wp-json\/wp\/v2\/pages"}],"about":[{"href":"https:\/\/brogue.ch\/fr\/wp-json\/wp\/v2\/types\/page"}],"author":[{"embeddable":true,"href":"https:\/\/brogue.ch\/fr\/wp-json\/wp\/v2\/users\/3824"}],"replies":[{"embeddable":true,"href":"https:\/\/brogue.ch\/fr\/wp-json\/wp\/v2\/comments?post=19489"}],"version-history":[{"count":17,"href":"https:\/\/brogue.ch\/fr\/wp-json\/wp\/v2\/pages\/19489\/revisions"}],"predecessor-version":[{"id":26431,"href":"https:\/\/brogue.ch\/fr\/wp-json\/wp\/v2\/pages\/19489\/revisions\/26431"}],"wp:attachment":[{"href":"https:\/\/brogue.ch\/fr\/wp-json\/wp\/v2\/media?parent=19489"}],"curies":[{"name":"wp","href":"https:\/\/api.w.org\/{rel}","templated":true}]}}