{"id":19505,"date":"2018-03-26T08:18:35","date_gmt":"2018-03-26T08:18:35","guid":{"rendered":"https:\/\/www.brogue.ch\/home\/"},"modified":"2023-08-16T13:08:10","modified_gmt":"2023-08-16T11:08:10","slug":"home","status":"publish","type":"page","link":"https:\/\/brogue.ch\/fr\/home\/","title":{"rendered":"Accueil"},"content":{"rendered":"<p>[vc_row css_animation=\u00a0\u00bb\u00a0\u00bb row_type=\u00a0\u00bbrow\u00a0\u00bb use_row_as_full_screen_section=\u00a0\u00bbno\u00a0\u00bb type=\u00a0\u00bbfull_width\u00a0\u00bb angled_section=\u00a0\u00bbno\u00a0\u00bb text_align=\u00a0\u00bbleft\u00a0\u00bb background_image_as_pattern=\u00a0\u00bbwithout_pattern\u00a0\u00bb][vc_column][rev_slider slidertitle=\u00a0\u00bbhome FR\u00a0\u00bb alias=\u00a0\u00bbhome-fr\u00a0\u00bb][\/vc_column][\/vc_row][vc_row css_animation=\u00a0\u00bb\u00a0\u00bb row_type=\u00a0\u00bbrow\u00a0\u00bb use_row_as_full_screen_section=\u00a0\u00bbno\u00a0\u00bb type=\u00a0\u00bbgrid\u00a0\u00bb angled_section=\u00a0\u00bbno\u00a0\u00bb text_align=\u00a0\u00bbcenter\u00a0\u00bb background_image_as_pattern=\u00a0\u00bbwithout_pattern\u00a0\u00bb z_index=\u00a0\u00bb\u00a0\u00bb css=\u00a0\u00bb.vc_custom_1522055331064{padding-top: 107px !important;padding-bottom: 59px !important;}\u00a0\u00bb][vc_column][vc_column_text]<\/p>\n<h2 style=\"text-align: center; font-family: 'Libre Baskerville', sans-serif; font-size: 28px; line-height: 42px; font-style: italic; font-weight: 400; letter-spacing: 0px; text-transform: none;\">Le plus grand empire de chaussures pour homme en Gen\u00e8ve.<br \/>\nDevenu une institution genevoise depuis 2005<\/h2>\n<p>[\/vc_column_text][vc_empty_space height=\u00a0\u00bb19px\u00a0\u00bb][vc_column_text]<\/p>\n<div dir=\"ltr\">\n<div dir=\"ltr\">\n<p style=\"text-align: center;\">Nous sommes fiers de repr\u00e9senter les meilleurs bottiers d\u2019Europe. Depuis 2005, nous sommes constamment \u00e0 la recherche des meilleurs souliers pour nos clients.<\/p>\n<p style=\"text-align: center;\">Gary et Emer L\u00e9vy<\/p>\n<\/div>\n<\/div>\n<p>[\/vc_column_text][vc_separator type=\u00a0\u00bbsmall\u00a0\u00bb position=\u00a0\u00bbcenter\u00a0\u00bb up=\u00a0\u00bb24&Prime;][\/vc_column][\/vc_row][vc_row css_animation=\u00a0\u00bb\u00a0\u00bb row_type=\u00a0\u00bbrow\u00a0\u00bb use_row_as_full_screen_section=\u00a0\u00bbno\u00a0\u00bb type=\u00a0\u00bbgrid\u00a0\u00bb angled_section=\u00a0\u00bbno\u00a0\u00bb text_align=\u00a0\u00bbleft\u00a0\u00bb background_image_as_pattern=\u00a0\u00bbwithout_pattern\u00a0\u00bb z_index=\u00a0\u00bb\u00a0\u00bb css=\u00a0\u00bb.vc_custom_1522055845129{padding-bottom: 50px !important;}\u00a0\u00bb][vc_column width=\u00a0\u00bb1\/2&Prime; offset=\u00a0\u00bbvc_col-lg-offset-0 vc_col-lg-3 vc_col-md-offset-0 vc_col-md-6 vc_col-sm-offset-0 vc_col-xs-12&Prime;][icon_text box_type=\u00a0\u00bbnormal\u00a0\u00bb icon_type=\u00a0\u00bbnormal\u00a0\u00bb icon_position=\u00a0\u00bbtop\u00a0\u00bb icon_margin=\u00a0\u00bb0 0 19px\u00a0\u00bb icon_size=\u00a0\u00bbfa-4x\u00a0\u00bb use_custom_icon_size=\u00a0\u00bbno\u00a0\u00bb title_tag=\u00a0\u00bbh4&Prime; separator=\u00a0\u00bbno\u00a0\u00bb text=\u00a0\u00bbNous sommes sp\u00e9cialis\u00e9s dans la revente des plus grandes marques de chaussures pour homme.\u00a0\u00bb title=\u00a0\u00bbChaussures\u00a0\u00bb image=\u00a0\u00bb18781&Prime;][vc_empty_space height=\u00a0\u00bb50px\u00a0\u00bb][\/vc_column][vc_column width=\u00a0\u00bb1\/2&Prime; offset=\u00a0\u00bbvc_col-lg-offset-0 vc_col-lg-3 vc_col-md-offset-0 vc_col-md-6 vc_col-sm-offset-0 vc_col-xs-12&Prime;][icon_text box_type=\u00a0\u00bbnormal\u00a0\u00bb icon_type=\u00a0\u00bbnormal\u00a0\u00bb icon_position=\u00a0\u00bbtop\u00a0\u00bb icon_margin=\u00a0\u00bb0 0 19px\u00a0\u00bb icon_size=\u00a0\u00bbfa-4x\u00a0\u00bb use_custom_icon_size=\u00a0\u00bbno\u00a0\u00bb title_tag=\u00a0\u00bbh4&Prime; separator=\u00a0\u00bbno\u00a0\u00bb text=\u00a0\u00bbNous achetons exclusivement nos chaussettes aupr\u00e8s de Bresciani, le tr\u00e8s renomm\u00e9 fabriquant de Bergame. Vous retrouverez en boutique un vaste choix de couleurs, de styles ainsi que de mati\u00e8res comme le coton, la laine ou des chaussettes pur cachemire.\u00a0\u00bb title=\u00a0\u00bbChaussettes\u00a0\u00bb image=\u00a0\u00bb18784&Prime;][vc_empty_space height=\u00a0\u00bb50px\u00a0\u00bb][\/vc_column][vc_column width=\u00a0\u00bb1\/2&Prime; offset=\u00a0\u00bbvc_col-lg-offset-0 vc_col-lg-3 vc_col-md-offset-0 vc_col-md-6 vc_col-sm-offset-0 vc_col-xs-12&Prime;][icon_text box_type=\u00a0\u00bbnormal\u00a0\u00bb icon_type=\u00a0\u00bbnormal\u00a0\u00bb icon_position=\u00a0\u00bbtop\u00a0\u00bb icon_margin=\u00a0\u00bb0 0 19px\u00a0\u00bb icon_size=\u00a0\u00bbfa-4x\u00a0\u00bb use_custom_icon_size=\u00a0\u00bbno\u00a0\u00bb title_tag=\u00a0\u00bbh4&Prime; separator=\u00a0\u00bbno\u00a0\u00bb text=\u00a0\u00bbNous offrons une large gamme de services d\u2019entretien. Si vous avez besoin de r\u00e9parations, nous travaillons uniquement avec la cordonnerie Seror.\u00a0\u00bb title=\u00a0\u00bbEntretiens et r\u00e9parations\u00a0\u00bb image=\u00a0\u00bb19468&Prime;][vc_empty_space height=\u00a0\u00bb50px\u00a0\u00bb][\/vc_column][vc_column width=\u00a0\u00bb1\/2&Prime; offset=\u00a0\u00bbvc_col-lg-offset-0 vc_col-lg-3 vc_col-md-offset-0 vc_col-md-6 vc_col-sm-offset-0 vc_col-xs-12&Prime;][icon_text box_type=\u00a0\u00bbnormal\u00a0\u00bb icon_type=\u00a0\u00bbnormal\u00a0\u00bb icon_position=\u00a0\u00bbtop\u00a0\u00bb icon_margin=\u00a0\u00bb0 0 19px\u00a0\u00bb icon_size=\u00a0\u00bbfa-4x\u00a0\u00bb use_custom_icon_size=\u00a0\u00bbno\u00a0\u00bb title_tag=\u00a0\u00bbh4&Prime; separator=\u00a0\u00bbno\u00a0\u00bb text=\u00a0\u00bbVous pouvez vous rendre directement dans notre boutique ou la visiter sur notre site. Nous ne mettons en ligne qu\u2019une petite s\u00e9lection de nos mod\u00e8les disponibles. Cependant, si vous souhaitez acheter d\u2019autres mod\u00e8les, vous pouvez nous contacter par t\u00e9l\u00e9phone ou par email.\u00a0\u00bb title=\u00a0\u00bbBoutique\u00a0\u00bb image=\u00a0\u00bb18790&Prime;][vc_empty_space height=\u00a0\u00bb50px\u00a0\u00bb][\/vc_column][\/vc_row][vc_row css_animation=\u00a0\u00bb\u00a0\u00bb row_type=\u00a0\u00bbrow\u00a0\u00bb use_row_as_full_screen_section=\u00a0\u00bbno\u00a0\u00bb type=\u00a0\u00bbgrid\u00a0\u00bb angled_section=\u00a0\u00bbno\u00a0\u00bb text_align=\u00a0\u00bbleft\u00a0\u00bb background_image_as_pattern=\u00a0\u00bbwithout_pattern\u00a0\u00bb z_index=\u00a0\u00bb\u00a0\u00bb][vc_column width=\u00a0\u00bb5\/6&Prime; offset=\u00a0\u00bbvc_col-lg-offset-1 vc_col-lg-10 vc_col-md-offset-0 vc_col-md-12 vc_col-sm-offset-1 vc_col-xs-12&Prime;][vc_row_inner row_type=\u00a0\u00bbrow\u00a0\u00bb type=\u00a0\u00bbfull_width\u00a0\u00bb text_align=\u00a0\u00bbleft\u00a0\u00bb css_animation=\u00a0\u00bb\u00a0\u00bb][vc_column_inner offset=\u00a0\u00bbvc_col-lg-offset-0 vc_col-lg-6 vc_col-md-offset-0 vc_col-md-6 vc_col-sm-offset-0 vc_col-xs-12&Prime;][qode_elements_holder number_of_columns=\u00a0\u00bbone_column\u00a0\u00bb][qode_elements_holder_item cover=\u00a0\u00bbyes\u00a0\u00bb vertical_alignment=\u00a0\u00bbmiddle\u00a0\u00bb horizontal_alignment=\u00a0\u00bbcenter\u00a0\u00bb advanced_animations=\u00a0\u00bbno\u00a0\u00bb background_image=\u00a0\u00bb54508&Prime; item_padding=\u00a0\u00bb26% 0 26% 0&Prime;][button target=\u00a0\u00bb_self\u00a0\u00bb hover_type=\u00a0\u00bbdefault\u00a0\u00bb text=\u00a0\u00bbVisitez notre boutique\u00a0\u00bb link=\u00a0\u00bbhttps:\/\/preprod.brogue.ch\/fr\/shop\/\u00a0\u00bb hover_border_color=\u00a0\u00bb#ffffff\u00a0\u00bb][\/qode_elements_holder_item][\/qode_elements_holder][\/vc_column_inner][vc_column_inner offset=\u00a0\u00bbvc_col-lg-offset-0 vc_col-lg-6 vc_col-md-offset-0 vc_col-md-6 vc_col-sm-offset-0 vc_col-xs-12&Prime;][qode_elements_holder number_of_columns=\u00a0\u00bbone_column\u00a0\u00bb][qode_elements_holder_item cover=\u00a0\u00bbyes\u00a0\u00bb vertical_alignment=\u00a0\u00bbmiddle\u00a0\u00bb horizontal_alignment=\u00a0\u00bbcenter\u00a0\u00bb advanced_animations=\u00a0\u00bbno\u00a0\u00bb background_image=\u00a0\u00bb55239&Prime; item_padding=\u00a0\u00bb26% 0 26% 0&Prime;][button target=\u00a0\u00bb_self\u00a0\u00bb hover_type=\u00a0\u00bbdefault\u00a0\u00bb text=\u00a0\u00bbNouveaut\u00e9s\u00a0\u00bb link=\u00a0\u00bbhttps:\/\/preprod.brogue.ch\/fr\/category\/nouveaux-modeles\/\u00a0\u00bb hover_border_color=\u00a0\u00bb#ffffff\u00a0\u00bb][\/qode_elements_holder_item][\/qode_elements_holder][\/vc_column_inner][\/vc_row_inner][\/vc_column][\/vc_row][vc_row css_animation=\u00a0\u00bb\u00a0\u00bb row_type=\u00a0\u00bbrow\u00a0\u00bb use_row_as_full_screen_section=\u00a0\u00bbno\u00a0\u00bb type=\u00a0\u00bbgrid\u00a0\u00bb angled_section=\u00a0\u00bbno\u00a0\u00bb text_align=\u00a0\u00bbcenter\u00a0\u00bb background_image_as_pattern=\u00a0\u00bbwithout_pattern\u00a0\u00bb css=\u00a0\u00bb.vc_custom_1522241232102{background-image: url(https:\/\/bridge201.qodeinteractive.com\/wp-content\/uploads\/2018\/03\/h1-img-7.jpg?id=271) !important;}\u00a0\u00bb z_index=\u00a0\u00bb\u00a0\u00bb][vc_column][qode_elements_holder number_of_columns=\u00a0\u00bbone_column\u00a0\u00bb][qode_elements_holder_item advanced_animations=\u00a0\u00bbno\u00a0\u00bb item_padding=\u00a0\u00bb116px 18% 104px\u00a0\u00bb item_padding_1280_1440=\u00a0\u00bb116px 14% 104px\u00a0\u00bb item_padding_1024_1280=\u00a0\u00bb116px 14% 104px\u00a0\u00bb item_padding_768_1024=\u00a0\u00bb116px 8% 104px\u00a0\u00bb item_padding_600_768=\u00a0\u00bb116px 2% 104px\u00a0\u00bb item_padding_480=\u00a0\u00bb116px 1% 104px\u00a0\u00bb][vc_empty_space][vc_column_text]<\/p>\n<div dir=\"ltr\">\n<h3 style=\"text-align: center;\">Nous avons en stock environ 200 mod\u00e8les provenant de 11 chausseurs diff\u00e9rents. Un vaste choix pour ravir tous les go\u00fbts et tous les budgets. Les manufactures avec lesquelles nous travaillons respectent strictement les r\u00e8gles europ\u00e9ennes en vigueur et s\u2019approvisionnent en cuirs dans les tanneries les plus renomm\u00e9es de France et d\u2019Italie.<\/h3>\n<\/div>\n<p>[\/vc_column_text][vc_separator type=\u00a0\u00bbsmall\u00a0\u00bb position=\u00a0\u00bbcenter\u00a0\u00bb up=\u00a0\u00bb32&Prime; down=\u00a0\u00bb26&Prime;][\/qode_elements_holder_item][\/qode_elements_holder][\/vc_column][\/vc_row][vc_row row_type=\u00a0\u00bbparallax\u00a0\u00bb parallax_content_width=\u00a0\u00bbin_grid\u00a0\u00bb text_align=\u00a0\u00bbcenter\u00a0\u00bb full_screen_section_height=\u00a0\u00bbno\u00a0\u00bb background_image=\u00a0\u00bb19542&Prime; section_height=\u00a0\u00bb613&Prime;][vc_column][qode_elements_holder number_of_columns=\u00a0\u00bbone_column\u00a0\u00bb][qode_elements_holder_item advanced_animations=\u00a0\u00bbno\u00a0\u00bb item_padding=\u00a0\u00bb183px 0px 184px 0px\u00a0\u00bb][vc_column_text]<\/p>\n<h3 style=\"text-align: center;\"><span style=\"color: #ffffff;\">Fond\u00e9 en<\/span><\/h3>\n<p>[\/vc_column_text][vc_empty_space height=\u00a0\u00bb14px\u00a0\u00bb][vc_column_text]<\/p>\n<div style=\"color: #ffffff; font-family: 'Raleway', sans-serif; font-size: 110px; line-height: 120px; font-weight: bold; letter-spacing: 0px; text-transform: capitalize; text-align: center;\"><span style=\"color: #ffffff;\">2005<\/span><\/div>\n<p>[\/vc_column_text][vc_separator type=\u00a0\u00bbsmall\u00a0\u00bb position=\u00a0\u00bbcenter\u00a0\u00bb color=\u00a0\u00bb#ffffff\u00a0\u00bb up=\u00a0\u00bb35&Prime; down=\u00a0\u00bb26&Prime;][\/qode_elements_holder_item][\/qode_elements_holder][\/vc_column][\/vc_row][vc_row css_animation=\u00a0\u00bb\u00a0\u00bb row_type=\u00a0\u00bbrow\u00a0\u00bb use_row_as_full_screen_section=\u00a0\u00bbno\u00a0\u00bb type=\u00a0\u00bbgrid\u00a0\u00bb angled_section=\u00a0\u00bbno\u00a0\u00bb text_align=\u00a0\u00bbcenter\u00a0\u00bb background_image_as_pattern=\u00a0\u00bbwithout_pattern\u00a0\u00bb z_index=\u00a0\u00bb\u00a0\u00bb css=\u00a0\u00bb.vc_custom_1522055331064{padding-top: 107px !important;padding-bottom: 59px !important;}\u00a0\u00bb][vc_column][vc_column_text]<\/p>\n<h3 style=\"text-align: center;\"><strong>Au service de l\u2019homme \u00e9l\u00e9gant depuis 2005<\/strong><\/h3>\n<p>[\/vc_column_text][vc_empty_space height=\u00a0\u00bb19px\u00a0\u00bb][vc_separator type=\u00a0\u00bbsmall\u00a0\u00bb position=\u00a0\u00bbcenter\u00a0\u00bb up=\u00a0\u00bb24&Prime;][\/vc_column][\/vc_row][vc_row css_animation=\u00a0\u00bb\u00a0\u00bb row_type=\u00a0\u00bbrow\u00a0\u00bb use_row_as_full_screen_section=\u00a0\u00bbno\u00a0\u00bb type=\u00a0\u00bbgrid\u00a0\u00bb angled_section=\u00a0\u00bbno\u00a0\u00bb text_align=\u00a0\u00bbcenter\u00a0\u00bb background_image_as_pattern=\u00a0\u00bbwithout_pattern\u00a0\u00bb z_index=\u00a0\u00bb\u00a0\u00bb css=\u00a0\u00bb.vc_custom_1522062549379{padding-bottom: 75px !important;}\u00a0\u00bb][vc_column width=\u00a0\u00bb1\/2&Prime; offset=\u00a0\u00bbvc_col-lg-offset-0 vc_col-lg-3 vc_col-md-offset-0 vc_col-md-6 vc_col-sm-offset-0 vc_col-xs-12&Prime;]<div class=\"woocommerce \"><\/div>[\/vc_column][vc_column width=\u00a0\u00bb1\/2&Prime; offset=\u00a0\u00bbvc_col-lg-offset-0 vc_col-lg-3 vc_col-md-offset-0 vc_col-md-6 vc_col-sm-offset-0 vc_col-xs-12&Prime;]<div class=\"woocommerce \"><\/div>[\/vc_column][vc_column width=\u00a0\u00bb1\/2&Prime; offset=\u00a0\u00bbvc_col-lg-offset-0 vc_col-lg-3 vc_col-md-offset-0 vc_col-md-6 vc_col-sm-offset-0 vc_col-xs-12&Prime;]<div class=\"woocommerce \"><\/div>[\/vc_column][vc_column width=\u00a0\u00bb1\/2&Prime; offset=\u00a0\u00bbvc_col-lg-offset-0 vc_col-lg-3 vc_col-md-offset-0 vc_col-md-6 vc_col-sm-offset-0 vc_col-xs-12&Prime;]<div class=\"woocommerce \"><\/div>[\/vc_column][\/vc_row]<\/p>\n","protected":false},"excerpt":{"rendered":"<p>[vc_row css_animation=\u00a0\u00bb\u00a0\u00bb row_type=\u00a0\u00bbrow\u00a0\u00bb use_row_as_full_screen_section=\u00a0\u00bbno\u00a0\u00bb type=\u00a0\u00bbfull_width\u00a0\u00bb angled_section=\u00a0\u00bbno\u00a0\u00bb text_align=\u00a0\u00bbleft\u00a0\u00bb background_image_as_pattern=\u00a0\u00bbwithout_pattern\u00a0\u00bb][vc_column][rev_slider slidertitle=\u00a0\u00bbhome FR\u00a0\u00bb alias=\u00a0\u00bbhome-fr\u00a0\u00bb][\/vc_column][\/vc_row][vc_row css_animation=\u00a0\u00bb\u00a0\u00bb row_type=\u00a0\u00bbrow\u00a0\u00bb use_row_as_full_screen_section=\u00a0\u00bbno\u00a0\u00bb type=\u00a0\u00bbgrid\u00a0\u00bb angled_section=\u00a0\u00bbno\u00a0\u00bb text_align=\u00a0\u00bbcenter\u00a0\u00bb background_image_as_pattern=\u00a0\u00bbwithout_pattern\u00a0\u00bb z_index=\u00a0\u00bb\u00a0\u00bb css=\u00a0\u00bb.vc_custom_1522055331064{padding-top: 107px !important;padding-bottom: 59px !important;}\u00a0\u00bb][vc_column][vc_column_text] Le plus grand empire de chaussures pour homme en Gen\u00e8ve. Devenu une institution genevoise depuis 2005 [\/vc_column_text][vc_empty_space height=\u00a0\u00bb19px\u00a0\u00bb][vc_column_text] Nous sommes fiers de repr\u00e9senter les meilleurs bottiers d\u2019Europe. Depuis 2005, nous sommes [&hellip;]<\/p>\n","protected":false},"author":3824,"featured_media":0,"parent":0,"menu_order":0,"comment_status":"closed","ping_status":"closed","template":"full_width.php","meta":{"footnotes":""},"class_list":["post-19505","page","type-page","status-publish","hentry"],"yoast_head":"<!-- This site is optimized with the Yoast SEO plugin v27.3 - https:\/\/yoast.com\/product\/yoast-seo-wordpress\/ -->\n<title>Brogue<\/title>\n<meta name=\"description\" content=\"Sp\u00e9cialis\u00e9s dans la vente des plus belles marques de chaussures pour hommes. Brogue \u2022 Magasin de chaussures \u00e0 Gen\u00e8ve.\" \/>\n<meta name=\"robots\" content=\"index, follow, max-snippet:-1, max-image-preview:large, max-video-preview:-1\" \/>\n<link rel=\"canonical\" href=\"https:\/\/brogue.ch\/fr\/home\/\" \/>\n<meta property=\"og:locale\" content=\"fr_FR\" \/>\n<meta property=\"og:type\" content=\"article\" \/>\n<meta property=\"og:title\" content=\"Magasin Chaussures \u00e0 Gen\u00e8ve \u2022 Chaussures Hommes | Brogue\" \/>\n<meta property=\"og:description\" content=\"Sp\u00e9cialis\u00e9s dans la vente des plus belles marques de chaussures pour hommes. Brogue \u2022 Magasin de chaussures \u00e0 Gen\u00e8ve.\" \/>\n<meta property=\"og:url\" content=\"https:\/\/brogue.ch\/fr\/home\/\" \/>\n<meta property=\"og:site_name\" content=\"Brogue\" \/>\n<meta property=\"article:modified_time\" content=\"2023-08-16T11:08:10+00:00\" \/>\n<meta name=\"twitter:card\" content=\"summary_large_image\" \/>\n<meta name=\"twitter:label1\" content=\"Dur\u00e9e de lecture estim\u00e9e\" \/>\n\t<meta name=\"twitter:data1\" content=\"3 minutes\" \/>\n<script type=\"application\/ld+json\" class=\"yoast-schema-graph\">{\"@context\":\"https:\\\/\\\/schema.org\",\"@graph\":[{\"@type\":\"WebPage\",\"@id\":\"https:\\\/\\\/brogue.ch\\\/fr\\\/home\\\/\",\"url\":\"https:\\\/\\\/brogue.ch\\\/fr\\\/home\\\/\",\"name\":\"Magasin Chaussures \u00e0 Gen\u00e8ve \u2022 Chaussures Hommes | Brogue\",\"isPartOf\":{\"@id\":\"https:\\\/\\\/brogue.ch\\\/fr\\\/#website\"},\"datePublished\":\"2018-03-26T08:18:35+00:00\",\"dateModified\":\"2023-08-16T11:08:10+00:00\",\"description\":\"Sp\u00e9cialis\u00e9s dans la vente des plus belles marques de chaussures pour hommes. Brogue \u2022 Magasin de chaussures \u00e0 Gen\u00e8ve.\",\"breadcrumb\":{\"@id\":\"https:\\\/\\\/brogue.ch\\\/fr\\\/home\\\/#breadcrumb\"},\"inLanguage\":\"fr-FR\",\"potentialAction\":[{\"@type\":\"ReadAction\",\"target\":[\"https:\\\/\\\/brogue.ch\\\/fr\\\/home\\\/\"]}]},{\"@type\":\"BreadcrumbList\",\"@id\":\"https:\\\/\\\/brogue.ch\\\/fr\\\/home\\\/#breadcrumb\",\"itemListElement\":[{\"@type\":\"ListItem\",\"position\":1,\"name\":\"Home\",\"item\":\"https:\\\/\\\/brogue.ch\\\/fr\\\/\"},{\"@type\":\"ListItem\",\"position\":2,\"name\":\"Accueil\"}]},{\"@type\":\"WebSite\",\"@id\":\"https:\\\/\\\/brogue.ch\\\/fr\\\/#website\",\"url\":\"https:\\\/\\\/brogue.ch\\\/fr\\\/\",\"name\":\"Brogue\",\"description\":\"World class shoes\",\"publisher\":{\"@id\":\"https:\\\/\\\/brogue.ch\\\/fr\\\/#organization\"},\"potentialAction\":[{\"@type\":\"SearchAction\",\"target\":{\"@type\":\"EntryPoint\",\"urlTemplate\":\"https:\\\/\\\/brogue.ch\\\/fr\\\/?s={search_term_string}\"},\"query-input\":{\"@type\":\"PropertyValueSpecification\",\"valueRequired\":true,\"valueName\":\"search_term_string\"}}],\"inLanguage\":\"fr-FR\"},{\"@type\":\"Organization\",\"@id\":\"https:\\\/\\\/brogue.ch\\\/fr\\\/#organization\",\"name\":\"Brogue\",\"url\":\"https:\\\/\\\/brogue.ch\\\/fr\\\/\",\"logo\":{\"@type\":\"ImageObject\",\"inLanguage\":\"fr-FR\",\"@id\":\"https:\\\/\\\/brogue.ch\\\/fr\\\/#\\\/schema\\\/logo\\\/image\\\/\",\"url\":\"https:\\\/\\\/brogue.ch\\\/wp-content\\\/uploads\\\/2020\\\/02\\\/logo-brogue.png\",\"contentUrl\":\"https:\\\/\\\/brogue.ch\\\/wp-content\\\/uploads\\\/2020\\\/02\\\/logo-brogue.png\",\"width\":1176,\"height\":444,\"caption\":\"Brogue\"},\"image\":{\"@id\":\"https:\\\/\\\/brogue.ch\\\/fr\\\/#\\\/schema\\\/logo\\\/image\\\/\"}}]}<\/script>\n<!-- \/ Yoast SEO plugin. -->","yoast_head_json":{"title":"Brogue","description":"Sp\u00e9cialis\u00e9s dans la vente des plus belles marques de chaussures pour hommes. Brogue \u2022 Magasin de chaussures \u00e0 Gen\u00e8ve.","robots":{"index":"index","follow":"follow","max-snippet":"max-snippet:-1","max-image-preview":"max-image-preview:large","max-video-preview":"max-video-preview:-1"},"canonical":"https:\/\/brogue.ch\/fr\/home\/","og_locale":"fr_FR","og_type":"article","og_title":"Magasin Chaussures \u00e0 Gen\u00e8ve \u2022 Chaussures Hommes | Brogue","og_description":"Sp\u00e9cialis\u00e9s dans la vente des plus belles marques de chaussures pour hommes. Brogue \u2022 Magasin de chaussures \u00e0 Gen\u00e8ve.","og_url":"https:\/\/brogue.ch\/fr\/home\/","og_site_name":"Brogue","article_modified_time":"2023-08-16T11:08:10+00:00","twitter_card":"summary_large_image","twitter_misc":{"Dur\u00e9e de lecture estim\u00e9e":"3 minutes"},"schema":{"@context":"https:\/\/schema.org","@graph":[{"@type":"WebPage","@id":"https:\/\/brogue.ch\/fr\/home\/","url":"https:\/\/brogue.ch\/fr\/home\/","name":"Magasin Chaussures \u00e0 Gen\u00e8ve \u2022 Chaussures Hommes | Brogue","isPartOf":{"@id":"https:\/\/brogue.ch\/fr\/#website"},"datePublished":"2018-03-26T08:18:35+00:00","dateModified":"2023-08-16T11:08:10+00:00","description":"Sp\u00e9cialis\u00e9s dans la vente des plus belles marques de chaussures pour hommes. Brogue \u2022 Magasin de chaussures \u00e0 Gen\u00e8ve.","breadcrumb":{"@id":"https:\/\/brogue.ch\/fr\/home\/#breadcrumb"},"inLanguage":"fr-FR","potentialAction":[{"@type":"ReadAction","target":["https:\/\/brogue.ch\/fr\/home\/"]}]},{"@type":"BreadcrumbList","@id":"https:\/\/brogue.ch\/fr\/home\/#breadcrumb","itemListElement":[{"@type":"ListItem","position":1,"name":"Home","item":"https:\/\/brogue.ch\/fr\/"},{"@type":"ListItem","position":2,"name":"Accueil"}]},{"@type":"WebSite","@id":"https:\/\/brogue.ch\/fr\/#website","url":"https:\/\/brogue.ch\/fr\/","name":"Brogue","description":"World class shoes","publisher":{"@id":"https:\/\/brogue.ch\/fr\/#organization"},"potentialAction":[{"@type":"SearchAction","target":{"@type":"EntryPoint","urlTemplate":"https:\/\/brogue.ch\/fr\/?s={search_term_string}"},"query-input":{"@type":"PropertyValueSpecification","valueRequired":true,"valueName":"search_term_string"}}],"inLanguage":"fr-FR"},{"@type":"Organization","@id":"https:\/\/brogue.ch\/fr\/#organization","name":"Brogue","url":"https:\/\/brogue.ch\/fr\/","logo":{"@type":"ImageObject","inLanguage":"fr-FR","@id":"https:\/\/brogue.ch\/fr\/#\/schema\/logo\/image\/","url":"https:\/\/brogue.ch\/wp-content\/uploads\/2020\/02\/logo-brogue.png","contentUrl":"https:\/\/brogue.ch\/wp-content\/uploads\/2020\/02\/logo-brogue.png","width":1176,"height":444,"caption":"Brogue"},"image":{"@id":"https:\/\/brogue.ch\/fr\/#\/schema\/logo\/image\/"}}]}},"_links":{"self":[{"href":"https:\/\/brogue.ch\/fr\/wp-json\/wp\/v2\/pages\/19505","targetHints":{"allow":["GET"]}}],"collection":[{"href":"https:\/\/brogue.ch\/fr\/wp-json\/wp\/v2\/pages"}],"about":[{"href":"https:\/\/brogue.ch\/fr\/wp-json\/wp\/v2\/types\/page"}],"author":[{"embeddable":true,"href":"https:\/\/brogue.ch\/fr\/wp-json\/wp\/v2\/users\/3824"}],"replies":[{"embeddable":true,"href":"https:\/\/brogue.ch\/fr\/wp-json\/wp\/v2\/comments?post=19505"}],"version-history":[{"count":18,"href":"https:\/\/brogue.ch\/fr\/wp-json\/wp\/v2\/pages\/19505\/revisions"}],"predecessor-version":[{"id":55585,"href":"https:\/\/brogue.ch\/fr\/wp-json\/wp\/v2\/pages\/19505\/revisions\/55585"}],"wp:attachment":[{"href":"https:\/\/brogue.ch\/fr\/wp-json\/wp\/v2\/media?parent=19505"}],"curies":[{"name":"wp","href":"https:\/\/api.w.org\/{rel}","templated":true}]}}