{"id":19511,"date":"2018-03-26T13:30:37","date_gmt":"2018-03-26T13:30:37","guid":{"rendered":"https:\/\/www.brogue.ch\/contact\/"},"modified":"2024-04-23T12:08:40","modified_gmt":"2024-04-23T10:08:40","slug":"contact","status":"publish","type":"page","link":"https:\/\/brogue.ch\/fr\/contact\/","title":{"rendered":"Contact"},"content":{"rendered":"\n<div class=\"wp-block-cover alignfull\" style=\"min-height:463px;aspect-ratio:unset;\"><span aria-hidden=\"true\" class=\"wp-block-cover__background has-background-dim\"><\/span><img loading=\"lazy\" decoding=\"async\" width=\"1920\" height=\"1280\" class=\"wp-block-cover__image-background wp-image-19553\" alt=\"high-end shoes shope in geneva\" src=\"https:\/\/preprod.brogue.ch\/wp-content\/uploads\/2020\/04\/contact.jpg\" style=\"object-position:46% 72%\" data-object-fit=\"cover\" data-object-position=\"46% 72%\" srcset=\"https:\/\/brogue.ch\/wp-content\/uploads\/2020\/04\/contact.jpg 1920w, https:\/\/brogue.ch\/wp-content\/uploads\/2020\/04\/contact-300x200.jpg 300w, https:\/\/brogue.ch\/wp-content\/uploads\/2020\/04\/contact-1024x683.jpg 1024w, https:\/\/brogue.ch\/wp-content\/uploads\/2020\/04\/contact-768x512.jpg 768w, https:\/\/brogue.ch\/wp-content\/uploads\/2020\/04\/contact-1536x1024.jpg 1536w, https:\/\/brogue.ch\/wp-content\/uploads\/2020\/04\/contact-416x277.jpg 416w\" sizes=\"auto, (max-width: 1920px) 100vw, 1920px\" \/><div class=\"wp-block-cover__inner-container is-layout-constrained wp-block-cover-is-layout-constrained\">\n<p class=\"has-text-align-center has-medium-font-size\">Nous sommes l\u00e0 pour vous aider et r\u00e9pondre \u00e0 toutes vos questions !<\/p>\n\n\n\n<p class=\"has-text-align-center has-medium-font-size\">Nous attendons avec impatience votre appel !<\/p>\n<\/div><\/div>\n\n<div style=\"height:67px\" aria-hidden=\"true\" class=\"wp-block-spacer\"><\/div>\n\n<div class=\"wp-block-columns is-layout-flex wp-container-core-columns-is-layout-28f84493 wp-block-columns-is-layout-flex\">\n<div class=\"wp-block-column is-layout-flow wp-block-column-is-layout-flow\" style=\"flex-basis:66.66%\">\n<h2 class=\"wp-block-heading has-text-align-center\">Services de cordonnerie, rendez-vous d&rsquo;essayage, demandes d&rsquo;information<\/h2>\n\n\n\n<div style=\"height:27px\" aria-hidden=\"true\" class=\"wp-block-spacer\"><\/div>\n\n\n\n<div class=\"wpcf7 no-js\" id=\"wpcf7-f107-o1\" lang=\"en-US\" dir=\"ltr\" data-wpcf7-id=\"107\">\n<div class=\"screen-reader-response\"><p role=\"status\" aria-live=\"polite\" aria-atomic=\"true\"><\/p> <ul><\/ul><\/div>\n<form action=\"\/fr\/wp-json\/wp\/v2\/pages\/19511#wpcf7-f107-o1\" method=\"post\" class=\"wpcf7-form init\" aria-label=\"Contact form\" novalidate=\"novalidate\" data-status=\"init\">\n<fieldset class=\"hidden-fields-container\"><input type=\"hidden\" name=\"_wpcf7\" value=\"107\" \/><input type=\"hidden\" name=\"_wpcf7_version\" value=\"6.1.5\" \/><input type=\"hidden\" name=\"_wpcf7_locale\" value=\"en_US\" \/><input type=\"hidden\" name=\"_wpcf7_unit_tag\" value=\"wpcf7-f107-o1\" \/><input type=\"hidden\" name=\"_wpcf7_container_post\" value=\"0\" \/><input type=\"hidden\" name=\"_wpcf7_posted_data_hash\" value=\"\" \/><input type=\"hidden\" name=\"_wpcf7_recaptcha_response\" value=\"\" \/>\n<\/fieldset>\n<div>\n\t<p><span class=\"wpcf7-form-control-wrap\" data-name=\"fullname\"><input size=\"40\" maxlength=\"400\" class=\"wpcf7-form-control wpcf7-text wpcf7-validates-as-required\" aria-required=\"true\" aria-invalid=\"false\" placeholder=\"Name\" value=\"\" type=\"text\" name=\"fullname\" \/><\/span>\n\t<\/p>\n<\/div>\n<div>\n\t<p><span class=\"wpcf7-form-control-wrap\" data-name=\"email\"><input size=\"40\" maxlength=\"400\" class=\"wpcf7-form-control wpcf7-email wpcf7-validates-as-required wpcf7-text wpcf7-validates-as-email\" aria-required=\"true\" aria-invalid=\"false\" placeholder=\"Email\" value=\"\" type=\"email\" name=\"email\" \/><\/span>\n\t<\/p>\n<\/div>\n<div>\n\t<p><span class=\"wpcf7-form-control-wrap\" data-name=\"your-message\"><textarea cols=\"40\" rows=\"10\" maxlength=\"2000\" class=\"wpcf7-form-control wpcf7-textarea wpcf7-validates-as-required\" aria-required=\"true\" aria-invalid=\"false\" placeholder=\"Message\" name=\"your-message\"><\/textarea><\/span>\n\t<\/p>\n<\/div>\n<div>\n\t<p><input class=\"wpcf7-form-control wpcf7-submit has-spinner\" type=\"submit\" value=\"SEND\" \/>\n\t<\/p>\n<\/div><div class=\"wpcf7-response-output\" aria-hidden=\"true\"><\/div>\n<\/form>\n<\/div>\n\n\n\n\n<style>h1 { display:none}<\/style>\n<\/div>\n\n\n\n<div class=\"wp-block-column is-layout-flow wp-block-column-is-layout-flow\" style=\"flex-basis:33.33%\">\n<h3 class=\"wp-block-heading\">Notre emplacement<\/h3>\n\n\n\n<p>Id\u00e9alement situ\u00e9 sur le quai des Bergues \u00e0 Gen\u00e8ve, \u00e0 c\u00f4t\u00e9 de la place Bel-Air. Un parking est \u00e0 disposition au sous-sol du magasin Manor.<\/p>\n\n\n\n<p><a href=\"https:\/\/www.google.com\/maps\/place\/Quai+des+Bergues+11,+1201+Gen%C3%A8ve,+Suisse\/@46.2060967,6.1413334,17z\/data=!3m1!4b1!4m6!3m5!1s0x478c652860cdef2f:0x14b487dca9f55e1f!8m2!3d46.2060967!4d6.1439137!16s%2Fg%2F11c283_bxn?hl=fr-FR&amp;entry=ttu\">11 Quai des Bergues<br\/>1201 Gen\u00e8ve<\/a><br\/>Phone: <a href=\"tel:+41223107003\">+41 22 310 70 03<\/a><br\/>Email: <a href=\"mailto:sales@brogue.ch\">sales@brogue.ch<\/a><\/p>\n\n\n\n<p>Du lundi au vendredi de 10h \u00e0 18h30<br\/>Samedi de 10h \u00e0 18h<\/p>\n\n\n\n<p>WhatsApp : <a href=\"https:\/\/wa.me.\/+410763847428\">+41 76 384 74 28<\/a><\/p>\n<\/div>\n<\/div>\n\n<div style=\"height:55px\" aria-hidden=\"true\" class=\"wp-block-spacer\"><\/div>\n\n<style type=\"text\/css\">\n\n            #map {\n                width: 100%;\n                height: 500px;\n            }\n        <\/style>\n<script type=\"text\/javascript\" src=\"https:\/\/maps.googleapis.com\/maps\/api\/js?key=AIzaSyBRtdP6Ey_981p8byEu2aJRtfRMyPyXXv0\"><\/script>\n        <script type=\"text\/javascript\">\n            google.maps.event.addDomListener(window, 'load', init);\n            function init() {\n                var mapOptions = {\n                    zoom: 15,\n                    zoomControl: true,\n                    mapTypeControl: false,\n                    scaleControl: false,\n                    streetViewControl: false,\n                    rotateControl: false,\n                    fullscreenControl: false,\n                    center: new google.maps.LatLng(46.2059833, 6.1436694), \n                    styles: [{ \"featureType\": \"all\", \"elementType\": \"geometry\", \"stylers\": [{ \"visibility\": \"simplified\" }, { \"hue\": \"#ff0000\" }] }, { \"featureType\": \"administrative\", \"elementType\": \"all\", \"stylers\": [{ \"visibility\": \"simplified\" }] }, { \"featureType\": \"poi\", \"elementType\": \"all\", \"stylers\": [{ \"visibility\": \"off\" }] }, { \"featureType\": \"road\", \"elementType\": \"labels.icon\", \"stylers\": [{ \"visibility\": \"off\" }] }, { \"featureType\": \"transit.station\", \"elementType\": \"labels.icon\", \"stylers\": [{ \"visibility\": \"off\" }] }, { \"featureType\": \"water\", \"elementType\": \"all\", \"stylers\": [{ \"visibility\": \"off\" }] }, { \"featureType\": \"water\", \"elementType\": \"geometry.fill\", \"stylers\": [{ \"visibility\": \"on\" }, { \"hue\": \"#0096ff\" }, { \"saturation\": \"-57\" }, { \"lightness\": \"33\" }] }]\n                };\n\n                var mapElement = document.getElementById('map');\n\n                var map = new google.maps.Map(mapElement, mapOptions);\n\n                var marker = new google.maps.Marker({\n                    position: new google.maps.LatLng(46.2059833, 6.1436694),\n                    map: map,\n                    title: 'Brogue'\n                });\n            }\n        <\/script>\n<div id=\"map\"><\/div>\n<a href=\"https:\/\/www.google.com\/maps\/place\/Quai+des+Bergues+11,+1201+Gen%C3%A8ve,+Suisse\/@46.2060967,6.1413334,17z\/data=!3m1!4b1!4m6!3m5!1s0x478c652860cdef2f:0x14b487dca9f55e1f!8m2!3d46.2060967!4d6.1439137!16s%2Fg%2F11c283_bxn?hl=fr-FR&#038;entry=ttu\">Itin\u00e9raire<\/a>\n","protected":false},"excerpt":{"rendered":"<p>Services de cordonnerie, rendez-vous d&rsquo;essayage, demandes d&rsquo;information Notre emplacement Id\u00e9alement situ\u00e9 sur le quai des Bergues \u00e0 Gen\u00e8ve, \u00e0 c\u00f4t\u00e9 de la place Bel-Air. Un parking est \u00e0 disposition au sous-sol du magasin Manor. 11 Quai des Bergues1201 Gen\u00e8vePhone: +41 22 310 70 03Email: sales@brogue.ch Du lundi au vendredi de 10h \u00e0 18h30Samedi de 10h [&hellip;]<\/p>\n","protected":false},"author":3824,"featured_media":0,"parent":0,"menu_order":0,"comment_status":"closed","ping_status":"closed","template":"","meta":{"footnotes":""},"class_list":["post-19511","page","type-page","status-publish","hentry"],"yoast_head":"<!-- This site is optimized with the Yoast SEO plugin v27.3 - https:\/\/yoast.com\/product\/yoast-seo-wordpress\/ -->\n<title>Brogue<\/title>\n<meta name=\"description\" content=\"Formulaire de contact et r\u00e9seaux sociaux disponibles ici. Abonnez-vous \u00e9galement \u00e0 notre Newsletter.\" \/>\n<meta name=\"robots\" content=\"index, follow, max-snippet:-1, max-image-preview:large, max-video-preview:-1\" \/>\n<link rel=\"canonical\" href=\"https:\/\/brogue.ch\/fr\/contact\/\" \/>\n<meta property=\"og:locale\" content=\"fr_FR\" \/>\n<meta property=\"og:type\" content=\"article\" \/>\n<meta property=\"og:title\" content=\"Contactez-nous | Brogue\" \/>\n<meta property=\"og:description\" content=\"Formulaire de contact et r\u00e9seaux sociaux disponibles ici. Abonnez-vous \u00e9galement \u00e0 notre Newsletter.\" \/>\n<meta property=\"og:url\" content=\"https:\/\/brogue.ch\/fr\/contact\/\" \/>\n<meta property=\"og:site_name\" content=\"Brogue\" \/>\n<meta property=\"article:modified_time\" content=\"2024-04-23T10:08:40+00:00\" \/>\n<meta property=\"og:image\" content=\"https:\/\/preprod.brogue.ch\/wp-content\/uploads\/2020\/04\/contact.jpg\" \/>\n<meta name=\"twitter:card\" content=\"summary_large_image\" \/>\n<meta name=\"twitter:label1\" content=\"Dur\u00e9e de lecture estim\u00e9e\" \/>\n\t<meta name=\"twitter:data1\" content=\"1 minute\" \/>\n<script type=\"application\/ld+json\" class=\"yoast-schema-graph\">{\"@context\":\"https:\\\/\\\/schema.org\",\"@graph\":[{\"@type\":\"WebPage\",\"@id\":\"https:\\\/\\\/brogue.ch\\\/fr\\\/contact\\\/\",\"url\":\"https:\\\/\\\/brogue.ch\\\/fr\\\/contact\\\/\",\"name\":\"Contactez-nous | Brogue\",\"isPartOf\":{\"@id\":\"https:\\\/\\\/brogue.ch\\\/fr\\\/#website\"},\"primaryImageOfPage\":{\"@id\":\"https:\\\/\\\/brogue.ch\\\/fr\\\/contact\\\/#primaryimage\"},\"image\":{\"@id\":\"https:\\\/\\\/brogue.ch\\\/fr\\\/contact\\\/#primaryimage\"},\"thumbnailUrl\":\"https:\\\/\\\/preprod.brogue.ch\\\/wp-content\\\/uploads\\\/2020\\\/04\\\/contact.jpg\",\"datePublished\":\"2018-03-26T13:30:37+00:00\",\"dateModified\":\"2024-04-23T10:08:40+00:00\",\"description\":\"Formulaire de contact et r\u00e9seaux sociaux disponibles ici. Abonnez-vous \u00e9galement \u00e0 notre Newsletter.\",\"breadcrumb\":{\"@id\":\"https:\\\/\\\/brogue.ch\\\/fr\\\/contact\\\/#breadcrumb\"},\"inLanguage\":\"fr-FR\",\"potentialAction\":[{\"@type\":\"ReadAction\",\"target\":[\"https:\\\/\\\/brogue.ch\\\/fr\\\/contact\\\/\"]}]},{\"@type\":\"ImageObject\",\"inLanguage\":\"fr-FR\",\"@id\":\"https:\\\/\\\/brogue.ch\\\/fr\\\/contact\\\/#primaryimage\",\"url\":\"https:\\\/\\\/preprod.brogue.ch\\\/wp-content\\\/uploads\\\/2020\\\/04\\\/contact.jpg\",\"contentUrl\":\"https:\\\/\\\/preprod.brogue.ch\\\/wp-content\\\/uploads\\\/2020\\\/04\\\/contact.jpg\"},{\"@type\":\"BreadcrumbList\",\"@id\":\"https:\\\/\\\/brogue.ch\\\/fr\\\/contact\\\/#breadcrumb\",\"itemListElement\":[{\"@type\":\"ListItem\",\"position\":1,\"name\":\"Home\",\"item\":\"https:\\\/\\\/brogue.ch\\\/fr\\\/\"},{\"@type\":\"ListItem\",\"position\":2,\"name\":\"Contact\"}]},{\"@type\":\"WebSite\",\"@id\":\"https:\\\/\\\/brogue.ch\\\/fr\\\/#website\",\"url\":\"https:\\\/\\\/brogue.ch\\\/fr\\\/\",\"name\":\"Brogue\",\"description\":\"World class shoes\",\"publisher\":{\"@id\":\"https:\\\/\\\/brogue.ch\\\/fr\\\/#organization\"},\"potentialAction\":[{\"@type\":\"SearchAction\",\"target\":{\"@type\":\"EntryPoint\",\"urlTemplate\":\"https:\\\/\\\/brogue.ch\\\/fr\\\/?s={search_term_string}\"},\"query-input\":{\"@type\":\"PropertyValueSpecification\",\"valueRequired\":true,\"valueName\":\"search_term_string\"}}],\"inLanguage\":\"fr-FR\"},{\"@type\":\"Organization\",\"@id\":\"https:\\\/\\\/brogue.ch\\\/fr\\\/#organization\",\"name\":\"Brogue\",\"url\":\"https:\\\/\\\/brogue.ch\\\/fr\\\/\",\"logo\":{\"@type\":\"ImageObject\",\"inLanguage\":\"fr-FR\",\"@id\":\"https:\\\/\\\/brogue.ch\\\/fr\\\/#\\\/schema\\\/logo\\\/image\\\/\",\"url\":\"https:\\\/\\\/brogue.ch\\\/wp-content\\\/uploads\\\/2020\\\/02\\\/logo-brogue.png\",\"contentUrl\":\"https:\\\/\\\/brogue.ch\\\/wp-content\\\/uploads\\\/2020\\\/02\\\/logo-brogue.png\",\"width\":1176,\"height\":444,\"caption\":\"Brogue\"},\"image\":{\"@id\":\"https:\\\/\\\/brogue.ch\\\/fr\\\/#\\\/schema\\\/logo\\\/image\\\/\"}}]}<\/script>\n<!-- \/ Yoast SEO plugin. -->","yoast_head_json":{"title":"Brogue","description":"Formulaire de contact et r\u00e9seaux sociaux disponibles ici. Abonnez-vous \u00e9galement \u00e0 notre Newsletter.","robots":{"index":"index","follow":"follow","max-snippet":"max-snippet:-1","max-image-preview":"max-image-preview:large","max-video-preview":"max-video-preview:-1"},"canonical":"https:\/\/brogue.ch\/fr\/contact\/","og_locale":"fr_FR","og_type":"article","og_title":"Contactez-nous | Brogue","og_description":"Formulaire de contact et r\u00e9seaux sociaux disponibles ici. Abonnez-vous \u00e9galement \u00e0 notre Newsletter.","og_url":"https:\/\/brogue.ch\/fr\/contact\/","og_site_name":"Brogue","article_modified_time":"2024-04-23T10:08:40+00:00","og_image":[{"url":"https:\/\/preprod.brogue.ch\/wp-content\/uploads\/2020\/04\/contact.jpg","type":"","width":"","height":""}],"twitter_card":"summary_large_image","twitter_misc":{"Dur\u00e9e de lecture estim\u00e9e":"1 minute"},"schema":{"@context":"https:\/\/schema.org","@graph":[{"@type":"WebPage","@id":"https:\/\/brogue.ch\/fr\/contact\/","url":"https:\/\/brogue.ch\/fr\/contact\/","name":"Contactez-nous | Brogue","isPartOf":{"@id":"https:\/\/brogue.ch\/fr\/#website"},"primaryImageOfPage":{"@id":"https:\/\/brogue.ch\/fr\/contact\/#primaryimage"},"image":{"@id":"https:\/\/brogue.ch\/fr\/contact\/#primaryimage"},"thumbnailUrl":"https:\/\/preprod.brogue.ch\/wp-content\/uploads\/2020\/04\/contact.jpg","datePublished":"2018-03-26T13:30:37+00:00","dateModified":"2024-04-23T10:08:40+00:00","description":"Formulaire de contact et r\u00e9seaux sociaux disponibles ici. Abonnez-vous \u00e9galement \u00e0 notre Newsletter.","breadcrumb":{"@id":"https:\/\/brogue.ch\/fr\/contact\/#breadcrumb"},"inLanguage":"fr-FR","potentialAction":[{"@type":"ReadAction","target":["https:\/\/brogue.ch\/fr\/contact\/"]}]},{"@type":"ImageObject","inLanguage":"fr-FR","@id":"https:\/\/brogue.ch\/fr\/contact\/#primaryimage","url":"https:\/\/preprod.brogue.ch\/wp-content\/uploads\/2020\/04\/contact.jpg","contentUrl":"https:\/\/preprod.brogue.ch\/wp-content\/uploads\/2020\/04\/contact.jpg"},{"@type":"BreadcrumbList","@id":"https:\/\/brogue.ch\/fr\/contact\/#breadcrumb","itemListElement":[{"@type":"ListItem","position":1,"name":"Home","item":"https:\/\/brogue.ch\/fr\/"},{"@type":"ListItem","position":2,"name":"Contact"}]},{"@type":"WebSite","@id":"https:\/\/brogue.ch\/fr\/#website","url":"https:\/\/brogue.ch\/fr\/","name":"Brogue","description":"World class shoes","publisher":{"@id":"https:\/\/brogue.ch\/fr\/#organization"},"potentialAction":[{"@type":"SearchAction","target":{"@type":"EntryPoint","urlTemplate":"https:\/\/brogue.ch\/fr\/?s={search_term_string}"},"query-input":{"@type":"PropertyValueSpecification","valueRequired":true,"valueName":"search_term_string"}}],"inLanguage":"fr-FR"},{"@type":"Organization","@id":"https:\/\/brogue.ch\/fr\/#organization","name":"Brogue","url":"https:\/\/brogue.ch\/fr\/","logo":{"@type":"ImageObject","inLanguage":"fr-FR","@id":"https:\/\/brogue.ch\/fr\/#\/schema\/logo\/image\/","url":"https:\/\/brogue.ch\/wp-content\/uploads\/2020\/02\/logo-brogue.png","contentUrl":"https:\/\/brogue.ch\/wp-content\/uploads\/2020\/02\/logo-brogue.png","width":1176,"height":444,"caption":"Brogue"},"image":{"@id":"https:\/\/brogue.ch\/fr\/#\/schema\/logo\/image\/"}}]}},"_links":{"self":[{"href":"https:\/\/brogue.ch\/fr\/wp-json\/wp\/v2\/pages\/19511","targetHints":{"allow":["GET"]}}],"collection":[{"href":"https:\/\/brogue.ch\/fr\/wp-json\/wp\/v2\/pages"}],"about":[{"href":"https:\/\/brogue.ch\/fr\/wp-json\/wp\/v2\/types\/page"}],"author":[{"embeddable":true,"href":"https:\/\/brogue.ch\/fr\/wp-json\/wp\/v2\/users\/3824"}],"replies":[{"embeddable":true,"href":"https:\/\/brogue.ch\/fr\/wp-json\/wp\/v2\/comments?post=19511"}],"version-history":[{"count":6,"href":"https:\/\/brogue.ch\/fr\/wp-json\/wp\/v2\/pages\/19511\/revisions"}],"predecessor-version":[{"id":69579,"href":"https:\/\/brogue.ch\/fr\/wp-json\/wp\/v2\/pages\/19511\/revisions\/69579"}],"wp:attachment":[{"href":"https:\/\/brogue.ch\/fr\/wp-json\/wp\/v2\/media?parent=19511"}],"curies":[{"name":"wp","href":"https:\/\/api.w.org\/{rel}","templated":true}]}}