{"id":19946,"date":"2020-06-22T17:50:06","date_gmt":"2020-06-22T15:50:06","guid":{"rendered":"https:\/\/www.brogue.ch\/?page_id=19946"},"modified":"2022-08-01T12:08:06","modified_gmt":"2022-08-01T10:08:06","slug":"edward-green-chaussures","status":"publish","type":"page","link":"https:\/\/brogue.ch\/fr\/nos-marques\/edward-green-chaussures\/","title":{"rendered":"Edward Green"},"content":{"rendered":"<p>[vc_row css_animation=\u00a0\u00bb\u00a0\u00bb row_type=\u00a0\u00bbrow\u00a0\u00bb use_row_as_full_screen_section=\u00a0\u00bbyes\u00a0\u00bb type=\u00a0\u00bbfull_width\u00a0\u00bb angled_section=\u00a0\u00bbno\u00a0\u00bb text_align=\u00a0\u00bbleft\u00a0\u00bb background_image_as_pattern=\u00a0\u00bbwithout_pattern\u00a0\u00bb z_index=\u00a0\u00bb\u00a0\u00bb][vc_column][vc_column_text]<img loading=\"lazy\" decoding=\"async\" class=\"alignnone wp-image-17397 size-full\" src=\"https:\/\/preprod.brogue.ch\/wp-content\/uploads\/2020\/03\/edwardgreen-150x150-1.png\" alt=\"Edward Green chaussures Gen\u00e8ve\" width=\"150\" height=\"150\" srcset=\"https:\/\/brogue.ch\/wp-content\/uploads\/2020\/03\/edwardgreen-150x150-1.png 150w, https:\/\/brogue.ch\/wp-content\/uploads\/2020\/03\/edwardgreen-150x150-1-100x100.png 100w\" sizes=\"auto, (max-width: 150px) 100vw, 150px\" \/>[\/vc_column_text][\/vc_column][\/vc_row][vc_row css_animation=\u00a0\u00bb\u00a0\u00bb row_type=\u00a0\u00bbrow\u00a0\u00bb use_row_as_full_screen_section=\u00a0\u00bbno\u00a0\u00bb type=\u00a0\u00bbfull_width\u00a0\u00bb angled_section=\u00a0\u00bbno\u00a0\u00bb text_align=\u00a0\u00bbleft\u00a0\u00bb background_image_as_pattern=\u00a0\u00bbwithout_pattern\u00a0\u00bb][vc_column][vc_empty_space height=\u00a0\u00bb50px\u00a0\u00bb][vc_column_text]<\/p>\n<h2 class=\"entry-header\">EDWARD GREEN: L&rsquo;EXCELLENCE SANS COMPROMIS<\/h2>\n<p>&nbsp;<\/p>\n<p>&nbsp;<\/p>\n<div class=\"entry-content\">Ic\u00f4ne britannique, Edward Green \u2013 cr\u00e9\u00e9e en 1890 \u00e0 Northampton \u2013 est sans conteste l\u2019un des repr\u00e9sentants les plus r\u00e9put\u00e9s dans <a href=\"https:\/\/preprod.brogue.ch\/fr\/shop\/\" target=\"_blank\" rel=\"noopener noreferrer\"><em>l\u2019art de chausser les hommes<\/em><\/a>. Les formes s\u2019av\u00e8rent toujours tr\u00e8s \u00e9l\u00e9gantes, les cuirs proviennent des meilleures tanneries, la qualit\u00e9 de fabrication et le soin accord\u00e9 aux finitions sont tout simplement exemplaires. L\u2019importance accord\u00e9e au travail r\u00e9alis\u00e9 \u00e0 la main explique la place envi\u00e9e de cette Maison dans le coeur des amateurs de souliers \u00e0 la fois discrets et raffin\u00e9s.<\/div>\n<p>&nbsp;<\/p>\n<p>&nbsp;<\/p>\n<div id=\"gallery-2\" class=\"gallery galleryid-2791 gallery-columns-3 gallery-size-gallery-thumb\"><\/div>\n<p>[\/vc_column_text][vc_empty_space height=\u00a0\u00bb70px\u00a0\u00bb][\/vc_column][\/vc_row][vc_row css_animation=\u00a0\u00bb\u00a0\u00bb row_type=\u00a0\u00bbrow\u00a0\u00bb use_row_as_full_screen_section=\u00a0\u00bbno\u00a0\u00bb type=\u00a0\u00bbfull_width\u00a0\u00bb angled_section=\u00a0\u00bbno\u00a0\u00bb text_align=\u00a0\u00bbleft\u00a0\u00bb background_image_as_pattern=\u00a0\u00bbwithout_pattern\u00a0\u00bb][vc_column]<div class=\"woocommerce columns-3 \"><\/div>[\/vc_column][\/vc_row]<\/p>\n","protected":false},"excerpt":{"rendered":"<p>[vc_row css_animation=\u00a0\u00bb\u00a0\u00bb row_type=\u00a0\u00bbrow\u00a0\u00bb use_row_as_full_screen_section=\u00a0\u00bbyes\u00a0\u00bb type=\u00a0\u00bbfull_width\u00a0\u00bb angled_section=\u00a0\u00bbno\u00a0\u00bb text_align=\u00a0\u00bbleft\u00a0\u00bb background_image_as_pattern=\u00a0\u00bbwithout_pattern\u00a0\u00bb z_index=\u00a0\u00bb\u00a0\u00bb][vc_column][vc_column_text][\/vc_column_text][\/vc_column][\/vc_row][vc_row css_animation=\u00a0\u00bb\u00a0\u00bb row_type=\u00a0\u00bbrow\u00a0\u00bb use_row_as_full_screen_section=\u00a0\u00bbno\u00a0\u00bb type=\u00a0\u00bbfull_width\u00a0\u00bb angled_section=\u00a0\u00bbno\u00a0\u00bb text_align=\u00a0\u00bbleft\u00a0\u00bb background_image_as_pattern=\u00a0\u00bbwithout_pattern\u00a0\u00bb][vc_column][vc_empty_space height=\u00a0\u00bb50px\u00a0\u00bb][vc_column_text] EDWARD GREEN: L&rsquo;EXCELLENCE SANS COMPROMIS &nbsp; &nbsp; Ic\u00f4ne britannique, Edward Green \u2013 cr\u00e9\u00e9e en 1890 \u00e0 Northampton \u2013 est sans conteste l\u2019un des repr\u00e9sentants les plus r\u00e9put\u00e9s dans l\u2019art de chausser les hommes. Les formes s\u2019av\u00e8rent toujours tr\u00e8s [&hellip;]<\/p>\n","protected":false},"author":3824,"featured_media":20148,"parent":19489,"menu_order":0,"comment_status":"closed","ping_status":"closed","template":"","meta":{"footnotes":""},"class_list":["post-19946","page","type-page","status-publish","has-post-thumbnail","hentry"],"yoast_head":"<!-- This site is optimized with the Yoast SEO plugin v27.3 - https:\/\/yoast.com\/product\/yoast-seo-wordpress\/ -->\n<title>Brogue<\/title>\n<meta name=\"description\" content=\"Ic\u00f4ne britannique, Edward Green \u2013 cr\u00e9\u00e9e en 1890 \u00e0 Northampton \u2013 est sans conteste l\u2019un des repr\u00e9sentants les plus r\u00e9put\u00e9s dans l\u2019art de chausser les hommes.\" \/>\n<meta name=\"robots\" content=\"index, follow, max-snippet:-1, max-image-preview:large, max-video-preview:-1\" \/>\n<link rel=\"canonical\" href=\"https:\/\/brogue.ch\/fr\/nos-marques\/edward-green-chaussures\/\" \/>\n<meta property=\"og:locale\" content=\"fr_FR\" \/>\n<meta property=\"og:type\" content=\"article\" \/>\n<meta property=\"og:title\" content=\"Edward Green \u2022 Chaussures Pour Homme Gen\u00e8ve | Brogue\" \/>\n<meta property=\"og:description\" content=\"Ic\u00f4ne britannique, Edward Green \u2013 cr\u00e9\u00e9e en 1890 \u00e0 Northampton \u2013 est sans conteste l\u2019un des repr\u00e9sentants les plus r\u00e9put\u00e9s dans l\u2019art de chausser les hommes.\" \/>\n<meta property=\"og:url\" content=\"https:\/\/brogue.ch\/fr\/nos-marques\/edward-green-chaussures\/\" \/>\n<meta property=\"og:site_name\" content=\"Brogue\" \/>\n<meta property=\"article:modified_time\" content=\"2022-08-01T10:08:06+00:00\" \/>\n<meta property=\"og:image\" content=\"https:\/\/brogue.ch\/wp-content\/uploads\/2020\/06\/Galway_082_DM_UTHDKB_add2_1.jpg\" \/>\n\t<meta property=\"og:image:width\" content=\"792\" \/>\n\t<meta property=\"og:image:height\" content=\"538\" \/>\n\t<meta property=\"og:image:type\" content=\"image\/jpeg\" \/>\n<meta name=\"twitter:card\" content=\"summary_large_image\" \/>\n<meta name=\"twitter:label1\" content=\"Dur\u00e9e de lecture estim\u00e9e\" \/>\n\t<meta name=\"twitter:data1\" content=\"1 minute\" \/>\n<script type=\"application\/ld+json\" class=\"yoast-schema-graph\">{\"@context\":\"https:\\\/\\\/schema.org\",\"@graph\":[{\"@type\":\"WebPage\",\"@id\":\"https:\\\/\\\/brogue.ch\\\/fr\\\/nos-marques\\\/edward-green-chaussures\\\/\",\"url\":\"https:\\\/\\\/brogue.ch\\\/fr\\\/nos-marques\\\/edward-green-chaussures\\\/\",\"name\":\"Edward Green \u2022 Chaussures Pour Homme Gen\u00e8ve | Brogue\",\"isPartOf\":{\"@id\":\"https:\\\/\\\/brogue.ch\\\/fr\\\/#website\"},\"primaryImageOfPage\":{\"@id\":\"https:\\\/\\\/brogue.ch\\\/fr\\\/nos-marques\\\/edward-green-chaussures\\\/#primaryimage\"},\"image\":{\"@id\":\"https:\\\/\\\/brogue.ch\\\/fr\\\/nos-marques\\\/edward-green-chaussures\\\/#primaryimage\"},\"thumbnailUrl\":\"https:\\\/\\\/brogue.ch\\\/wp-content\\\/uploads\\\/2020\\\/06\\\/Galway_082_DM_UTHDKB_add2_1.jpg\",\"datePublished\":\"2020-06-22T15:50:06+00:00\",\"dateModified\":\"2022-08-01T10:08:06+00:00\",\"description\":\"Ic\u00f4ne britannique, Edward Green \u2013 cr\u00e9\u00e9e en 1890 \u00e0 Northampton \u2013 est sans conteste l\u2019un des repr\u00e9sentants les plus r\u00e9put\u00e9s dans l\u2019art de chausser les hommes.\",\"breadcrumb\":{\"@id\":\"https:\\\/\\\/brogue.ch\\\/fr\\\/nos-marques\\\/edward-green-chaussures\\\/#breadcrumb\"},\"inLanguage\":\"fr-FR\",\"potentialAction\":[{\"@type\":\"ReadAction\",\"target\":[\"https:\\\/\\\/brogue.ch\\\/fr\\\/nos-marques\\\/edward-green-chaussures\\\/\"]}]},{\"@type\":\"ImageObject\",\"inLanguage\":\"fr-FR\",\"@id\":\"https:\\\/\\\/brogue.ch\\\/fr\\\/nos-marques\\\/edward-green-chaussures\\\/#primaryimage\",\"url\":\"https:\\\/\\\/brogue.ch\\\/wp-content\\\/uploads\\\/2020\\\/06\\\/Galway_082_DM_UTHDKB_add2_1.jpg\",\"contentUrl\":\"https:\\\/\\\/brogue.ch\\\/wp-content\\\/uploads\\\/2020\\\/06\\\/Galway_082_DM_UTHDKB_add2_1.jpg\",\"width\":792,\"height\":538},{\"@type\":\"BreadcrumbList\",\"@id\":\"https:\\\/\\\/brogue.ch\\\/fr\\\/nos-marques\\\/edward-green-chaussures\\\/#breadcrumb\",\"itemListElement\":[{\"@type\":\"ListItem\",\"position\":1,\"name\":\"Home\",\"item\":\"https:\\\/\\\/brogue.ch\\\/fr\\\/\"},{\"@type\":\"ListItem\",\"position\":2,\"name\":\"Nos marques\",\"item\":\"https:\\\/\\\/brogue.ch\\\/fr\\\/nos-marques\\\/\"},{\"@type\":\"ListItem\",\"position\":3,\"name\":\"Edward Green\"}]},{\"@type\":\"WebSite\",\"@id\":\"https:\\\/\\\/brogue.ch\\\/fr\\\/#website\",\"url\":\"https:\\\/\\\/brogue.ch\\\/fr\\\/\",\"name\":\"Brogue\",\"description\":\"World class shoes\",\"publisher\":{\"@id\":\"https:\\\/\\\/brogue.ch\\\/fr\\\/#organization\"},\"potentialAction\":[{\"@type\":\"SearchAction\",\"target\":{\"@type\":\"EntryPoint\",\"urlTemplate\":\"https:\\\/\\\/brogue.ch\\\/fr\\\/?s={search_term_string}\"},\"query-input\":{\"@type\":\"PropertyValueSpecification\",\"valueRequired\":true,\"valueName\":\"search_term_string\"}}],\"inLanguage\":\"fr-FR\"},{\"@type\":\"Organization\",\"@id\":\"https:\\\/\\\/brogue.ch\\\/fr\\\/#organization\",\"name\":\"Brogue\",\"url\":\"https:\\\/\\\/brogue.ch\\\/fr\\\/\",\"logo\":{\"@type\":\"ImageObject\",\"inLanguage\":\"fr-FR\",\"@id\":\"https:\\\/\\\/brogue.ch\\\/fr\\\/#\\\/schema\\\/logo\\\/image\\\/\",\"url\":\"https:\\\/\\\/brogue.ch\\\/wp-content\\\/uploads\\\/2020\\\/02\\\/logo-brogue.png\",\"contentUrl\":\"https:\\\/\\\/brogue.ch\\\/wp-content\\\/uploads\\\/2020\\\/02\\\/logo-brogue.png\",\"width\":1176,\"height\":444,\"caption\":\"Brogue\"},\"image\":{\"@id\":\"https:\\\/\\\/brogue.ch\\\/fr\\\/#\\\/schema\\\/logo\\\/image\\\/\"}}]}<\/script>\n<!-- \/ Yoast SEO plugin. -->","yoast_head_json":{"title":"Brogue","description":"Ic\u00f4ne britannique, Edward Green \u2013 cr\u00e9\u00e9e en 1890 \u00e0 Northampton \u2013 est sans conteste l\u2019un des repr\u00e9sentants les plus r\u00e9put\u00e9s dans l\u2019art de chausser les hommes.","robots":{"index":"index","follow":"follow","max-snippet":"max-snippet:-1","max-image-preview":"max-image-preview:large","max-video-preview":"max-video-preview:-1"},"canonical":"https:\/\/brogue.ch\/fr\/nos-marques\/edward-green-chaussures\/","og_locale":"fr_FR","og_type":"article","og_title":"Edward Green \u2022 Chaussures Pour Homme Gen\u00e8ve | Brogue","og_description":"Ic\u00f4ne britannique, Edward Green \u2013 cr\u00e9\u00e9e en 1890 \u00e0 Northampton \u2013 est sans conteste l\u2019un des repr\u00e9sentants les plus r\u00e9put\u00e9s dans l\u2019art de chausser les hommes.","og_url":"https:\/\/brogue.ch\/fr\/nos-marques\/edward-green-chaussures\/","og_site_name":"Brogue","article_modified_time":"2022-08-01T10:08:06+00:00","og_image":[{"width":792,"height":538,"url":"https:\/\/brogue.ch\/wp-content\/uploads\/2020\/06\/Galway_082_DM_UTHDKB_add2_1.jpg","type":"image\/jpeg"}],"twitter_card":"summary_large_image","twitter_misc":{"Dur\u00e9e de lecture estim\u00e9e":"1 minute"},"schema":{"@context":"https:\/\/schema.org","@graph":[{"@type":"WebPage","@id":"https:\/\/brogue.ch\/fr\/nos-marques\/edward-green-chaussures\/","url":"https:\/\/brogue.ch\/fr\/nos-marques\/edward-green-chaussures\/","name":"Edward Green \u2022 Chaussures Pour Homme Gen\u00e8ve | Brogue","isPartOf":{"@id":"https:\/\/brogue.ch\/fr\/#website"},"primaryImageOfPage":{"@id":"https:\/\/brogue.ch\/fr\/nos-marques\/edward-green-chaussures\/#primaryimage"},"image":{"@id":"https:\/\/brogue.ch\/fr\/nos-marques\/edward-green-chaussures\/#primaryimage"},"thumbnailUrl":"https:\/\/brogue.ch\/wp-content\/uploads\/2020\/06\/Galway_082_DM_UTHDKB_add2_1.jpg","datePublished":"2020-06-22T15:50:06+00:00","dateModified":"2022-08-01T10:08:06+00:00","description":"Ic\u00f4ne britannique, Edward Green \u2013 cr\u00e9\u00e9e en 1890 \u00e0 Northampton \u2013 est sans conteste l\u2019un des repr\u00e9sentants les plus r\u00e9put\u00e9s dans l\u2019art de chausser les hommes.","breadcrumb":{"@id":"https:\/\/brogue.ch\/fr\/nos-marques\/edward-green-chaussures\/#breadcrumb"},"inLanguage":"fr-FR","potentialAction":[{"@type":"ReadAction","target":["https:\/\/brogue.ch\/fr\/nos-marques\/edward-green-chaussures\/"]}]},{"@type":"ImageObject","inLanguage":"fr-FR","@id":"https:\/\/brogue.ch\/fr\/nos-marques\/edward-green-chaussures\/#primaryimage","url":"https:\/\/brogue.ch\/wp-content\/uploads\/2020\/06\/Galway_082_DM_UTHDKB_add2_1.jpg","contentUrl":"https:\/\/brogue.ch\/wp-content\/uploads\/2020\/06\/Galway_082_DM_UTHDKB_add2_1.jpg","width":792,"height":538},{"@type":"BreadcrumbList","@id":"https:\/\/brogue.ch\/fr\/nos-marques\/edward-green-chaussures\/#breadcrumb","itemListElement":[{"@type":"ListItem","position":1,"name":"Home","item":"https:\/\/brogue.ch\/fr\/"},{"@type":"ListItem","position":2,"name":"Nos marques","item":"https:\/\/brogue.ch\/fr\/nos-marques\/"},{"@type":"ListItem","position":3,"name":"Edward Green"}]},{"@type":"WebSite","@id":"https:\/\/brogue.ch\/fr\/#website","url":"https:\/\/brogue.ch\/fr\/","name":"Brogue","description":"World class shoes","publisher":{"@id":"https:\/\/brogue.ch\/fr\/#organization"},"potentialAction":[{"@type":"SearchAction","target":{"@type":"EntryPoint","urlTemplate":"https:\/\/brogue.ch\/fr\/?s={search_term_string}"},"query-input":{"@type":"PropertyValueSpecification","valueRequired":true,"valueName":"search_term_string"}}],"inLanguage":"fr-FR"},{"@type":"Organization","@id":"https:\/\/brogue.ch\/fr\/#organization","name":"Brogue","url":"https:\/\/brogue.ch\/fr\/","logo":{"@type":"ImageObject","inLanguage":"fr-FR","@id":"https:\/\/brogue.ch\/fr\/#\/schema\/logo\/image\/","url":"https:\/\/brogue.ch\/wp-content\/uploads\/2020\/02\/logo-brogue.png","contentUrl":"https:\/\/brogue.ch\/wp-content\/uploads\/2020\/02\/logo-brogue.png","width":1176,"height":444,"caption":"Brogue"},"image":{"@id":"https:\/\/brogue.ch\/fr\/#\/schema\/logo\/image\/"}}]}},"_links":{"self":[{"href":"https:\/\/brogue.ch\/fr\/wp-json\/wp\/v2\/pages\/19946","targetHints":{"allow":["GET"]}}],"collection":[{"href":"https:\/\/brogue.ch\/fr\/wp-json\/wp\/v2\/pages"}],"about":[{"href":"https:\/\/brogue.ch\/fr\/wp-json\/wp\/v2\/types\/page"}],"author":[{"embeddable":true,"href":"https:\/\/brogue.ch\/fr\/wp-json\/wp\/v2\/users\/3824"}],"replies":[{"embeddable":true,"href":"https:\/\/brogue.ch\/fr\/wp-json\/wp\/v2\/comments?post=19946"}],"version-history":[{"count":15,"href":"https:\/\/brogue.ch\/fr\/wp-json\/wp\/v2\/pages\/19946\/revisions"}],"predecessor-version":[{"id":40018,"href":"https:\/\/brogue.ch\/fr\/wp-json\/wp\/v2\/pages\/19946\/revisions\/40018"}],"up":[{"embeddable":true,"href":"https:\/\/brogue.ch\/fr\/wp-json\/wp\/v2\/pages\/19489"}],"wp:featuredmedia":[{"embeddable":true,"href":"https:\/\/brogue.ch\/fr\/wp-json\/wp\/v2\/media\/20148"}],"wp:attachment":[{"href":"https:\/\/brogue.ch\/fr\/wp-json\/wp\/v2\/media?parent=19946"}],"curies":[{"name":"wp","href":"https:\/\/api.w.org\/{rel}","templated":true}]}}