{"id":19952,"date":"2020-06-23T13:25:05","date_gmt":"2020-06-23T11:25:05","guid":{"rendered":"https:\/\/www.brogue.ch\/?page_id=19952"},"modified":"2020-07-02T09:32:51","modified_gmt":"2020-07-02T07:32:51","slug":"carmina-chaussures","status":"publish","type":"page","link":"https:\/\/brogue.ch\/fr\/nos-marques\/carmina-chaussures\/","title":{"rendered":"Carmina"},"content":{"rendered":"<p>[vc_row css_animation=\u00a0\u00bb\u00a0\u00bb row_type=\u00a0\u00bbrow\u00a0\u00bb use_row_as_full_screen_section=\u00a0\u00bbyes\u00a0\u00bb type=\u00a0\u00bbfull_width\u00a0\u00bb angled_section=\u00a0\u00bbno\u00a0\u00bb text_align=\u00a0\u00bbleft\u00a0\u00bb background_image_as_pattern=\u00a0\u00bbwithout_pattern\u00a0\u00bb z_index=\u00a0\u00bb\u00a0\u00bb][vc_column][vc_column_text]<img loading=\"lazy\" decoding=\"async\" class=\"alignnone wp-image-19570 size-medium\" src=\"https:\/\/preprod.brogue.ch\/wp-content\/uploads\/2020\/03\/W5BOTV6s_400x400-300x300.png\" alt=\"carmina chaussures gen\u00e8ve\" width=\"300\" height=\"300\" srcset=\"https:\/\/brogue.ch\/wp-content\/uploads\/2020\/03\/W5BOTV6s_400x400-300x300.png 300w, https:\/\/brogue.ch\/wp-content\/uploads\/2020\/03\/W5BOTV6s_400x400-150x150.png 150w, https:\/\/brogue.ch\/wp-content\/uploads\/2020\/03\/W5BOTV6s_400x400-324x324.png 324w, https:\/\/brogue.ch\/wp-content\/uploads\/2020\/03\/W5BOTV6s_400x400-100x100.png 100w, https:\/\/brogue.ch\/wp-content\/uploads\/2020\/03\/W5BOTV6s_400x400.png 400w\" sizes=\"auto, (max-width: 300px) 100vw, 300px\" \/>[\/vc_column_text][vc_column_text]<\/p>\n<h2 class=\"title titlef5ee0ebe471e38621165588\">CARMINA: LE BOTTIER MAJORQUIN<\/h2>\n<p>La plus grande des \u00eeles Bal\u00e9ares, haut lieu du tourisme europ\u00e9en depuis les ann\u00e9es 1950, Majorque est peut-\u00eatre mieux connue comme une destination d&rsquo;escapade ensoleill\u00e9e. Mais l&rsquo;\u00eele espagnole est aussi depuis longtemps un centre de cordonnerie, avec la ville d&rsquo;Inca au centre de ses activit\u00e9s de cordonnerie. C&rsquo;est ici, en 1866, que Mat\u00edas Pujadas a donn\u00e9 naissance \u00e0 la lign\u00e9e familiale multig\u00e9n\u00e9rationnelle de cordonniers qui s&rsquo;appelle aujourd&rsquo;hui Carmina.<br \/>\nJusqu&rsquo;au XIXe si\u00e8cle, Majorque \u00e9tait un grand exportateur de vin, mais lorsqu&rsquo;une \u00e9pid\u00e9mie de phyllox\u00e9ra a d\u00e9vast\u00e9 les vignobles, les habitants ont \u00e9t\u00e9 contraints de chercher une nouvelle source de revenus. Beaucoup se sont lanc\u00e9s dans le tannage du cuir et la fabrication de chaussures &#8211; et bient\u00f4t, ce qui avait commenc\u00e9 comme une industrie (litt\u00e9ralement) artisanale s&rsquo;est progressivement transform\u00e9 en un commerce florissant.<\/p>\n<p>&nbsp;<\/p>\n<p>Au d\u00e9but des ann\u00e9es 1900, lorsque Mateo Pujadas a repris l&rsquo;entreprise de son p\u00e8re, il a introduit le soudage Goodyear, en faisant venir des instructeurs des \u00c9tats-Unis pour enseigner le m\u00e9tier \u00e0 ses ouvriers. Il a dirig\u00e9 l&rsquo;une des premi\u00e8res usines de l&rsquo;\u00eele \u00e0 produire ces chaussures robustes, appr\u00e9ci\u00e9es pour leur durabilit\u00e9 et leur facilit\u00e9 \u00e0 se ressouder. En 1950 &#8211; la m\u00eame ann\u00e9e o\u00f9 l&rsquo;entrepreneur belge G\u00e9rard Blitz cr\u00e9ait le premier Club Med au monde sur une plage de Majorque &#8211; il y avait plus de 100 usines de fabrication de chaussures \u00e0 Inca, dont les produits \u00e9taient recherch\u00e9s sur tout le continent, offrant une grande qualit\u00e9 \u00e0 des prix raisonnables gr\u00e2ce au faible co\u00fbt de la main-d&rsquo;\u0153uvre de Majorque. Lorsque l&rsquo;av\u00e8nement des avions \u00e0 r\u00e9action de passagers a fait d\u00e9coller le tourisme, les ventes de chaussures majorquines sur l&rsquo;\u00eele ont \u00e9galement connu un boom.<\/p>\n<p>&nbsp;<\/p>\n<p>Le petit-fils de Mateo, Jos\u00e9 Albaladejo Pujadas (plus connu sous le nom de Pepe), a pris la direction de l&rsquo;entreprise au d\u00e9but des ann\u00e9es 1960 et, dans les ann\u00e9es 1980, l&rsquo;entreprise familiale produisait environ 100 000 paires de chaussures par an. Dans les ann\u00e9es 1990, cependant, une crise a frapp\u00e9 les cordonniers europ\u00e9ens, incapables de rivaliser pour le march\u00e9 de masse avec les chaussures bon march\u00e9 fabriqu\u00e9es en Extr\u00eame-Orient. Pepe, qui dans sa jeunesse avait \u00e9t\u00e9 form\u00e9 chez l&rsquo;un des meilleurs cordonniers de Florence, a choisi de vendre son entreprise \u00e0 grande \u00e9chelle et de repartir \u00e0 z\u00e9ro, avec une nouvelle approche &#8211; produire un nombre bien plus restreint de chaussures de qualit\u00e9 bien sup\u00e9rieure. Il a donn\u00e9 \u00e0 la nouvelle entreprise le nom de sa femme, Carmina, et, avec ses filles et son fils, il a entrepris de cr\u00e9er une ligne exclusive de <a href=\"https:\/\/preprod.brogue.ch\/fr\/shop\/\" target=\"_blank\" rel=\"noopener noreferrer\"><em>chaussures artisanales de classe mondiale<\/em><\/a>.[\/vc_column_text][\/vc_column][\/vc_row][vc_row css_animation=\u00a0\u00bb\u00a0\u00bb row_type=\u00a0\u00bbrow\u00a0\u00bb use_row_as_full_screen_section=\u00a0\u00bbno\u00a0\u00bb type=\u00a0\u00bbfull_width\u00a0\u00bb angled_section=\u00a0\u00bbno\u00a0\u00bb text_align=\u00a0\u00bbleft\u00a0\u00bb background_image_as_pattern=\u00a0\u00bbwithout_pattern\u00a0\u00bb][vc_column][vc_empty_space height=\u00a0\u00bb50px\u00a0\u00bb][vc_empty_space height=\u00a0\u00bb70px\u00a0\u00bb][\/vc_column][\/vc_row][vc_row css_animation=\u00a0\u00bb\u00a0\u00bb row_type=\u00a0\u00bbrow\u00a0\u00bb use_row_as_full_screen_section=\u00a0\u00bbno\u00a0\u00bb type=\u00a0\u00bbfull_width\u00a0\u00bb angled_section=\u00a0\u00bbno\u00a0\u00bb text_align=\u00a0\u00bbleft\u00a0\u00bb background_image_as_pattern=\u00a0\u00bbwithout_pattern\u00a0\u00bb][vc_column][\/vc_column][\/vc_row]<\/p>\n","protected":false},"excerpt":{"rendered":"<p>[vc_row css_animation=\u00a0\u00bb\u00a0\u00bb row_type=\u00a0\u00bbrow\u00a0\u00bb use_row_as_full_screen_section=\u00a0\u00bbyes\u00a0\u00bb type=\u00a0\u00bbfull_width\u00a0\u00bb angled_section=\u00a0\u00bbno\u00a0\u00bb text_align=\u00a0\u00bbleft\u00a0\u00bb background_image_as_pattern=\u00a0\u00bbwithout_pattern\u00a0\u00bb z_index=\u00a0\u00bb\u00a0\u00bb][vc_column][vc_column_text][\/vc_column_text][vc_column_text] CARMINA: LE BOTTIER MAJORQUIN La plus grande des \u00eeles Bal\u00e9ares, haut lieu du tourisme europ\u00e9en depuis les ann\u00e9es 1950, Majorque est peut-\u00eatre mieux connue comme une destination d&rsquo;escapade ensoleill\u00e9e. Mais l&rsquo;\u00eele espagnole est aussi depuis longtemps un centre de cordonnerie, avec la ville d&rsquo;Inca au centre [&hellip;]<\/p>\n","protected":false},"author":3824,"featured_media":20190,"parent":19489,"menu_order":0,"comment_status":"closed","ping_status":"closed","template":"","meta":{"footnotes":""},"class_list":["post-19952","page","type-page","status-publish","has-post-thumbnail","hentry"],"yoast_head":"<!-- This site is optimized with the Yoast SEO plugin v27.3 - https:\/\/yoast.com\/product\/yoast-seo-wordpress\/ -->\n<title>Brogue<\/title>\n<meta name=\"description\" content=\"Carmina chaussures tient toujours \u00e0 respecter leurs standards historiques de fabrications : designs traditionnels et techniques ancestrales.\" \/>\n<meta name=\"robots\" content=\"index, follow, max-snippet:-1, max-image-preview:large, max-video-preview:-1\" \/>\n<link rel=\"canonical\" href=\"https:\/\/brogue.ch\/fr\/nos-marques\/carmina-chaussures\/\" \/>\n<meta property=\"og:locale\" content=\"fr_FR\" \/>\n<meta property=\"og:type\" content=\"article\" \/>\n<meta property=\"og:title\" content=\"Carmina \u2022 Chaussures Pour Homme Gen\u00e8ve | Brogue\" \/>\n<meta property=\"og:description\" content=\"Carmina chaussures tient toujours \u00e0 respecter leurs standards historiques de fabrications : designs traditionnels et techniques ancestrales.\" \/>\n<meta property=\"og:url\" content=\"https:\/\/brogue.ch\/fr\/nos-marques\/carmina-chaussures\/\" \/>\n<meta property=\"og:site_name\" content=\"Brogue\" \/>\n<meta property=\"article:modified_time\" content=\"2020-07-02T07:32:51+00:00\" \/>\n<meta property=\"og:image\" content=\"https:\/\/brogue.ch\/wp-content\/uploads\/2020\/06\/97293369_576753632972905_105093087009461847_n1.jpg\" \/>\n\t<meta property=\"og:image:width\" content=\"1080\" \/>\n\t<meta property=\"og:image:height\" content=\"1080\" \/>\n\t<meta property=\"og:image:type\" content=\"image\/jpeg\" \/>\n<meta name=\"twitter:card\" content=\"summary_large_image\" \/>\n<meta name=\"twitter:label1\" content=\"Dur\u00e9e de lecture estim\u00e9e\" \/>\n\t<meta name=\"twitter:data1\" content=\"3 minutes\" \/>\n<script type=\"application\/ld+json\" class=\"yoast-schema-graph\">{\"@context\":\"https:\\\/\\\/schema.org\",\"@graph\":[{\"@type\":\"WebPage\",\"@id\":\"https:\\\/\\\/brogue.ch\\\/fr\\\/nos-marques\\\/carmina-chaussures\\\/\",\"url\":\"https:\\\/\\\/brogue.ch\\\/fr\\\/nos-marques\\\/carmina-chaussures\\\/\",\"name\":\"Carmina \u2022 Chaussures Pour Homme Gen\u00e8ve | Brogue\",\"isPartOf\":{\"@id\":\"https:\\\/\\\/brogue.ch\\\/fr\\\/#website\"},\"primaryImageOfPage\":{\"@id\":\"https:\\\/\\\/brogue.ch\\\/fr\\\/nos-marques\\\/carmina-chaussures\\\/#primaryimage\"},\"image\":{\"@id\":\"https:\\\/\\\/brogue.ch\\\/fr\\\/nos-marques\\\/carmina-chaussures\\\/#primaryimage\"},\"thumbnailUrl\":\"https:\\\/\\\/brogue.ch\\\/wp-content\\\/uploads\\\/2020\\\/06\\\/97293369_576753632972905_105093087009461847_n1.jpg\",\"datePublished\":\"2020-06-23T11:25:05+00:00\",\"dateModified\":\"2020-07-02T07:32:51+00:00\",\"description\":\"Carmina chaussures tient toujours \u00e0 respecter leurs standards historiques de fabrications : designs traditionnels et techniques ancestrales.\",\"breadcrumb\":{\"@id\":\"https:\\\/\\\/brogue.ch\\\/fr\\\/nos-marques\\\/carmina-chaussures\\\/#breadcrumb\"},\"inLanguage\":\"fr-FR\",\"potentialAction\":[{\"@type\":\"ReadAction\",\"target\":[\"https:\\\/\\\/brogue.ch\\\/fr\\\/nos-marques\\\/carmina-chaussures\\\/\"]}]},{\"@type\":\"ImageObject\",\"inLanguage\":\"fr-FR\",\"@id\":\"https:\\\/\\\/brogue.ch\\\/fr\\\/nos-marques\\\/carmina-chaussures\\\/#primaryimage\",\"url\":\"https:\\\/\\\/brogue.ch\\\/wp-content\\\/uploads\\\/2020\\\/06\\\/97293369_576753632972905_105093087009461847_n1.jpg\",\"contentUrl\":\"https:\\\/\\\/brogue.ch\\\/wp-content\\\/uploads\\\/2020\\\/06\\\/97293369_576753632972905_105093087009461847_n1.jpg\",\"width\":1080,\"height\":1080},{\"@type\":\"BreadcrumbList\",\"@id\":\"https:\\\/\\\/brogue.ch\\\/fr\\\/nos-marques\\\/carmina-chaussures\\\/#breadcrumb\",\"itemListElement\":[{\"@type\":\"ListItem\",\"position\":1,\"name\":\"Home\",\"item\":\"https:\\\/\\\/brogue.ch\\\/fr\\\/\"},{\"@type\":\"ListItem\",\"position\":2,\"name\":\"Nos marques\",\"item\":\"https:\\\/\\\/brogue.ch\\\/fr\\\/nos-marques\\\/\"},{\"@type\":\"ListItem\",\"position\":3,\"name\":\"Carmina\"}]},{\"@type\":\"WebSite\",\"@id\":\"https:\\\/\\\/brogue.ch\\\/fr\\\/#website\",\"url\":\"https:\\\/\\\/brogue.ch\\\/fr\\\/\",\"name\":\"Brogue\",\"description\":\"World class shoes\",\"publisher\":{\"@id\":\"https:\\\/\\\/brogue.ch\\\/fr\\\/#organization\"},\"potentialAction\":[{\"@type\":\"SearchAction\",\"target\":{\"@type\":\"EntryPoint\",\"urlTemplate\":\"https:\\\/\\\/brogue.ch\\\/fr\\\/?s={search_term_string}\"},\"query-input\":{\"@type\":\"PropertyValueSpecification\",\"valueRequired\":true,\"valueName\":\"search_term_string\"}}],\"inLanguage\":\"fr-FR\"},{\"@type\":\"Organization\",\"@id\":\"https:\\\/\\\/brogue.ch\\\/fr\\\/#organization\",\"name\":\"Brogue\",\"url\":\"https:\\\/\\\/brogue.ch\\\/fr\\\/\",\"logo\":{\"@type\":\"ImageObject\",\"inLanguage\":\"fr-FR\",\"@id\":\"https:\\\/\\\/brogue.ch\\\/fr\\\/#\\\/schema\\\/logo\\\/image\\\/\",\"url\":\"https:\\\/\\\/brogue.ch\\\/wp-content\\\/uploads\\\/2020\\\/02\\\/logo-brogue.png\",\"contentUrl\":\"https:\\\/\\\/brogue.ch\\\/wp-content\\\/uploads\\\/2020\\\/02\\\/logo-brogue.png\",\"width\":1176,\"height\":444,\"caption\":\"Brogue\"},\"image\":{\"@id\":\"https:\\\/\\\/brogue.ch\\\/fr\\\/#\\\/schema\\\/logo\\\/image\\\/\"}}]}<\/script>\n<!-- \/ Yoast SEO plugin. -->","yoast_head_json":{"title":"Brogue","description":"Carmina chaussures tient toujours \u00e0 respecter leurs standards historiques de fabrications : designs traditionnels et techniques ancestrales.","robots":{"index":"index","follow":"follow","max-snippet":"max-snippet:-1","max-image-preview":"max-image-preview:large","max-video-preview":"max-video-preview:-1"},"canonical":"https:\/\/brogue.ch\/fr\/nos-marques\/carmina-chaussures\/","og_locale":"fr_FR","og_type":"article","og_title":"Carmina \u2022 Chaussures Pour Homme Gen\u00e8ve | Brogue","og_description":"Carmina chaussures tient toujours \u00e0 respecter leurs standards historiques de fabrications : designs traditionnels et techniques ancestrales.","og_url":"https:\/\/brogue.ch\/fr\/nos-marques\/carmina-chaussures\/","og_site_name":"Brogue","article_modified_time":"2020-07-02T07:32:51+00:00","og_image":[{"width":1080,"height":1080,"url":"https:\/\/brogue.ch\/wp-content\/uploads\/2020\/06\/97293369_576753632972905_105093087009461847_n1.jpg","type":"image\/jpeg"}],"twitter_card":"summary_large_image","twitter_misc":{"Dur\u00e9e de lecture estim\u00e9e":"3 minutes"},"schema":{"@context":"https:\/\/schema.org","@graph":[{"@type":"WebPage","@id":"https:\/\/brogue.ch\/fr\/nos-marques\/carmina-chaussures\/","url":"https:\/\/brogue.ch\/fr\/nos-marques\/carmina-chaussures\/","name":"Carmina \u2022 Chaussures Pour Homme Gen\u00e8ve | Brogue","isPartOf":{"@id":"https:\/\/brogue.ch\/fr\/#website"},"primaryImageOfPage":{"@id":"https:\/\/brogue.ch\/fr\/nos-marques\/carmina-chaussures\/#primaryimage"},"image":{"@id":"https:\/\/brogue.ch\/fr\/nos-marques\/carmina-chaussures\/#primaryimage"},"thumbnailUrl":"https:\/\/brogue.ch\/wp-content\/uploads\/2020\/06\/97293369_576753632972905_105093087009461847_n1.jpg","datePublished":"2020-06-23T11:25:05+00:00","dateModified":"2020-07-02T07:32:51+00:00","description":"Carmina chaussures tient toujours \u00e0 respecter leurs standards historiques de fabrications : designs traditionnels et techniques ancestrales.","breadcrumb":{"@id":"https:\/\/brogue.ch\/fr\/nos-marques\/carmina-chaussures\/#breadcrumb"},"inLanguage":"fr-FR","potentialAction":[{"@type":"ReadAction","target":["https:\/\/brogue.ch\/fr\/nos-marques\/carmina-chaussures\/"]}]},{"@type":"ImageObject","inLanguage":"fr-FR","@id":"https:\/\/brogue.ch\/fr\/nos-marques\/carmina-chaussures\/#primaryimage","url":"https:\/\/brogue.ch\/wp-content\/uploads\/2020\/06\/97293369_576753632972905_105093087009461847_n1.jpg","contentUrl":"https:\/\/brogue.ch\/wp-content\/uploads\/2020\/06\/97293369_576753632972905_105093087009461847_n1.jpg","width":1080,"height":1080},{"@type":"BreadcrumbList","@id":"https:\/\/brogue.ch\/fr\/nos-marques\/carmina-chaussures\/#breadcrumb","itemListElement":[{"@type":"ListItem","position":1,"name":"Home","item":"https:\/\/brogue.ch\/fr\/"},{"@type":"ListItem","position":2,"name":"Nos marques","item":"https:\/\/brogue.ch\/fr\/nos-marques\/"},{"@type":"ListItem","position":3,"name":"Carmina"}]},{"@type":"WebSite","@id":"https:\/\/brogue.ch\/fr\/#website","url":"https:\/\/brogue.ch\/fr\/","name":"Brogue","description":"World class shoes","publisher":{"@id":"https:\/\/brogue.ch\/fr\/#organization"},"potentialAction":[{"@type":"SearchAction","target":{"@type":"EntryPoint","urlTemplate":"https:\/\/brogue.ch\/fr\/?s={search_term_string}"},"query-input":{"@type":"PropertyValueSpecification","valueRequired":true,"valueName":"search_term_string"}}],"inLanguage":"fr-FR"},{"@type":"Organization","@id":"https:\/\/brogue.ch\/fr\/#organization","name":"Brogue","url":"https:\/\/brogue.ch\/fr\/","logo":{"@type":"ImageObject","inLanguage":"fr-FR","@id":"https:\/\/brogue.ch\/fr\/#\/schema\/logo\/image\/","url":"https:\/\/brogue.ch\/wp-content\/uploads\/2020\/02\/logo-brogue.png","contentUrl":"https:\/\/brogue.ch\/wp-content\/uploads\/2020\/02\/logo-brogue.png","width":1176,"height":444,"caption":"Brogue"},"image":{"@id":"https:\/\/brogue.ch\/fr\/#\/schema\/logo\/image\/"}}]}},"_links":{"self":[{"href":"https:\/\/brogue.ch\/fr\/wp-json\/wp\/v2\/pages\/19952","targetHints":{"allow":["GET"]}}],"collection":[{"href":"https:\/\/brogue.ch\/fr\/wp-json\/wp\/v2\/pages"}],"about":[{"href":"https:\/\/brogue.ch\/fr\/wp-json\/wp\/v2\/types\/page"}],"author":[{"embeddable":true,"href":"https:\/\/brogue.ch\/fr\/wp-json\/wp\/v2\/users\/3824"}],"replies":[{"embeddable":true,"href":"https:\/\/brogue.ch\/fr\/wp-json\/wp\/v2\/comments?post=19952"}],"version-history":[{"count":8,"href":"https:\/\/brogue.ch\/fr\/wp-json\/wp\/v2\/pages\/19952\/revisions"}],"predecessor-version":[{"id":20433,"href":"https:\/\/brogue.ch\/fr\/wp-json\/wp\/v2\/pages\/19952\/revisions\/20433"}],"up":[{"embeddable":true,"href":"https:\/\/brogue.ch\/fr\/wp-json\/wp\/v2\/pages\/19489"}],"wp:featuredmedia":[{"embeddable":true,"href":"https:\/\/brogue.ch\/fr\/wp-json\/wp\/v2\/media\/20190"}],"wp:attachment":[{"href":"https:\/\/brogue.ch\/fr\/wp-json\/wp\/v2\/media?parent=19952"}],"curies":[{"name":"wp","href":"https:\/\/api.w.org\/{rel}","templated":true}]}}