{"id":19958,"date":"2020-06-23T13:29:03","date_gmt":"2020-06-23T11:29:03","guid":{"rendered":"https:\/\/www.brogue.ch\/?page_id=19958"},"modified":"2022-08-01T12:13:14","modified_gmt":"2022-08-01T10:13:14","slug":"matthew-cookson-chaussures","status":"publish","type":"page","link":"https:\/\/brogue.ch\/fr\/nos-marques\/matthew-cookson-chaussures\/","title":{"rendered":"Matthew Cookson"},"content":{"rendered":"<p>[vc_row css_animation=\u00a0\u00bb\u00a0\u00bb row_type=\u00a0\u00bbrow\u00a0\u00bb use_row_as_full_screen_section=\u00a0\u00bbyes\u00a0\u00bb type=\u00a0\u00bbfull_width\u00a0\u00bb angled_section=\u00a0\u00bbno\u00a0\u00bb text_align=\u00a0\u00bbleft\u00a0\u00bb background_image_as_pattern=\u00a0\u00bbwithout_pattern\u00a0\u00bb z_index=\u00a0\u00bb\u00a0\u00bb][vc_column][vc_column_text]<img loading=\"lazy\" decoding=\"async\" class=\"alignnone wp-image-19461 size-medium\" src=\"https:\/\/preprod.brogue.ch\/wp-content\/uploads\/2020\/03\/Logo-Matthew-Cookson-Retina-600-300x90.png\" alt=\"matthew cookson chaussures Gen\u00e8ve\" width=\"300\" height=\"90\" srcset=\"https:\/\/brogue.ch\/wp-content\/uploads\/2020\/03\/Logo-Matthew-Cookson-Retina-600-300x90.png 300w, https:\/\/brogue.ch\/wp-content\/uploads\/2020\/03\/Logo-Matthew-Cookson-Retina-600-416x125.png 416w, https:\/\/brogue.ch\/wp-content\/uploads\/2020\/03\/Logo-Matthew-Cookson-Retina-600.png 600w\" sizes=\"auto, (max-width: 300px) 100vw, 300px\" \/>[\/vc_column_text][\/vc_column][\/vc_row][vc_row css_animation=\u00a0\u00bb\u00a0\u00bb row_type=\u00a0\u00bbrow\u00a0\u00bb use_row_as_full_screen_section=\u00a0\u00bbno\u00a0\u00bb type=\u00a0\u00bbfull_width\u00a0\u00bb angled_section=\u00a0\u00bbno\u00a0\u00bb text_align=\u00a0\u00bbleft\u00a0\u00bb background_image_as_pattern=\u00a0\u00bbwithout_pattern\u00a0\u00bb][vc_column][vc_empty_space][\/vc_column][\/vc_row][vc_row css_animation=\u00a0\u00bb\u00a0\u00bb row_type=\u00a0\u00bbrow\u00a0\u00bb use_row_as_full_screen_section=\u00a0\u00bbno\u00a0\u00bb type=\u00a0\u00bbfull_width\u00a0\u00bb angled_section=\u00a0\u00bbno\u00a0\u00bb text_align=\u00a0\u00bbleft\u00a0\u00bb background_image_as_pattern=\u00a0\u00bbwithout_pattern\u00a0\u00bb][vc_column][vc_column_text]<\/p>\n<h2 class=\"title titlef5ee0ebe471e38621165588\">MATTHEW COOKSON: LE CONFORT A L&rsquo;ANGLAISE<\/h2>\n<p>Matthew est l\u2019incarnation du gentleman anglais quelque peu excentrique. Partageant sa vie entre chasse au renard aux alentours de sa maison d\u2019Exmoor (Devon, UK), il arpente aussi les boulevards parisiens de Raspail et d\u2019Haussmann, sur lesquels il poss\u00e8de deux magnifiques boutiques.<\/p>\n<p>&nbsp;<\/p>\n<p>Il est le cr\u00e9ateur de deux lignes de slippers auxquelles il a offert son patronyme, dont l\u2019appellation britannique d\u2019Albert Slippers (en hommage au prince du m\u00eame nom) conviendrait mieux. Disponibles en velours brod\u00e9 de couleurs vives ou en veau velours souple, elles seront le compl\u00e9ment id\u00e9al du dandy pour la maison ou pour sortir. Nous avons l\u2019exclusivit\u00e9 des produits <a href=\"https:\/\/preprod.brogue.ch\/fr\/shop\/\" target=\"_blank\" rel=\"noopener noreferrer\">Matthew Cookson en Suisse<\/a>.[\/vc_column_text][vc_empty_space height=\u00a0\u00bb50px\u00a0\u00bb][\/vc_column][\/vc_row][vc_row css_animation=\u00a0\u00bb\u00a0\u00bb row_type=\u00a0\u00bbrow\u00a0\u00bb use_row_as_full_screen_section=\u00a0\u00bbno\u00a0\u00bb type=\u00a0\u00bbfull_width\u00a0\u00bb angled_section=\u00a0\u00bbno\u00a0\u00bb text_align=\u00a0\u00bbleft\u00a0\u00bb background_image_as_pattern=\u00a0\u00bbwithout_pattern\u00a0\u00bb][vc_column]<div class=\"woocommerce columns-4 \"><ul class=\"products columns-4\">\n<li class=\"add-to-wishlist-before_image product type-product post-34131 status-publish first instock product_cat-hommes product_cat-sortie has-post-thumbnail sale shipping-taxable purchasable product-type-variable\">\n\t\n<div\n\tclass=\"yith-wcwl-add-to-wishlist add-to-wishlist-34131 yith-wcwl-add-to-wishlist--button_default-style wishlist-fragment on-first-load\"\n\tdata-fragment-ref=\"34131\"\n\tdata-fragment-options=\"{&quot;base_url&quot;:&quot;&quot;,&quot;product_id&quot;:34131,&quot;parent_product_id&quot;:0,&quot;product_type&quot;:&quot;variable&quot;,&quot;is_single&quot;:false,&quot;in_default_wishlist&quot;:false,&quot;show_view&quot;:false,&quot;browse_wishlist_text&quot;:&quot;Browse wishlist&quot;,&quot;already_in_wishslist_text&quot;:&quot;The product is already in your wishlist!&quot;,&quot;product_added_text&quot;:&quot;Product added to your wishlist !&quot;,&quot;available_multi_wishlist&quot;:false,&quot;disable_wishlist&quot;:false,&quot;show_count&quot;:false,&quot;ajax_loading&quot;:false,&quot;loop_position&quot;:&quot;before_image&quot;,&quot;item&quot;:&quot;add_to_wishlist&quot;}\"\n>\n\t<\/div>\n<a href=\"https:\/\/brogue.ch\/fr\/product\/matthew-cookson-patent-slippers\/\" class=\"woocommerce-LoopProduct-link woocommerce-loop-product__link\"><img loading=\"lazy\" decoding=\"async\" width=\"324\" height=\"324\" src=\"https:\/\/brogue.ch\/wp-content\/uploads\/2022\/01\/IMG_3930-324x324.jpg\" class=\"attachment-woocommerce_thumbnail size-woocommerce_thumbnail\" alt=\"Matthew Cookson Pantoufles Vernis\" srcset=\"https:\/\/brogue.ch\/wp-content\/uploads\/2022\/01\/IMG_3930-324x324.jpg 324w, https:\/\/brogue.ch\/wp-content\/uploads\/2022\/01\/IMG_3930-100x100.jpg 100w, https:\/\/brogue.ch\/wp-content\/uploads\/2022\/01\/IMG_3930-150x150.jpg 150w, https:\/\/brogue.ch\/wp-content\/uploads\/2022\/01\/IMG_3930-570x570.jpg 570w, https:\/\/brogue.ch\/wp-content\/uploads\/2022\/01\/IMG_3930-500x500.jpg 500w, https:\/\/brogue.ch\/wp-content\/uploads\/2022\/01\/IMG_3930-1000x1000.jpg 1000w, https:\/\/brogue.ch\/wp-content\/uploads\/2022\/01\/IMG_3930-300x300.jpg 300w\" sizes=\"auto, (max-width: 324px) 100vw, 324px\" \/><h2 class=\"woocommerce-loop-product__title\">Matthew Cookson Pantoufles Vernis<\/h2>\n\t<span class=\"onsale\">Sale<\/span>\n\t\n\t<span class=\"price\"><del aria-hidden=\"true\"><span class=\"woocommerce-Price-amount amount\"><bdi><span class=\"woocommerce-Price-currencySymbol\">&#67;&#72;&#70;<\/span>450.00<\/bdi><\/span><\/del> <span class=\"screen-reader-text\">Le prix initial \u00e9tait\u00a0: &#067;&#072;&#070;450.00.<\/span><ins aria-hidden=\"true\"><span class=\"woocommerce-Price-amount amount\"><bdi><span class=\"woocommerce-Price-currencySymbol\">&#67;&#72;&#70;<\/span>225.00<\/bdi><\/span><\/ins><span class=\"screen-reader-text\">Le prix actuel est\u00a0: &#067;&#072;&#070;225.00.<\/span><\/span>\n<\/a><a href=\"https:\/\/brogue.ch\/fr\/product\/matthew-cookson-patent-slippers\/\" aria-describedby=\"woocommerce_loop_add_to_cart_link_describedby_34131\" data-quantity=\"1\" class=\"button product_type_variable add_to_cart_button\" data-product_id=\"34131\" data-product_sku=\"\" aria-label=\"S\u00e9lectionner les options pour &ldquo;Matthew Cookson Pantoufles Vernis&rdquo;\" rel=\"nofollow\">Choix des options<\/a>\t<span id=\"woocommerce_loop_add_to_cart_link_describedby_34131\" class=\"screen-reader-text\">\n\t\tCe produit a plusieurs variations. Les options peuvent \u00eatre choisies sur la page du produit\t<\/span>\n<span class=\"gtm4wp_productdata\" style=\"display:none; visibility:hidden;\" data-gtm4wp_product_data=\"{&quot;internal_id&quot;:34131,&quot;item_id&quot;:34131,&quot;item_name&quot;:&quot;Matthew Cookson Pantoufles Vernis&quot;,&quot;sku&quot;:34131,&quot;price&quot;:225,&quot;stocklevel&quot;:null,&quot;stockstatus&quot;:&quot;instock&quot;,&quot;google_business_vertical&quot;:&quot;retail&quot;,&quot;item_category&quot;:&quot;Sortie&quot;,&quot;id&quot;:34131,&quot;productlink&quot;:&quot;https:\\\/\\\/brogue.ch\\\/fr\\\/product\\\/matthew-cookson-patent-slippers\\\/&quot;,&quot;item_list_name&quot;:&quot;Liste g\\u00e9n\\u00e9rale des produits&quot;,&quot;index&quot;:1,&quot;product_type&quot;:&quot;variable&quot;,&quot;item_brand&quot;:&quot;&quot;}\"><\/span><\/li>\n<\/ul>\n<\/div>[\/vc_column][\/vc_row]<\/p>\n","protected":false},"excerpt":{"rendered":"<p>[vc_row css_animation=\u00a0\u00bb\u00a0\u00bb row_type=\u00a0\u00bbrow\u00a0\u00bb use_row_as_full_screen_section=\u00a0\u00bbyes\u00a0\u00bb type=\u00a0\u00bbfull_width\u00a0\u00bb angled_section=\u00a0\u00bbno\u00a0\u00bb text_align=\u00a0\u00bbleft\u00a0\u00bb background_image_as_pattern=\u00a0\u00bbwithout_pattern\u00a0\u00bb z_index=\u00a0\u00bb\u00a0\u00bb][vc_column][vc_column_text][\/vc_column_text][\/vc_column][\/vc_row][vc_row css_animation=\u00a0\u00bb\u00a0\u00bb row_type=\u00a0\u00bbrow\u00a0\u00bb use_row_as_full_screen_section=\u00a0\u00bbno\u00a0\u00bb type=\u00a0\u00bbfull_width\u00a0\u00bb angled_section=\u00a0\u00bbno\u00a0\u00bb text_align=\u00a0\u00bbleft\u00a0\u00bb background_image_as_pattern=\u00a0\u00bbwithout_pattern\u00a0\u00bb][vc_column][vc_empty_space][\/vc_column][\/vc_row][vc_row css_animation=\u00a0\u00bb\u00a0\u00bb row_type=\u00a0\u00bbrow\u00a0\u00bb use_row_as_full_screen_section=\u00a0\u00bbno\u00a0\u00bb type=\u00a0\u00bbfull_width\u00a0\u00bb angled_section=\u00a0\u00bbno\u00a0\u00bb text_align=\u00a0\u00bbleft\u00a0\u00bb background_image_as_pattern=\u00a0\u00bbwithout_pattern\u00a0\u00bb][vc_column][vc_column_text] MATTHEW COOKSON: LE CONFORT A L&rsquo;ANGLAISE Matthew est l\u2019incarnation du gentleman anglais quelque peu excentrique. Partageant sa vie entre chasse au renard aux alentours de sa maison d\u2019Exmoor (Devon, UK), il arpente [&hellip;]<\/p>\n","protected":false},"author":3824,"featured_media":20194,"parent":19489,"menu_order":0,"comment_status":"closed","ping_status":"closed","template":"","meta":{"footnotes":""},"class_list":["post-19958","page","type-page","status-publish","has-post-thumbnail","hentry"],"yoast_head":"<!-- This site is optimized with the Yoast SEO plugin v27.3 - https:\/\/yoast.com\/product\/yoast-seo-wordpress\/ -->\n<title>Brogue<\/title>\n<meta name=\"description\" content=\"Matthew Cookson est le cr\u00e9ateur de deux lignes de slippers auxquelles il a offert son patronyme. Il est l\u2019incarnation du gentleman quelque peu excentrique.\" \/>\n<meta name=\"robots\" content=\"index, follow, max-snippet:-1, max-image-preview:large, max-video-preview:-1\" \/>\n<link rel=\"canonical\" href=\"https:\/\/brogue.ch\/fr\/nos-marques\/matthew-cookson-chaussures\/\" \/>\n<meta property=\"og:locale\" content=\"fr_FR\" \/>\n<meta property=\"og:type\" content=\"article\" \/>\n<meta property=\"og:title\" content=\"Matthew Cookson \u2022 Chaussures Pour Homme Gen\u00e8ve | Brogue\" \/>\n<meta property=\"og:description\" content=\"Matthew Cookson est le cr\u00e9ateur de deux lignes de slippers auxquelles il a offert son patronyme. Il est l\u2019incarnation du gentleman quelque peu excentrique.\" \/>\n<meta property=\"og:url\" content=\"https:\/\/brogue.ch\/fr\/nos-marques\/matthew-cookson-chaussures\/\" \/>\n<meta property=\"og:site_name\" content=\"Brogue\" \/>\n<meta property=\"article:modified_time\" content=\"2022-08-01T10:13:14+00:00\" \/>\n<meta property=\"og:image\" content=\"https:\/\/brogue.ch\/wp-content\/uploads\/2020\/06\/73377058_204300550571482_3249789380911089048_n.jpg\" \/>\n\t<meta property=\"og:image:width\" content=\"538\" \/>\n\t<meta property=\"og:image:height\" content=\"538\" \/>\n\t<meta property=\"og:image:type\" content=\"image\/jpeg\" \/>\n<meta name=\"twitter:card\" content=\"summary_large_image\" \/>\n<meta name=\"twitter:label1\" content=\"Dur\u00e9e de lecture estim\u00e9e\" \/>\n\t<meta name=\"twitter:data1\" content=\"1 minute\" \/>\n<script type=\"application\/ld+json\" class=\"yoast-schema-graph\">{\"@context\":\"https:\\\/\\\/schema.org\",\"@graph\":[{\"@type\":\"WebPage\",\"@id\":\"https:\\\/\\\/brogue.ch\\\/fr\\\/nos-marques\\\/matthew-cookson-chaussures\\\/\",\"url\":\"https:\\\/\\\/brogue.ch\\\/fr\\\/nos-marques\\\/matthew-cookson-chaussures\\\/\",\"name\":\"Matthew Cookson \u2022 Chaussures Pour Homme Gen\u00e8ve | Brogue\",\"isPartOf\":{\"@id\":\"https:\\\/\\\/brogue.ch\\\/fr\\\/#website\"},\"primaryImageOfPage\":{\"@id\":\"https:\\\/\\\/brogue.ch\\\/fr\\\/nos-marques\\\/matthew-cookson-chaussures\\\/#primaryimage\"},\"image\":{\"@id\":\"https:\\\/\\\/brogue.ch\\\/fr\\\/nos-marques\\\/matthew-cookson-chaussures\\\/#primaryimage\"},\"thumbnailUrl\":\"https:\\\/\\\/brogue.ch\\\/wp-content\\\/uploads\\\/2020\\\/06\\\/73377058_204300550571482_3249789380911089048_n.jpg\",\"datePublished\":\"2020-06-23T11:29:03+00:00\",\"dateModified\":\"2022-08-01T10:13:14+00:00\",\"description\":\"Matthew Cookson est le cr\u00e9ateur de deux lignes de slippers auxquelles il a offert son patronyme. Il est l\u2019incarnation du gentleman quelque peu excentrique.\",\"breadcrumb\":{\"@id\":\"https:\\\/\\\/brogue.ch\\\/fr\\\/nos-marques\\\/matthew-cookson-chaussures\\\/#breadcrumb\"},\"inLanguage\":\"fr-FR\",\"potentialAction\":[{\"@type\":\"ReadAction\",\"target\":[\"https:\\\/\\\/brogue.ch\\\/fr\\\/nos-marques\\\/matthew-cookson-chaussures\\\/\"]}]},{\"@type\":\"ImageObject\",\"inLanguage\":\"fr-FR\",\"@id\":\"https:\\\/\\\/brogue.ch\\\/fr\\\/nos-marques\\\/matthew-cookson-chaussures\\\/#primaryimage\",\"url\":\"https:\\\/\\\/brogue.ch\\\/wp-content\\\/uploads\\\/2020\\\/06\\\/73377058_204300550571482_3249789380911089048_n.jpg\",\"contentUrl\":\"https:\\\/\\\/brogue.ch\\\/wp-content\\\/uploads\\\/2020\\\/06\\\/73377058_204300550571482_3249789380911089048_n.jpg\",\"width\":538,\"height\":538},{\"@type\":\"BreadcrumbList\",\"@id\":\"https:\\\/\\\/brogue.ch\\\/fr\\\/nos-marques\\\/matthew-cookson-chaussures\\\/#breadcrumb\",\"itemListElement\":[{\"@type\":\"ListItem\",\"position\":1,\"name\":\"Home\",\"item\":\"https:\\\/\\\/brogue.ch\\\/fr\\\/\"},{\"@type\":\"ListItem\",\"position\":2,\"name\":\"Nos marques\",\"item\":\"https:\\\/\\\/brogue.ch\\\/fr\\\/nos-marques\\\/\"},{\"@type\":\"ListItem\",\"position\":3,\"name\":\"Matthew Cookson\"}]},{\"@type\":\"WebSite\",\"@id\":\"https:\\\/\\\/brogue.ch\\\/fr\\\/#website\",\"url\":\"https:\\\/\\\/brogue.ch\\\/fr\\\/\",\"name\":\"Brogue\",\"description\":\"World class shoes\",\"publisher\":{\"@id\":\"https:\\\/\\\/brogue.ch\\\/fr\\\/#organization\"},\"potentialAction\":[{\"@type\":\"SearchAction\",\"target\":{\"@type\":\"EntryPoint\",\"urlTemplate\":\"https:\\\/\\\/brogue.ch\\\/fr\\\/?s={search_term_string}\"},\"query-input\":{\"@type\":\"PropertyValueSpecification\",\"valueRequired\":true,\"valueName\":\"search_term_string\"}}],\"inLanguage\":\"fr-FR\"},{\"@type\":\"Organization\",\"@id\":\"https:\\\/\\\/brogue.ch\\\/fr\\\/#organization\",\"name\":\"Brogue\",\"url\":\"https:\\\/\\\/brogue.ch\\\/fr\\\/\",\"logo\":{\"@type\":\"ImageObject\",\"inLanguage\":\"fr-FR\",\"@id\":\"https:\\\/\\\/brogue.ch\\\/fr\\\/#\\\/schema\\\/logo\\\/image\\\/\",\"url\":\"https:\\\/\\\/brogue.ch\\\/wp-content\\\/uploads\\\/2020\\\/02\\\/logo-brogue.png\",\"contentUrl\":\"https:\\\/\\\/brogue.ch\\\/wp-content\\\/uploads\\\/2020\\\/02\\\/logo-brogue.png\",\"width\":1176,\"height\":444,\"caption\":\"Brogue\"},\"image\":{\"@id\":\"https:\\\/\\\/brogue.ch\\\/fr\\\/#\\\/schema\\\/logo\\\/image\\\/\"}}]}<\/script>\n<!-- \/ Yoast SEO plugin. -->","yoast_head_json":{"title":"Brogue","description":"Matthew Cookson est le cr\u00e9ateur de deux lignes de slippers auxquelles il a offert son patronyme. Il est l\u2019incarnation du gentleman quelque peu excentrique.","robots":{"index":"index","follow":"follow","max-snippet":"max-snippet:-1","max-image-preview":"max-image-preview:large","max-video-preview":"max-video-preview:-1"},"canonical":"https:\/\/brogue.ch\/fr\/nos-marques\/matthew-cookson-chaussures\/","og_locale":"fr_FR","og_type":"article","og_title":"Matthew Cookson \u2022 Chaussures Pour Homme Gen\u00e8ve | Brogue","og_description":"Matthew Cookson est le cr\u00e9ateur de deux lignes de slippers auxquelles il a offert son patronyme. Il est l\u2019incarnation du gentleman quelque peu excentrique.","og_url":"https:\/\/brogue.ch\/fr\/nos-marques\/matthew-cookson-chaussures\/","og_site_name":"Brogue","article_modified_time":"2022-08-01T10:13:14+00:00","og_image":[{"width":538,"height":538,"url":"https:\/\/brogue.ch\/wp-content\/uploads\/2020\/06\/73377058_204300550571482_3249789380911089048_n.jpg","type":"image\/jpeg"}],"twitter_card":"summary_large_image","twitter_misc":{"Dur\u00e9e de lecture estim\u00e9e":"1 minute"},"schema":{"@context":"https:\/\/schema.org","@graph":[{"@type":"WebPage","@id":"https:\/\/brogue.ch\/fr\/nos-marques\/matthew-cookson-chaussures\/","url":"https:\/\/brogue.ch\/fr\/nos-marques\/matthew-cookson-chaussures\/","name":"Matthew Cookson \u2022 Chaussures Pour Homme Gen\u00e8ve | Brogue","isPartOf":{"@id":"https:\/\/brogue.ch\/fr\/#website"},"primaryImageOfPage":{"@id":"https:\/\/brogue.ch\/fr\/nos-marques\/matthew-cookson-chaussures\/#primaryimage"},"image":{"@id":"https:\/\/brogue.ch\/fr\/nos-marques\/matthew-cookson-chaussures\/#primaryimage"},"thumbnailUrl":"https:\/\/brogue.ch\/wp-content\/uploads\/2020\/06\/73377058_204300550571482_3249789380911089048_n.jpg","datePublished":"2020-06-23T11:29:03+00:00","dateModified":"2022-08-01T10:13:14+00:00","description":"Matthew Cookson est le cr\u00e9ateur de deux lignes de slippers auxquelles il a offert son patronyme. Il est l\u2019incarnation du gentleman quelque peu excentrique.","breadcrumb":{"@id":"https:\/\/brogue.ch\/fr\/nos-marques\/matthew-cookson-chaussures\/#breadcrumb"},"inLanguage":"fr-FR","potentialAction":[{"@type":"ReadAction","target":["https:\/\/brogue.ch\/fr\/nos-marques\/matthew-cookson-chaussures\/"]}]},{"@type":"ImageObject","inLanguage":"fr-FR","@id":"https:\/\/brogue.ch\/fr\/nos-marques\/matthew-cookson-chaussures\/#primaryimage","url":"https:\/\/brogue.ch\/wp-content\/uploads\/2020\/06\/73377058_204300550571482_3249789380911089048_n.jpg","contentUrl":"https:\/\/brogue.ch\/wp-content\/uploads\/2020\/06\/73377058_204300550571482_3249789380911089048_n.jpg","width":538,"height":538},{"@type":"BreadcrumbList","@id":"https:\/\/brogue.ch\/fr\/nos-marques\/matthew-cookson-chaussures\/#breadcrumb","itemListElement":[{"@type":"ListItem","position":1,"name":"Home","item":"https:\/\/brogue.ch\/fr\/"},{"@type":"ListItem","position":2,"name":"Nos marques","item":"https:\/\/brogue.ch\/fr\/nos-marques\/"},{"@type":"ListItem","position":3,"name":"Matthew Cookson"}]},{"@type":"WebSite","@id":"https:\/\/brogue.ch\/fr\/#website","url":"https:\/\/brogue.ch\/fr\/","name":"Brogue","description":"World class shoes","publisher":{"@id":"https:\/\/brogue.ch\/fr\/#organization"},"potentialAction":[{"@type":"SearchAction","target":{"@type":"EntryPoint","urlTemplate":"https:\/\/brogue.ch\/fr\/?s={search_term_string}"},"query-input":{"@type":"PropertyValueSpecification","valueRequired":true,"valueName":"search_term_string"}}],"inLanguage":"fr-FR"},{"@type":"Organization","@id":"https:\/\/brogue.ch\/fr\/#organization","name":"Brogue","url":"https:\/\/brogue.ch\/fr\/","logo":{"@type":"ImageObject","inLanguage":"fr-FR","@id":"https:\/\/brogue.ch\/fr\/#\/schema\/logo\/image\/","url":"https:\/\/brogue.ch\/wp-content\/uploads\/2020\/02\/logo-brogue.png","contentUrl":"https:\/\/brogue.ch\/wp-content\/uploads\/2020\/02\/logo-brogue.png","width":1176,"height":444,"caption":"Brogue"},"image":{"@id":"https:\/\/brogue.ch\/fr\/#\/schema\/logo\/image\/"}}]}},"_links":{"self":[{"href":"https:\/\/brogue.ch\/fr\/wp-json\/wp\/v2\/pages\/19958","targetHints":{"allow":["GET"]}}],"collection":[{"href":"https:\/\/brogue.ch\/fr\/wp-json\/wp\/v2\/pages"}],"about":[{"href":"https:\/\/brogue.ch\/fr\/wp-json\/wp\/v2\/types\/page"}],"author":[{"embeddable":true,"href":"https:\/\/brogue.ch\/fr\/wp-json\/wp\/v2\/users\/3824"}],"replies":[{"embeddable":true,"href":"https:\/\/brogue.ch\/fr\/wp-json\/wp\/v2\/comments?post=19958"}],"version-history":[{"count":10,"href":"https:\/\/brogue.ch\/fr\/wp-json\/wp\/v2\/pages\/19958\/revisions"}],"predecessor-version":[{"id":40023,"href":"https:\/\/brogue.ch\/fr\/wp-json\/wp\/v2\/pages\/19958\/revisions\/40023"}],"up":[{"embeddable":true,"href":"https:\/\/brogue.ch\/fr\/wp-json\/wp\/v2\/pages\/19489"}],"wp:featuredmedia":[{"embeddable":true,"href":"https:\/\/brogue.ch\/fr\/wp-json\/wp\/v2\/media\/20194"}],"wp:attachment":[{"href":"https:\/\/brogue.ch\/fr\/wp-json\/wp\/v2\/media?parent=19958"}],"curies":[{"name":"wp","href":"https:\/\/api.w.org\/{rel}","templated":true}]}}