{"id":19963,"date":"2020-06-15T09:47:16","date_gmt":"2020-06-15T07:47:16","guid":{"rendered":"https:\/\/www.brogue.ch\/?page_id=19963"},"modified":"2020-06-23T15:00:16","modified_gmt":"2020-06-23T13:00:16","slug":"zonkey-boot-chaussures","status":"publish","type":"page","link":"https:\/\/brogue.ch\/fr\/nos-marques\/zonkey-boot-chaussures\/","title":{"rendered":"Zonkey Boot"},"content":{"rendered":"<p>[vc_row css_animation=\u00a0\u00bb\u00a0\u00bb row_type=\u00a0\u00bbrow\u00a0\u00bb use_row_as_full_screen_section=\u00a0\u00bbyes\u00a0\u00bb type=\u00a0\u00bbfull_width\u00a0\u00bb angled_section=\u00a0\u00bbno\u00a0\u00bb text_align=\u00a0\u00bbleft\u00a0\u00bb background_image_as_pattern=\u00a0\u00bbwithout_pattern\u00a0\u00bb z_index=\u00a0\u00bb\u00a0\u00bb][vc_column][vc_column_text]<img loading=\"lazy\" decoding=\"async\" class=\"alignnone wp-image-17411 size-full\" src=\"https:\/\/preprod.brogue.ch\/wp-content\/uploads\/2020\/03\/zonkeyboot-150x150-1.png\" alt=\"\" width=\"150\" height=\"150\" srcset=\"https:\/\/brogue.ch\/wp-content\/uploads\/2020\/03\/zonkeyboot-150x150-1.png 150w, https:\/\/brogue.ch\/wp-content\/uploads\/2020\/03\/zonkeyboot-150x150-1-100x100.png 100w\" sizes=\"auto, (max-width: 150px) 100vw, 150px\" \/>[\/vc_column_text][vc_column_text]<\/p>\n<h2 class=\"entry-title\">ZONKEY BOOT: CHAUSSURES FAITES \u00c0 LA MAIN<\/h2>\n<p>&nbsp;<\/p>\n<p>Con\u00e7u \u00e0 Vienne, fabriqu\u00e9 en V\u00e9n\u00e9tie.<\/p>\n<p>La marque Zonkey Boot a \u00e9t\u00e9 fond\u00e9e en 2010 par Alexandra Diaconu et Michael Rollig et a son si\u00e8ge dans leur ville natale de Vienne, en Autriche. Zonkey vise \u00e0 marier le design moderne aux valeurs traditionnelles de la cordonnerie. Il n&rsquo;y a pas de place pour la fabrication robotis\u00e9e et chaque paire n\u00e9cessite des centaines d&rsquo;\u00e9tapes. C&rsquo;est l&rsquo;une des rares marques haut de gamme \u00e0 pouvoir se targuer d&rsquo;avoir des tr\u00e9pointes cousues \u00e0 la main, un proc\u00e9d\u00e9 g\u00e9n\u00e9ralement r\u00e9serv\u00e9 \u00e0 la fabrication de chaussures sur mesure.<\/p>\n<p>&nbsp;<\/p>\n<p>Beaucoup d&rsquo;autres \u00e9tapes reposent \u00e9galement sur une comp\u00e9tence manuelle pure. D&rsquo;autres op\u00e9rations sont ex\u00e9cut\u00e9es avec des machines anciennes et souvent irrempla\u00e7ables, mais c&rsquo;est toujours la main directrice d&rsquo;un artisan qualifi\u00e9 qui garantit le r\u00e9sultat parfait. Les Zonkey Boot sont certainement des enfants nouveaux sur le march\u00e9, mais leur philosophie garantit que l&rsquo;artisanat traditionnel est v\u00e9n\u00e9r\u00e9 et respect\u00e9.[\/vc_column_text][\/vc_column][\/vc_row][vc_row css_animation=\u00a0\u00bb\u00a0\u00bb row_type=\u00a0\u00bbrow\u00a0\u00bb use_row_as_full_screen_section=\u00a0\u00bbno\u00a0\u00bb type=\u00a0\u00bbfull_width\u00a0\u00bb angled_section=\u00a0\u00bbno\u00a0\u00bb text_align=\u00a0\u00bbleft\u00a0\u00bb background_image_as_pattern=\u00a0\u00bbwithout_pattern\u00a0\u00bb][vc_column][vc_empty_space height=\u00a0\u00bb50px\u00a0\u00bb][vc_empty_space height=\u00a0\u00bb70px\u00a0\u00bb][\/vc_column][\/vc_row][vc_row css_animation=\u00a0\u00bb\u00a0\u00bb row_type=\u00a0\u00bbrow\u00a0\u00bb use_row_as_full_screen_section=\u00a0\u00bbno\u00a0\u00bb type=\u00a0\u00bbfull_width\u00a0\u00bb angled_section=\u00a0\u00bbno\u00a0\u00bb text_align=\u00a0\u00bbleft\u00a0\u00bb background_image_as_pattern=\u00a0\u00bbwithout_pattern\u00a0\u00bb][vc_column][\/vc_column][\/vc_row]<\/p>\n","protected":false},"excerpt":{"rendered":"<p>[vc_row css_animation=\u00a0\u00bb\u00a0\u00bb row_type=\u00a0\u00bbrow\u00a0\u00bb use_row_as_full_screen_section=\u00a0\u00bbyes\u00a0\u00bb type=\u00a0\u00bbfull_width\u00a0\u00bb angled_section=\u00a0\u00bbno\u00a0\u00bb text_align=\u00a0\u00bbleft\u00a0\u00bb background_image_as_pattern=\u00a0\u00bbwithout_pattern\u00a0\u00bb z_index=\u00a0\u00bb\u00a0\u00bb][vc_column][vc_column_text][\/vc_column_text][vc_column_text] ZONKEY BOOT: CHAUSSURES FAITES \u00c0 LA MAIN &nbsp; Con\u00e7u \u00e0 Vienne, fabriqu\u00e9 en V\u00e9n\u00e9tie. La marque Zonkey Boot a \u00e9t\u00e9 fond\u00e9e en 2010 par Alexandra Diaconu et Michael Rollig et a son si\u00e8ge dans leur ville natale de Vienne, en Autriche. Zonkey vise \u00e0 marier le [&hellip;]<\/p>\n","protected":false},"author":3824,"featured_media":0,"parent":19489,"menu_order":0,"comment_status":"closed","ping_status":"closed","template":"","meta":{"footnotes":""},"class_list":["post-19963","page","type-page","status-publish","hentry"],"yoast_head":"<!-- This site is optimized with the Yoast SEO plugin v27.3 - https:\/\/yoast.com\/product\/yoast-seo-wordpress\/ -->\n<title>Brogue<\/title>\n<meta name=\"robots\" content=\"index, follow, max-snippet:-1, max-image-preview:large, max-video-preview:-1\" \/>\n<link rel=\"canonical\" href=\"https:\/\/brogue.ch\/fr\/nos-marques\/zonkey-boot-chaussures\/\" \/>\n<meta property=\"og:locale\" content=\"fr_FR\" \/>\n<meta property=\"og:type\" content=\"article\" \/>\n<meta property=\"og:title\" content=\"Zonkey Boot &#8226; Brogue\" \/>\n<meta property=\"og:description\" content=\"[vc_row css_animation=\u00a0\u00bb\u00a0\u00bb row_type=\u00a0\u00bbrow\u00a0\u00bb use_row_as_full_screen_section=\u00a0\u00bbyes\u00a0\u00bb type=\u00a0\u00bbfull_width\u00a0\u00bb angled_section=\u00a0\u00bbno\u00a0\u00bb text_align=\u00a0\u00bbleft\u00a0\u00bb background_image_as_pattern=\u00a0\u00bbwithout_pattern\u00a0\u00bb z_index=\u00a0\u00bb\u00a0\u00bb][vc_column][vc_column_text][\/vc_column_text][vc_column_text] ZONKEY BOOT: CHAUSSURES FAITES \u00c0 LA MAIN &nbsp; Con\u00e7u \u00e0 Vienne, fabriqu\u00e9 en V\u00e9n\u00e9tie. La marque Zonkey Boot a \u00e9t\u00e9 fond\u00e9e en 2010 par Alexandra Diaconu et Michael Rollig et a son si\u00e8ge dans leur ville natale de Vienne, en Autriche. Zonkey vise \u00e0 marier le [&hellip;]\" \/>\n<meta property=\"og:url\" content=\"https:\/\/brogue.ch\/fr\/nos-marques\/zonkey-boot-chaussures\/\" \/>\n<meta property=\"og:site_name\" content=\"Brogue\" \/>\n<meta property=\"article:modified_time\" content=\"2020-06-23T13:00:16+00:00\" \/>\n<meta property=\"og:image\" content=\"https:\/\/preprod.brogue.ch\/wp-content\/uploads\/2020\/03\/zonkeyboot-150x150-1.png\" \/>\n<meta name=\"twitter:card\" content=\"summary_large_image\" \/>\n<meta name=\"twitter:label1\" content=\"Dur\u00e9e de lecture estim\u00e9e\" \/>\n\t<meta name=\"twitter:data1\" content=\"2 minutes\" \/>\n<script type=\"application\/ld+json\" class=\"yoast-schema-graph\">{\"@context\":\"https:\\\/\\\/schema.org\",\"@graph\":[{\"@type\":\"WebPage\",\"@id\":\"https:\\\/\\\/brogue.ch\\\/fr\\\/nos-marques\\\/zonkey-boot-chaussures\\\/\",\"url\":\"https:\\\/\\\/brogue.ch\\\/fr\\\/nos-marques\\\/zonkey-boot-chaussures\\\/\",\"name\":\"Zonkey Boot &#8226; Brogue\",\"isPartOf\":{\"@id\":\"https:\\\/\\\/brogue.ch\\\/fr\\\/#website\"},\"primaryImageOfPage\":{\"@id\":\"https:\\\/\\\/brogue.ch\\\/fr\\\/nos-marques\\\/zonkey-boot-chaussures\\\/#primaryimage\"},\"image\":{\"@id\":\"https:\\\/\\\/brogue.ch\\\/fr\\\/nos-marques\\\/zonkey-boot-chaussures\\\/#primaryimage\"},\"thumbnailUrl\":\"https:\\\/\\\/preprod.brogue.ch\\\/wp-content\\\/uploads\\\/2020\\\/03\\\/zonkeyboot-150x150-1.png\",\"datePublished\":\"2020-06-15T07:47:16+00:00\",\"dateModified\":\"2020-06-23T13:00:16+00:00\",\"breadcrumb\":{\"@id\":\"https:\\\/\\\/brogue.ch\\\/fr\\\/nos-marques\\\/zonkey-boot-chaussures\\\/#breadcrumb\"},\"inLanguage\":\"fr-FR\",\"potentialAction\":[{\"@type\":\"ReadAction\",\"target\":[\"https:\\\/\\\/brogue.ch\\\/fr\\\/nos-marques\\\/zonkey-boot-chaussures\\\/\"]}]},{\"@type\":\"ImageObject\",\"inLanguage\":\"fr-FR\",\"@id\":\"https:\\\/\\\/brogue.ch\\\/fr\\\/nos-marques\\\/zonkey-boot-chaussures\\\/#primaryimage\",\"url\":\"https:\\\/\\\/preprod.brogue.ch\\\/wp-content\\\/uploads\\\/2020\\\/03\\\/zonkeyboot-150x150-1.png\",\"contentUrl\":\"https:\\\/\\\/preprod.brogue.ch\\\/wp-content\\\/uploads\\\/2020\\\/03\\\/zonkeyboot-150x150-1.png\"},{\"@type\":\"BreadcrumbList\",\"@id\":\"https:\\\/\\\/brogue.ch\\\/fr\\\/nos-marques\\\/zonkey-boot-chaussures\\\/#breadcrumb\",\"itemListElement\":[{\"@type\":\"ListItem\",\"position\":1,\"name\":\"Home\",\"item\":\"https:\\\/\\\/brogue.ch\\\/fr\\\/\"},{\"@type\":\"ListItem\",\"position\":2,\"name\":\"Nos marques\",\"item\":\"https:\\\/\\\/brogue.ch\\\/fr\\\/nos-marques\\\/\"},{\"@type\":\"ListItem\",\"position\":3,\"name\":\"Zonkey Boot\"}]},{\"@type\":\"WebSite\",\"@id\":\"https:\\\/\\\/brogue.ch\\\/fr\\\/#website\",\"url\":\"https:\\\/\\\/brogue.ch\\\/fr\\\/\",\"name\":\"Brogue\",\"description\":\"World class shoes\",\"publisher\":{\"@id\":\"https:\\\/\\\/brogue.ch\\\/fr\\\/#organization\"},\"potentialAction\":[{\"@type\":\"SearchAction\",\"target\":{\"@type\":\"EntryPoint\",\"urlTemplate\":\"https:\\\/\\\/brogue.ch\\\/fr\\\/?s={search_term_string}\"},\"query-input\":{\"@type\":\"PropertyValueSpecification\",\"valueRequired\":true,\"valueName\":\"search_term_string\"}}],\"inLanguage\":\"fr-FR\"},{\"@type\":\"Organization\",\"@id\":\"https:\\\/\\\/brogue.ch\\\/fr\\\/#organization\",\"name\":\"Brogue\",\"url\":\"https:\\\/\\\/brogue.ch\\\/fr\\\/\",\"logo\":{\"@type\":\"ImageObject\",\"inLanguage\":\"fr-FR\",\"@id\":\"https:\\\/\\\/brogue.ch\\\/fr\\\/#\\\/schema\\\/logo\\\/image\\\/\",\"url\":\"https:\\\/\\\/brogue.ch\\\/wp-content\\\/uploads\\\/2020\\\/02\\\/logo-brogue.png\",\"contentUrl\":\"https:\\\/\\\/brogue.ch\\\/wp-content\\\/uploads\\\/2020\\\/02\\\/logo-brogue.png\",\"width\":1176,\"height\":444,\"caption\":\"Brogue\"},\"image\":{\"@id\":\"https:\\\/\\\/brogue.ch\\\/fr\\\/#\\\/schema\\\/logo\\\/image\\\/\"}}]}<\/script>\n<!-- \/ Yoast SEO plugin. -->","yoast_head_json":{"title":"Brogue","robots":{"index":"index","follow":"follow","max-snippet":"max-snippet:-1","max-image-preview":"max-image-preview:large","max-video-preview":"max-video-preview:-1"},"canonical":"https:\/\/brogue.ch\/fr\/nos-marques\/zonkey-boot-chaussures\/","og_locale":"fr_FR","og_type":"article","og_title":"Zonkey Boot &#8226; Brogue","og_description":"[vc_row css_animation=\u00a0\u00bb\u00a0\u00bb row_type=\u00a0\u00bbrow\u00a0\u00bb use_row_as_full_screen_section=\u00a0\u00bbyes\u00a0\u00bb type=\u00a0\u00bbfull_width\u00a0\u00bb angled_section=\u00a0\u00bbno\u00a0\u00bb text_align=\u00a0\u00bbleft\u00a0\u00bb background_image_as_pattern=\u00a0\u00bbwithout_pattern\u00a0\u00bb z_index=\u00a0\u00bb\u00a0\u00bb][vc_column][vc_column_text][\/vc_column_text][vc_column_text] ZONKEY BOOT: CHAUSSURES FAITES \u00c0 LA MAIN &nbsp; Con\u00e7u \u00e0 Vienne, fabriqu\u00e9 en V\u00e9n\u00e9tie. La marque Zonkey Boot a \u00e9t\u00e9 fond\u00e9e en 2010 par Alexandra Diaconu et Michael Rollig et a son si\u00e8ge dans leur ville natale de Vienne, en Autriche. Zonkey vise \u00e0 marier le [&hellip;]","og_url":"https:\/\/brogue.ch\/fr\/nos-marques\/zonkey-boot-chaussures\/","og_site_name":"Brogue","article_modified_time":"2020-06-23T13:00:16+00:00","og_image":[{"url":"https:\/\/preprod.brogue.ch\/wp-content\/uploads\/2020\/03\/zonkeyboot-150x150-1.png","type":"","width":"","height":""}],"twitter_card":"summary_large_image","twitter_misc":{"Dur\u00e9e de lecture estim\u00e9e":"2 minutes"},"schema":{"@context":"https:\/\/schema.org","@graph":[{"@type":"WebPage","@id":"https:\/\/brogue.ch\/fr\/nos-marques\/zonkey-boot-chaussures\/","url":"https:\/\/brogue.ch\/fr\/nos-marques\/zonkey-boot-chaussures\/","name":"Zonkey Boot &#8226; Brogue","isPartOf":{"@id":"https:\/\/brogue.ch\/fr\/#website"},"primaryImageOfPage":{"@id":"https:\/\/brogue.ch\/fr\/nos-marques\/zonkey-boot-chaussures\/#primaryimage"},"image":{"@id":"https:\/\/brogue.ch\/fr\/nos-marques\/zonkey-boot-chaussures\/#primaryimage"},"thumbnailUrl":"https:\/\/preprod.brogue.ch\/wp-content\/uploads\/2020\/03\/zonkeyboot-150x150-1.png","datePublished":"2020-06-15T07:47:16+00:00","dateModified":"2020-06-23T13:00:16+00:00","breadcrumb":{"@id":"https:\/\/brogue.ch\/fr\/nos-marques\/zonkey-boot-chaussures\/#breadcrumb"},"inLanguage":"fr-FR","potentialAction":[{"@type":"ReadAction","target":["https:\/\/brogue.ch\/fr\/nos-marques\/zonkey-boot-chaussures\/"]}]},{"@type":"ImageObject","inLanguage":"fr-FR","@id":"https:\/\/brogue.ch\/fr\/nos-marques\/zonkey-boot-chaussures\/#primaryimage","url":"https:\/\/preprod.brogue.ch\/wp-content\/uploads\/2020\/03\/zonkeyboot-150x150-1.png","contentUrl":"https:\/\/preprod.brogue.ch\/wp-content\/uploads\/2020\/03\/zonkeyboot-150x150-1.png"},{"@type":"BreadcrumbList","@id":"https:\/\/brogue.ch\/fr\/nos-marques\/zonkey-boot-chaussures\/#breadcrumb","itemListElement":[{"@type":"ListItem","position":1,"name":"Home","item":"https:\/\/brogue.ch\/fr\/"},{"@type":"ListItem","position":2,"name":"Nos marques","item":"https:\/\/brogue.ch\/fr\/nos-marques\/"},{"@type":"ListItem","position":3,"name":"Zonkey Boot"}]},{"@type":"WebSite","@id":"https:\/\/brogue.ch\/fr\/#website","url":"https:\/\/brogue.ch\/fr\/","name":"Brogue","description":"World class shoes","publisher":{"@id":"https:\/\/brogue.ch\/fr\/#organization"},"potentialAction":[{"@type":"SearchAction","target":{"@type":"EntryPoint","urlTemplate":"https:\/\/brogue.ch\/fr\/?s={search_term_string}"},"query-input":{"@type":"PropertyValueSpecification","valueRequired":true,"valueName":"search_term_string"}}],"inLanguage":"fr-FR"},{"@type":"Organization","@id":"https:\/\/brogue.ch\/fr\/#organization","name":"Brogue","url":"https:\/\/brogue.ch\/fr\/","logo":{"@type":"ImageObject","inLanguage":"fr-FR","@id":"https:\/\/brogue.ch\/fr\/#\/schema\/logo\/image\/","url":"https:\/\/brogue.ch\/wp-content\/uploads\/2020\/02\/logo-brogue.png","contentUrl":"https:\/\/brogue.ch\/wp-content\/uploads\/2020\/02\/logo-brogue.png","width":1176,"height":444,"caption":"Brogue"},"image":{"@id":"https:\/\/brogue.ch\/fr\/#\/schema\/logo\/image\/"}}]}},"_links":{"self":[{"href":"https:\/\/brogue.ch\/fr\/wp-json\/wp\/v2\/pages\/19963","targetHints":{"allow":["GET"]}}],"collection":[{"href":"https:\/\/brogue.ch\/fr\/wp-json\/wp\/v2\/pages"}],"about":[{"href":"https:\/\/brogue.ch\/fr\/wp-json\/wp\/v2\/types\/page"}],"author":[{"embeddable":true,"href":"https:\/\/brogue.ch\/fr\/wp-json\/wp\/v2\/users\/3824"}],"replies":[{"embeddable":true,"href":"https:\/\/brogue.ch\/fr\/wp-json\/wp\/v2\/comments?post=19963"}],"version-history":[{"count":3,"href":"https:\/\/brogue.ch\/fr\/wp-json\/wp\/v2\/pages\/19963\/revisions"}],"predecessor-version":[{"id":19992,"href":"https:\/\/brogue.ch\/fr\/wp-json\/wp\/v2\/pages\/19963\/revisions\/19992"}],"up":[{"embeddable":true,"href":"https:\/\/brogue.ch\/fr\/wp-json\/wp\/v2\/pages\/19489"}],"wp:attachment":[{"href":"https:\/\/brogue.ch\/fr\/wp-json\/wp\/v2\/media?parent=19963"}],"curies":[{"name":"wp","href":"https:\/\/api.w.org\/{rel}","templated":true}]}}