{"id":20015,"date":"2020-06-23T13:31:53","date_gmt":"2020-06-23T11:31:53","guid":{"rendered":"https:\/\/www.brogue.ch\/?page_id=20015"},"modified":"2022-08-01T12:18:17","modified_gmt":"2022-08-01T10:18:17","slug":"andrea-ventura-chaussures","status":"publish","type":"page","link":"https:\/\/brogue.ch\/fr\/nos-marques\/andrea-ventura-chaussures\/","title":{"rendered":"Andrea Ventura"},"content":{"rendered":"<p>[vc_row css_animation=\u00a0\u00bb\u00a0\u00bb row_type=\u00a0\u00bbrow\u00a0\u00bb use_row_as_full_screen_section=\u00a0\u00bbyes\u00a0\u00bb type=\u00a0\u00bbfull_width\u00a0\u00bb angled_section=\u00a0\u00bbno\u00a0\u00bb text_align=\u00a0\u00bbleft\u00a0\u00bb background_image_as_pattern=\u00a0\u00bbwithout_pattern\u00a0\u00bb z_index=\u00a0\u00bb\u00a0\u00bb][vc_column][vc_column_text]<img loading=\"lazy\" decoding=\"async\" class=\"alignnone wp-image-17373 size-medium\" src=\"https:\/\/preprod.brogue.ch\/wp-content\/uploads\/2020\/02\/Logo-Andrea-Ventura-HD-300x111.png\" alt=\"andrea ventura chaussures\" width=\"300\" height=\"111\" srcset=\"https:\/\/brogue.ch\/wp-content\/uploads\/2020\/02\/Logo-Andrea-Ventura-HD-300x111.png 300w, https:\/\/brogue.ch\/wp-content\/uploads\/2020\/02\/Logo-Andrea-Ventura-HD-1024x380.png 1024w, https:\/\/brogue.ch\/wp-content\/uploads\/2020\/02\/Logo-Andrea-Ventura-HD-768x285.png 768w, https:\/\/brogue.ch\/wp-content\/uploads\/2020\/02\/Logo-Andrea-Ventura-HD-1536x570.png 1536w, https:\/\/brogue.ch\/wp-content\/uploads\/2020\/02\/Logo-Andrea-Ventura-HD-2048x760.png 2048w, https:\/\/brogue.ch\/wp-content\/uploads\/2020\/02\/Logo-Andrea-Ventura-HD-700x260.png 700w, https:\/\/brogue.ch\/wp-content\/uploads\/2020\/02\/Logo-Andrea-Ventura-HD-600x223.png 600w\" sizes=\"auto, (max-width: 300px) 100vw, 300px\" \/><\/p>\n<p>[\/vc_column_text][\/vc_column][\/vc_row][vc_row css_animation=\u00a0\u00bb\u00a0\u00bb row_type=\u00a0\u00bbrow\u00a0\u00bb use_row_as_full_screen_section=\u00a0\u00bbno\u00a0\u00bb type=\u00a0\u00bbfull_width\u00a0\u00bb angled_section=\u00a0\u00bbno\u00a0\u00bb text_align=\u00a0\u00bbleft\u00a0\u00bb background_image_as_pattern=\u00a0\u00bbwithout_pattern\u00a0\u00bb][vc_column][vc_empty_space][\/vc_column][\/vc_row][vc_row css_animation=\u00a0\u00bb\u00a0\u00bb row_type=\u00a0\u00bbrow\u00a0\u00bb use_row_as_full_screen_section=\u00a0\u00bbno\u00a0\u00bb type=\u00a0\u00bbfull_width\u00a0\u00bb angled_section=\u00a0\u00bbno\u00a0\u00bb text_align=\u00a0\u00bbleft\u00a0\u00bb background_image_as_pattern=\u00a0\u00bbwithout_pattern\u00a0\u00bb][vc_column][vc_column_text]<\/p>\n<h2 class=\"title titlef5ee0ebe471e38621165588\">ANDREA VENTURA FIRENZE<\/h2>\n<p>Les <a href=\"https:\/\/preprod.brogue.ch\/fr\/shop\/\" target=\"_blank\" rel=\"noopener noreferrer\"><em>chaussures Andrea Ventura Firenze<\/em><\/a> v\u00e9hiculent un monde o\u00f9 la passion et la tradition s&rsquo;unissent et se fondent harmonieusement. Un univers influenc\u00e9 par le lieu avec des milliers d&rsquo;ann\u00e9es d&rsquo;histoire : Italie. Florence est notamment le berceau o\u00f9 cette histoire est n\u00e9e. Bien avant Milan, Florence \u00e9tait la capitale de la mode en Italie.<\/p>\n<p>&nbsp;<\/p>\n<p>Fond\u00e9e en 2007 par le designer Andrea Ventura et le mod\u00e9liste de chaussures Iacopo Soldini, Andrea Ventura Firenze s&rsquo;est fix\u00e9 pour objectif de changer le visage de la chaussure classique traditionnelle pour hommes, en se tournant vers un public jeune et formel \u00e0 la recherche de caract\u00e9ristiques stylistiques et de fonctionnalit\u00e9s innovantes.<\/p>\n<p>&nbsp;<\/p>\n<p>L&rsquo;histoire de la marque se poursuit aujourd&rsquo;hui \u00e0 Capolona, un centre historique au pied de la vall\u00e9e du Casentino sur le fleuve Arno, dans la tradition de la famille Soldini.[\/vc_column_text][\/vc_column][\/vc_row][vc_row css_animation=\u00a0\u00bb\u00a0\u00bb row_type=\u00a0\u00bbrow\u00a0\u00bb use_row_as_full_screen_section=\u00a0\u00bbno\u00a0\u00bb type=\u00a0\u00bbfull_width\u00a0\u00bb angled_section=\u00a0\u00bbno\u00a0\u00bb text_align=\u00a0\u00bbleft\u00a0\u00bb background_image_as_pattern=\u00a0\u00bbwithout_pattern\u00a0\u00bb][vc_column][vc_empty_space][\/vc_column][\/vc_row][vc_row css_animation=\u00a0\u00bb\u00a0\u00bb row_type=\u00a0\u00bbrow\u00a0\u00bb use_row_as_full_screen_section=\u00a0\u00bbno\u00a0\u00bb type=\u00a0\u00bbfull_width\u00a0\u00bb angled_section=\u00a0\u00bbno\u00a0\u00bb text_align=\u00a0\u00bbleft\u00a0\u00bb background_image_as_pattern=\u00a0\u00bbwithout_pattern\u00a0\u00bb][vc_column][vc_empty_space][\/vc_column][\/vc_row][vc_row css_animation=\u00a0\u00bb\u00a0\u00bb row_type=\u00a0\u00bbrow\u00a0\u00bb use_row_as_full_screen_section=\u00a0\u00bbno\u00a0\u00bb type=\u00a0\u00bbfull_width\u00a0\u00bb angled_section=\u00a0\u00bbno\u00a0\u00bb text_align=\u00a0\u00bbleft\u00a0\u00bb background_image_as_pattern=\u00a0\u00bbwithout_pattern\u00a0\u00bb][vc_column][\/vc_column][\/vc_row]<\/p>\n","protected":false},"excerpt":{"rendered":"<p>[vc_row css_animation=\u00a0\u00bb\u00a0\u00bb row_type=\u00a0\u00bbrow\u00a0\u00bb use_row_as_full_screen_section=\u00a0\u00bbyes\u00a0\u00bb type=\u00a0\u00bbfull_width\u00a0\u00bb angled_section=\u00a0\u00bbno\u00a0\u00bb text_align=\u00a0\u00bbleft\u00a0\u00bb background_image_as_pattern=\u00a0\u00bbwithout_pattern\u00a0\u00bb z_index=\u00a0\u00bb\u00a0\u00bb][vc_column][vc_column_text] [\/vc_column_text][\/vc_column][\/vc_row][vc_row css_animation=\u00a0\u00bb\u00a0\u00bb row_type=\u00a0\u00bbrow\u00a0\u00bb use_row_as_full_screen_section=\u00a0\u00bbno\u00a0\u00bb type=\u00a0\u00bbfull_width\u00a0\u00bb angled_section=\u00a0\u00bbno\u00a0\u00bb text_align=\u00a0\u00bbleft\u00a0\u00bb background_image_as_pattern=\u00a0\u00bbwithout_pattern\u00a0\u00bb][vc_column][vc_empty_space][\/vc_column][\/vc_row][vc_row css_animation=\u00a0\u00bb\u00a0\u00bb row_type=\u00a0\u00bbrow\u00a0\u00bb use_row_as_full_screen_section=\u00a0\u00bbno\u00a0\u00bb type=\u00a0\u00bbfull_width\u00a0\u00bb angled_section=\u00a0\u00bbno\u00a0\u00bb text_align=\u00a0\u00bbleft\u00a0\u00bb background_image_as_pattern=\u00a0\u00bbwithout_pattern\u00a0\u00bb][vc_column][vc_column_text] ANDREA VENTURA FIRENZE Les chaussures Andrea Ventura Firenze v\u00e9hiculent un monde o\u00f9 la passion et la tradition s&rsquo;unissent et se fondent harmonieusement. Un univers influenc\u00e9 par le lieu avec des milliers [&hellip;]<\/p>\n","protected":false},"author":3824,"featured_media":20198,"parent":19489,"menu_order":0,"comment_status":"closed","ping_status":"closed","template":"","meta":{"footnotes":""},"class_list":["post-20015","page","type-page","status-publish","has-post-thumbnail","hentry"],"yoast_head":"<!-- This site is optimized with the Yoast SEO plugin v27.3 - https:\/\/yoast.com\/product\/yoast-seo-wordpress\/ -->\n<title>Brogue<\/title>\n<meta name=\"description\" content=\"Les chaussures Andrea Ventura Firenze v\u00e9hiculent un monde o\u00f9 la passion et la tradition s\u2019unissent et se fondent harmonieusement.\" \/>\n<meta name=\"robots\" content=\"index, follow, max-snippet:-1, max-image-preview:large, max-video-preview:-1\" \/>\n<link rel=\"canonical\" href=\"https:\/\/brogue.ch\/fr\/nos-marques\/andrea-ventura-chaussures\/\" \/>\n<meta property=\"og:locale\" content=\"fr_FR\" \/>\n<meta property=\"og:type\" content=\"article\" \/>\n<meta property=\"og:title\" content=\"Andrea Ventura \u2022 Chaussures Homme Gen\u00e8ve | Brogue\" \/>\n<meta property=\"og:description\" content=\"Les chaussures Andrea Ventura Firenze v\u00e9hiculent un monde o\u00f9 la passion et la tradition s\u2019unissent et se fondent harmonieusement.\" \/>\n<meta property=\"og:url\" content=\"https:\/\/brogue.ch\/fr\/nos-marques\/andrea-ventura-chaussures\/\" \/>\n<meta property=\"og:site_name\" content=\"Brogue\" \/>\n<meta property=\"article:modified_time\" content=\"2022-08-01T10:18:17+00:00\" \/>\n<meta property=\"og:image\" content=\"https:\/\/brogue.ch\/wp-content\/uploads\/2020\/06\/95142279_370840627143676_2482336636529826690_n.jpg\" \/>\n\t<meta property=\"og:image:width\" content=\"640\" \/>\n\t<meta property=\"og:image:height\" content=\"640\" \/>\n\t<meta property=\"og:image:type\" content=\"image\/jpeg\" \/>\n<meta name=\"twitter:card\" content=\"summary_large_image\" \/>\n<meta name=\"twitter:label1\" content=\"Dur\u00e9e de lecture estim\u00e9e\" \/>\n\t<meta name=\"twitter:data1\" content=\"2 minutes\" \/>\n<script type=\"application\/ld+json\" class=\"yoast-schema-graph\">{\"@context\":\"https:\\\/\\\/schema.org\",\"@graph\":[{\"@type\":\"WebPage\",\"@id\":\"https:\\\/\\\/brogue.ch\\\/fr\\\/nos-marques\\\/andrea-ventura-chaussures\\\/\",\"url\":\"https:\\\/\\\/brogue.ch\\\/fr\\\/nos-marques\\\/andrea-ventura-chaussures\\\/\",\"name\":\"Andrea Ventura \u2022 Chaussures Homme Gen\u00e8ve | Brogue\",\"isPartOf\":{\"@id\":\"https:\\\/\\\/brogue.ch\\\/fr\\\/#website\"},\"primaryImageOfPage\":{\"@id\":\"https:\\\/\\\/brogue.ch\\\/fr\\\/nos-marques\\\/andrea-ventura-chaussures\\\/#primaryimage\"},\"image\":{\"@id\":\"https:\\\/\\\/brogue.ch\\\/fr\\\/nos-marques\\\/andrea-ventura-chaussures\\\/#primaryimage\"},\"thumbnailUrl\":\"https:\\\/\\\/brogue.ch\\\/wp-content\\\/uploads\\\/2020\\\/06\\\/95142279_370840627143676_2482336636529826690_n.jpg\",\"datePublished\":\"2020-06-23T11:31:53+00:00\",\"dateModified\":\"2022-08-01T10:18:17+00:00\",\"description\":\"Les chaussures Andrea Ventura Firenze v\u00e9hiculent un monde o\u00f9 la passion et la tradition s\u2019unissent et se fondent harmonieusement.\",\"breadcrumb\":{\"@id\":\"https:\\\/\\\/brogue.ch\\\/fr\\\/nos-marques\\\/andrea-ventura-chaussures\\\/#breadcrumb\"},\"inLanguage\":\"fr-FR\",\"potentialAction\":[{\"@type\":\"ReadAction\",\"target\":[\"https:\\\/\\\/brogue.ch\\\/fr\\\/nos-marques\\\/andrea-ventura-chaussures\\\/\"]}]},{\"@type\":\"ImageObject\",\"inLanguage\":\"fr-FR\",\"@id\":\"https:\\\/\\\/brogue.ch\\\/fr\\\/nos-marques\\\/andrea-ventura-chaussures\\\/#primaryimage\",\"url\":\"https:\\\/\\\/brogue.ch\\\/wp-content\\\/uploads\\\/2020\\\/06\\\/95142279_370840627143676_2482336636529826690_n.jpg\",\"contentUrl\":\"https:\\\/\\\/brogue.ch\\\/wp-content\\\/uploads\\\/2020\\\/06\\\/95142279_370840627143676_2482336636529826690_n.jpg\",\"width\":640,\"height\":640},{\"@type\":\"BreadcrumbList\",\"@id\":\"https:\\\/\\\/brogue.ch\\\/fr\\\/nos-marques\\\/andrea-ventura-chaussures\\\/#breadcrumb\",\"itemListElement\":[{\"@type\":\"ListItem\",\"position\":1,\"name\":\"Home\",\"item\":\"https:\\\/\\\/brogue.ch\\\/fr\\\/\"},{\"@type\":\"ListItem\",\"position\":2,\"name\":\"Nos marques\",\"item\":\"https:\\\/\\\/brogue.ch\\\/fr\\\/nos-marques\\\/\"},{\"@type\":\"ListItem\",\"position\":3,\"name\":\"Andrea Ventura\"}]},{\"@type\":\"WebSite\",\"@id\":\"https:\\\/\\\/brogue.ch\\\/fr\\\/#website\",\"url\":\"https:\\\/\\\/brogue.ch\\\/fr\\\/\",\"name\":\"Brogue\",\"description\":\"World class shoes\",\"publisher\":{\"@id\":\"https:\\\/\\\/brogue.ch\\\/fr\\\/#organization\"},\"potentialAction\":[{\"@type\":\"SearchAction\",\"target\":{\"@type\":\"EntryPoint\",\"urlTemplate\":\"https:\\\/\\\/brogue.ch\\\/fr\\\/?s={search_term_string}\"},\"query-input\":{\"@type\":\"PropertyValueSpecification\",\"valueRequired\":true,\"valueName\":\"search_term_string\"}}],\"inLanguage\":\"fr-FR\"},{\"@type\":\"Organization\",\"@id\":\"https:\\\/\\\/brogue.ch\\\/fr\\\/#organization\",\"name\":\"Brogue\",\"url\":\"https:\\\/\\\/brogue.ch\\\/fr\\\/\",\"logo\":{\"@type\":\"ImageObject\",\"inLanguage\":\"fr-FR\",\"@id\":\"https:\\\/\\\/brogue.ch\\\/fr\\\/#\\\/schema\\\/logo\\\/image\\\/\",\"url\":\"https:\\\/\\\/brogue.ch\\\/wp-content\\\/uploads\\\/2020\\\/02\\\/logo-brogue.png\",\"contentUrl\":\"https:\\\/\\\/brogue.ch\\\/wp-content\\\/uploads\\\/2020\\\/02\\\/logo-brogue.png\",\"width\":1176,\"height\":444,\"caption\":\"Brogue\"},\"image\":{\"@id\":\"https:\\\/\\\/brogue.ch\\\/fr\\\/#\\\/schema\\\/logo\\\/image\\\/\"}}]}<\/script>\n<!-- \/ Yoast SEO plugin. -->","yoast_head_json":{"title":"Brogue","description":"Les chaussures Andrea Ventura Firenze v\u00e9hiculent un monde o\u00f9 la passion et la tradition s\u2019unissent et se fondent harmonieusement.","robots":{"index":"index","follow":"follow","max-snippet":"max-snippet:-1","max-image-preview":"max-image-preview:large","max-video-preview":"max-video-preview:-1"},"canonical":"https:\/\/brogue.ch\/fr\/nos-marques\/andrea-ventura-chaussures\/","og_locale":"fr_FR","og_type":"article","og_title":"Andrea Ventura \u2022 Chaussures Homme Gen\u00e8ve | Brogue","og_description":"Les chaussures Andrea Ventura Firenze v\u00e9hiculent un monde o\u00f9 la passion et la tradition s\u2019unissent et se fondent harmonieusement.","og_url":"https:\/\/brogue.ch\/fr\/nos-marques\/andrea-ventura-chaussures\/","og_site_name":"Brogue","article_modified_time":"2022-08-01T10:18:17+00:00","og_image":[{"width":640,"height":640,"url":"https:\/\/brogue.ch\/wp-content\/uploads\/2020\/06\/95142279_370840627143676_2482336636529826690_n.jpg","type":"image\/jpeg"}],"twitter_card":"summary_large_image","twitter_misc":{"Dur\u00e9e de lecture estim\u00e9e":"2 minutes"},"schema":{"@context":"https:\/\/schema.org","@graph":[{"@type":"WebPage","@id":"https:\/\/brogue.ch\/fr\/nos-marques\/andrea-ventura-chaussures\/","url":"https:\/\/brogue.ch\/fr\/nos-marques\/andrea-ventura-chaussures\/","name":"Andrea Ventura \u2022 Chaussures Homme Gen\u00e8ve | Brogue","isPartOf":{"@id":"https:\/\/brogue.ch\/fr\/#website"},"primaryImageOfPage":{"@id":"https:\/\/brogue.ch\/fr\/nos-marques\/andrea-ventura-chaussures\/#primaryimage"},"image":{"@id":"https:\/\/brogue.ch\/fr\/nos-marques\/andrea-ventura-chaussures\/#primaryimage"},"thumbnailUrl":"https:\/\/brogue.ch\/wp-content\/uploads\/2020\/06\/95142279_370840627143676_2482336636529826690_n.jpg","datePublished":"2020-06-23T11:31:53+00:00","dateModified":"2022-08-01T10:18:17+00:00","description":"Les chaussures Andrea Ventura Firenze v\u00e9hiculent un monde o\u00f9 la passion et la tradition s\u2019unissent et se fondent harmonieusement.","breadcrumb":{"@id":"https:\/\/brogue.ch\/fr\/nos-marques\/andrea-ventura-chaussures\/#breadcrumb"},"inLanguage":"fr-FR","potentialAction":[{"@type":"ReadAction","target":["https:\/\/brogue.ch\/fr\/nos-marques\/andrea-ventura-chaussures\/"]}]},{"@type":"ImageObject","inLanguage":"fr-FR","@id":"https:\/\/brogue.ch\/fr\/nos-marques\/andrea-ventura-chaussures\/#primaryimage","url":"https:\/\/brogue.ch\/wp-content\/uploads\/2020\/06\/95142279_370840627143676_2482336636529826690_n.jpg","contentUrl":"https:\/\/brogue.ch\/wp-content\/uploads\/2020\/06\/95142279_370840627143676_2482336636529826690_n.jpg","width":640,"height":640},{"@type":"BreadcrumbList","@id":"https:\/\/brogue.ch\/fr\/nos-marques\/andrea-ventura-chaussures\/#breadcrumb","itemListElement":[{"@type":"ListItem","position":1,"name":"Home","item":"https:\/\/brogue.ch\/fr\/"},{"@type":"ListItem","position":2,"name":"Nos marques","item":"https:\/\/brogue.ch\/fr\/nos-marques\/"},{"@type":"ListItem","position":3,"name":"Andrea Ventura"}]},{"@type":"WebSite","@id":"https:\/\/brogue.ch\/fr\/#website","url":"https:\/\/brogue.ch\/fr\/","name":"Brogue","description":"World class shoes","publisher":{"@id":"https:\/\/brogue.ch\/fr\/#organization"},"potentialAction":[{"@type":"SearchAction","target":{"@type":"EntryPoint","urlTemplate":"https:\/\/brogue.ch\/fr\/?s={search_term_string}"},"query-input":{"@type":"PropertyValueSpecification","valueRequired":true,"valueName":"search_term_string"}}],"inLanguage":"fr-FR"},{"@type":"Organization","@id":"https:\/\/brogue.ch\/fr\/#organization","name":"Brogue","url":"https:\/\/brogue.ch\/fr\/","logo":{"@type":"ImageObject","inLanguage":"fr-FR","@id":"https:\/\/brogue.ch\/fr\/#\/schema\/logo\/image\/","url":"https:\/\/brogue.ch\/wp-content\/uploads\/2020\/02\/logo-brogue.png","contentUrl":"https:\/\/brogue.ch\/wp-content\/uploads\/2020\/02\/logo-brogue.png","width":1176,"height":444,"caption":"Brogue"},"image":{"@id":"https:\/\/brogue.ch\/fr\/#\/schema\/logo\/image\/"}}]}},"_links":{"self":[{"href":"https:\/\/brogue.ch\/fr\/wp-json\/wp\/v2\/pages\/20015","targetHints":{"allow":["GET"]}}],"collection":[{"href":"https:\/\/brogue.ch\/fr\/wp-json\/wp\/v2\/pages"}],"about":[{"href":"https:\/\/brogue.ch\/fr\/wp-json\/wp\/v2\/types\/page"}],"author":[{"embeddable":true,"href":"https:\/\/brogue.ch\/fr\/wp-json\/wp\/v2\/users\/3824"}],"replies":[{"embeddable":true,"href":"https:\/\/brogue.ch\/fr\/wp-json\/wp\/v2\/comments?post=20015"}],"version-history":[{"count":14,"href":"https:\/\/brogue.ch\/fr\/wp-json\/wp\/v2\/pages\/20015\/revisions"}],"predecessor-version":[{"id":40027,"href":"https:\/\/brogue.ch\/fr\/wp-json\/wp\/v2\/pages\/20015\/revisions\/40027"}],"up":[{"embeddable":true,"href":"https:\/\/brogue.ch\/fr\/wp-json\/wp\/v2\/pages\/19489"}],"wp:featuredmedia":[{"embeddable":true,"href":"https:\/\/brogue.ch\/fr\/wp-json\/wp\/v2\/media\/20198"}],"wp:attachment":[{"href":"https:\/\/brogue.ch\/fr\/wp-json\/wp\/v2\/media?parent=20015"}],"curies":[{"name":"wp","href":"https:\/\/api.w.org\/{rel}","templated":true}]}}