{"id":20022,"date":"2020-06-23T13:00:20","date_gmt":"2020-06-23T11:00:20","guid":{"rendered":"https:\/\/www.brogue.ch\/?page_id=20022"},"modified":"2020-07-02T09:29:36","modified_gmt":"2020-07-02T07:29:36","slug":"bontoni-chaussures","status":"publish","type":"page","link":"https:\/\/brogue.ch\/fr\/nos-marques\/bontoni-chaussures\/","title":{"rendered":"Bontoni"},"content":{"rendered":"<p>[vc_row css_animation=\u00a0\u00bb\u00a0\u00bb row_type=\u00a0\u00bbrow\u00a0\u00bb use_row_as_full_screen_section=\u00a0\u00bbyes\u00a0\u00bb type=\u00a0\u00bbfull_width\u00a0\u00bb angled_section=\u00a0\u00bbno\u00a0\u00bb text_align=\u00a0\u00bbleft\u00a0\u00bb background_image_as_pattern=\u00a0\u00bbwithout_pattern\u00a0\u00bb z_index=\u00a0\u00bb\u00a0\u00bb][vc_column][vc_column_text]<img loading=\"lazy\" decoding=\"async\" class=\"alignnone wp-image-17379 size-full\" src=\"https:\/\/preprod.brogue.ch\/wp-content\/uploads\/2020\/02\/bontoni.png\" alt=\"Bontoni Chaussures Gen\u00e8ve\" width=\"150\" height=\"150\" srcset=\"https:\/\/brogue.ch\/wp-content\/uploads\/2020\/02\/bontoni.png 150w, https:\/\/brogue.ch\/wp-content\/uploads\/2020\/02\/bontoni-100x100.png 100w\" sizes=\"auto, (max-width: 150px) 100vw, 150px\" \/>[\/vc_column_text][\/vc_column][\/vc_row][vc_row css_animation=\u00a0\u00bb\u00a0\u00bb row_type=\u00a0\u00bbrow\u00a0\u00bb use_row_as_full_screen_section=\u00a0\u00bbno\u00a0\u00bb type=\u00a0\u00bbfull_width\u00a0\u00bb angled_section=\u00a0\u00bbno\u00a0\u00bb text_align=\u00a0\u00bbleft\u00a0\u00bb background_image_as_pattern=\u00a0\u00bbwithout_pattern\u00a0\u00bb][vc_column][vc_column_text]<\/p>\n<h2 class=\"title titlef5ee0ebe471e38621165588\">BONTONI CHAUSSURES<\/h2>\n<p>Bontoni est une entreprise familiale italienne de troisi\u00e8me g\u00e9n\u00e9ration qui produit une gamme exclusive de <em><a href=\"https:\/\/preprod.brogue.ch\/fr\/shop\/\" target=\"_blank\" rel=\"noopener noreferrer\">chaussures habill\u00e9es pour hommes<\/a><\/em> sur mesures et pr\u00eat-\u00e0-porter. L&rsquo;atelier de neuf personnes de Bontoni est situ\u00e9 \u00e0 la p\u00e9riph\u00e9rie de Montegranaro dans la r\u00e9gion des Marches en Italie.<\/p>\n<p>&nbsp;<\/p>\n<p>Bontoni a \u00e9t\u00e9 fond\u00e9e en 2004 par Franco Gazzani (troisi\u00e8me g\u00e9n\u00e9ration de cordonniers familiaux) et son cousin \u00e9loign\u00e9 Lewis Cutillo. De nombreux mod\u00e8les port\u00e9s par la marque ont \u00e9t\u00e9 cr\u00e9\u00e9s \u00e0 l&rsquo;origine par le p\u00e8re et le grand-p\u00e8re de Gazzani. Le nom Bontoni vient du fran\u00e7ais bon ton, qui signifie \u00ab\u00a0mani\u00e8re sophistiqu\u00e9e\u00a0\u00bb.<\/p>\n<p>&nbsp;<\/p>\n<p>Bontoni produit moins de 9 \u00e0 12 paires par jour. L&rsquo;entreprise familiale est r\u00e9put\u00e9e pour la richesse de ses cuirs color\u00e9s \u00e0 la main, son haut niveau de fabrication artisanale et sa production limit\u00e9e. La bottega de Bontoni, ou atelier, est situ\u00e9e dans la r\u00e9gion des Marches en Italie. Il faut environ douze semaines pour r\u00e9aliser une paire de chaussures toutes pr\u00eates et dix mois pour une paire sur mesure.<\/p>\n<p>La collection de chaussures de Bontoni est disponible chez un nombre restreint de confectionneurs exclusifs dans le monde entier.[\/vc_column_text][\/vc_column][\/vc_row][vc_row css_animation=\u00a0\u00bb\u00a0\u00bb row_type=\u00a0\u00bbrow\u00a0\u00bb use_row_as_full_screen_section=\u00a0\u00bbno\u00a0\u00bb type=\u00a0\u00bbfull_width\u00a0\u00bb angled_section=\u00a0\u00bbno\u00a0\u00bb text_align=\u00a0\u00bbleft\u00a0\u00bb background_image_as_pattern=\u00a0\u00bbwithout_pattern\u00a0\u00bb][vc_column][vc_empty_space][\/vc_column][\/vc_row][vc_row css_animation=\u00a0\u00bb\u00a0\u00bb row_type=\u00a0\u00bbrow\u00a0\u00bb use_row_as_full_screen_section=\u00a0\u00bbno\u00a0\u00bb type=\u00a0\u00bbfull_width\u00a0\u00bb angled_section=\u00a0\u00bbno\u00a0\u00bb text_align=\u00a0\u00bbleft\u00a0\u00bb background_image_as_pattern=\u00a0\u00bbwithout_pattern\u00a0\u00bb][vc_column][vc_empty_space][\/vc_column][\/vc_row][vc_row css_animation=\u00a0\u00bb\u00a0\u00bb row_type=\u00a0\u00bbrow\u00a0\u00bb use_row_as_full_screen_section=\u00a0\u00bbno\u00a0\u00bb type=\u00a0\u00bbfull_width\u00a0\u00bb angled_section=\u00a0\u00bbno\u00a0\u00bb text_align=\u00a0\u00bbleft\u00a0\u00bb background_image_as_pattern=\u00a0\u00bbwithout_pattern\u00a0\u00bb][vc_column]<div class=\"woocommerce columns-4 \"><\/div>[\/vc_column][\/vc_row]<\/p>\n","protected":false},"excerpt":{"rendered":"<p>[vc_row css_animation=\u00a0\u00bb\u00a0\u00bb row_type=\u00a0\u00bbrow\u00a0\u00bb use_row_as_full_screen_section=\u00a0\u00bbyes\u00a0\u00bb type=\u00a0\u00bbfull_width\u00a0\u00bb angled_section=\u00a0\u00bbno\u00a0\u00bb text_align=\u00a0\u00bbleft\u00a0\u00bb background_image_as_pattern=\u00a0\u00bbwithout_pattern\u00a0\u00bb z_index=\u00a0\u00bb\u00a0\u00bb][vc_column][vc_column_text][\/vc_column_text][\/vc_column][\/vc_row][vc_row css_animation=\u00a0\u00bb\u00a0\u00bb row_type=\u00a0\u00bbrow\u00a0\u00bb use_row_as_full_screen_section=\u00a0\u00bbno\u00a0\u00bb type=\u00a0\u00bbfull_width\u00a0\u00bb angled_section=\u00a0\u00bbno\u00a0\u00bb text_align=\u00a0\u00bbleft\u00a0\u00bb background_image_as_pattern=\u00a0\u00bbwithout_pattern\u00a0\u00bb][vc_column][vc_column_text] BONTONI CHAUSSURES Bontoni est une entreprise familiale italienne de troisi\u00e8me g\u00e9n\u00e9ration qui produit une gamme exclusive de chaussures habill\u00e9es pour hommes sur mesures et pr\u00eat-\u00e0-porter. L&rsquo;atelier de neuf personnes de Bontoni est situ\u00e9 \u00e0 la p\u00e9riph\u00e9rie de Montegranaro dans [&hellip;]<\/p>\n","protected":false},"author":3824,"featured_media":20182,"parent":19489,"menu_order":0,"comment_status":"closed","ping_status":"closed","template":"","meta":{"footnotes":""},"class_list":["post-20022","page","type-page","status-publish","has-post-thumbnail","hentry"],"yoast_head":"<!-- This site is optimized with the Yoast SEO plugin v27.3 - https:\/\/yoast.com\/product\/yoast-seo-wordpress\/ -->\n<title>Brogue<\/title>\n<meta name=\"description\" content=\"Bontoni est une entreprise familiale italienne de troisi\u00e8me g\u00e9n\u00e9ration qui produit une gamme exclusive de chaussures habill\u00e9es pour hommes.\" \/>\n<meta name=\"robots\" content=\"index, follow, max-snippet:-1, max-image-preview:large, max-video-preview:-1\" \/>\n<link rel=\"canonical\" href=\"https:\/\/brogue.ch\/fr\/nos-marques\/bontoni-chaussures\/\" \/>\n<meta property=\"og:locale\" content=\"fr_FR\" \/>\n<meta property=\"og:type\" content=\"article\" \/>\n<meta property=\"og:title\" content=\"Bontoni \u2022 Chaussures Pour Homme Gen\u00e8ve | Brogue\" \/>\n<meta property=\"og:description\" content=\"Bontoni est une entreprise familiale italienne de troisi\u00e8me g\u00e9n\u00e9ration qui produit une gamme exclusive de chaussures habill\u00e9es pour hommes.\" \/>\n<meta property=\"og:url\" content=\"https:\/\/brogue.ch\/fr\/nos-marques\/bontoni-chaussures\/\" \/>\n<meta property=\"og:site_name\" content=\"Brogue\" \/>\n<meta property=\"article:modified_time\" content=\"2020-07-02T07:29:36+00:00\" \/>\n<meta property=\"og:image\" content=\"https:\/\/brogue.ch\/wp-content\/uploads\/2020\/06\/103032027_1273396219520736_8520749915391146721_n.jpg\" \/>\n\t<meta property=\"og:image:width\" content=\"640\" \/>\n\t<meta property=\"og:image:height\" content=\"640\" \/>\n\t<meta property=\"og:image:type\" content=\"image\/jpeg\" \/>\n<meta name=\"twitter:card\" content=\"summary_large_image\" \/>\n<meta name=\"twitter:label1\" content=\"Dur\u00e9e de lecture estim\u00e9e\" \/>\n\t<meta name=\"twitter:data1\" content=\"2 minutes\" \/>\n<script type=\"application\/ld+json\" class=\"yoast-schema-graph\">{\"@context\":\"https:\\\/\\\/schema.org\",\"@graph\":[{\"@type\":\"WebPage\",\"@id\":\"https:\\\/\\\/brogue.ch\\\/fr\\\/nos-marques\\\/bontoni-chaussures\\\/\",\"url\":\"https:\\\/\\\/brogue.ch\\\/fr\\\/nos-marques\\\/bontoni-chaussures\\\/\",\"name\":\"Bontoni \u2022 Chaussures Pour Homme Gen\u00e8ve | Brogue\",\"isPartOf\":{\"@id\":\"https:\\\/\\\/brogue.ch\\\/fr\\\/#website\"},\"primaryImageOfPage\":{\"@id\":\"https:\\\/\\\/brogue.ch\\\/fr\\\/nos-marques\\\/bontoni-chaussures\\\/#primaryimage\"},\"image\":{\"@id\":\"https:\\\/\\\/brogue.ch\\\/fr\\\/nos-marques\\\/bontoni-chaussures\\\/#primaryimage\"},\"thumbnailUrl\":\"https:\\\/\\\/brogue.ch\\\/wp-content\\\/uploads\\\/2020\\\/06\\\/103032027_1273396219520736_8520749915391146721_n.jpg\",\"datePublished\":\"2020-06-23T11:00:20+00:00\",\"dateModified\":\"2020-07-02T07:29:36+00:00\",\"description\":\"Bontoni est une entreprise familiale italienne de troisi\u00e8me g\u00e9n\u00e9ration qui produit une gamme exclusive de chaussures habill\u00e9es pour hommes.\",\"breadcrumb\":{\"@id\":\"https:\\\/\\\/brogue.ch\\\/fr\\\/nos-marques\\\/bontoni-chaussures\\\/#breadcrumb\"},\"inLanguage\":\"fr-FR\",\"potentialAction\":[{\"@type\":\"ReadAction\",\"target\":[\"https:\\\/\\\/brogue.ch\\\/fr\\\/nos-marques\\\/bontoni-chaussures\\\/\"]}]},{\"@type\":\"ImageObject\",\"inLanguage\":\"fr-FR\",\"@id\":\"https:\\\/\\\/brogue.ch\\\/fr\\\/nos-marques\\\/bontoni-chaussures\\\/#primaryimage\",\"url\":\"https:\\\/\\\/brogue.ch\\\/wp-content\\\/uploads\\\/2020\\\/06\\\/103032027_1273396219520736_8520749915391146721_n.jpg\",\"contentUrl\":\"https:\\\/\\\/brogue.ch\\\/wp-content\\\/uploads\\\/2020\\\/06\\\/103032027_1273396219520736_8520749915391146721_n.jpg\",\"width\":640,\"height\":640},{\"@type\":\"BreadcrumbList\",\"@id\":\"https:\\\/\\\/brogue.ch\\\/fr\\\/nos-marques\\\/bontoni-chaussures\\\/#breadcrumb\",\"itemListElement\":[{\"@type\":\"ListItem\",\"position\":1,\"name\":\"Home\",\"item\":\"https:\\\/\\\/brogue.ch\\\/fr\\\/\"},{\"@type\":\"ListItem\",\"position\":2,\"name\":\"Nos marques\",\"item\":\"https:\\\/\\\/brogue.ch\\\/fr\\\/nos-marques\\\/\"},{\"@type\":\"ListItem\",\"position\":3,\"name\":\"Bontoni\"}]},{\"@type\":\"WebSite\",\"@id\":\"https:\\\/\\\/brogue.ch\\\/fr\\\/#website\",\"url\":\"https:\\\/\\\/brogue.ch\\\/fr\\\/\",\"name\":\"Brogue\",\"description\":\"World class shoes\",\"publisher\":{\"@id\":\"https:\\\/\\\/brogue.ch\\\/fr\\\/#organization\"},\"potentialAction\":[{\"@type\":\"SearchAction\",\"target\":{\"@type\":\"EntryPoint\",\"urlTemplate\":\"https:\\\/\\\/brogue.ch\\\/fr\\\/?s={search_term_string}\"},\"query-input\":{\"@type\":\"PropertyValueSpecification\",\"valueRequired\":true,\"valueName\":\"search_term_string\"}}],\"inLanguage\":\"fr-FR\"},{\"@type\":\"Organization\",\"@id\":\"https:\\\/\\\/brogue.ch\\\/fr\\\/#organization\",\"name\":\"Brogue\",\"url\":\"https:\\\/\\\/brogue.ch\\\/fr\\\/\",\"logo\":{\"@type\":\"ImageObject\",\"inLanguage\":\"fr-FR\",\"@id\":\"https:\\\/\\\/brogue.ch\\\/fr\\\/#\\\/schema\\\/logo\\\/image\\\/\",\"url\":\"https:\\\/\\\/brogue.ch\\\/wp-content\\\/uploads\\\/2020\\\/02\\\/logo-brogue.png\",\"contentUrl\":\"https:\\\/\\\/brogue.ch\\\/wp-content\\\/uploads\\\/2020\\\/02\\\/logo-brogue.png\",\"width\":1176,\"height\":444,\"caption\":\"Brogue\"},\"image\":{\"@id\":\"https:\\\/\\\/brogue.ch\\\/fr\\\/#\\\/schema\\\/logo\\\/image\\\/\"}}]}<\/script>\n<!-- \/ Yoast SEO plugin. -->","yoast_head_json":{"title":"Brogue","description":"Bontoni est une entreprise familiale italienne de troisi\u00e8me g\u00e9n\u00e9ration qui produit une gamme exclusive de chaussures habill\u00e9es pour hommes.","robots":{"index":"index","follow":"follow","max-snippet":"max-snippet:-1","max-image-preview":"max-image-preview:large","max-video-preview":"max-video-preview:-1"},"canonical":"https:\/\/brogue.ch\/fr\/nos-marques\/bontoni-chaussures\/","og_locale":"fr_FR","og_type":"article","og_title":"Bontoni \u2022 Chaussures Pour Homme Gen\u00e8ve | Brogue","og_description":"Bontoni est une entreprise familiale italienne de troisi\u00e8me g\u00e9n\u00e9ration qui produit une gamme exclusive de chaussures habill\u00e9es pour hommes.","og_url":"https:\/\/brogue.ch\/fr\/nos-marques\/bontoni-chaussures\/","og_site_name":"Brogue","article_modified_time":"2020-07-02T07:29:36+00:00","og_image":[{"width":640,"height":640,"url":"https:\/\/brogue.ch\/wp-content\/uploads\/2020\/06\/103032027_1273396219520736_8520749915391146721_n.jpg","type":"image\/jpeg"}],"twitter_card":"summary_large_image","twitter_misc":{"Dur\u00e9e de lecture estim\u00e9e":"2 minutes"},"schema":{"@context":"https:\/\/schema.org","@graph":[{"@type":"WebPage","@id":"https:\/\/brogue.ch\/fr\/nos-marques\/bontoni-chaussures\/","url":"https:\/\/brogue.ch\/fr\/nos-marques\/bontoni-chaussures\/","name":"Bontoni \u2022 Chaussures Pour Homme Gen\u00e8ve | Brogue","isPartOf":{"@id":"https:\/\/brogue.ch\/fr\/#website"},"primaryImageOfPage":{"@id":"https:\/\/brogue.ch\/fr\/nos-marques\/bontoni-chaussures\/#primaryimage"},"image":{"@id":"https:\/\/brogue.ch\/fr\/nos-marques\/bontoni-chaussures\/#primaryimage"},"thumbnailUrl":"https:\/\/brogue.ch\/wp-content\/uploads\/2020\/06\/103032027_1273396219520736_8520749915391146721_n.jpg","datePublished":"2020-06-23T11:00:20+00:00","dateModified":"2020-07-02T07:29:36+00:00","description":"Bontoni est une entreprise familiale italienne de troisi\u00e8me g\u00e9n\u00e9ration qui produit une gamme exclusive de chaussures habill\u00e9es pour hommes.","breadcrumb":{"@id":"https:\/\/brogue.ch\/fr\/nos-marques\/bontoni-chaussures\/#breadcrumb"},"inLanguage":"fr-FR","potentialAction":[{"@type":"ReadAction","target":["https:\/\/brogue.ch\/fr\/nos-marques\/bontoni-chaussures\/"]}]},{"@type":"ImageObject","inLanguage":"fr-FR","@id":"https:\/\/brogue.ch\/fr\/nos-marques\/bontoni-chaussures\/#primaryimage","url":"https:\/\/brogue.ch\/wp-content\/uploads\/2020\/06\/103032027_1273396219520736_8520749915391146721_n.jpg","contentUrl":"https:\/\/brogue.ch\/wp-content\/uploads\/2020\/06\/103032027_1273396219520736_8520749915391146721_n.jpg","width":640,"height":640},{"@type":"BreadcrumbList","@id":"https:\/\/brogue.ch\/fr\/nos-marques\/bontoni-chaussures\/#breadcrumb","itemListElement":[{"@type":"ListItem","position":1,"name":"Home","item":"https:\/\/brogue.ch\/fr\/"},{"@type":"ListItem","position":2,"name":"Nos marques","item":"https:\/\/brogue.ch\/fr\/nos-marques\/"},{"@type":"ListItem","position":3,"name":"Bontoni"}]},{"@type":"WebSite","@id":"https:\/\/brogue.ch\/fr\/#website","url":"https:\/\/brogue.ch\/fr\/","name":"Brogue","description":"World class shoes","publisher":{"@id":"https:\/\/brogue.ch\/fr\/#organization"},"potentialAction":[{"@type":"SearchAction","target":{"@type":"EntryPoint","urlTemplate":"https:\/\/brogue.ch\/fr\/?s={search_term_string}"},"query-input":{"@type":"PropertyValueSpecification","valueRequired":true,"valueName":"search_term_string"}}],"inLanguage":"fr-FR"},{"@type":"Organization","@id":"https:\/\/brogue.ch\/fr\/#organization","name":"Brogue","url":"https:\/\/brogue.ch\/fr\/","logo":{"@type":"ImageObject","inLanguage":"fr-FR","@id":"https:\/\/brogue.ch\/fr\/#\/schema\/logo\/image\/","url":"https:\/\/brogue.ch\/wp-content\/uploads\/2020\/02\/logo-brogue.png","contentUrl":"https:\/\/brogue.ch\/wp-content\/uploads\/2020\/02\/logo-brogue.png","width":1176,"height":444,"caption":"Brogue"},"image":{"@id":"https:\/\/brogue.ch\/fr\/#\/schema\/logo\/image\/"}}]}},"_links":{"self":[{"href":"https:\/\/brogue.ch\/fr\/wp-json\/wp\/v2\/pages\/20022","targetHints":{"allow":["GET"]}}],"collection":[{"href":"https:\/\/brogue.ch\/fr\/wp-json\/wp\/v2\/pages"}],"about":[{"href":"https:\/\/brogue.ch\/fr\/wp-json\/wp\/v2\/types\/page"}],"author":[{"embeddable":true,"href":"https:\/\/brogue.ch\/fr\/wp-json\/wp\/v2\/users\/3824"}],"replies":[{"embeddable":true,"href":"https:\/\/brogue.ch\/fr\/wp-json\/wp\/v2\/comments?post=20022"}],"version-history":[{"count":7,"href":"https:\/\/brogue.ch\/fr\/wp-json\/wp\/v2\/pages\/20022\/revisions"}],"predecessor-version":[{"id":20429,"href":"https:\/\/brogue.ch\/fr\/wp-json\/wp\/v2\/pages\/20022\/revisions\/20429"}],"up":[{"embeddable":true,"href":"https:\/\/brogue.ch\/fr\/wp-json\/wp\/v2\/pages\/19489"}],"wp:featuredmedia":[{"embeddable":true,"href":"https:\/\/brogue.ch\/fr\/wp-json\/wp\/v2\/media\/20182"}],"wp:attachment":[{"href":"https:\/\/brogue.ch\/fr\/wp-json\/wp\/v2\/media?parent=20022"}],"curies":[{"name":"wp","href":"https:\/\/api.w.org\/{rel}","templated":true}]}}