{"id":28445,"date":"2021-07-08T15:08:49","date_gmt":"2021-07-08T13:08:49","guid":{"rendered":"https:\/\/www.brogue.ch\/rendez-vous-pour-un-essayage\/"},"modified":"2026-05-15T16:10:56","modified_gmt":"2026-05-15T14:10:56","slug":"prise-de-rendez-vous-en-boutique","status":"publish","type":"page","link":"https:\/\/brogue.ch\/fr\/prise-de-rendez-vous-en-boutique\/","title":{"rendered":"Prise de rendez-vous en boutique"},"content":{"rendered":"<p>\u00a0<\/p>\n<h2 style=\"text-align: left;\">Rendez-vous pour un essayage<\/h2>\n<p>\u00a0<\/p>\n<ul>\n<li><span class=\"s1\">Nous sommes ravis de vous accueillir afin de vous accompagner et vous conseiller sur nos souliers.<\/span><\/li>\n<li><span class=\"s1\">Ce formulaire s\u2019adresse tout particuli\u00e8rement aux clients ne pouvant venir pendant nos jours d\u2019ouvertures. Vous avez alors la possibilit\u00e9 de prendre rendez-vous en fin de journ\u00e9e ou le dimanche.<\/span><\/li>\n<li><span style=\"font-weight: 400;\">De plus, nous offrons un service tr\u00e8s personnalis\u00e9 \u00e0 notre client\u00e8le. Pour \u00eatre au plus pr\u00e8s de vous, nous vous proposons de prendre rendez-vous avec notre \u00e9quipe hors des horaires d\u2019ouvertures de la Boutique. <span class=\"s1\">Nous serons ravis de vous conseiller m\u00eame le dimanche dans la mesure du possible<\/span><\/span><\/li>\n<li><span style=\"font-weight: 400;\"><span class=\"s1\">Autre possibilit\u00e9, nous pouvons nous d\u00e9placer chez vous (tout Gen\u00e8ve) ou dans un endroit qui vous conviendrait afin de r\u00e9pondre au mieux \u00e0 vos besoins et disponibilit\u00e9s.\u00a0<\/span><\/span><\/li>\n<\/ul>\n<p>\u00a0<\/p>\n<h3>Merci de nous laisser vos coordonn\u00e9s ici afin de convenir d\u2019un rendez-vous<\/h3>\n\n<div class=\"wpcf7 no-js\" id=\"wpcf7-f28452-o1\" lang=\"en-US\" dir=\"ltr\" data-wpcf7-id=\"28452\">\n<div class=\"screen-reader-response\"><p role=\"status\" aria-live=\"polite\" aria-atomic=\"true\"><\/p> <ul><\/ul><\/div>\n<form action=\"\/fr\/wp-json\/wp\/v2\/pages\/28445#wpcf7-f28452-o1\" method=\"post\" class=\"wpcf7-form init\" aria-label=\"Contact form\" novalidate=\"novalidate\" data-status=\"init\">\n<fieldset class=\"hidden-fields-container\"><input type=\"hidden\" name=\"_wpcf7\" value=\"28452\" \/><input type=\"hidden\" name=\"_wpcf7_version\" value=\"6.1.5\" \/><input type=\"hidden\" name=\"_wpcf7_locale\" value=\"en_US\" \/><input type=\"hidden\" name=\"_wpcf7_unit_tag\" value=\"wpcf7-f28452-o1\" \/><input type=\"hidden\" name=\"_wpcf7_container_post\" value=\"0\" \/><input type=\"hidden\" name=\"_wpcf7_posted_data_hash\" value=\"\" \/><input type=\"hidden\" name=\"_wpcf7_recaptcha_response\" value=\"\" \/>\n<\/fieldset>\n<div>\n\t<p><span class=\"wpcf7-form-control-wrap\" data-name=\"fullname\"><input size=\"40\" maxlength=\"400\" class=\"wpcf7-form-control wpcf7-text wpcf7-validates-as-required\" aria-required=\"true\" aria-invalid=\"false\" placeholder=\"Nom\" value=\"\" type=\"text\" name=\"fullname\" \/><\/span>\n\t<\/p>\n<\/div>\n<div>\n\t<p><span class=\"wpcf7-form-control-wrap\" data-name=\"email\"><input size=\"40\" maxlength=\"400\" class=\"wpcf7-form-control wpcf7-email wpcf7-validates-as-required wpcf7-text wpcf7-validates-as-email\" aria-required=\"true\" aria-invalid=\"false\" placeholder=\"Email\" value=\"\" type=\"email\" name=\"email\" \/><\/span>\n\t<\/p>\n<\/div>\n<div>\n\t<p><span class=\"wpcf7-form-control-wrap\" data-name=\"your-message\"><textarea cols=\"40\" rows=\"10\" maxlength=\"2000\" class=\"wpcf7-form-control wpcf7-textarea wpcf7-validates-as-required\" aria-required=\"true\" aria-invalid=\"false\" placeholder=\"Message\" name=\"your-message\"><\/textarea><\/span>\n\t<\/p>\n<\/div>\n<h3 id=titre_formulaire, style=font-family: 'Libre Baskerville';><br \/>\nChoisissez une heure pour un essayage du lundi au samedi\n<\/h3>\n<p><select name=\"Todays_Day\" id=\"jours\">\n <option value=\"Lundi\" selected>Lundi<\/option>\n <option value=\"Mardi\">Mardi<\/option>\n <option value=\"Mercredi\">Mercredi<\/option>\n <option value=\"Jeudi\">Jeudi<\/option>\n <option value=\"Vendredi\">Vendredi<\/option>\n <option value=\"Samedi\">Samedi<\/option>\n<\/select>\n<\/p>\n<p><select name=\"Week hours\" id=\"heure-semaine\">\n <option value=\"18h30\" selected>18h30<\/option>\n <option value=\"19h\">19h<\/option>\n <option value=\"19h30\">19h30<\/option>\n<\/select>\n<\/p>\n<h3 id=titre_formulaire, style=font-family: 'Libre Baskerville';><br \/>\nChoisissez une heure pour un essayage le dimanche\n<\/h3>\n<p><select name=\"Week hours\" id=\"heure-dimanche\">\n <option value=\"10h\" selected>10h<\/option>\n <option value=\"10h30\">10h30<\/option>\n <option value=\"11h\">11h<\/option>\n <option value=\"11h30\">11h30<\/option>\n <option value=\"13h\">13h<\/option>\n <option value=\"13h30\">13h30<\/option>\n <option value=\"14h\">14h<\/option>\n <option value=\"14h30\">14h30<\/option>\n <option value=\"15h\">15h<\/option>\n <option value=\"15h30\">15h30<\/option>\n <option value=\"16h\">16h<\/option>\n <option value=\"16h30\">16h30<\/option>\n <option value=\"17h\">17h<\/option>\n <option value=\"17h30\">17h30<\/option>\n <option value=\"18h\">18h<\/option>\n<\/select>\n<\/p>\n<div>\n\t<p><input class=\"wpcf7-form-control wpcf7-submit has-spinner\" type=\"submit\" value=\"Envoyer\" \/>\n\t<\/p>\n<\/div><div class=\"wpcf7-response-output\" aria-hidden=\"true\"><\/div>\n<\/form>\n<\/div>\n\n<h3>Notre emplacement<\/h3>\n<p>Id\u00e9alement situ\u00e9 sur le quai des Bergues \u00e0 Gen\u00e8ve, \u00e0 c\u00f4t\u00e9 de la place Bel-Air. Un parking est \u00e0 disposition au sous-sol du magasin Manor.<\/p>\n<p>11 Quai des Bergues<br \/>1201 Gen\u00e8ve<\/p>\n<p>Phone: <a href=\"tel:+41223107003\">+41 22 310 70 03<\/a><br \/>Email: <a href=\"mailto:sales@brogue.ch\">sales@brogue.ch<\/a><\/p>\n\n\n<p><\/p>\n","protected":false},"excerpt":{"rendered":"<p>\u00a0 Rendez-vous pour un essayage \u00a0 Nous sommes ravis de vous accueillir afin de vous accompagner et vous conseiller sur nos souliers. Ce formulaire s\u2019adresse tout particuli\u00e8rement aux clients ne pouvant venir pendant nos jours d\u2019ouvertures. Vous avez alors la possibilit\u00e9 de prendre rendez-vous en fin de journ\u00e9e ou le dimanche. De plus, nous offrons [&hellip;]<\/p>\n","protected":false},"author":72,"featured_media":0,"parent":0,"menu_order":0,"comment_status":"closed","ping_status":"closed","template":"","meta":{"footnotes":""},"class_list":["post-28445","page","type-page","status-publish","hentry"],"yoast_head":"<!-- This site is optimized with the Yoast SEO plugin v27.5 - https:\/\/yoast.com\/product\/yoast-seo-wordpress\/ -->\n<title>Brogue<\/title>\n<meta name=\"description\" content=\"Formulaire de contact et r\u00e9seaux sociaux disponibles ici. Abonnez-vous \u00e9galement \u00e0 notre Newsletter.\" \/>\n<meta name=\"robots\" content=\"index, follow, max-snippet:-1, max-image-preview:large, max-video-preview:-1\" \/>\n<link rel=\"canonical\" href=\"https:\/\/brogue.ch\/fr\/prise-de-rendez-vous-en-boutique\/\" \/>\n<meta property=\"og:locale\" content=\"fr_FR\" \/>\n<meta property=\"og:type\" content=\"article\" \/>\n<meta property=\"og:title\" content=\"Contactez-nous | Brogue\" \/>\n<meta property=\"og:description\" content=\"Formulaire de contact et r\u00e9seaux sociaux disponibles ici. Abonnez-vous \u00e9galement \u00e0 notre Newsletter.\" \/>\n<meta property=\"og:url\" content=\"https:\/\/brogue.ch\/fr\/prise-de-rendez-vous-en-boutique\/\" \/>\n<meta property=\"og:site_name\" content=\"Brogue\" \/>\n<meta property=\"article:modified_time\" content=\"2026-05-15T14:10:56+00:00\" \/>\n<meta name=\"twitter:card\" content=\"summary_large_image\" \/>\n<meta name=\"twitter:label1\" content=\"Dur\u00e9e de lecture estim\u00e9e\" \/>\n\t<meta name=\"twitter:data1\" content=\"1 minute\" \/>\n<script type=\"application\/ld+json\" class=\"yoast-schema-graph\">{\"@context\":\"https:\\\/\\\/schema.org\",\"@graph\":[{\"@type\":\"WebPage\",\"@id\":\"https:\\\/\\\/brogue.ch\\\/fr\\\/prise-de-rendez-vous-en-boutique\\\/\",\"url\":\"https:\\\/\\\/brogue.ch\\\/fr\\\/prise-de-rendez-vous-en-boutique\\\/\",\"name\":\"Contactez-nous | Brogue\",\"isPartOf\":{\"@id\":\"https:\\\/\\\/brogue.ch\\\/fr\\\/#website\"},\"datePublished\":\"2021-07-08T13:08:49+00:00\",\"dateModified\":\"2026-05-15T14:10:56+00:00\",\"description\":\"Formulaire de contact et r\u00e9seaux sociaux disponibles ici. Abonnez-vous \u00e9galement \u00e0 notre Newsletter.\",\"breadcrumb\":{\"@id\":\"https:\\\/\\\/brogue.ch\\\/fr\\\/prise-de-rendez-vous-en-boutique\\\/#breadcrumb\"},\"inLanguage\":\"fr-FR\",\"potentialAction\":[{\"@type\":\"ReadAction\",\"target\":[\"https:\\\/\\\/brogue.ch\\\/fr\\\/prise-de-rendez-vous-en-boutique\\\/\"]}]},{\"@type\":\"BreadcrumbList\",\"@id\":\"https:\\\/\\\/brogue.ch\\\/fr\\\/prise-de-rendez-vous-en-boutique\\\/#breadcrumb\",\"itemListElement\":[{\"@type\":\"ListItem\",\"position\":1,\"name\":\"Home\",\"item\":\"https:\\\/\\\/brogue.ch\\\/fr\\\/\"},{\"@type\":\"ListItem\",\"position\":2,\"name\":\"Prise de rendez-vous en boutique\"}]},{\"@type\":\"WebSite\",\"@id\":\"https:\\\/\\\/brogue.ch\\\/fr\\\/#website\",\"url\":\"https:\\\/\\\/brogue.ch\\\/fr\\\/\",\"name\":\"Brogue\",\"description\":\"World class shoes\",\"publisher\":{\"@id\":\"https:\\\/\\\/brogue.ch\\\/fr\\\/#organization\"},\"potentialAction\":[{\"@type\":\"SearchAction\",\"target\":{\"@type\":\"EntryPoint\",\"urlTemplate\":\"https:\\\/\\\/brogue.ch\\\/fr\\\/?s={search_term_string}\"},\"query-input\":{\"@type\":\"PropertyValueSpecification\",\"valueRequired\":true,\"valueName\":\"search_term_string\"}}],\"inLanguage\":\"fr-FR\"},{\"@type\":\"Organization\",\"@id\":\"https:\\\/\\\/brogue.ch\\\/fr\\\/#organization\",\"name\":\"Brogue\",\"url\":\"https:\\\/\\\/brogue.ch\\\/fr\\\/\",\"logo\":{\"@type\":\"ImageObject\",\"inLanguage\":\"fr-FR\",\"@id\":\"https:\\\/\\\/brogue.ch\\\/fr\\\/#\\\/schema\\\/logo\\\/image\\\/\",\"url\":\"https:\\\/\\\/brogue.ch\\\/wp-content\\\/uploads\\\/2020\\\/02\\\/logo-brogue.png\",\"contentUrl\":\"https:\\\/\\\/brogue.ch\\\/wp-content\\\/uploads\\\/2020\\\/02\\\/logo-brogue.png\",\"width\":1176,\"height\":444,\"caption\":\"Brogue\"},\"image\":{\"@id\":\"https:\\\/\\\/brogue.ch\\\/fr\\\/#\\\/schema\\\/logo\\\/image\\\/\"}}]}<\/script>\n<!-- \/ Yoast SEO plugin. -->","yoast_head_json":{"title":"Brogue","description":"Formulaire de contact et r\u00e9seaux sociaux disponibles ici. Abonnez-vous \u00e9galement \u00e0 notre Newsletter.","robots":{"index":"index","follow":"follow","max-snippet":"max-snippet:-1","max-image-preview":"max-image-preview:large","max-video-preview":"max-video-preview:-1"},"canonical":"https:\/\/brogue.ch\/fr\/prise-de-rendez-vous-en-boutique\/","og_locale":"fr_FR","og_type":"article","og_title":"Contactez-nous | Brogue","og_description":"Formulaire de contact et r\u00e9seaux sociaux disponibles ici. Abonnez-vous \u00e9galement \u00e0 notre Newsletter.","og_url":"https:\/\/brogue.ch\/fr\/prise-de-rendez-vous-en-boutique\/","og_site_name":"Brogue","article_modified_time":"2026-05-15T14:10:56+00:00","twitter_card":"summary_large_image","twitter_misc":{"Dur\u00e9e de lecture estim\u00e9e":"1 minute"},"schema":{"@context":"https:\/\/schema.org","@graph":[{"@type":"WebPage","@id":"https:\/\/brogue.ch\/fr\/prise-de-rendez-vous-en-boutique\/","url":"https:\/\/brogue.ch\/fr\/prise-de-rendez-vous-en-boutique\/","name":"Contactez-nous | Brogue","isPartOf":{"@id":"https:\/\/brogue.ch\/fr\/#website"},"datePublished":"2021-07-08T13:08:49+00:00","dateModified":"2026-05-15T14:10:56+00:00","description":"Formulaire de contact et r\u00e9seaux sociaux disponibles ici. Abonnez-vous \u00e9galement \u00e0 notre Newsletter.","breadcrumb":{"@id":"https:\/\/brogue.ch\/fr\/prise-de-rendez-vous-en-boutique\/#breadcrumb"},"inLanguage":"fr-FR","potentialAction":[{"@type":"ReadAction","target":["https:\/\/brogue.ch\/fr\/prise-de-rendez-vous-en-boutique\/"]}]},{"@type":"BreadcrumbList","@id":"https:\/\/brogue.ch\/fr\/prise-de-rendez-vous-en-boutique\/#breadcrumb","itemListElement":[{"@type":"ListItem","position":1,"name":"Home","item":"https:\/\/brogue.ch\/fr\/"},{"@type":"ListItem","position":2,"name":"Prise de rendez-vous en boutique"}]},{"@type":"WebSite","@id":"https:\/\/brogue.ch\/fr\/#website","url":"https:\/\/brogue.ch\/fr\/","name":"Brogue","description":"World class shoes","publisher":{"@id":"https:\/\/brogue.ch\/fr\/#organization"},"potentialAction":[{"@type":"SearchAction","target":{"@type":"EntryPoint","urlTemplate":"https:\/\/brogue.ch\/fr\/?s={search_term_string}"},"query-input":{"@type":"PropertyValueSpecification","valueRequired":true,"valueName":"search_term_string"}}],"inLanguage":"fr-FR"},{"@type":"Organization","@id":"https:\/\/brogue.ch\/fr\/#organization","name":"Brogue","url":"https:\/\/brogue.ch\/fr\/","logo":{"@type":"ImageObject","inLanguage":"fr-FR","@id":"https:\/\/brogue.ch\/fr\/#\/schema\/logo\/image\/","url":"https:\/\/brogue.ch\/wp-content\/uploads\/2020\/02\/logo-brogue.png","contentUrl":"https:\/\/brogue.ch\/wp-content\/uploads\/2020\/02\/logo-brogue.png","width":1176,"height":444,"caption":"Brogue"},"image":{"@id":"https:\/\/brogue.ch\/fr\/#\/schema\/logo\/image\/"}}]}},"_links":{"self":[{"href":"https:\/\/brogue.ch\/fr\/wp-json\/wp\/v2\/pages\/28445","targetHints":{"allow":["GET"]}}],"collection":[{"href":"https:\/\/brogue.ch\/fr\/wp-json\/wp\/v2\/pages"}],"about":[{"href":"https:\/\/brogue.ch\/fr\/wp-json\/wp\/v2\/types\/page"}],"author":[{"embeddable":true,"href":"https:\/\/brogue.ch\/fr\/wp-json\/wp\/v2\/users\/72"}],"replies":[{"embeddable":true,"href":"https:\/\/brogue.ch\/fr\/wp-json\/wp\/v2\/comments?post=28445"}],"version-history":[{"count":13,"href":"https:\/\/brogue.ch\/fr\/wp-json\/wp\/v2\/pages\/28445\/revisions"}],"predecessor-version":[{"id":711519,"href":"https:\/\/brogue.ch\/fr\/wp-json\/wp\/v2\/pages\/28445\/revisions\/711519"}],"wp:attachment":[{"href":"https:\/\/brogue.ch\/fr\/wp-json\/wp\/v2\/media?parent=28445"}],"curies":[{"name":"wp","href":"https:\/\/api.w.org\/{rel}","templated":true}]}}