{"id":28469,"date":"2021-07-08T16:10:29","date_gmt":"2021-07-08T14:10:29","guid":{"rendered":"https:\/\/www.brogue.ch\/notre-histoire\/"},"modified":"2024-04-23T12:19:08","modified_gmt":"2024-04-23T10:19:08","slug":"notre-histoire","status":"publish","type":"page","link":"https:\/\/brogue.ch\/fr\/notre-histoire\/","title":{"rendered":"Notre histoire"},"content":{"rendered":"\n<div style=\"height:50px\" aria-hidden=\"true\" class=\"wp-block-spacer\"><\/div>\n\n<div class=\"wp-block-columns is-layout-flex wp-container-core-columns-is-layout-28f84493 wp-block-columns-is-layout-flex\">\n<div class=\"wp-block-column is-layout-flow wp-block-column-is-layout-flow\">\n<div style=\"height:27px\" aria-hidden=\"true\" class=\"wp-block-spacer\"><\/div>\n\n\n\n<h2 class=\"wp-block-heading has-text-align-center\">Presentation<\/h2>\n\n\n\n<p>Emer et Gary un couple anglo-irlandais ont fait le choix de changer radicalement de vie. Sur un coup de t\u00eate, ils ont d\u00e9cid\u00e9 de s&rsquo;installer \u00e0 Gen\u00e8ve. et choisissent la ville de Gen\u00e8ve. C\u2019est ainsi que la Boutique Brogue voit le jour en 2005.<\/p>\n\n\n\n<p>Le nom Brogue a \u00e9t\u00e9 choisi parce qu&rsquo;il s&rsquo;agit du nom d&rsquo;une chaussure classique pour homme et que, dans la langue irlandaise, il s&rsquo;agit \u00e9galement de la traduction du mot \u00ab\u00a0shoe\u00a0\u00bb (chaussure).<\/p>\n\n\n\n<p>Dix-huit ans plus tard, Brogue a d\u00e9m\u00e9nag\u00e9 dans des locaux plus r\u00e9cents et plus contemporains. Des p\u00e9pites comme John Lobb, Bontoni et Edward Green sont la cerise sur le g\u00e2teau !<\/p>\n\n\n\n<p>N\u00e9anmoins, Santoni et Crockett &amp; Jones font la renomm\u00e9e de la Boutique. Sans oublier, et pour cause, Brogue offre un service in\u00e9gal\u00e9 nulle part ailleurs. En outre, \u00e0 partir de mars 2023, les chaussures pour femmes b\u00e9n\u00e9ficieront \u00e9galement d&rsquo;un shop-in-shop d\u00e9di\u00e9.<\/p>\n<\/div>\n\n\n\n<div class=\"wp-block-column is-layout-flow wp-block-column-is-layout-flow\">\n<figure class=\"wp-block-image size-large\"><img loading=\"lazy\" decoding=\"async\" width=\"913\" height=\"1024\" src=\"https:\/\/preprod.brogue.ch\/wp-content\/uploads\/2023\/06\/DSC09371-913x1024.jpg\" alt=\"\" class=\"wp-image-54504\" srcset=\"https:\/\/brogue.ch\/wp-content\/uploads\/2023\/06\/DSC09371-913x1024.jpg 913w, https:\/\/brogue.ch\/wp-content\/uploads\/2023\/06\/DSC09371-268x300.jpg 268w, https:\/\/brogue.ch\/wp-content\/uploads\/2023\/06\/DSC09371-768x861.jpg 768w, https:\/\/brogue.ch\/wp-content\/uploads\/2023\/06\/DSC09371-1370x1536.jpg 1370w, https:\/\/brogue.ch\/wp-content\/uploads\/2023\/06\/DSC09371-700x785.jpg 700w, https:\/\/brogue.ch\/wp-content\/uploads\/2023\/06\/DSC09371-600x673.jpg 600w, https:\/\/brogue.ch\/wp-content\/uploads\/2023\/06\/DSC09371.jpg 1712w\" sizes=\"auto, (max-width: 913px) 100vw, 913px\" \/><\/figure>\n<\/div>\n<\/div>\n\n<div class=\"wp-block-cover alignfull is-light\"><span aria-hidden=\"true\" class=\"wp-block-cover__background has-background-dim-100 has-background-dim\" style=\"background-color:#f1f1f1\"><\/span><div class=\"wp-block-cover__inner-container is-layout-constrained wp-block-cover-is-layout-constrained\">\n<h2 class=\"wp-block-heading has-text-align-center\">Nos marques<\/h2>\n\n\n\n<p class=\"has-text-align-center has-black-color has-text-color has-link-color has-normal-font-size wp-elements-1c1a8a820a524810633a23f5a7523493\">11 grandes marques europ\u00e9ennes sont repr\u00e9sent\u00e9es dans nos murs.<br\/>Les meilleures chaussures d&rsquo;Angleterre, de France, d&rsquo;Espagne, d&rsquo;Italie et du Portugal sont disponibles.<\/p>\n\n\n<div class=\"wp-block-image\">\n<figure class=\"aligncenter size-large\"><img loading=\"lazy\" decoding=\"async\" width=\"1024\" height=\"280\" src=\"https:\/\/preprod.brogue.ch\/wp-content\/uploads\/2023\/05\/logos-1024x280.png\" alt=\"\" class=\"wp-image-53941\" srcset=\"https:\/\/brogue.ch\/wp-content\/uploads\/2023\/05\/logos-1024x280.png 1024w, https:\/\/brogue.ch\/wp-content\/uploads\/2023\/05\/logos-300x82.png 300w, https:\/\/brogue.ch\/wp-content\/uploads\/2023\/05\/logos-768x210.png 768w, https:\/\/brogue.ch\/wp-content\/uploads\/2023\/05\/logos-1536x420.png 1536w, https:\/\/brogue.ch\/wp-content\/uploads\/2023\/05\/logos-700x191.png 700w, https:\/\/brogue.ch\/wp-content\/uploads\/2023\/05\/logos-600x164.png 600w, https:\/\/brogue.ch\/wp-content\/uploads\/2023\/05\/logos.png 1888w\" sizes=\"auto, (max-width: 1024px) 100vw, 1024px\" \/><\/figure>\n<\/div><\/div><\/div>\n\n<div style=\"height:52px\" aria-hidden=\"true\" class=\"wp-block-spacer\"><\/div>\n\n<div class=\"wp-block-columns is-layout-flex wp-container-core-columns-is-layout-28f84493 wp-block-columns-is-layout-flex\">\n<div class=\"wp-block-column is-layout-flow wp-block-column-is-layout-flow\">\n<figure class=\"wp-block-image size-large\"><img loading=\"lazy\" decoding=\"async\" width=\"1024\" height=\"576\" src=\"https:\/\/preprod.brogue.ch\/wp-content\/uploads\/2021\/08\/img_shop_2-min-1024x576.jpg\" alt=\"\" class=\"wp-image-28996\" srcset=\"https:\/\/brogue.ch\/wp-content\/uploads\/2021\/08\/img_shop_2-min-1024x576.jpg 1024w, https:\/\/brogue.ch\/wp-content\/uploads\/2021\/08\/img_shop_2-min-300x169.jpg 300w, https:\/\/brogue.ch\/wp-content\/uploads\/2021\/08\/img_shop_2-min-768x432.jpg 768w, https:\/\/brogue.ch\/wp-content\/uploads\/2021\/08\/img_shop_2-min-700x394.jpg 700w, https:\/\/brogue.ch\/wp-content\/uploads\/2021\/08\/img_shop_2-min-539x303.jpg 539w, https:\/\/brogue.ch\/wp-content\/uploads\/2021\/08\/img_shop_2-min-600x338.jpg 600w, https:\/\/brogue.ch\/wp-content\/uploads\/2021\/08\/img_shop_2-min.jpg 1280w\" sizes=\"auto, (max-width: 1024px) 100vw, 1024px\" \/><\/figure>\n<\/div>\n\n\n\n<div class=\"wp-block-column is-layout-flow wp-block-column-is-layout-flow\">\n<h2 class=\"wp-block-heading has-text-align-center\">La boutique<\/h2>\n\n\n\n<p>Nous ne mettons en ligne qu\u2019une petite s\u00e9lection de nos mod\u00e8les disponibles. Cependant, si vous souhaitez acheter d\u2019autres mod\u00e8les,<br\/>vous pouvez nous contacter par t\u00e9l\u00e9phone ou par email.<\/p>\n\n\n\n<p>Id\u00e9alement situ\u00e9 \u00e0 c\u00f4t\u00e9 de la place Bel-Air, vous pouvez vous garer au Manor car Park : <strong>11 Quai des Bergues, 1201 Gen\u00e8ve<\/strong>.<\/p>\n\n\n\n<p>Du lundi au vendredi de 10 h \u00e0 18 h 30 | Le samedi de 10 h \u00e0 18 h<\/p>\n<\/div>\n<\/div>\n\n<div style=\"height:52px\" aria-hidden=\"true\" class=\"wp-block-spacer\"><\/div>\n\n<div class=\"wp-block-columns is-layout-flex wp-container-core-columns-is-layout-28f84493 wp-block-columns-is-layout-flex\">\n<div class=\"wp-block-column is-layout-flow wp-block-column-is-layout-flow\">\n<h2 class=\"wp-block-heading has-text-align-center\">Haute qualit\u00e9<\/h2>\n\n\n\n<p>Nos souliers sont exclusivement fabriqu\u00e9s en Europe dans des manufactures respectueuses de l\u2019environnement et de ses collaborateurs. La qualit\u00e9 de nos souliers est irr\u00e9prochable. Pour la plupart de nos marques, certaines parties de la chaussure sont cousu main.<\/p>\n\n\n\n<p>Le savoir-faire est unique \u00e0 chaque marque. Pour certains, la chaussure est enti\u00e8rement faite \u00e0 la main, pour d\u2019autres la recherche et l\u2019innovation sont les points cl\u00e9s de leur fabrication.<\/p>\n\n\n\n<p>Le cuir utilis\u00e9 par nos fournisseurs provient exclusivement des meilleures tanneries d&rsquo;Europe, respectueuses de l&rsquo;environnement.<\/p>\n<\/div>\n\n\n\n<div class=\"wp-block-column is-layout-flow wp-block-column-is-layout-flow\"><div class=\"wp-block-image\">\n<figure class=\"aligncenter size-full is-resized\"><img loading=\"lazy\" decoding=\"async\" width=\"1528\" height=\"1920\" src=\"https:\/\/preprod.brogue.ch\/wp-content\/uploads\/2024\/01\/IMG_9424.jpg\" alt=\"\" class=\"wp-image-62526\" style=\"aspect-ratio:1;width:354px;height:auto\" srcset=\"https:\/\/brogue.ch\/wp-content\/uploads\/2024\/01\/IMG_9424.jpg 1528w, https:\/\/brogue.ch\/wp-content\/uploads\/2024\/01\/IMG_9424-239x300.jpg 239w, https:\/\/brogue.ch\/wp-content\/uploads\/2024\/01\/IMG_9424-815x1024.jpg 815w, https:\/\/brogue.ch\/wp-content\/uploads\/2024\/01\/IMG_9424-768x965.jpg 768w, https:\/\/brogue.ch\/wp-content\/uploads\/2024\/01\/IMG_9424-1222x1536.jpg 1222w, https:\/\/brogue.ch\/wp-content\/uploads\/2024\/01\/IMG_9424-700x880.jpg 700w, https:\/\/brogue.ch\/wp-content\/uploads\/2024\/01\/IMG_9424-600x754.jpg 600w\" sizes=\"auto, (max-width: 1528px) 100vw, 1528px\" \/><\/figure>\n<\/div><\/div>\n<\/div>\n\n<div style=\"height:52px\" aria-hidden=\"true\" class=\"wp-block-spacer\"><\/div>\n\n<p class=\"has-text-align-center\">Nous aimons \u00e0 croire que nous offrons une exp\u00e9rience totale o\u00f9 un service attentionn\u00e9, des conseils judicieux et une myriade de services connexes, y compris l&rsquo;entretien et la r\u00e9paration des chaussures, sont enti\u00e8rement int\u00e9gr\u00e9s.<\/p>\n\n<p class=\"has-text-align-center\">Et bien s\u00fbr, nous sommes tout aussi fiers de notre collection de caf\u00e9s et de whiskies.<\/p>\n\n<div style=\"height:52px\" aria-hidden=\"true\" class=\"wp-block-spacer\"><\/div>\n\n<style>h1 { display:none;}<\/style>\n","protected":false},"excerpt":{"rendered":"<p>Presentation Emer et Gary un couple anglo-irlandais ont fait le choix de changer radicalement de vie. Sur un coup de t\u00eate, ils ont d\u00e9cid\u00e9 de s&rsquo;installer \u00e0 Gen\u00e8ve. et choisissent la ville de Gen\u00e8ve. C\u2019est ainsi que la Boutique Brogue voit le jour en 2005. Le nom Brogue a \u00e9t\u00e9 choisi parce qu&rsquo;il s&rsquo;agit du [&hellip;]<\/p>\n","protected":false},"author":72,"featured_media":0,"parent":0,"menu_order":0,"comment_status":"closed","ping_status":"closed","template":"","meta":{"footnotes":""},"class_list":["post-28469","page","type-page","status-publish","hentry"],"yoast_head":"<!-- This site is optimized with the Yoast SEO plugin v27.3 - https:\/\/yoast.com\/product\/yoast-seo-wordpress\/ -->\n<title>Brogue<\/title>\n<meta name=\"description\" content=\"Brogue - Les plus grandes marques de chaussures pour femmes et hommes. Magasin de chaussures en cuir de luxe et haut de gamme, id\u00e9alement situ\u00e9 au centre de Gen\u00e8ve.\" \/>\n<meta name=\"robots\" content=\"index, follow, max-snippet:-1, max-image-preview:large, max-video-preview:-1\" \/>\n<link rel=\"canonical\" href=\"https:\/\/brogue.ch\/fr\/notre-histoire\/\" \/>\n<meta property=\"og:locale\" content=\"fr_FR\" \/>\n<meta property=\"og:type\" content=\"article\" \/>\n<meta property=\"og:title\" content=\"Magasin de chaussures \u00e0 Gen\u00e8ve \u2022 Magasin de chaussures en cuir pour hommes | Brogue\" \/>\n<meta property=\"og:description\" content=\"Brogue - Les meilleures marques de chaussures pour hommes au monde. Magasin de chaussures en cuir haut de gamme de luxe pour hommes, id\u00e9alement situ\u00e9 dans le centre de Gen\u00e8ve.\" \/>\n<meta property=\"og:url\" content=\"https:\/\/brogue.ch\/fr\/notre-histoire\/\" \/>\n<meta property=\"og:site_name\" content=\"Brogue\" \/>\n<meta property=\"article:modified_time\" content=\"2024-04-23T10:19:08+00:00\" \/>\n<meta property=\"og:image\" content=\"https:\/\/preprod.brogue.ch\/wp-content\/uploads\/2023\/06\/DSC09371-913x1024.jpg\" \/>\n<meta name=\"twitter:card\" content=\"summary_large_image\" \/>\n<meta name=\"twitter:label1\" content=\"Dur\u00e9e de lecture estim\u00e9e\" \/>\n\t<meta name=\"twitter:data1\" content=\"6 minutes\" \/>\n<script type=\"application\/ld+json\" class=\"yoast-schema-graph\">{\"@context\":\"https:\\\/\\\/schema.org\",\"@graph\":[{\"@type\":\"WebPage\",\"@id\":\"https:\\\/\\\/brogue.ch\\\/fr\\\/notre-histoire\\\/\",\"url\":\"https:\\\/\\\/brogue.ch\\\/fr\\\/notre-histoire\\\/\",\"name\":\"Magasin de chaussures de luxe \u00e0 Gen\u00e8ve - Magasin de chaussures en cuir pour femmes et hommes | Brogue\",\"isPartOf\":{\"@id\":\"https:\\\/\\\/brogue.ch\\\/fr\\\/#website\"},\"primaryImageOfPage\":{\"@id\":\"https:\\\/\\\/brogue.ch\\\/fr\\\/notre-histoire\\\/#primaryimage\"},\"image\":{\"@id\":\"https:\\\/\\\/brogue.ch\\\/fr\\\/notre-histoire\\\/#primaryimage\"},\"thumbnailUrl\":\"https:\\\/\\\/preprod.brogue.ch\\\/wp-content\\\/uploads\\\/2023\\\/06\\\/DSC09371-913x1024.jpg\",\"datePublished\":\"2021-07-08T14:10:29+00:00\",\"dateModified\":\"2024-04-23T10:19:08+00:00\",\"description\":\"Brogue - Les plus grandes marques de chaussures pour femmes et hommes. Magasin de chaussures en cuir de luxe et haut de gamme, id\u00e9alement situ\u00e9 au centre de Gen\u00e8ve.\",\"breadcrumb\":{\"@id\":\"https:\\\/\\\/brogue.ch\\\/fr\\\/notre-histoire\\\/#breadcrumb\"},\"inLanguage\":\"fr-FR\",\"potentialAction\":[{\"@type\":\"ReadAction\",\"target\":[\"https:\\\/\\\/brogue.ch\\\/fr\\\/notre-histoire\\\/\"]}]},{\"@type\":\"ImageObject\",\"inLanguage\":\"fr-FR\",\"@id\":\"https:\\\/\\\/brogue.ch\\\/fr\\\/notre-histoire\\\/#primaryimage\",\"url\":\"https:\\\/\\\/preprod.brogue.ch\\\/wp-content\\\/uploads\\\/2023\\\/06\\\/DSC09371-913x1024.jpg\",\"contentUrl\":\"https:\\\/\\\/preprod.brogue.ch\\\/wp-content\\\/uploads\\\/2023\\\/06\\\/DSC09371-913x1024.jpg\"},{\"@type\":\"BreadcrumbList\",\"@id\":\"https:\\\/\\\/brogue.ch\\\/fr\\\/notre-histoire\\\/#breadcrumb\",\"itemListElement\":[{\"@type\":\"ListItem\",\"position\":1,\"name\":\"Home\",\"item\":\"https:\\\/\\\/brogue.ch\\\/fr\\\/\"},{\"@type\":\"ListItem\",\"position\":2,\"name\":\"Notre histoire\"}]},{\"@type\":\"WebSite\",\"@id\":\"https:\\\/\\\/brogue.ch\\\/fr\\\/#website\",\"url\":\"https:\\\/\\\/brogue.ch\\\/fr\\\/\",\"name\":\"Brogue\",\"description\":\"World class shoes\",\"publisher\":{\"@id\":\"https:\\\/\\\/brogue.ch\\\/fr\\\/#organization\"},\"potentialAction\":[{\"@type\":\"SearchAction\",\"target\":{\"@type\":\"EntryPoint\",\"urlTemplate\":\"https:\\\/\\\/brogue.ch\\\/fr\\\/?s={search_term_string}\"},\"query-input\":{\"@type\":\"PropertyValueSpecification\",\"valueRequired\":true,\"valueName\":\"search_term_string\"}}],\"inLanguage\":\"fr-FR\"},{\"@type\":\"Organization\",\"@id\":\"https:\\\/\\\/brogue.ch\\\/fr\\\/#organization\",\"name\":\"Brogue\",\"url\":\"https:\\\/\\\/brogue.ch\\\/fr\\\/\",\"logo\":{\"@type\":\"ImageObject\",\"inLanguage\":\"fr-FR\",\"@id\":\"https:\\\/\\\/brogue.ch\\\/fr\\\/#\\\/schema\\\/logo\\\/image\\\/\",\"url\":\"https:\\\/\\\/brogue.ch\\\/wp-content\\\/uploads\\\/2020\\\/02\\\/logo-brogue.png\",\"contentUrl\":\"https:\\\/\\\/brogue.ch\\\/wp-content\\\/uploads\\\/2020\\\/02\\\/logo-brogue.png\",\"width\":1176,\"height\":444,\"caption\":\"Brogue\"},\"image\":{\"@id\":\"https:\\\/\\\/brogue.ch\\\/fr\\\/#\\\/schema\\\/logo\\\/image\\\/\"}}]}<\/script>\n<!-- \/ Yoast SEO plugin. -->","yoast_head_json":{"title":"Brogue","description":"Brogue - Les plus grandes marques de chaussures pour femmes et hommes. Magasin de chaussures en cuir de luxe et haut de gamme, id\u00e9alement situ\u00e9 au centre de Gen\u00e8ve.","robots":{"index":"index","follow":"follow","max-snippet":"max-snippet:-1","max-image-preview":"max-image-preview:large","max-video-preview":"max-video-preview:-1"},"canonical":"https:\/\/brogue.ch\/fr\/notre-histoire\/","og_locale":"fr_FR","og_type":"article","og_title":"Magasin de chaussures \u00e0 Gen\u00e8ve \u2022 Magasin de chaussures en cuir pour hommes | Brogue","og_description":"Brogue - Les meilleures marques de chaussures pour hommes au monde. Magasin de chaussures en cuir haut de gamme de luxe pour hommes, id\u00e9alement situ\u00e9 dans le centre de Gen\u00e8ve.","og_url":"https:\/\/brogue.ch\/fr\/notre-histoire\/","og_site_name":"Brogue","article_modified_time":"2024-04-23T10:19:08+00:00","og_image":[{"url":"https:\/\/preprod.brogue.ch\/wp-content\/uploads\/2023\/06\/DSC09371-913x1024.jpg","type":"","width":"","height":""}],"twitter_card":"summary_large_image","twitter_misc":{"Dur\u00e9e de lecture estim\u00e9e":"6 minutes"},"schema":{"@context":"https:\/\/schema.org","@graph":[{"@type":"WebPage","@id":"https:\/\/brogue.ch\/fr\/notre-histoire\/","url":"https:\/\/brogue.ch\/fr\/notre-histoire\/","name":"Magasin de chaussures de luxe \u00e0 Gen\u00e8ve - Magasin de chaussures en cuir pour femmes et hommes | Brogue","isPartOf":{"@id":"https:\/\/brogue.ch\/fr\/#website"},"primaryImageOfPage":{"@id":"https:\/\/brogue.ch\/fr\/notre-histoire\/#primaryimage"},"image":{"@id":"https:\/\/brogue.ch\/fr\/notre-histoire\/#primaryimage"},"thumbnailUrl":"https:\/\/preprod.brogue.ch\/wp-content\/uploads\/2023\/06\/DSC09371-913x1024.jpg","datePublished":"2021-07-08T14:10:29+00:00","dateModified":"2024-04-23T10:19:08+00:00","description":"Brogue - Les plus grandes marques de chaussures pour femmes et hommes. Magasin de chaussures en cuir de luxe et haut de gamme, id\u00e9alement situ\u00e9 au centre de Gen\u00e8ve.","breadcrumb":{"@id":"https:\/\/brogue.ch\/fr\/notre-histoire\/#breadcrumb"},"inLanguage":"fr-FR","potentialAction":[{"@type":"ReadAction","target":["https:\/\/brogue.ch\/fr\/notre-histoire\/"]}]},{"@type":"ImageObject","inLanguage":"fr-FR","@id":"https:\/\/brogue.ch\/fr\/notre-histoire\/#primaryimage","url":"https:\/\/preprod.brogue.ch\/wp-content\/uploads\/2023\/06\/DSC09371-913x1024.jpg","contentUrl":"https:\/\/preprod.brogue.ch\/wp-content\/uploads\/2023\/06\/DSC09371-913x1024.jpg"},{"@type":"BreadcrumbList","@id":"https:\/\/brogue.ch\/fr\/notre-histoire\/#breadcrumb","itemListElement":[{"@type":"ListItem","position":1,"name":"Home","item":"https:\/\/brogue.ch\/fr\/"},{"@type":"ListItem","position":2,"name":"Notre histoire"}]},{"@type":"WebSite","@id":"https:\/\/brogue.ch\/fr\/#website","url":"https:\/\/brogue.ch\/fr\/","name":"Brogue","description":"World class shoes","publisher":{"@id":"https:\/\/brogue.ch\/fr\/#organization"},"potentialAction":[{"@type":"SearchAction","target":{"@type":"EntryPoint","urlTemplate":"https:\/\/brogue.ch\/fr\/?s={search_term_string}"},"query-input":{"@type":"PropertyValueSpecification","valueRequired":true,"valueName":"search_term_string"}}],"inLanguage":"fr-FR"},{"@type":"Organization","@id":"https:\/\/brogue.ch\/fr\/#organization","name":"Brogue","url":"https:\/\/brogue.ch\/fr\/","logo":{"@type":"ImageObject","inLanguage":"fr-FR","@id":"https:\/\/brogue.ch\/fr\/#\/schema\/logo\/image\/","url":"https:\/\/brogue.ch\/wp-content\/uploads\/2020\/02\/logo-brogue.png","contentUrl":"https:\/\/brogue.ch\/wp-content\/uploads\/2020\/02\/logo-brogue.png","width":1176,"height":444,"caption":"Brogue"},"image":{"@id":"https:\/\/brogue.ch\/fr\/#\/schema\/logo\/image\/"}}]}},"_links":{"self":[{"href":"https:\/\/brogue.ch\/fr\/wp-json\/wp\/v2\/pages\/28469","targetHints":{"allow":["GET"]}}],"collection":[{"href":"https:\/\/brogue.ch\/fr\/wp-json\/wp\/v2\/pages"}],"about":[{"href":"https:\/\/brogue.ch\/fr\/wp-json\/wp\/v2\/types\/page"}],"author":[{"embeddable":true,"href":"https:\/\/brogue.ch\/fr\/wp-json\/wp\/v2\/users\/72"}],"replies":[{"embeddable":true,"href":"https:\/\/brogue.ch\/fr\/wp-json\/wp\/v2\/comments?post=28469"}],"version-history":[{"count":56,"href":"https:\/\/brogue.ch\/fr\/wp-json\/wp\/v2\/pages\/28469\/revisions"}],"predecessor-version":[{"id":69589,"href":"https:\/\/brogue.ch\/fr\/wp-json\/wp\/v2\/pages\/28469\/revisions\/69589"}],"wp:attachment":[{"href":"https:\/\/brogue.ch\/fr\/wp-json\/wp\/v2\/media?parent=28469"}],"curies":[{"name":"wp","href":"https:\/\/api.w.org\/{rel}","templated":true}]}}