{"id":28486,"date":"2021-07-09T12:42:06","date_gmt":"2021-07-09T10:42:06","guid":{"rendered":"https:\/\/www.brogue.ch\/services-2\/"},"modified":"2025-05-04T01:00:36","modified_gmt":"2025-05-03T23:00:36","slug":"services","status":"publish","type":"page","link":"https:\/\/brogue.ch\/fr\/services\/","title":{"rendered":"Services"},"content":{"rendered":"\n<div class=\"wp-block-cover alignfull\"><img loading=\"lazy\" decoding=\"async\" width=\"1920\" height=\"1280\" class=\"wp-block-cover__image-background wp-image-19550\" alt=\"\" src=\"https:\/\/preprod.brogue.ch\/wp-content\/uploads\/2020\/04\/services.jpg\" data-object-fit=\"cover\" srcset=\"https:\/\/brogue.ch\/wp-content\/uploads\/2020\/04\/services.jpg 1920w, https:\/\/brogue.ch\/wp-content\/uploads\/2020\/04\/services-300x200.jpg 300w, https:\/\/brogue.ch\/wp-content\/uploads\/2020\/04\/services-1024x683.jpg 1024w, https:\/\/brogue.ch\/wp-content\/uploads\/2020\/04\/services-768x512.jpg 768w, https:\/\/brogue.ch\/wp-content\/uploads\/2020\/04\/services-1536x1024.jpg 1536w, https:\/\/brogue.ch\/wp-content\/uploads\/2020\/04\/services-416x277.jpg 416w\" sizes=\"auto, (max-width: 1920px) 100vw, 1920px\" \/><span aria-hidden=\"true\" class=\"wp-block-cover__background has-background-dim\"><\/span><div class=\"wp-block-cover__inner-container is-layout-constrained wp-block-cover-is-layout-constrained\">\n<h2 class=\"wp-block-heading has-text-align-center has-white-color has-text-color has-link-color wp-elements-e388dc5328fdee008248da1b72a8ca83\" style=\"font-size:50px\">SERVICES<\/h2>\n<\/div><\/div>\n\n<div style=\"height:100px\" aria-hidden=\"true\" class=\"wp-block-spacer\"><\/div>\n\n<h2 class=\"wp-block-heading has-text-align-center\">Services d\u2019entretien<\/h2>\n\n<div class=\"wp-block-columns is-layout-flex wp-container-core-columns-is-layout-28f84493 wp-block-columns-is-layout-flex\">\n<div class=\"wp-block-column is-layout-flow wp-block-column-is-layout-flow\">\n<p>On dit qu\u2019il est possible de juger un homme \u00e0 ses chaussures ! Vrai ou faux, se promener dans des chaussures ternes et non polies est l\u2019assurance de ne pas faire forte impression. \u00c9blouissez tout le monde avec de superbes chaussures bien entretenues et vous vous d\u00e9marquerez de la foule.<\/p>\n\n\n\n<p>Chez Brogue, nous vous offrons un service professionnel de cirage de chaussures. Apportez-nous vos chaussures fatigu\u00e9es et nous garantissons que vous serez satisfait du r\u00e9sultat.<\/p>\n\n\n\n<p>Nous utilisons les meilleures cr\u00e8mes et vernis de la marque Saphir qui sont fabriqu\u00e9s \u00e0 base de cires et d\u2019huiles naturelles, con\u00e7ues sp\u00e9cifiquement pour les chaussures en cuir.<\/p>\n<\/div>\n\n\n\n<div class=\"wp-block-column is-layout-flow wp-block-column-is-layout-flow\">\n<p>Confiez-nous vos chaussures dans notre boutique ; dans la mesure du possible nous ferons leur entretien pendant que vous attendez, install\u00e9 confortablement avec une boisson adapt\u00e9e \u00e0 votre humeur et \u00e0 vos go\u00fbts du jour.<\/p>\n\n\n\n<p>Quand l\u2019entretien n\u2019est plus suffisant, mais qu\u2019il est n\u00e9cessaire de pratiquer des r\u00e9parations, nous sommes fiers de travailler exclusivement avec la cordonnerie de Yohan Seror. Il est probablement le meilleur cordonnier de Gen\u00e8ve et certainement le seul \u00e0 avoir suivi le prestigieux apprentissage des Compagnons du Devoir et du tour de France. Nous sommes donc en mesure de prendre en charge tous types de chaussures (homme et femme), quelles que soient la marque et la complexit\u00e9 de la r\u00e9paration. D\u00e9posez simplement vos chaussures dans notre boutique et nous nous occuperons du reste.<\/p>\n\n\n\n<p>Nous sommes donc en mesure de prendre en charge tous types de chaussures (homme et femme), quelles que soient la marque et la complexit\u00e9 de la r\u00e9paration. D\u00e9posez simplement vos chaussures dans notre boutique et nous nous occuperons du reste.<\/p>\n<\/div>\n<\/div>\n\n<div style=\"height:100px\" aria-hidden=\"true\" class=\"wp-block-spacer\"><\/div>\n\n<h2 class=\"wp-block-heading has-text-align-center\">Tarifs<\/h2>\n\n<p class=\"has-text-align-center\">Tous nos services d\u2019entretien sont disponible directement dans notre boutique aux heures d\u2019ouverture<\/p>\n\n<div class=\"wp-block-columns is-layout-flex wp-container-core-columns-is-layout-28f84493 wp-block-columns-is-layout-flex\">\n<div class=\"wp-block-column is-layout-flow wp-block-column-is-layout-flow\"><div class=\"wp-block-image\">\n<figure class=\"aligncenter size-large is-resized\"><img decoding=\"async\" src=\"https:\/\/brogue.ch\/wp-content\/uploads\/2022\/09\/polish.png\" alt=\"\" style=\"width:225px\"\/><\/figure>\n<\/div>\n\n\n<div style=\"height:20px\" aria-hidden=\"true\" class=\"wp-block-spacer\"><\/div>\n\n\n\n<h3 class=\"wp-block-heading has-text-align-center\"><strong>POLITIQUE<\/strong><\/h3>\n\n\n\n<div style=\"height:20px\" aria-hidden=\"true\" class=\"wp-block-spacer\"><\/div>\n\n\n\n<h4 class=\"wp-block-heading has-text-align-center\">15 CHF<\/h4>\n\n\n\n<div style=\"height:20px\" aria-hidden=\"true\" class=\"wp-block-spacer\"><\/div>\n\n\n\n<p class=\"has-text-align-center\">D\u00e9pos\u00e9 \u00e0 notre boutique<\/p>\n\n\n\n<p class=\"has-text-align-center\">Frais suppl\u00e9mentaires de CHF 10.- pour une livraison en ville de Gen\u00e8ve<\/p>\n<\/div>\n\n\n\n<div class=\"wp-block-column is-layout-flow wp-block-column-is-layout-flow\"><div class=\"wp-block-image\">\n<figure class=\"aligncenter size-large is-resized\"><img decoding=\"async\" src=\"https:\/\/brogue.ch\/wp-content\/uploads\/2022\/09\/polish-plus.png\" alt=\"\" style=\"width:155px;height:auto\"\/><\/figure>\n<\/div>\n\n\n<div style=\"height:20px\" aria-hidden=\"true\" class=\"wp-block-spacer\"><\/div>\n\n\n\n<h3 class=\"wp-block-heading has-text-align-center\"><strong>POLISH PLUS<\/strong><\/h3>\n\n\n\n<div style=\"height:20px\" aria-hidden=\"true\" class=\"wp-block-spacer\"><\/div>\n\n\n\n<h4 class=\"wp-block-heading has-text-align-center\">25 CHF<\/h4>\n\n\n\n<div style=\"height:20px\" aria-hidden=\"true\" class=\"wp-block-spacer\"><\/div>\n\n\n\n<p class=\"has-text-align-center\">En plus de l\u2019entretien du cuir, notre cordonnier reteint et polis les bords et talons de vos chaussures<\/p>\n<\/div>\n\n\n\n<div class=\"wp-block-column is-layout-flow wp-block-column-is-layout-flow\">\n<div style=\"height:21px\" aria-hidden=\"true\" class=\"wp-block-spacer\"><\/div>\n\n\n<div class=\"wp-block-image\">\n<figure class=\"aligncenter size-large is-resized\"><img decoding=\"async\" src=\"https:\/\/brogue.ch\/wp-content\/uploads\/2022\/09\/intensive-care-treatment.png\" alt=\"\" style=\"width:143px;height:auto\"\/><\/figure>\n<\/div>\n\n\n<h3 class=\"wp-block-heading has-text-align-center\"><strong>TRAITEMENT EN SOINS INTENSIFS<\/strong><\/h3>\n\n\n\n<h4 class=\"wp-block-heading has-text-align-center\">40 CHF<\/h4>\n\n\n\n<div style=\"height:20px\" aria-hidden=\"true\" class=\"wp-block-spacer\"><\/div>\n\n\n\n<p class=\"has-text-align-center\">Les anciennes couches de vernis et de cire sont enlev\u00e9es. Notre cordonnier reteint et polis les bords et talons de vos chaussures.<\/p>\n\n\n\n<p class=\"has-text-align-center\">Nous appliquons ensuite les produits Saphir appropri\u00e9s pour remettre la chaussure dans un \u00e9tat proche du neuf, et terminons par un gla\u00e7age.<\/p>\n<\/div>\n<\/div>\n\n<div style=\"height:39px\" aria-hidden=\"true\" class=\"wp-block-spacer\"><\/div>\n\n<h2 class=\"wp-block-heading has-text-align-center\">Conseil personnalis\u00e9<\/h2>\n\n<p><\/p>\n\n<p class=\"has-text-align-center\">Nous nous ferons un plaisir de vous guider lors de l&rsquo;achat de vos chaussures. De plus, nous offrons un service tr\u00e8s personnalis\u00e9 \u00e0 notre client\u00e8le. Si nos horaires d&rsquo;ouverture ne vous conviennent pas, nous sommes heureux d&rsquo;ouvrir notre porte sur demande, 24 heures sur 24 et 7 jours sur 7. Peu importe le moment qui vous arrange, nous sommes l\u00e0 pour vous conseiller.<\/p>\n\n<p class=\"has-text-align-center\">Autre possibilit\u00e9, nous pouvons nous d\u00e9placer chez vous (tout Gen\u00e8ve) ou dans un endroit qui vous conviendrait afin de r\u00e9pondre au mieux \u00e0 vos besoins et disponibilit\u00e9s.<\/p>\n\n<p class=\"has-text-align-center\">Merci de nous laisser vos coordonn\u00e9s ici afin de convenir d\u2019un rendez-vous<\/p>\n\n<div style=\"height:100px\" aria-hidden=\"true\" class=\"wp-block-spacer\"><\/div>\n\n<h3 class=\"wp-block-heading has-text-align-center\">Notre emplacement<\/h3>\n\n<p class=\"has-text-align-center\">Id\u00e9alement situ\u00e9 sur le quai des Bergues \u00e0 Gen\u00e8ve, \u00e0 c\u00f4t\u00e9 de la place Bel-Air. Un parking est \u00e0 disposition au sous-sol du magasin Manor.<\/p>\n\n<p class=\"has-text-align-center\"><a href=\"https:\/\/www.google.com\/maps\/place\/Quai+des+Bergues+11,+1201+Gen%C3%A8ve,+Suisse\/@46.2060967,6.1413334,17z\/data=!3m1!4b1!4m6!3m5!1s0x478c652860cdef2f:0x14b487dca9f55e1f!8m2!3d46.2060967!4d6.1439137!16s%2Fg%2F11c283_bxn?hl=fr-FR&amp;entry=ttu\">11 Quai des Bergues<br\/>1201 Gen\u00e8ve<\/a><br\/>T\u00e9l : <a href=\"tel:+41223107003\">+41 22 310 70 03<\/a><br\/>Email : <a href=\"mailto:sales@brogue.ch\">sales@brogue.ch<\/a><\/p>\n\n<p class=\"has-text-align-center\">Du lundi au vendredi de 10h00 \u00e0 18h30<br\/>Le samedi de 10h00 \u00e0 18h00<\/p>\n\n<p class=\"has-text-align-center\">WhatsApp : <a href=\"https:\/\/wa.me.\/+410763847428\">+41 0763 847 428<\/a><\/p>\n\n<style>h1:first-of-type {display:none;}<\/style>\n","protected":false},"excerpt":{"rendered":"<p>Services d\u2019entretien On dit qu\u2019il est possible de juger un homme \u00e0 ses chaussures ! Vrai ou faux, se promener dans des chaussures ternes et non polies est l\u2019assurance de ne pas faire forte impression. \u00c9blouissez tout le monde avec de superbes chaussures bien entretenues et vous vous d\u00e9marquerez de la foule. Chez Brogue, nous [&hellip;]<\/p>\n","protected":false},"author":72,"featured_media":0,"parent":0,"menu_order":0,"comment_status":"closed","ping_status":"closed","template":"","meta":{"footnotes":""},"class_list":["post-28486","page","type-page","status-publish","hentry"],"yoast_head":"<!-- This site is optimized with the Yoast SEO plugin v27.3 - https:\/\/yoast.com\/product\/yoast-seo-wordpress\/ -->\n<title>Brogue<\/title>\n<meta name=\"description\" content=\"Offrant des services d&#039;entretien et de r\u00e9paration de chaussures pour hommes et femmes, Brogue est le seul salon professionnel d&#039;entretien de chaussures \u00e0 Gen\u00e8ve.\" \/>\n<meta name=\"robots\" content=\"index, follow, max-snippet:-1, max-image-preview:large, max-video-preview:-1\" \/>\n<link rel=\"canonical\" href=\"https:\/\/brogue.ch\/fr\/services\/\" \/>\n<meta property=\"og:locale\" content=\"fr_FR\" \/>\n<meta property=\"og:type\" content=\"article\" \/>\n<meta property=\"og:title\" content=\"Service d&#039;entretien de chaussures Gen\u00e8ve \u2022 Magasin de chaussures de luxe | Brogue\" \/>\n<meta property=\"og:description\" content=\"Offrant des services d&#039;entretien et de r\u00e9paration de chaussures pour hommes et femmes, Brogue est le seul salon professionnel d&#039;entretien de chaussures \u00e0 Gen\u00e8ve.\" \/>\n<meta property=\"og:url\" content=\"https:\/\/brogue.ch\/fr\/services\/\" \/>\n<meta property=\"og:site_name\" content=\"Brogue\" \/>\n<meta property=\"article:modified_time\" content=\"2025-05-03T23:00:36+00:00\" \/>\n<meta property=\"og:image\" content=\"https:\/\/preprod.brogue.ch\/wp-content\/uploads\/2020\/04\/services.jpg\" \/>\n<meta name=\"twitter:card\" content=\"summary_large_image\" \/>\n<meta name=\"twitter:label1\" content=\"Dur\u00e9e de lecture estim\u00e9e\" \/>\n\t<meta name=\"twitter:data1\" content=\"4 minutes\" \/>\n<script type=\"application\/ld+json\" class=\"yoast-schema-graph\">{\"@context\":\"https:\\\/\\\/schema.org\",\"@graph\":[{\"@type\":\"WebPage\",\"@id\":\"https:\\\/\\\/brogue.ch\\\/fr\\\/services\\\/\",\"url\":\"https:\\\/\\\/brogue.ch\\\/fr\\\/services\\\/\",\"name\":\"Service d'entretien de chaussures Gen\u00e8ve \u2022 Magasin de chaussures de luxe | Brogue\",\"isPartOf\":{\"@id\":\"https:\\\/\\\/brogue.ch\\\/fr\\\/#website\"},\"primaryImageOfPage\":{\"@id\":\"https:\\\/\\\/brogue.ch\\\/fr\\\/services\\\/#primaryimage\"},\"image\":{\"@id\":\"https:\\\/\\\/brogue.ch\\\/fr\\\/services\\\/#primaryimage\"},\"thumbnailUrl\":\"https:\\\/\\\/preprod.brogue.ch\\\/wp-content\\\/uploads\\\/2020\\\/04\\\/services.jpg\",\"datePublished\":\"2021-07-09T10:42:06+00:00\",\"dateModified\":\"2025-05-03T23:00:36+00:00\",\"description\":\"Offrant des services d'entretien et de r\u00e9paration de chaussures pour hommes et femmes, Brogue est le seul salon professionnel d'entretien de chaussures \u00e0 Gen\u00e8ve.\",\"breadcrumb\":{\"@id\":\"https:\\\/\\\/brogue.ch\\\/fr\\\/services\\\/#breadcrumb\"},\"inLanguage\":\"fr-FR\",\"potentialAction\":[{\"@type\":\"ReadAction\",\"target\":[\"https:\\\/\\\/brogue.ch\\\/fr\\\/services\\\/\"]}]},{\"@type\":\"ImageObject\",\"inLanguage\":\"fr-FR\",\"@id\":\"https:\\\/\\\/brogue.ch\\\/fr\\\/services\\\/#primaryimage\",\"url\":\"https:\\\/\\\/preprod.brogue.ch\\\/wp-content\\\/uploads\\\/2020\\\/04\\\/services.jpg\",\"contentUrl\":\"https:\\\/\\\/preprod.brogue.ch\\\/wp-content\\\/uploads\\\/2020\\\/04\\\/services.jpg\"},{\"@type\":\"BreadcrumbList\",\"@id\":\"https:\\\/\\\/brogue.ch\\\/fr\\\/services\\\/#breadcrumb\",\"itemListElement\":[{\"@type\":\"ListItem\",\"position\":1,\"name\":\"Home\",\"item\":\"https:\\\/\\\/brogue.ch\\\/fr\\\/\"},{\"@type\":\"ListItem\",\"position\":2,\"name\":\"Services\"}]},{\"@type\":\"WebSite\",\"@id\":\"https:\\\/\\\/brogue.ch\\\/fr\\\/#website\",\"url\":\"https:\\\/\\\/brogue.ch\\\/fr\\\/\",\"name\":\"Brogue\",\"description\":\"World class shoes\",\"publisher\":{\"@id\":\"https:\\\/\\\/brogue.ch\\\/fr\\\/#organization\"},\"potentialAction\":[{\"@type\":\"SearchAction\",\"target\":{\"@type\":\"EntryPoint\",\"urlTemplate\":\"https:\\\/\\\/brogue.ch\\\/fr\\\/?s={search_term_string}\"},\"query-input\":{\"@type\":\"PropertyValueSpecification\",\"valueRequired\":true,\"valueName\":\"search_term_string\"}}],\"inLanguage\":\"fr-FR\"},{\"@type\":\"Organization\",\"@id\":\"https:\\\/\\\/brogue.ch\\\/fr\\\/#organization\",\"name\":\"Brogue\",\"url\":\"https:\\\/\\\/brogue.ch\\\/fr\\\/\",\"logo\":{\"@type\":\"ImageObject\",\"inLanguage\":\"fr-FR\",\"@id\":\"https:\\\/\\\/brogue.ch\\\/fr\\\/#\\\/schema\\\/logo\\\/image\\\/\",\"url\":\"https:\\\/\\\/brogue.ch\\\/wp-content\\\/uploads\\\/2020\\\/02\\\/logo-brogue.png\",\"contentUrl\":\"https:\\\/\\\/brogue.ch\\\/wp-content\\\/uploads\\\/2020\\\/02\\\/logo-brogue.png\",\"width\":1176,\"height\":444,\"caption\":\"Brogue\"},\"image\":{\"@id\":\"https:\\\/\\\/brogue.ch\\\/fr\\\/#\\\/schema\\\/logo\\\/image\\\/\"}}]}<\/script>\n<!-- \/ Yoast SEO plugin. -->","yoast_head_json":{"title":"Brogue","description":"Offrant des services d'entretien et de r\u00e9paration de chaussures pour hommes et femmes, Brogue est le seul salon professionnel d'entretien de chaussures \u00e0 Gen\u00e8ve.","robots":{"index":"index","follow":"follow","max-snippet":"max-snippet:-1","max-image-preview":"max-image-preview:large","max-video-preview":"max-video-preview:-1"},"canonical":"https:\/\/brogue.ch\/fr\/services\/","og_locale":"fr_FR","og_type":"article","og_title":"Service d'entretien de chaussures Gen\u00e8ve \u2022 Magasin de chaussures de luxe | Brogue","og_description":"Offrant des services d'entretien et de r\u00e9paration de chaussures pour hommes et femmes, Brogue est le seul salon professionnel d'entretien de chaussures \u00e0 Gen\u00e8ve.","og_url":"https:\/\/brogue.ch\/fr\/services\/","og_site_name":"Brogue","article_modified_time":"2025-05-03T23:00:36+00:00","og_image":[{"url":"https:\/\/preprod.brogue.ch\/wp-content\/uploads\/2020\/04\/services.jpg","type":"","width":"","height":""}],"twitter_card":"summary_large_image","twitter_misc":{"Dur\u00e9e de lecture estim\u00e9e":"4 minutes"},"schema":{"@context":"https:\/\/schema.org","@graph":[{"@type":"WebPage","@id":"https:\/\/brogue.ch\/fr\/services\/","url":"https:\/\/brogue.ch\/fr\/services\/","name":"Service d'entretien de chaussures Gen\u00e8ve \u2022 Magasin de chaussures de luxe | Brogue","isPartOf":{"@id":"https:\/\/brogue.ch\/fr\/#website"},"primaryImageOfPage":{"@id":"https:\/\/brogue.ch\/fr\/services\/#primaryimage"},"image":{"@id":"https:\/\/brogue.ch\/fr\/services\/#primaryimage"},"thumbnailUrl":"https:\/\/preprod.brogue.ch\/wp-content\/uploads\/2020\/04\/services.jpg","datePublished":"2021-07-09T10:42:06+00:00","dateModified":"2025-05-03T23:00:36+00:00","description":"Offrant des services d'entretien et de r\u00e9paration de chaussures pour hommes et femmes, Brogue est le seul salon professionnel d'entretien de chaussures \u00e0 Gen\u00e8ve.","breadcrumb":{"@id":"https:\/\/brogue.ch\/fr\/services\/#breadcrumb"},"inLanguage":"fr-FR","potentialAction":[{"@type":"ReadAction","target":["https:\/\/brogue.ch\/fr\/services\/"]}]},{"@type":"ImageObject","inLanguage":"fr-FR","@id":"https:\/\/brogue.ch\/fr\/services\/#primaryimage","url":"https:\/\/preprod.brogue.ch\/wp-content\/uploads\/2020\/04\/services.jpg","contentUrl":"https:\/\/preprod.brogue.ch\/wp-content\/uploads\/2020\/04\/services.jpg"},{"@type":"BreadcrumbList","@id":"https:\/\/brogue.ch\/fr\/services\/#breadcrumb","itemListElement":[{"@type":"ListItem","position":1,"name":"Home","item":"https:\/\/brogue.ch\/fr\/"},{"@type":"ListItem","position":2,"name":"Services"}]},{"@type":"WebSite","@id":"https:\/\/brogue.ch\/fr\/#website","url":"https:\/\/brogue.ch\/fr\/","name":"Brogue","description":"World class shoes","publisher":{"@id":"https:\/\/brogue.ch\/fr\/#organization"},"potentialAction":[{"@type":"SearchAction","target":{"@type":"EntryPoint","urlTemplate":"https:\/\/brogue.ch\/fr\/?s={search_term_string}"},"query-input":{"@type":"PropertyValueSpecification","valueRequired":true,"valueName":"search_term_string"}}],"inLanguage":"fr-FR"},{"@type":"Organization","@id":"https:\/\/brogue.ch\/fr\/#organization","name":"Brogue","url":"https:\/\/brogue.ch\/fr\/","logo":{"@type":"ImageObject","inLanguage":"fr-FR","@id":"https:\/\/brogue.ch\/fr\/#\/schema\/logo\/image\/","url":"https:\/\/brogue.ch\/wp-content\/uploads\/2020\/02\/logo-brogue.png","contentUrl":"https:\/\/brogue.ch\/wp-content\/uploads\/2020\/02\/logo-brogue.png","width":1176,"height":444,"caption":"Brogue"},"image":{"@id":"https:\/\/brogue.ch\/fr\/#\/schema\/logo\/image\/"}}]}},"_links":{"self":[{"href":"https:\/\/brogue.ch\/fr\/wp-json\/wp\/v2\/pages\/28486","targetHints":{"allow":["GET"]}}],"collection":[{"href":"https:\/\/brogue.ch\/fr\/wp-json\/wp\/v2\/pages"}],"about":[{"href":"https:\/\/brogue.ch\/fr\/wp-json\/wp\/v2\/types\/page"}],"author":[{"embeddable":true,"href":"https:\/\/brogue.ch\/fr\/wp-json\/wp\/v2\/users\/72"}],"replies":[{"embeddable":true,"href":"https:\/\/brogue.ch\/fr\/wp-json\/wp\/v2\/comments?post=28486"}],"version-history":[{"count":15,"href":"https:\/\/brogue.ch\/fr\/wp-json\/wp\/v2\/pages\/28486\/revisions"}],"predecessor-version":[{"id":690829,"href":"https:\/\/brogue.ch\/fr\/wp-json\/wp\/v2\/pages\/28486\/revisions\/690829"}],"wp:attachment":[{"href":"https:\/\/brogue.ch\/fr\/wp-json\/wp\/v2\/media?parent=28486"}],"curies":[{"name":"wp","href":"https:\/\/api.w.org\/{rel}","templated":true}]}}