{"id":69585,"date":"2024-04-23T12:13:56","date_gmt":"2024-04-23T10:13:56","guid":{"rendered":"https:\/\/preprod.brogue.ch\/guide-des-tailles\/"},"modified":"2025-07-04T11:17:26","modified_gmt":"2025-07-04T09:17:26","slug":"guide-des-tailles","status":"publish","type":"page","link":"https:\/\/brogue.ch\/fr\/guide-des-tailles\/","title":{"rendered":"Guide des tailles"},"content":{"rendered":"\n<div style=\"height:48px\" aria-hidden=\"true\" class=\"wp-block-spacer\"><\/div>\n\n\n\n<h3 class=\"wp-block-heading has-text-align-center\" id=\"pageHeading\">TABLEAU DE CONVERSION DES TAILLES DE CHAUSSURES<\/h3>\n\n\n\n<div style=\"height:45px\" aria-hidden=\"true\" class=\"wp-block-spacer\"><\/div>\n\n\n\n<p>Les fabricants utilisent des formes diff\u00e9rentes pour construire leurs chaussures et la taille peut varier en cons\u00e9quence.  <\/p>\n\n\n\n<p>Gardez cela \u00e0 l&rsquo;esprit lorsque vous utilisez le tableau ci-dessous. <a href=\"https:\/\/brogue.ch\/fr\/contact\/\" target=\"_blank\" rel=\"noreferrer noopener\">Contactez-nous<\/a> si vous avez des questions concernant l&rsquo;adaptation d&rsquo;un mod\u00e8le sp\u00e9cifique.<\/p>\n\n\n\n<figure class=\"wp-block-table size-guide\"><table><thead><tr><th scope=\"col\">Tailles US<\/th><th scope=\"col\">Tailles Euro<\/th><th scope=\"col\">Tailles du Royaume-Uni<\/th><th scope=\"col\">Pouces<\/th><th scope=\"col\">CM<\/th><\/tr><\/thead><tbody><tr><td>6<\/td><td>39<\/td><td>5.5<\/td><td>9.25<\/td><td>23.5<\/td><\/tr><tr><td>6.5<\/td><td>39<\/td><td>6<\/td><td>9.5<\/td><td>24.1<\/td><\/tr><tr><td>7<\/td><td>40<\/td><td>6.5<\/td><td>9.625<\/td><td>24.4<\/td><\/tr><tr><td>7.5<\/td><td>40-41<\/td><td>7<\/td><td>9.75<\/td><td>24.8<\/td><\/tr><tr><td>8<\/td><td>41<\/td><td>7.5<\/td><td>9.9375<\/td><td>25.4<\/td><\/tr><tr><td>8.5<\/td><td>41-42<\/td><td>8<\/td><td>10.125<\/td><td>25.7<\/td><\/tr><tr><td>9<\/td><td>42<\/td><td>8.5<\/td><td>10.25<\/td><td>26<\/td><\/tr><tr><td>9.5<\/td><td>42-43<\/td><td>9<\/td><td>10.4375<\/td><td>26.7<\/td><\/tr><tr><td>10<\/td><td>43-44<\/td><td>9.5<\/td><td>10.5625<\/td><td>27<\/td><\/tr><tr><td>10.5<\/td><td>43-44.5<\/td><td>10<\/td><td>10.75<\/td><td>27.3<\/td><\/tr><tr><td>11<\/td><td>44-45<\/td><td>10.5<\/td><td>10.9375<\/td><td>27.9<\/td><\/tr><tr><td>11.5<\/td><td>44-45<\/td><td>11<\/td><td>11.125<\/td><td>28.3<\/td><\/tr><tr><td>12<\/td><td>45-46<\/td><td>11.5<\/td><td>11.25<\/td><td>28.6<\/td><\/tr><tr><td>13<\/td><td>46-47<\/td><td>12.5<\/td><td>11.5625<\/td><td>29.4<\/td><\/tr><tr><td>14<\/td><td>47-48<\/td><td>13.5<\/td><td>11.875<\/td><td>30.2<\/td><\/tr><tr><td>15<\/td><td>48-49<\/td><td>14.5<\/td><td>12.1875<\/td><td>31<\/td><\/tr><\/tbody><\/table><\/figure>\n\n\n\n<h4 class=\"wp-block-heading has-text-align-center\">GUIDE DES TAILLES DE CHAUSSURES POUR HOMMES (\u00c9QUIVALENTS EUROP\u00c9ENS)<\/h4>\n\n\n\n<figure class=\"wp-block-table size-guide\"><table><tbody><tr><th>TAILLE AM\u00c9RICAINE<\/th><td>7<\/td><td>7.5<\/td><td>8<\/td><td>8.5<\/td><td>9<\/td><td>9.5<\/td><td>10<\/td><td>10.5<\/td><td>11<\/td><td>11.5<\/td><td>12<\/td><td>12.5<\/td><td>13<\/td><td>13.5<\/td><td>14<\/td><td>14.5<\/td><\/tr><tr><th>TAILLE EUROP\u00c9ENNE<\/th><td>40<\/td><td>40.5<\/td><td>41<\/td><td>41.5<\/td><td>42<\/td><td>42.5<\/td><td>43<\/td><td>43.5<\/td><td>44<\/td><td>44.5<\/td><td>45<\/td><td>45.5<\/td><td>46<\/td><td>46.5<\/td><td>47<\/td><td>47.5<\/td><\/tr><\/tbody><\/table><\/figure>\n","protected":false},"excerpt":{"rendered":"<p>TABLEAU DE CONVERSION DES TAILLES DE CHAUSSURES Les fabricants utilisent des formes diff\u00e9rentes pour construire leurs chaussures et la taille peut varier en cons\u00e9quence. Gardez cela \u00e0 l&rsquo;esprit lorsque vous utilisez le tableau ci-dessous. Contactez-nous si vous avez des questions concernant l&rsquo;adaptation d&rsquo;un mod\u00e8le sp\u00e9cifique. Tailles US Tailles Euro Tailles du Royaume-Uni Pouces CM 6 [&hellip;]<\/p>\n","protected":false},"author":3824,"featured_media":0,"parent":0,"menu_order":0,"comment_status":"closed","ping_status":"closed","template":"","meta":{"footnotes":""},"class_list":["post-69585","page","type-page","status-publish","hentry"],"yoast_head":"<!-- This site is optimized with the Yoast SEO plugin v27.3 - https:\/\/yoast.com\/product\/yoast-seo-wordpress\/ -->\n<title>Brogue<\/title>\n<meta name=\"description\" content=\"Notre guide des tailles vous aidera \u00e0 choisir la bonne pointure du premier coup. Vous pourrez ainsi profiter plus rapidement de vos chaussures Brogue.\" \/>\n<meta name=\"robots\" content=\"index, follow, max-snippet:-1, max-image-preview:large, max-video-preview:-1\" \/>\n<link rel=\"canonical\" href=\"https:\/\/brogue.ch\/fr\/guide-des-tailles\/\" \/>\n<meta property=\"og:locale\" content=\"fr_FR\" \/>\n<meta property=\"og:type\" content=\"article\" \/>\n<meta property=\"og:title\" content=\"Tableau des tailles de chaussures | Brogue\" \/>\n<meta property=\"og:description\" content=\"Notre guide des tailles vous aidera \u00e0 choisir la bonne pointure du premier coup. Vous pourrez ainsi profiter plus rapidement de vos chaussures Brogue.\" \/>\n<meta property=\"og:url\" content=\"https:\/\/brogue.ch\/fr\/guide-des-tailles\/\" \/>\n<meta property=\"og:site_name\" content=\"Brogue\" \/>\n<meta property=\"article:modified_time\" content=\"2025-07-04T09:17:26+00:00\" \/>\n<meta name=\"twitter:card\" content=\"summary_large_image\" \/>\n<meta name=\"twitter:label1\" content=\"Dur\u00e9e de lecture estim\u00e9e\" \/>\n\t<meta name=\"twitter:data1\" content=\"1 minute\" \/>\n<script type=\"application\/ld+json\" class=\"yoast-schema-graph\">{\"@context\":\"https:\\\/\\\/schema.org\",\"@graph\":[{\"@type\":\"WebPage\",\"@id\":\"https:\\\/\\\/brogue.ch\\\/fr\\\/guide-des-tailles\\\/\",\"url\":\"https:\\\/\\\/brogue.ch\\\/fr\\\/guide-des-tailles\\\/\",\"name\":\"Tableau des tailles de chaussures | Brogue\",\"isPartOf\":{\"@id\":\"https:\\\/\\\/brogue.ch\\\/fr\\\/#website\"},\"datePublished\":\"2024-04-23T10:13:56+00:00\",\"dateModified\":\"2025-07-04T09:17:26+00:00\",\"description\":\"Notre guide des tailles vous aidera \u00e0 choisir la bonne pointure du premier coup. Vous pourrez ainsi profiter plus rapidement de vos chaussures Brogue.\",\"breadcrumb\":{\"@id\":\"https:\\\/\\\/brogue.ch\\\/fr\\\/guide-des-tailles\\\/#breadcrumb\"},\"inLanguage\":\"fr-FR\",\"potentialAction\":[{\"@type\":\"ReadAction\",\"target\":[\"https:\\\/\\\/brogue.ch\\\/fr\\\/guide-des-tailles\\\/\"]}]},{\"@type\":\"BreadcrumbList\",\"@id\":\"https:\\\/\\\/brogue.ch\\\/fr\\\/guide-des-tailles\\\/#breadcrumb\",\"itemListElement\":[{\"@type\":\"ListItem\",\"position\":1,\"name\":\"Home\",\"item\":\"https:\\\/\\\/brogue.ch\\\/fr\\\/\"},{\"@type\":\"ListItem\",\"position\":2,\"name\":\"Guide des tailles\"}]},{\"@type\":\"WebSite\",\"@id\":\"https:\\\/\\\/brogue.ch\\\/fr\\\/#website\",\"url\":\"https:\\\/\\\/brogue.ch\\\/fr\\\/\",\"name\":\"Brogue\",\"description\":\"World class shoes\",\"publisher\":{\"@id\":\"https:\\\/\\\/brogue.ch\\\/fr\\\/#organization\"},\"potentialAction\":[{\"@type\":\"SearchAction\",\"target\":{\"@type\":\"EntryPoint\",\"urlTemplate\":\"https:\\\/\\\/brogue.ch\\\/fr\\\/?s={search_term_string}\"},\"query-input\":{\"@type\":\"PropertyValueSpecification\",\"valueRequired\":true,\"valueName\":\"search_term_string\"}}],\"inLanguage\":\"fr-FR\"},{\"@type\":\"Organization\",\"@id\":\"https:\\\/\\\/brogue.ch\\\/fr\\\/#organization\",\"name\":\"Brogue\",\"url\":\"https:\\\/\\\/brogue.ch\\\/fr\\\/\",\"logo\":{\"@type\":\"ImageObject\",\"inLanguage\":\"fr-FR\",\"@id\":\"https:\\\/\\\/brogue.ch\\\/fr\\\/#\\\/schema\\\/logo\\\/image\\\/\",\"url\":\"https:\\\/\\\/brogue.ch\\\/wp-content\\\/uploads\\\/2020\\\/02\\\/logo-brogue.png\",\"contentUrl\":\"https:\\\/\\\/brogue.ch\\\/wp-content\\\/uploads\\\/2020\\\/02\\\/logo-brogue.png\",\"width\":1176,\"height\":444,\"caption\":\"Brogue\"},\"image\":{\"@id\":\"https:\\\/\\\/brogue.ch\\\/fr\\\/#\\\/schema\\\/logo\\\/image\\\/\"}}]}<\/script>\n<!-- \/ Yoast SEO plugin. -->","yoast_head_json":{"title":"Brogue","description":"Notre guide des tailles vous aidera \u00e0 choisir la bonne pointure du premier coup. Vous pourrez ainsi profiter plus rapidement de vos chaussures Brogue.","robots":{"index":"index","follow":"follow","max-snippet":"max-snippet:-1","max-image-preview":"max-image-preview:large","max-video-preview":"max-video-preview:-1"},"canonical":"https:\/\/brogue.ch\/fr\/guide-des-tailles\/","og_locale":"fr_FR","og_type":"article","og_title":"Tableau des tailles de chaussures | Brogue","og_description":"Notre guide des tailles vous aidera \u00e0 choisir la bonne pointure du premier coup. Vous pourrez ainsi profiter plus rapidement de vos chaussures Brogue.","og_url":"https:\/\/brogue.ch\/fr\/guide-des-tailles\/","og_site_name":"Brogue","article_modified_time":"2025-07-04T09:17:26+00:00","twitter_card":"summary_large_image","twitter_misc":{"Dur\u00e9e de lecture estim\u00e9e":"1 minute"},"schema":{"@context":"https:\/\/schema.org","@graph":[{"@type":"WebPage","@id":"https:\/\/brogue.ch\/fr\/guide-des-tailles\/","url":"https:\/\/brogue.ch\/fr\/guide-des-tailles\/","name":"Tableau des tailles de chaussures | Brogue","isPartOf":{"@id":"https:\/\/brogue.ch\/fr\/#website"},"datePublished":"2024-04-23T10:13:56+00:00","dateModified":"2025-07-04T09:17:26+00:00","description":"Notre guide des tailles vous aidera \u00e0 choisir la bonne pointure du premier coup. Vous pourrez ainsi profiter plus rapidement de vos chaussures Brogue.","breadcrumb":{"@id":"https:\/\/brogue.ch\/fr\/guide-des-tailles\/#breadcrumb"},"inLanguage":"fr-FR","potentialAction":[{"@type":"ReadAction","target":["https:\/\/brogue.ch\/fr\/guide-des-tailles\/"]}]},{"@type":"BreadcrumbList","@id":"https:\/\/brogue.ch\/fr\/guide-des-tailles\/#breadcrumb","itemListElement":[{"@type":"ListItem","position":1,"name":"Home","item":"https:\/\/brogue.ch\/fr\/"},{"@type":"ListItem","position":2,"name":"Guide des tailles"}]},{"@type":"WebSite","@id":"https:\/\/brogue.ch\/fr\/#website","url":"https:\/\/brogue.ch\/fr\/","name":"Brogue","description":"World class shoes","publisher":{"@id":"https:\/\/brogue.ch\/fr\/#organization"},"potentialAction":[{"@type":"SearchAction","target":{"@type":"EntryPoint","urlTemplate":"https:\/\/brogue.ch\/fr\/?s={search_term_string}"},"query-input":{"@type":"PropertyValueSpecification","valueRequired":true,"valueName":"search_term_string"}}],"inLanguage":"fr-FR"},{"@type":"Organization","@id":"https:\/\/brogue.ch\/fr\/#organization","name":"Brogue","url":"https:\/\/brogue.ch\/fr\/","logo":{"@type":"ImageObject","inLanguage":"fr-FR","@id":"https:\/\/brogue.ch\/fr\/#\/schema\/logo\/image\/","url":"https:\/\/brogue.ch\/wp-content\/uploads\/2020\/02\/logo-brogue.png","contentUrl":"https:\/\/brogue.ch\/wp-content\/uploads\/2020\/02\/logo-brogue.png","width":1176,"height":444,"caption":"Brogue"},"image":{"@id":"https:\/\/brogue.ch\/fr\/#\/schema\/logo\/image\/"}}]}},"_links":{"self":[{"href":"https:\/\/brogue.ch\/fr\/wp-json\/wp\/v2\/pages\/69585","targetHints":{"allow":["GET"]}}],"collection":[{"href":"https:\/\/brogue.ch\/fr\/wp-json\/wp\/v2\/pages"}],"about":[{"href":"https:\/\/brogue.ch\/fr\/wp-json\/wp\/v2\/types\/page"}],"author":[{"embeddable":true,"href":"https:\/\/brogue.ch\/fr\/wp-json\/wp\/v2\/users\/3824"}],"replies":[{"embeddable":true,"href":"https:\/\/brogue.ch\/fr\/wp-json\/wp\/v2\/comments?post=69585"}],"version-history":[{"count":2,"href":"https:\/\/brogue.ch\/fr\/wp-json\/wp\/v2\/pages\/69585\/revisions"}],"predecessor-version":[{"id":692877,"href":"https:\/\/brogue.ch\/fr\/wp-json\/wp\/v2\/pages\/69585\/revisions\/692877"}],"wp:attachment":[{"href":"https:\/\/brogue.ch\/fr\/wp-json\/wp\/v2\/media?parent=69585"}],"curies":[{"name":"wp","href":"https:\/\/api.w.org\/{rel}","templated":true}]}}