{"id":23021,"date":"2020-07-24T11:21:50","date_gmt":"2020-09-21T08:50:03","guid":{"rendered":"https:\/\/www.brogue.ch\/shop\/jean-lobb-philippe-ii\/"},"modified":"2025-04-11T17:39:49","modified_gmt":"2025-04-11T15:39:49","slug":"john-lobb-philip-ii","status":"publish","type":"product","link":"https:\/\/brogue.ch\/fr\/product\/john-lobb-philip-ii\/","title":{"rendered":"John Lobb Philip II Bordeaux"},"content":{"rendered":"<p>Avec ses formes lisses rondes fa\u00e7onn\u00e9es \u00e0 la main, son bout dur d\u00e9licatement mufl\u00e9 et ses semelles l\u00e9g\u00e8rement bomb\u00e9es, Philip II pr\u00e9sente de nombreux attributs du sur mesure qui caract\u00e9risent la collection Prestige. Perforations minutieuses.<\/p>\n<ul>\n<li>Quartiers r\u00e9alis\u00e9s en une seule lev\u00e9e de cuir \/ arri\u00e8re sans couture.<\/li>\n<li>Simple semelle cuir Prestige aux bordures fa\u00e7onn\u00e9es main et talons fusel\u00e9s.<\/li>\n<li>Cousu Goodyear.<\/li>\n<li>Pouvant se marier avec toutes tenues.<\/li>\n<li>Fabriqu\u00e9s \u00e0 la main dans notre usine de Northampton, en Angleterre, les souliers de la collection de pr\u00eat-\u00e0-porter de la maison John Lobb sont le fruit d\u2019un processus de fabrication manuel unique en 190 \u00e9tapes.<\/li>\n<\/ul>\n<p><strong>Livraison gratuite en Suisse. 30\u20ac Europe continentale. Autres destinations sur demande.<\/strong><\/p>\n","protected":false},"excerpt":{"rendered":"<p>Avec ses formes lisses rondes fa\u00e7onn\u00e9es \u00e0 la main, son bout dur d\u00e9licatement mufl\u00e9 et ses semelles l\u00e9g\u00e8rement bomb\u00e9es, Philip II pr\u00e9sente de nombreux attributs du sur mesure qui caract\u00e9risent la collection Prestige. Perforations minutieuses. Quartiers r\u00e9alis\u00e9s en une seule lev\u00e9e de cuir \/ arri\u00e8re sans couture. Simple semelle cuir Prestige aux bordures fa\u00e7onn\u00e9es main [&hellip;]<\/p>\n","protected":false},"featured_media":21228,"template":"","meta":[],"product_brand":[],"product_cat":[250],"product_tag":[],"class_list":{"0":"post-23021","1":"product","2":"type-product","3":"status-publish","4":"has-post-thumbnail","6":"product_cat-hommes","7":"pa_brand-john-lobb","8":"pa_style-oxford-fr","10":"first","11":"instock","12":"sale","13":"shipping-taxable","14":"purchasable","15":"product-type-variable","16":"add-to-wishlist-before_image"},"yoast_head":"<!-- This site is optimized with the Yoast SEO plugin v27.3 - https:\/\/yoast.com\/product\/yoast-seo-wordpress\/ -->\n<title>Brogue<\/title>\n<meta name=\"robots\" content=\"index, follow, max-snippet:-1, max-image-preview:large, max-video-preview:-1\" \/>\n<link rel=\"canonical\" href=\"https:\/\/brogue.ch\/fr\/product\/john-lobb-philip-ii\/\" \/>\n<meta property=\"og:locale\" content=\"fr_FR\" \/>\n<meta property=\"og:type\" content=\"article\" \/>\n<meta property=\"og:title\" content=\"JOHN LOBB PHILIP II \u2022 Chaussures de luxe \u00e0 Gen\u00e8ve | Brogue\" \/>\n<meta property=\"og:description\" content=\"Avec ses formes lisses rondes fa\u00e7onn\u00e9es \u00e0 la main, son bout dur d\u00e9licatement mufl\u00e9 et ses semelles l\u00e9g\u00e8rement bomb\u00e9es, Philip II pr\u00e9sente de nombreux attributs du sur mesure qui caract\u00e9risent la collection Prestige. Perforations minutieuses. Quartiers r\u00e9alis\u00e9s en une seule lev\u00e9e de cuir \/ arri\u00e8re sans couture. Simple semelle cuir Prestige aux bordures fa\u00e7onn\u00e9es main [&hellip;]\" \/>\n<meta property=\"og:url\" content=\"https:\/\/brogue.ch\/fr\/product\/john-lobb-philip-ii\/\" \/>\n<meta property=\"og:site_name\" content=\"Brogue\" \/>\n<meta property=\"article:modified_time\" content=\"2025-04-11T15:39:49+00:00\" \/>\n<meta property=\"og:image\" content=\"https:\/\/brogue.ch\/wp-content\/uploads\/2020\/07\/IMG_1889.jpg\" \/>\n\t<meta property=\"og:image:width\" content=\"1578\" \/>\n\t<meta property=\"og:image:height\" content=\"1920\" \/>\n\t<meta property=\"og:image:type\" content=\"image\/jpeg\" \/>\n<meta name=\"twitter:card\" content=\"summary_large_image\" \/>\n<meta name=\"twitter:label1\" content=\"Dur\u00e9e de lecture estim\u00e9e\" \/>\n\t<meta name=\"twitter:data1\" content=\"1 minute\" \/>\n<script type=\"application\/ld+json\" class=\"yoast-schema-graph\">{\"@context\":\"https:\\\/\\\/schema.org\",\"@graph\":[{\"@type\":\"WebPage\",\"@id\":\"https:\\\/\\\/brogue.ch\\\/fr\\\/product\\\/john-lobb-philip-ii\\\/\",\"url\":\"https:\\\/\\\/brogue.ch\\\/fr\\\/product\\\/john-lobb-philip-ii\\\/\",\"name\":\"JOHN LOBB PHILIP II \u2022 Chaussures de luxe \u00e0 Gen\u00e8ve | Brogue\",\"isPartOf\":{\"@id\":\"https:\\\/\\\/brogue.ch\\\/fr\\\/#website\"},\"primaryImageOfPage\":{\"@id\":\"https:\\\/\\\/brogue.ch\\\/fr\\\/product\\\/john-lobb-philip-ii\\\/#primaryimage\"},\"image\":{\"@id\":\"https:\\\/\\\/brogue.ch\\\/fr\\\/product\\\/john-lobb-philip-ii\\\/#primaryimage\"},\"thumbnailUrl\":\"https:\\\/\\\/brogue.ch\\\/wp-content\\\/uploads\\\/2020\\\/07\\\/IMG_1889.jpg\",\"datePublished\":\"2020-09-21T08:50:03+00:00\",\"dateModified\":\"2025-04-11T15:39:49+00:00\",\"breadcrumb\":{\"@id\":\"https:\\\/\\\/brogue.ch\\\/fr\\\/product\\\/john-lobb-philip-ii\\\/#breadcrumb\"},\"inLanguage\":\"fr-FR\",\"potentialAction\":[{\"@type\":\"ReadAction\",\"target\":[\"https:\\\/\\\/brogue.ch\\\/fr\\\/product\\\/john-lobb-philip-ii\\\/\"]}]},{\"@type\":\"ImageObject\",\"inLanguage\":\"fr-FR\",\"@id\":\"https:\\\/\\\/brogue.ch\\\/fr\\\/product\\\/john-lobb-philip-ii\\\/#primaryimage\",\"url\":\"https:\\\/\\\/brogue.ch\\\/wp-content\\\/uploads\\\/2020\\\/07\\\/IMG_1889.jpg\",\"contentUrl\":\"https:\\\/\\\/brogue.ch\\\/wp-content\\\/uploads\\\/2020\\\/07\\\/IMG_1889.jpg\",\"width\":1578,\"height\":1920},{\"@type\":\"BreadcrumbList\",\"@id\":\"https:\\\/\\\/brogue.ch\\\/fr\\\/product\\\/john-lobb-philip-ii\\\/#breadcrumb\",\"itemListElement\":[{\"@type\":\"ListItem\",\"position\":1,\"name\":\"Home\",\"item\":\"https:\\\/\\\/brogue.ch\\\/fr\\\/\"},{\"@type\":\"ListItem\",\"position\":2,\"name\":\"Shop\",\"item\":\"https:\\\/\\\/brogue.ch\\\/fr\\\/shop\\\/\"},{\"@type\":\"ListItem\",\"position\":3,\"name\":\"John Lobb Philip II Bordeaux\"}]},{\"@type\":\"WebSite\",\"@id\":\"https:\\\/\\\/brogue.ch\\\/fr\\\/#website\",\"url\":\"https:\\\/\\\/brogue.ch\\\/fr\\\/\",\"name\":\"Brogue\",\"description\":\"World class shoes\",\"publisher\":{\"@id\":\"https:\\\/\\\/brogue.ch\\\/fr\\\/#organization\"},\"potentialAction\":[{\"@type\":\"SearchAction\",\"target\":{\"@type\":\"EntryPoint\",\"urlTemplate\":\"https:\\\/\\\/brogue.ch\\\/fr\\\/?s={search_term_string}\"},\"query-input\":{\"@type\":\"PropertyValueSpecification\",\"valueRequired\":true,\"valueName\":\"search_term_string\"}}],\"inLanguage\":\"fr-FR\"},{\"@type\":\"Organization\",\"@id\":\"https:\\\/\\\/brogue.ch\\\/fr\\\/#organization\",\"name\":\"Brogue\",\"url\":\"https:\\\/\\\/brogue.ch\\\/fr\\\/\",\"logo\":{\"@type\":\"ImageObject\",\"inLanguage\":\"fr-FR\",\"@id\":\"https:\\\/\\\/brogue.ch\\\/fr\\\/#\\\/schema\\\/logo\\\/image\\\/\",\"url\":\"https:\\\/\\\/brogue.ch\\\/wp-content\\\/uploads\\\/2020\\\/02\\\/logo-brogue.png\",\"contentUrl\":\"https:\\\/\\\/brogue.ch\\\/wp-content\\\/uploads\\\/2020\\\/02\\\/logo-brogue.png\",\"width\":1176,\"height\":444,\"caption\":\"Brogue\"},\"image\":{\"@id\":\"https:\\\/\\\/brogue.ch\\\/fr\\\/#\\\/schema\\\/logo\\\/image\\\/\"}}]}<\/script>\n<!-- \/ Yoast SEO plugin. -->","yoast_head_json":{"title":"Brogue","robots":{"index":"index","follow":"follow","max-snippet":"max-snippet:-1","max-image-preview":"max-image-preview:large","max-video-preview":"max-video-preview:-1"},"canonical":"https:\/\/brogue.ch\/fr\/product\/john-lobb-philip-ii\/","og_locale":"fr_FR","og_type":"article","og_title":"JOHN LOBB PHILIP II \u2022 Chaussures de luxe \u00e0 Gen\u00e8ve | Brogue","og_description":"Avec ses formes lisses rondes fa\u00e7onn\u00e9es \u00e0 la main, son bout dur d\u00e9licatement mufl\u00e9 et ses semelles l\u00e9g\u00e8rement bomb\u00e9es, Philip II pr\u00e9sente de nombreux attributs du sur mesure qui caract\u00e9risent la collection Prestige. Perforations minutieuses. Quartiers r\u00e9alis\u00e9s en une seule lev\u00e9e de cuir \/ arri\u00e8re sans couture. Simple semelle cuir Prestige aux bordures fa\u00e7onn\u00e9es main [&hellip;]","og_url":"https:\/\/brogue.ch\/fr\/product\/john-lobb-philip-ii\/","og_site_name":"Brogue","article_modified_time":"2025-04-11T15:39:49+00:00","og_image":[{"width":1578,"height":1920,"url":"https:\/\/brogue.ch\/wp-content\/uploads\/2020\/07\/IMG_1889.jpg","type":"image\/jpeg"}],"twitter_card":"summary_large_image","twitter_misc":{"Dur\u00e9e de lecture estim\u00e9e":"1 minute"},"schema":{"@context":"https:\/\/schema.org","@graph":[{"@type":"WebPage","@id":"https:\/\/brogue.ch\/fr\/product\/john-lobb-philip-ii\/","url":"https:\/\/brogue.ch\/fr\/product\/john-lobb-philip-ii\/","name":"JOHN LOBB PHILIP II \u2022 Chaussures de luxe \u00e0 Gen\u00e8ve | Brogue","isPartOf":{"@id":"https:\/\/brogue.ch\/fr\/#website"},"primaryImageOfPage":{"@id":"https:\/\/brogue.ch\/fr\/product\/john-lobb-philip-ii\/#primaryimage"},"image":{"@id":"https:\/\/brogue.ch\/fr\/product\/john-lobb-philip-ii\/#primaryimage"},"thumbnailUrl":"https:\/\/brogue.ch\/wp-content\/uploads\/2020\/07\/IMG_1889.jpg","datePublished":"2020-09-21T08:50:03+00:00","dateModified":"2025-04-11T15:39:49+00:00","breadcrumb":{"@id":"https:\/\/brogue.ch\/fr\/product\/john-lobb-philip-ii\/#breadcrumb"},"inLanguage":"fr-FR","potentialAction":[{"@type":"ReadAction","target":["https:\/\/brogue.ch\/fr\/product\/john-lobb-philip-ii\/"]}]},{"@type":"ImageObject","inLanguage":"fr-FR","@id":"https:\/\/brogue.ch\/fr\/product\/john-lobb-philip-ii\/#primaryimage","url":"https:\/\/brogue.ch\/wp-content\/uploads\/2020\/07\/IMG_1889.jpg","contentUrl":"https:\/\/brogue.ch\/wp-content\/uploads\/2020\/07\/IMG_1889.jpg","width":1578,"height":1920},{"@type":"BreadcrumbList","@id":"https:\/\/brogue.ch\/fr\/product\/john-lobb-philip-ii\/#breadcrumb","itemListElement":[{"@type":"ListItem","position":1,"name":"Home","item":"https:\/\/brogue.ch\/fr\/"},{"@type":"ListItem","position":2,"name":"Shop","item":"https:\/\/brogue.ch\/fr\/shop\/"},{"@type":"ListItem","position":3,"name":"John Lobb Philip II Bordeaux"}]},{"@type":"WebSite","@id":"https:\/\/brogue.ch\/fr\/#website","url":"https:\/\/brogue.ch\/fr\/","name":"Brogue","description":"World class shoes","publisher":{"@id":"https:\/\/brogue.ch\/fr\/#organization"},"potentialAction":[{"@type":"SearchAction","target":{"@type":"EntryPoint","urlTemplate":"https:\/\/brogue.ch\/fr\/?s={search_term_string}"},"query-input":{"@type":"PropertyValueSpecification","valueRequired":true,"valueName":"search_term_string"}}],"inLanguage":"fr-FR"},{"@type":"Organization","@id":"https:\/\/brogue.ch\/fr\/#organization","name":"Brogue","url":"https:\/\/brogue.ch\/fr\/","logo":{"@type":"ImageObject","inLanguage":"fr-FR","@id":"https:\/\/brogue.ch\/fr\/#\/schema\/logo\/image\/","url":"https:\/\/brogue.ch\/wp-content\/uploads\/2020\/02\/logo-brogue.png","contentUrl":"https:\/\/brogue.ch\/wp-content\/uploads\/2020\/02\/logo-brogue.png","width":1176,"height":444,"caption":"Brogue"},"image":{"@id":"https:\/\/brogue.ch\/fr\/#\/schema\/logo\/image\/"}}]}},"_links":{"self":[{"href":"https:\/\/brogue.ch\/fr\/wp-json\/wp\/v2\/product\/23021","targetHints":{"allow":["GET"]}}],"collection":[{"href":"https:\/\/brogue.ch\/fr\/wp-json\/wp\/v2\/product"}],"about":[{"href":"https:\/\/brogue.ch\/fr\/wp-json\/wp\/v2\/types\/product"}],"wp:featuredmedia":[{"embeddable":true,"href":"https:\/\/brogue.ch\/fr\/wp-json\/wp\/v2\/media\/21228"}],"wp:attachment":[{"href":"https:\/\/brogue.ch\/fr\/wp-json\/wp\/v2\/media?parent=23021"}],"wp:term":[{"taxonomy":"product_brand","embeddable":true,"href":"https:\/\/brogue.ch\/fr\/wp-json\/wp\/v2\/product_brand?post=23021"},{"taxonomy":"product_cat","embeddable":true,"href":"https:\/\/brogue.ch\/fr\/wp-json\/wp\/v2\/product_cat?post=23021"},{"taxonomy":"product_tag","embeddable":true,"href":"https:\/\/brogue.ch\/fr\/wp-json\/wp\/v2\/product_tag?post=23021"}],"curies":[{"name":"wp","href":"https:\/\/api.w.org\/{rel}","templated":true}]}}