{"id":23346,"date":"2020-08-03T15:41:28","date_gmt":"2020-08-03T13:41:28","guid":{"rendered":"https:\/\/www.brogue.ch\/shop\/santoni-leather-sneakers\/"},"modified":"2025-06-16T01:53:04","modified_gmt":"2025-06-15T23:53:04","slug":"baskets-en-cuir-santoni","status":"publish","type":"product","link":"https:\/\/brogue.ch\/fr\/product\/baskets-en-cuir-santoni\/","title":{"rendered":"Santoni basket en cuir marron fonc\u00e9"},"content":{"rendered":"<p>Basket en cuir de veau patin\u00e9 \u00e0 la main en couleur marron fonc\u00e9. Un design effil\u00e9 et une semelle en caoutchouc antid\u00e9rapant profil\u00e9e contribuent \u00e0 la coh\u00e9sion harmonieuse entre raffinement et modernit\u00e9.<\/p>\n<p>&nbsp;<\/p>\n<p><strong>Livraison gratuite en Suisse. 30\u20ac Europe continentale. Autres destinations sur demande.<\/strong><\/p>\n","protected":false},"excerpt":{"rendered":"<p>Basket en cuir de veau patin\u00e9 \u00e0 la main en couleur marron fonc\u00e9. Un design effil\u00e9 et une semelle en caoutchouc antid\u00e9rapant profil\u00e9e contribuent \u00e0 la coh\u00e9sion harmonieuse entre raffinement et modernit\u00e9. &nbsp; Livraison gratuite en Suisse. 30\u20ac Europe continentale. Autres destinations sur demande.<\/p>\n","protected":false},"featured_media":689288,"template":"","meta":[],"product_brand":[],"product_cat":[250],"product_tag":[],"class_list":{"0":"post-23346","1":"product","2":"type-product","3":"status-publish","4":"has-post-thumbnail","6":"product_cat-hommes","7":"pa_brand-santoni","8":"pa_style-trainer-fr","10":"first","11":"instock","12":"shipping-taxable","13":"purchasable","14":"product-type-variable","15":"add-to-wishlist-before_image"},"yoast_head":"<!-- This site is optimized with the Yoast SEO plugin v27.3 - https:\/\/yoast.com\/product\/yoast-seo-wordpress\/ -->\n<title>Brogue<\/title>\n<meta name=\"robots\" content=\"index, follow, max-snippet:-1, max-image-preview:large, max-video-preview:-1\" \/>\n<link rel=\"canonical\" href=\"https:\/\/brogue.ch\/fr\/product\/baskets-en-cuir-santoni\/\" \/>\n<meta property=\"og:locale\" content=\"fr_FR\" \/>\n<meta property=\"og:type\" content=\"article\" \/>\n<meta property=\"og:title\" content=\"BASKETS EN CUIR SANTONI \u2022 Chaussures de luxe \u00e0 Gen\u00e8ve | Brogue\" \/>\n<meta property=\"og:description\" content=\"Basket en cuir de veau patin\u00e9 \u00e0 la main en couleur marron fonc\u00e9. Un design effil\u00e9 et une semelle en caoutchouc antid\u00e9rapant profil\u00e9e contribuent \u00e0 la coh\u00e9sion harmonieuse entre raffinement et modernit\u00e9. &nbsp; Livraison gratuite en Suisse. 30\u20ac Europe continentale. Autres destinations sur demande.\" \/>\n<meta property=\"og:url\" content=\"https:\/\/brogue.ch\/fr\/product\/baskets-en-cuir-santoni\/\" \/>\n<meta property=\"og:site_name\" content=\"Brogue\" \/>\n<meta property=\"article:modified_time\" content=\"2025-06-15T23:53:04+00:00\" \/>\n<meta property=\"og:image\" content=\"https:\/\/brogue.ch\/wp-content\/uploads\/2020\/08\/IMG_2658_jpg-scaled.jpeg\" \/>\n\t<meta property=\"og:image:width\" content=\"1920\" \/>\n\t<meta property=\"og:image:height\" content=\"2560\" \/>\n\t<meta property=\"og:image:type\" content=\"image\/jpeg\" \/>\n<meta name=\"twitter:card\" content=\"summary_large_image\" \/>\n<script type=\"application\/ld+json\" class=\"yoast-schema-graph\">{\"@context\":\"https:\\\/\\\/schema.org\",\"@graph\":[{\"@type\":\"WebPage\",\"@id\":\"https:\\\/\\\/brogue.ch\\\/fr\\\/product\\\/baskets-en-cuir-santoni\\\/\",\"url\":\"https:\\\/\\\/brogue.ch\\\/fr\\\/product\\\/baskets-en-cuir-santoni\\\/\",\"name\":\"BASKETS EN CUIR SANTONI \u2022 Chaussures de luxe \u00e0 Gen\u00e8ve | Brogue\",\"isPartOf\":{\"@id\":\"https:\\\/\\\/brogue.ch\\\/fr\\\/#website\"},\"primaryImageOfPage\":{\"@id\":\"https:\\\/\\\/brogue.ch\\\/fr\\\/product\\\/baskets-en-cuir-santoni\\\/#primaryimage\"},\"image\":{\"@id\":\"https:\\\/\\\/brogue.ch\\\/fr\\\/product\\\/baskets-en-cuir-santoni\\\/#primaryimage\"},\"thumbnailUrl\":\"https:\\\/\\\/brogue.ch\\\/wp-content\\\/uploads\\\/2020\\\/08\\\/IMG_2658_jpg-scaled.jpeg\",\"datePublished\":\"2020-08-03T13:41:28+00:00\",\"dateModified\":\"2025-06-15T23:53:04+00:00\",\"breadcrumb\":{\"@id\":\"https:\\\/\\\/brogue.ch\\\/fr\\\/product\\\/baskets-en-cuir-santoni\\\/#breadcrumb\"},\"inLanguage\":\"fr-FR\",\"potentialAction\":[{\"@type\":\"ReadAction\",\"target\":[\"https:\\\/\\\/brogue.ch\\\/fr\\\/product\\\/baskets-en-cuir-santoni\\\/\"]}]},{\"@type\":\"ImageObject\",\"inLanguage\":\"fr-FR\",\"@id\":\"https:\\\/\\\/brogue.ch\\\/fr\\\/product\\\/baskets-en-cuir-santoni\\\/#primaryimage\",\"url\":\"https:\\\/\\\/brogue.ch\\\/wp-content\\\/uploads\\\/2020\\\/08\\\/IMG_2658_jpg-scaled.jpeg\",\"contentUrl\":\"https:\\\/\\\/brogue.ch\\\/wp-content\\\/uploads\\\/2020\\\/08\\\/IMG_2658_jpg-scaled.jpeg\",\"width\":1920,\"height\":2560},{\"@type\":\"BreadcrumbList\",\"@id\":\"https:\\\/\\\/brogue.ch\\\/fr\\\/product\\\/baskets-en-cuir-santoni\\\/#breadcrumb\",\"itemListElement\":[{\"@type\":\"ListItem\",\"position\":1,\"name\":\"Home\",\"item\":\"https:\\\/\\\/brogue.ch\\\/fr\\\/\"},{\"@type\":\"ListItem\",\"position\":2,\"name\":\"Shop\",\"item\":\"https:\\\/\\\/brogue.ch\\\/fr\\\/shop\\\/\"},{\"@type\":\"ListItem\",\"position\":3,\"name\":\"Santoni basket en cuir marron fonc\u00e9\"}]},{\"@type\":\"WebSite\",\"@id\":\"https:\\\/\\\/brogue.ch\\\/fr\\\/#website\",\"url\":\"https:\\\/\\\/brogue.ch\\\/fr\\\/\",\"name\":\"Brogue\",\"description\":\"World class shoes\",\"publisher\":{\"@id\":\"https:\\\/\\\/brogue.ch\\\/fr\\\/#organization\"},\"potentialAction\":[{\"@type\":\"SearchAction\",\"target\":{\"@type\":\"EntryPoint\",\"urlTemplate\":\"https:\\\/\\\/brogue.ch\\\/fr\\\/?s={search_term_string}\"},\"query-input\":{\"@type\":\"PropertyValueSpecification\",\"valueRequired\":true,\"valueName\":\"search_term_string\"}}],\"inLanguage\":\"fr-FR\"},{\"@type\":\"Organization\",\"@id\":\"https:\\\/\\\/brogue.ch\\\/fr\\\/#organization\",\"name\":\"Brogue\",\"url\":\"https:\\\/\\\/brogue.ch\\\/fr\\\/\",\"logo\":{\"@type\":\"ImageObject\",\"inLanguage\":\"fr-FR\",\"@id\":\"https:\\\/\\\/brogue.ch\\\/fr\\\/#\\\/schema\\\/logo\\\/image\\\/\",\"url\":\"https:\\\/\\\/brogue.ch\\\/wp-content\\\/uploads\\\/2020\\\/02\\\/logo-brogue.png\",\"contentUrl\":\"https:\\\/\\\/brogue.ch\\\/wp-content\\\/uploads\\\/2020\\\/02\\\/logo-brogue.png\",\"width\":1176,\"height\":444,\"caption\":\"Brogue\"},\"image\":{\"@id\":\"https:\\\/\\\/brogue.ch\\\/fr\\\/#\\\/schema\\\/logo\\\/image\\\/\"}}]}<\/script>\n<!-- \/ Yoast SEO plugin. -->","yoast_head_json":{"title":"Brogue","robots":{"index":"index","follow":"follow","max-snippet":"max-snippet:-1","max-image-preview":"max-image-preview:large","max-video-preview":"max-video-preview:-1"},"canonical":"https:\/\/brogue.ch\/fr\/product\/baskets-en-cuir-santoni\/","og_locale":"fr_FR","og_type":"article","og_title":"BASKETS EN CUIR SANTONI \u2022 Chaussures de luxe \u00e0 Gen\u00e8ve | Brogue","og_description":"Basket en cuir de veau patin\u00e9 \u00e0 la main en couleur marron fonc\u00e9. Un design effil\u00e9 et une semelle en caoutchouc antid\u00e9rapant profil\u00e9e contribuent \u00e0 la coh\u00e9sion harmonieuse entre raffinement et modernit\u00e9. &nbsp; Livraison gratuite en Suisse. 30\u20ac Europe continentale. Autres destinations sur demande.","og_url":"https:\/\/brogue.ch\/fr\/product\/baskets-en-cuir-santoni\/","og_site_name":"Brogue","article_modified_time":"2025-06-15T23:53:04+00:00","og_image":[{"width":1920,"height":2560,"url":"https:\/\/brogue.ch\/wp-content\/uploads\/2020\/08\/IMG_2658_jpg-scaled.jpeg","type":"image\/jpeg"}],"twitter_card":"summary_large_image","schema":{"@context":"https:\/\/schema.org","@graph":[{"@type":"WebPage","@id":"https:\/\/brogue.ch\/fr\/product\/baskets-en-cuir-santoni\/","url":"https:\/\/brogue.ch\/fr\/product\/baskets-en-cuir-santoni\/","name":"BASKETS EN CUIR SANTONI \u2022 Chaussures de luxe \u00e0 Gen\u00e8ve | Brogue","isPartOf":{"@id":"https:\/\/brogue.ch\/fr\/#website"},"primaryImageOfPage":{"@id":"https:\/\/brogue.ch\/fr\/product\/baskets-en-cuir-santoni\/#primaryimage"},"image":{"@id":"https:\/\/brogue.ch\/fr\/product\/baskets-en-cuir-santoni\/#primaryimage"},"thumbnailUrl":"https:\/\/brogue.ch\/wp-content\/uploads\/2020\/08\/IMG_2658_jpg-scaled.jpeg","datePublished":"2020-08-03T13:41:28+00:00","dateModified":"2025-06-15T23:53:04+00:00","breadcrumb":{"@id":"https:\/\/brogue.ch\/fr\/product\/baskets-en-cuir-santoni\/#breadcrumb"},"inLanguage":"fr-FR","potentialAction":[{"@type":"ReadAction","target":["https:\/\/brogue.ch\/fr\/product\/baskets-en-cuir-santoni\/"]}]},{"@type":"ImageObject","inLanguage":"fr-FR","@id":"https:\/\/brogue.ch\/fr\/product\/baskets-en-cuir-santoni\/#primaryimage","url":"https:\/\/brogue.ch\/wp-content\/uploads\/2020\/08\/IMG_2658_jpg-scaled.jpeg","contentUrl":"https:\/\/brogue.ch\/wp-content\/uploads\/2020\/08\/IMG_2658_jpg-scaled.jpeg","width":1920,"height":2560},{"@type":"BreadcrumbList","@id":"https:\/\/brogue.ch\/fr\/product\/baskets-en-cuir-santoni\/#breadcrumb","itemListElement":[{"@type":"ListItem","position":1,"name":"Home","item":"https:\/\/brogue.ch\/fr\/"},{"@type":"ListItem","position":2,"name":"Shop","item":"https:\/\/brogue.ch\/fr\/shop\/"},{"@type":"ListItem","position":3,"name":"Santoni basket en cuir marron fonc\u00e9"}]},{"@type":"WebSite","@id":"https:\/\/brogue.ch\/fr\/#website","url":"https:\/\/brogue.ch\/fr\/","name":"Brogue","description":"World class shoes","publisher":{"@id":"https:\/\/brogue.ch\/fr\/#organization"},"potentialAction":[{"@type":"SearchAction","target":{"@type":"EntryPoint","urlTemplate":"https:\/\/brogue.ch\/fr\/?s={search_term_string}"},"query-input":{"@type":"PropertyValueSpecification","valueRequired":true,"valueName":"search_term_string"}}],"inLanguage":"fr-FR"},{"@type":"Organization","@id":"https:\/\/brogue.ch\/fr\/#organization","name":"Brogue","url":"https:\/\/brogue.ch\/fr\/","logo":{"@type":"ImageObject","inLanguage":"fr-FR","@id":"https:\/\/brogue.ch\/fr\/#\/schema\/logo\/image\/","url":"https:\/\/brogue.ch\/wp-content\/uploads\/2020\/02\/logo-brogue.png","contentUrl":"https:\/\/brogue.ch\/wp-content\/uploads\/2020\/02\/logo-brogue.png","width":1176,"height":444,"caption":"Brogue"},"image":{"@id":"https:\/\/brogue.ch\/fr\/#\/schema\/logo\/image\/"}}]}},"_links":{"self":[{"href":"https:\/\/brogue.ch\/fr\/wp-json\/wp\/v2\/product\/23346","targetHints":{"allow":["GET"]}}],"collection":[{"href":"https:\/\/brogue.ch\/fr\/wp-json\/wp\/v2\/product"}],"about":[{"href":"https:\/\/brogue.ch\/fr\/wp-json\/wp\/v2\/types\/product"}],"wp:featuredmedia":[{"embeddable":true,"href":"https:\/\/brogue.ch\/fr\/wp-json\/wp\/v2\/media\/689288"}],"wp:attachment":[{"href":"https:\/\/brogue.ch\/fr\/wp-json\/wp\/v2\/media?parent=23346"}],"wp:term":[{"taxonomy":"product_brand","embeddable":true,"href":"https:\/\/brogue.ch\/fr\/wp-json\/wp\/v2\/product_brand?post=23346"},{"taxonomy":"product_cat","embeddable":true,"href":"https:\/\/brogue.ch\/fr\/wp-json\/wp\/v2\/product_cat?post=23346"},{"taxonomy":"product_tag","embeddable":true,"href":"https:\/\/brogue.ch\/fr\/wp-json\/wp\/v2\/product_tag?post=23346"}],"curies":[{"name":"wp","href":"https:\/\/api.w.org\/{rel}","templated":true}]}}