{"id":27450,"date":"2020-11-02T19:00:07","date_gmt":"2021-05-22T10:43:10","guid":{"rendered":"https:\/\/www.brogue.ch\/shop\/john-lobb-thorne-noir\/"},"modified":"2025-05-24T16:46:12","modified_gmt":"2025-05-24T14:46:12","slug":"john-lobb-thorne-noir","status":"publish","type":"product","link":"https:\/\/brogue.ch\/fr\/product\/john-lobb-thorne-noir\/","title":{"rendered":"John Lobb Thorne Noir"},"content":{"rendered":"<p>Ce mocassin en veau grain\u00e9 non doubl\u00e9 d\u2019une souplesse in\u00e9gal\u00e9e offre un confort ultime. Ce mocassin en veau grain\u00e9 non doubl\u00e9 d\u2019une souplesse in\u00e9gal\u00e9e offre un confort ultime.Thorne est mont\u00e9 sur une semelle en gomme Rasp, faisant r\u00e9f\u00e9rence \u00e0 la texture des motifs de r\u00e2pe utilis\u00e9e lors de la cr\u00e9ation des chaussures sur mesure.<\/p>\n<p><strong>Livraison gratuite en Suisse. 30\u20ac Europe continentale. Autres destinations sur demande.<\/strong><\/p>\n","protected":false},"excerpt":{"rendered":"<p>Ce mocassin en veau grain\u00e9 non doubl\u00e9 d\u2019une souplesse in\u00e9gal\u00e9e offre un confort ultime. Ce mocassin en veau grain\u00e9 non doubl\u00e9 d\u2019une souplesse in\u00e9gal\u00e9e offre un confort ultime.Thorne est mont\u00e9 sur une semelle en gomme Rasp, faisant r\u00e9f\u00e9rence \u00e0 la texture des motifs de r\u00e2pe utilis\u00e9e lors de la cr\u00e9ation des chaussures sur mesure. Livraison [&hellip;]<\/p>\n","protected":false},"featured_media":24523,"template":"","meta":[],"product_brand":[],"product_cat":[250],"product_tag":[],"class_list":{"0":"post-27450","1":"product","2":"type-product","3":"status-publish","4":"has-post-thumbnail","6":"product_cat-hommes","7":"pa_brand-john-lobb","8":"pa_style-loafer-fr","10":"first","11":"instock","12":"sale","13":"shipping-taxable","14":"purchasable","15":"product-type-variable","16":"add-to-wishlist-before_image"},"yoast_head":"<!-- This site is optimized with the Yoast SEO plugin v27.3 - https:\/\/yoast.com\/product\/yoast-seo-wordpress\/ -->\n<title>Brogue<\/title>\n<meta name=\"robots\" content=\"index, follow, max-snippet:-1, max-image-preview:large, max-video-preview:-1\" \/>\n<link rel=\"canonical\" href=\"https:\/\/brogue.ch\/fr\/product\/john-lobb-thorne-noir\/\" \/>\n<meta property=\"og:locale\" content=\"fr_FR\" \/>\n<meta property=\"og:type\" content=\"article\" \/>\n<meta property=\"og:title\" content=\"John Lobb Thorne Noir \u2022 Chaussures de luxe \u00e0 Gen\u00e8ve | Brogue Brogue\" \/>\n<meta property=\"og:description\" content=\"Ce mocassin en veau grain\u00e9 non doubl\u00e9 d\u2019une souplesse in\u00e9gal\u00e9e offre un confort ultime. Ce mocassin en veau grain\u00e9 non doubl\u00e9 d\u2019une souplesse in\u00e9gal\u00e9e offre un confort ultime.Thorne est mont\u00e9 sur une semelle en gomme Rasp, faisant r\u00e9f\u00e9rence \u00e0 la texture des motifs de r\u00e2pe utilis\u00e9e lors de la cr\u00e9ation des chaussures sur mesure. Livraison [&hellip;]\" \/>\n<meta property=\"og:url\" content=\"https:\/\/brogue.ch\/fr\/product\/john-lobb-thorne-noir\/\" \/>\n<meta property=\"og:site_name\" content=\"Brogue\" \/>\n<meta property=\"article:modified_time\" content=\"2025-05-24T14:46:12+00:00\" \/>\n<meta property=\"og:image\" content=\"https:\/\/brogue.ch\/wp-content\/uploads\/2020\/11\/IMG_4514.jpg\" \/>\n\t<meta property=\"og:image:width\" content=\"1717\" \/>\n\t<meta property=\"og:image:height\" content=\"1920\" \/>\n\t<meta property=\"og:image:type\" content=\"image\/jpeg\" \/>\n<meta name=\"twitter:card\" content=\"summary_large_image\" \/>\n<script type=\"application\/ld+json\" class=\"yoast-schema-graph\">{\"@context\":\"https:\\\/\\\/schema.org\",\"@graph\":[{\"@type\":\"WebPage\",\"@id\":\"https:\\\/\\\/brogue.ch\\\/fr\\\/product\\\/john-lobb-thorne-noir\\\/\",\"url\":\"https:\\\/\\\/brogue.ch\\\/fr\\\/product\\\/john-lobb-thorne-noir\\\/\",\"name\":\"John Lobb Thorne Noir \u2022 Chaussures de luxe \u00e0 Gen\u00e8ve | Brogue Brogue\",\"isPartOf\":{\"@id\":\"https:\\\/\\\/brogue.ch\\\/fr\\\/#website\"},\"primaryImageOfPage\":{\"@id\":\"https:\\\/\\\/brogue.ch\\\/fr\\\/product\\\/john-lobb-thorne-noir\\\/#primaryimage\"},\"image\":{\"@id\":\"https:\\\/\\\/brogue.ch\\\/fr\\\/product\\\/john-lobb-thorne-noir\\\/#primaryimage\"},\"thumbnailUrl\":\"https:\\\/\\\/brogue.ch\\\/wp-content\\\/uploads\\\/2020\\\/11\\\/IMG_4514.jpg\",\"datePublished\":\"2021-05-22T10:43:10+00:00\",\"dateModified\":\"2025-05-24T14:46:12+00:00\",\"breadcrumb\":{\"@id\":\"https:\\\/\\\/brogue.ch\\\/fr\\\/product\\\/john-lobb-thorne-noir\\\/#breadcrumb\"},\"inLanguage\":\"fr-FR\",\"potentialAction\":[{\"@type\":\"ReadAction\",\"target\":[\"https:\\\/\\\/brogue.ch\\\/fr\\\/product\\\/john-lobb-thorne-noir\\\/\"]}]},{\"@type\":\"ImageObject\",\"inLanguage\":\"fr-FR\",\"@id\":\"https:\\\/\\\/brogue.ch\\\/fr\\\/product\\\/john-lobb-thorne-noir\\\/#primaryimage\",\"url\":\"https:\\\/\\\/brogue.ch\\\/wp-content\\\/uploads\\\/2020\\\/11\\\/IMG_4514.jpg\",\"contentUrl\":\"https:\\\/\\\/brogue.ch\\\/wp-content\\\/uploads\\\/2020\\\/11\\\/IMG_4514.jpg\",\"width\":1717,\"height\":1920},{\"@type\":\"BreadcrumbList\",\"@id\":\"https:\\\/\\\/brogue.ch\\\/fr\\\/product\\\/john-lobb-thorne-noir\\\/#breadcrumb\",\"itemListElement\":[{\"@type\":\"ListItem\",\"position\":1,\"name\":\"Home\",\"item\":\"https:\\\/\\\/brogue.ch\\\/fr\\\/\"},{\"@type\":\"ListItem\",\"position\":2,\"name\":\"Shop\",\"item\":\"https:\\\/\\\/brogue.ch\\\/fr\\\/shop\\\/\"},{\"@type\":\"ListItem\",\"position\":3,\"name\":\"John Lobb Thorne Noir\"}]},{\"@type\":\"WebSite\",\"@id\":\"https:\\\/\\\/brogue.ch\\\/fr\\\/#website\",\"url\":\"https:\\\/\\\/brogue.ch\\\/fr\\\/\",\"name\":\"Brogue\",\"description\":\"World class shoes\",\"publisher\":{\"@id\":\"https:\\\/\\\/brogue.ch\\\/fr\\\/#organization\"},\"potentialAction\":[{\"@type\":\"SearchAction\",\"target\":{\"@type\":\"EntryPoint\",\"urlTemplate\":\"https:\\\/\\\/brogue.ch\\\/fr\\\/?s={search_term_string}\"},\"query-input\":{\"@type\":\"PropertyValueSpecification\",\"valueRequired\":true,\"valueName\":\"search_term_string\"}}],\"inLanguage\":\"fr-FR\"},{\"@type\":\"Organization\",\"@id\":\"https:\\\/\\\/brogue.ch\\\/fr\\\/#organization\",\"name\":\"Brogue\",\"url\":\"https:\\\/\\\/brogue.ch\\\/fr\\\/\",\"logo\":{\"@type\":\"ImageObject\",\"inLanguage\":\"fr-FR\",\"@id\":\"https:\\\/\\\/brogue.ch\\\/fr\\\/#\\\/schema\\\/logo\\\/image\\\/\",\"url\":\"https:\\\/\\\/brogue.ch\\\/wp-content\\\/uploads\\\/2020\\\/02\\\/logo-brogue.png\",\"contentUrl\":\"https:\\\/\\\/brogue.ch\\\/wp-content\\\/uploads\\\/2020\\\/02\\\/logo-brogue.png\",\"width\":1176,\"height\":444,\"caption\":\"Brogue\"},\"image\":{\"@id\":\"https:\\\/\\\/brogue.ch\\\/fr\\\/#\\\/schema\\\/logo\\\/image\\\/\"}}]}<\/script>\n<!-- \/ Yoast SEO plugin. -->","yoast_head_json":{"title":"Brogue","robots":{"index":"index","follow":"follow","max-snippet":"max-snippet:-1","max-image-preview":"max-image-preview:large","max-video-preview":"max-video-preview:-1"},"canonical":"https:\/\/brogue.ch\/fr\/product\/john-lobb-thorne-noir\/","og_locale":"fr_FR","og_type":"article","og_title":"John Lobb Thorne Noir \u2022 Chaussures de luxe \u00e0 Gen\u00e8ve | Brogue Brogue","og_description":"Ce mocassin en veau grain\u00e9 non doubl\u00e9 d\u2019une souplesse in\u00e9gal\u00e9e offre un confort ultime. Ce mocassin en veau grain\u00e9 non doubl\u00e9 d\u2019une souplesse in\u00e9gal\u00e9e offre un confort ultime.Thorne est mont\u00e9 sur une semelle en gomme Rasp, faisant r\u00e9f\u00e9rence \u00e0 la texture des motifs de r\u00e2pe utilis\u00e9e lors de la cr\u00e9ation des chaussures sur mesure. Livraison [&hellip;]","og_url":"https:\/\/brogue.ch\/fr\/product\/john-lobb-thorne-noir\/","og_site_name":"Brogue","article_modified_time":"2025-05-24T14:46:12+00:00","og_image":[{"width":1717,"height":1920,"url":"https:\/\/brogue.ch\/wp-content\/uploads\/2020\/11\/IMG_4514.jpg","type":"image\/jpeg"}],"twitter_card":"summary_large_image","schema":{"@context":"https:\/\/schema.org","@graph":[{"@type":"WebPage","@id":"https:\/\/brogue.ch\/fr\/product\/john-lobb-thorne-noir\/","url":"https:\/\/brogue.ch\/fr\/product\/john-lobb-thorne-noir\/","name":"John Lobb Thorne Noir \u2022 Chaussures de luxe \u00e0 Gen\u00e8ve | Brogue Brogue","isPartOf":{"@id":"https:\/\/brogue.ch\/fr\/#website"},"primaryImageOfPage":{"@id":"https:\/\/brogue.ch\/fr\/product\/john-lobb-thorne-noir\/#primaryimage"},"image":{"@id":"https:\/\/brogue.ch\/fr\/product\/john-lobb-thorne-noir\/#primaryimage"},"thumbnailUrl":"https:\/\/brogue.ch\/wp-content\/uploads\/2020\/11\/IMG_4514.jpg","datePublished":"2021-05-22T10:43:10+00:00","dateModified":"2025-05-24T14:46:12+00:00","breadcrumb":{"@id":"https:\/\/brogue.ch\/fr\/product\/john-lobb-thorne-noir\/#breadcrumb"},"inLanguage":"fr-FR","potentialAction":[{"@type":"ReadAction","target":["https:\/\/brogue.ch\/fr\/product\/john-lobb-thorne-noir\/"]}]},{"@type":"ImageObject","inLanguage":"fr-FR","@id":"https:\/\/brogue.ch\/fr\/product\/john-lobb-thorne-noir\/#primaryimage","url":"https:\/\/brogue.ch\/wp-content\/uploads\/2020\/11\/IMG_4514.jpg","contentUrl":"https:\/\/brogue.ch\/wp-content\/uploads\/2020\/11\/IMG_4514.jpg","width":1717,"height":1920},{"@type":"BreadcrumbList","@id":"https:\/\/brogue.ch\/fr\/product\/john-lobb-thorne-noir\/#breadcrumb","itemListElement":[{"@type":"ListItem","position":1,"name":"Home","item":"https:\/\/brogue.ch\/fr\/"},{"@type":"ListItem","position":2,"name":"Shop","item":"https:\/\/brogue.ch\/fr\/shop\/"},{"@type":"ListItem","position":3,"name":"John Lobb Thorne Noir"}]},{"@type":"WebSite","@id":"https:\/\/brogue.ch\/fr\/#website","url":"https:\/\/brogue.ch\/fr\/","name":"Brogue","description":"World class shoes","publisher":{"@id":"https:\/\/brogue.ch\/fr\/#organization"},"potentialAction":[{"@type":"SearchAction","target":{"@type":"EntryPoint","urlTemplate":"https:\/\/brogue.ch\/fr\/?s={search_term_string}"},"query-input":{"@type":"PropertyValueSpecification","valueRequired":true,"valueName":"search_term_string"}}],"inLanguage":"fr-FR"},{"@type":"Organization","@id":"https:\/\/brogue.ch\/fr\/#organization","name":"Brogue","url":"https:\/\/brogue.ch\/fr\/","logo":{"@type":"ImageObject","inLanguage":"fr-FR","@id":"https:\/\/brogue.ch\/fr\/#\/schema\/logo\/image\/","url":"https:\/\/brogue.ch\/wp-content\/uploads\/2020\/02\/logo-brogue.png","contentUrl":"https:\/\/brogue.ch\/wp-content\/uploads\/2020\/02\/logo-brogue.png","width":1176,"height":444,"caption":"Brogue"},"image":{"@id":"https:\/\/brogue.ch\/fr\/#\/schema\/logo\/image\/"}}]}},"_links":{"self":[{"href":"https:\/\/brogue.ch\/fr\/wp-json\/wp\/v2\/product\/27450","targetHints":{"allow":["GET"]}}],"collection":[{"href":"https:\/\/brogue.ch\/fr\/wp-json\/wp\/v2\/product"}],"about":[{"href":"https:\/\/brogue.ch\/fr\/wp-json\/wp\/v2\/types\/product"}],"wp:featuredmedia":[{"embeddable":true,"href":"https:\/\/brogue.ch\/fr\/wp-json\/wp\/v2\/media\/24523"}],"wp:attachment":[{"href":"https:\/\/brogue.ch\/fr\/wp-json\/wp\/v2\/media?parent=27450"}],"wp:term":[{"taxonomy":"product_brand","embeddable":true,"href":"https:\/\/brogue.ch\/fr\/wp-json\/wp\/v2\/product_brand?post=27450"},{"taxonomy":"product_cat","embeddable":true,"href":"https:\/\/brogue.ch\/fr\/wp-json\/wp\/v2\/product_cat?post=27450"},{"taxonomy":"product_tag","embeddable":true,"href":"https:\/\/brogue.ch\/fr\/wp-json\/wp\/v2\/product_tag?post=27450"}],"curies":[{"name":"wp","href":"https:\/\/api.w.org\/{rel}","templated":true}]}}