{"id":27465,"date":"2020-11-02T18:35:08","date_gmt":"2021-05-22T10:44:59","guid":{"rendered":"https:\/\/www.brogue.ch\/shop\/john-lobb-lopez\/"},"modified":"2025-06-13T12:12:51","modified_gmt":"2025-06-13T10:12:51","slug":"john-lobb-lopez","status":"publish","type":"product","link":"https:\/\/brogue.ch\/fr\/product\/john-lobb-lopez\/","title":{"rendered":"John Lobb Lopez"},"content":{"rendered":"<p>Le mocassin embl\u00e9matique de John Lobb. Iconique mocassin cr\u00e9\u00e9 en 1950 et r\u00e9interpr\u00e9t\u00e9 au fil des saisons. Avec son plateau cousu main et sa barrette \u00e9l\u00e9gante, Lopez traverse les g\u00e9n\u00e9rations gr\u00e2ce \u00e0 son style intemporel et sa qualit\u00e9 de construction.<\/p>\n<p><strong>Livraison gratuite en Suisse. 30\u20ac Europe continentale. Autres destinations sur demande.<\/strong><\/p>\n","protected":false},"excerpt":{"rendered":"<p>Le mocassin embl\u00e9matique de John Lobb. Iconique mocassin cr\u00e9\u00e9 en 1950 et r\u00e9interpr\u00e9t\u00e9 au fil des saisons. Avec son plateau cousu main et sa barrette \u00e9l\u00e9gante, Lopez traverse les g\u00e9n\u00e9rations gr\u00e2ce \u00e0 son style intemporel et sa qualit\u00e9 de construction. Livraison gratuite en Suisse. 30\u20ac Europe continentale. Autres destinations sur demande.<\/p>\n","protected":false},"featured_media":24491,"template":"","meta":[],"product_brand":[],"product_cat":[250],"product_tag":[],"class_list":{"0":"post-27465","1":"product","2":"type-product","3":"status-publish","4":"has-post-thumbnail","6":"product_cat-hommes","7":"pa_brand-john-lobb","8":"pa_style-loafer-fr","10":"first","11":"instock","12":"shipping-taxable","13":"purchasable","14":"product-type-variable","15":"add-to-wishlist-before_image"},"yoast_head":"<!-- This site is optimized with the Yoast SEO plugin v27.3 - https:\/\/yoast.com\/product\/yoast-seo-wordpress\/ -->\n<title>Brogue<\/title>\n<meta name=\"robots\" content=\"index, follow, max-snippet:-1, max-image-preview:large, max-video-preview:-1\" \/>\n<link rel=\"canonical\" href=\"https:\/\/brogue.ch\/fr\/product\/john-lobb-lopez\/\" \/>\n<meta property=\"og:locale\" content=\"fr_FR\" \/>\n<meta property=\"og:type\" content=\"article\" \/>\n<meta property=\"og:title\" content=\"John Lobb Lopez \u2022 Chaussures de luxe \u00e0 Gen\u00e8ve | Brogue Brogue\" \/>\n<meta property=\"og:description\" content=\"Le mocassin embl\u00e9matique de John Lobb. Iconique mocassin cr\u00e9\u00e9 en 1950 et r\u00e9interpr\u00e9t\u00e9 au fil des saisons. Avec son plateau cousu main et sa barrette \u00e9l\u00e9gante, Lopez traverse les g\u00e9n\u00e9rations gr\u00e2ce \u00e0 son style intemporel et sa qualit\u00e9 de construction. Livraison gratuite en Suisse. 30\u20ac Europe continentale. Autres destinations sur demande.\" \/>\n<meta property=\"og:url\" content=\"https:\/\/brogue.ch\/fr\/product\/john-lobb-lopez\/\" \/>\n<meta property=\"og:site_name\" content=\"Brogue\" \/>\n<meta property=\"article:modified_time\" content=\"2025-06-13T10:12:51+00:00\" \/>\n<meta property=\"og:image\" content=\"https:\/\/brogue.ch\/wp-content\/uploads\/2020\/11\/IMG_4501.jpg\" \/>\n\t<meta property=\"og:image:width\" content=\"1440\" \/>\n\t<meta property=\"og:image:height\" content=\"1920\" \/>\n\t<meta property=\"og:image:type\" content=\"image\/jpeg\" \/>\n<meta name=\"twitter:card\" content=\"summary_large_image\" \/>\n<script type=\"application\/ld+json\" class=\"yoast-schema-graph\">{\"@context\":\"https:\\\/\\\/schema.org\",\"@graph\":[{\"@type\":\"WebPage\",\"@id\":\"https:\\\/\\\/brogue.ch\\\/fr\\\/product\\\/john-lobb-lopez\\\/\",\"url\":\"https:\\\/\\\/brogue.ch\\\/fr\\\/product\\\/john-lobb-lopez\\\/\",\"name\":\"John Lobb Lopez \u2022 Chaussures de luxe \u00e0 Gen\u00e8ve | Brogue Brogue\",\"isPartOf\":{\"@id\":\"https:\\\/\\\/brogue.ch\\\/fr\\\/#website\"},\"primaryImageOfPage\":{\"@id\":\"https:\\\/\\\/brogue.ch\\\/fr\\\/product\\\/john-lobb-lopez\\\/#primaryimage\"},\"image\":{\"@id\":\"https:\\\/\\\/brogue.ch\\\/fr\\\/product\\\/john-lobb-lopez\\\/#primaryimage\"},\"thumbnailUrl\":\"https:\\\/\\\/brogue.ch\\\/wp-content\\\/uploads\\\/2020\\\/11\\\/IMG_4501.jpg\",\"datePublished\":\"2021-05-22T10:44:59+00:00\",\"dateModified\":\"2025-06-13T10:12:51+00:00\",\"breadcrumb\":{\"@id\":\"https:\\\/\\\/brogue.ch\\\/fr\\\/product\\\/john-lobb-lopez\\\/#breadcrumb\"},\"inLanguage\":\"fr-FR\",\"potentialAction\":[{\"@type\":\"ReadAction\",\"target\":[\"https:\\\/\\\/brogue.ch\\\/fr\\\/product\\\/john-lobb-lopez\\\/\"]}]},{\"@type\":\"ImageObject\",\"inLanguage\":\"fr-FR\",\"@id\":\"https:\\\/\\\/brogue.ch\\\/fr\\\/product\\\/john-lobb-lopez\\\/#primaryimage\",\"url\":\"https:\\\/\\\/brogue.ch\\\/wp-content\\\/uploads\\\/2020\\\/11\\\/IMG_4501.jpg\",\"contentUrl\":\"https:\\\/\\\/brogue.ch\\\/wp-content\\\/uploads\\\/2020\\\/11\\\/IMG_4501.jpg\",\"width\":1440,\"height\":1920},{\"@type\":\"BreadcrumbList\",\"@id\":\"https:\\\/\\\/brogue.ch\\\/fr\\\/product\\\/john-lobb-lopez\\\/#breadcrumb\",\"itemListElement\":[{\"@type\":\"ListItem\",\"position\":1,\"name\":\"Home\",\"item\":\"https:\\\/\\\/brogue.ch\\\/fr\\\/\"},{\"@type\":\"ListItem\",\"position\":2,\"name\":\"Shop\",\"item\":\"https:\\\/\\\/brogue.ch\\\/fr\\\/shop\\\/\"},{\"@type\":\"ListItem\",\"position\":3,\"name\":\"John Lobb Lopez\"}]},{\"@type\":\"WebSite\",\"@id\":\"https:\\\/\\\/brogue.ch\\\/fr\\\/#website\",\"url\":\"https:\\\/\\\/brogue.ch\\\/fr\\\/\",\"name\":\"Brogue\",\"description\":\"World class shoes\",\"publisher\":{\"@id\":\"https:\\\/\\\/brogue.ch\\\/fr\\\/#organization\"},\"potentialAction\":[{\"@type\":\"SearchAction\",\"target\":{\"@type\":\"EntryPoint\",\"urlTemplate\":\"https:\\\/\\\/brogue.ch\\\/fr\\\/?s={search_term_string}\"},\"query-input\":{\"@type\":\"PropertyValueSpecification\",\"valueRequired\":true,\"valueName\":\"search_term_string\"}}],\"inLanguage\":\"fr-FR\"},{\"@type\":\"Organization\",\"@id\":\"https:\\\/\\\/brogue.ch\\\/fr\\\/#organization\",\"name\":\"Brogue\",\"url\":\"https:\\\/\\\/brogue.ch\\\/fr\\\/\",\"logo\":{\"@type\":\"ImageObject\",\"inLanguage\":\"fr-FR\",\"@id\":\"https:\\\/\\\/brogue.ch\\\/fr\\\/#\\\/schema\\\/logo\\\/image\\\/\",\"url\":\"https:\\\/\\\/brogue.ch\\\/wp-content\\\/uploads\\\/2020\\\/02\\\/logo-brogue.png\",\"contentUrl\":\"https:\\\/\\\/brogue.ch\\\/wp-content\\\/uploads\\\/2020\\\/02\\\/logo-brogue.png\",\"width\":1176,\"height\":444,\"caption\":\"Brogue\"},\"image\":{\"@id\":\"https:\\\/\\\/brogue.ch\\\/fr\\\/#\\\/schema\\\/logo\\\/image\\\/\"}}]}<\/script>\n<!-- \/ Yoast SEO plugin. -->","yoast_head_json":{"title":"Brogue","robots":{"index":"index","follow":"follow","max-snippet":"max-snippet:-1","max-image-preview":"max-image-preview:large","max-video-preview":"max-video-preview:-1"},"canonical":"https:\/\/brogue.ch\/fr\/product\/john-lobb-lopez\/","og_locale":"fr_FR","og_type":"article","og_title":"John Lobb Lopez \u2022 Chaussures de luxe \u00e0 Gen\u00e8ve | Brogue Brogue","og_description":"Le mocassin embl\u00e9matique de John Lobb. Iconique mocassin cr\u00e9\u00e9 en 1950 et r\u00e9interpr\u00e9t\u00e9 au fil des saisons. Avec son plateau cousu main et sa barrette \u00e9l\u00e9gante, Lopez traverse les g\u00e9n\u00e9rations gr\u00e2ce \u00e0 son style intemporel et sa qualit\u00e9 de construction. Livraison gratuite en Suisse. 30\u20ac Europe continentale. Autres destinations sur demande.","og_url":"https:\/\/brogue.ch\/fr\/product\/john-lobb-lopez\/","og_site_name":"Brogue","article_modified_time":"2025-06-13T10:12:51+00:00","og_image":[{"width":1440,"height":1920,"url":"https:\/\/brogue.ch\/wp-content\/uploads\/2020\/11\/IMG_4501.jpg","type":"image\/jpeg"}],"twitter_card":"summary_large_image","schema":{"@context":"https:\/\/schema.org","@graph":[{"@type":"WebPage","@id":"https:\/\/brogue.ch\/fr\/product\/john-lobb-lopez\/","url":"https:\/\/brogue.ch\/fr\/product\/john-lobb-lopez\/","name":"John Lobb Lopez \u2022 Chaussures de luxe \u00e0 Gen\u00e8ve | Brogue Brogue","isPartOf":{"@id":"https:\/\/brogue.ch\/fr\/#website"},"primaryImageOfPage":{"@id":"https:\/\/brogue.ch\/fr\/product\/john-lobb-lopez\/#primaryimage"},"image":{"@id":"https:\/\/brogue.ch\/fr\/product\/john-lobb-lopez\/#primaryimage"},"thumbnailUrl":"https:\/\/brogue.ch\/wp-content\/uploads\/2020\/11\/IMG_4501.jpg","datePublished":"2021-05-22T10:44:59+00:00","dateModified":"2025-06-13T10:12:51+00:00","breadcrumb":{"@id":"https:\/\/brogue.ch\/fr\/product\/john-lobb-lopez\/#breadcrumb"},"inLanguage":"fr-FR","potentialAction":[{"@type":"ReadAction","target":["https:\/\/brogue.ch\/fr\/product\/john-lobb-lopez\/"]}]},{"@type":"ImageObject","inLanguage":"fr-FR","@id":"https:\/\/brogue.ch\/fr\/product\/john-lobb-lopez\/#primaryimage","url":"https:\/\/brogue.ch\/wp-content\/uploads\/2020\/11\/IMG_4501.jpg","contentUrl":"https:\/\/brogue.ch\/wp-content\/uploads\/2020\/11\/IMG_4501.jpg","width":1440,"height":1920},{"@type":"BreadcrumbList","@id":"https:\/\/brogue.ch\/fr\/product\/john-lobb-lopez\/#breadcrumb","itemListElement":[{"@type":"ListItem","position":1,"name":"Home","item":"https:\/\/brogue.ch\/fr\/"},{"@type":"ListItem","position":2,"name":"Shop","item":"https:\/\/brogue.ch\/fr\/shop\/"},{"@type":"ListItem","position":3,"name":"John Lobb Lopez"}]},{"@type":"WebSite","@id":"https:\/\/brogue.ch\/fr\/#website","url":"https:\/\/brogue.ch\/fr\/","name":"Brogue","description":"World class shoes","publisher":{"@id":"https:\/\/brogue.ch\/fr\/#organization"},"potentialAction":[{"@type":"SearchAction","target":{"@type":"EntryPoint","urlTemplate":"https:\/\/brogue.ch\/fr\/?s={search_term_string}"},"query-input":{"@type":"PropertyValueSpecification","valueRequired":true,"valueName":"search_term_string"}}],"inLanguage":"fr-FR"},{"@type":"Organization","@id":"https:\/\/brogue.ch\/fr\/#organization","name":"Brogue","url":"https:\/\/brogue.ch\/fr\/","logo":{"@type":"ImageObject","inLanguage":"fr-FR","@id":"https:\/\/brogue.ch\/fr\/#\/schema\/logo\/image\/","url":"https:\/\/brogue.ch\/wp-content\/uploads\/2020\/02\/logo-brogue.png","contentUrl":"https:\/\/brogue.ch\/wp-content\/uploads\/2020\/02\/logo-brogue.png","width":1176,"height":444,"caption":"Brogue"},"image":{"@id":"https:\/\/brogue.ch\/fr\/#\/schema\/logo\/image\/"}}]}},"_links":{"self":[{"href":"https:\/\/brogue.ch\/fr\/wp-json\/wp\/v2\/product\/27465","targetHints":{"allow":["GET"]}}],"collection":[{"href":"https:\/\/brogue.ch\/fr\/wp-json\/wp\/v2\/product"}],"about":[{"href":"https:\/\/brogue.ch\/fr\/wp-json\/wp\/v2\/types\/product"}],"wp:featuredmedia":[{"embeddable":true,"href":"https:\/\/brogue.ch\/fr\/wp-json\/wp\/v2\/media\/24491"}],"wp:attachment":[{"href":"https:\/\/brogue.ch\/fr\/wp-json\/wp\/v2\/media?parent=27465"}],"wp:term":[{"taxonomy":"product_brand","embeddable":true,"href":"https:\/\/brogue.ch\/fr\/wp-json\/wp\/v2\/product_brand?post=27465"},{"taxonomy":"product_cat","embeddable":true,"href":"https:\/\/brogue.ch\/fr\/wp-json\/wp\/v2\/product_cat?post=27465"},{"taxonomy":"product_tag","embeddable":true,"href":"https:\/\/brogue.ch\/fr\/wp-json\/wp\/v2\/product_tag?post=27465"}],"curies":[{"name":"wp","href":"https:\/\/api.w.org\/{rel}","templated":true}]}}