{"id":27600,"date":"2020-10-27T18:28:56","date_gmt":"2021-05-26T12:35:45","guid":{"rendered":"https:\/\/www.brogue.ch\/shop\/crockett-jones-lowndes-cuir-marron-fonce\/"},"modified":"2024-05-16T18:07:49","modified_gmt":"2024-05-16T16:07:49","slug":"crockett-jones-lowndes","status":"publish","type":"product","link":"https:\/\/brogue.ch\/fr\/product\/crockett-jones-lowndes\/","title":{"rendered":"Crockett &amp; Jones Lowndes Cuir Marron"},"content":{"rendered":"<p>Lowndes, une chaussure double boucle avec un bout rapport\u00e9. Fabriqu\u00e9 \u00e0 partir des plus beaux cuirs de veau ou de veau velours et semelles en cuir unique pour la collection principale.<\/p>\n<p>Dit avoir \u00e9t\u00e9 d\u00e9velopp\u00e9 par un moine alpin au 15\u00e8me si\u00e8cle, et port\u00e9 dans les monast\u00e8res europ\u00e9ens, ce style a \u00e9t\u00e9 popularis\u00e9 dans les ann\u00e9es 1920. \u00c0 l\u2019insu de beaucoup, un style Monk prof\u00e8re des qualit\u00e9s d\u2019ajustement similaires \u00e0 la construction d&rsquo;un Derby. Vous pourriez penser \u00e0 un style Monk comme \u00e0 une \u00ab moderne \u00bb Derby. Avec des quartiers ouverts, le Monk est remarquablement confortable sur le pied.<\/p>\n<p>&nbsp;<\/p>\n<p><strong>Livraison gratuite en Suisse. 30\u20ac Europe continentale. Autres destinations sur demande.<\/strong><\/p>\n","protected":false},"excerpt":{"rendered":"<p>Lowndes, une chaussure double boucle avec un bout rapport\u00e9. Fabriqu\u00e9 \u00e0 partir des plus beaux cuirs de veau ou de veau velours et semelles en cuir unique pour la collection principale. Dit avoir \u00e9t\u00e9 d\u00e9velopp\u00e9 par un moine alpin au 15\u00e8me si\u00e8cle, et port\u00e9 dans les monast\u00e8res europ\u00e9ens, ce style a \u00e9t\u00e9 popularis\u00e9 dans les [&hellip;]<\/p>\n","protected":false},"featured_media":24329,"template":"","meta":[],"product_brand":[],"product_cat":[250,83],"product_tag":[],"class_list":{"0":"post-27600","1":"product","2":"type-product","3":"status-publish","4":"has-post-thumbnail","6":"product_cat-hommes","7":"product_cat-modeles-actuels","8":"pa_brand-crockett-jones","9":"pa_style-monk-straps-fr","11":"first","12":"instock","13":"shipping-taxable","14":"purchasable","15":"product-type-variable","16":"add-to-wishlist-before_image"},"yoast_head":"<!-- This site is optimized with the Yoast SEO plugin v27.3 - https:\/\/yoast.com\/product\/yoast-seo-wordpress\/ -->\n<title>Brogue<\/title>\n<meta name=\"robots\" content=\"index, follow, max-snippet:-1, max-image-preview:large, max-video-preview:-1\" \/>\n<link rel=\"canonical\" href=\"https:\/\/brogue.ch\/fr\/product\/crockett-jones-lowndes\/\" \/>\n<meta property=\"og:locale\" content=\"fr_FR\" \/>\n<meta property=\"og:type\" content=\"article\" \/>\n<meta property=\"og:title\" content=\"Crockett &amp; Jones Lowndes Cuir Marron \u2022 Chaussures de luxe \u00e0 Gen\u00e8ve | Brogue Brogue\" \/>\n<meta property=\"og:description\" content=\"Lowndes, une chaussure double boucle avec un bout rapport\u00e9. Fabriqu\u00e9 \u00e0 partir des plus beaux cuirs de veau ou de veau velours et semelles en cuir unique pour la collection principale. Dit avoir \u00e9t\u00e9 d\u00e9velopp\u00e9 par un moine alpin au 15\u00e8me si\u00e8cle, et port\u00e9 dans les monast\u00e8res europ\u00e9ens, ce style a \u00e9t\u00e9 popularis\u00e9 dans les [&hellip;]\" \/>\n<meta property=\"og:url\" content=\"https:\/\/brogue.ch\/fr\/product\/crockett-jones-lowndes\/\" \/>\n<meta property=\"og:site_name\" content=\"Brogue\" \/>\n<meta property=\"article:modified_time\" content=\"2024-05-16T16:07:49+00:00\" \/>\n<meta property=\"og:image\" content=\"https:\/\/brogue.ch\/wp-content\/uploads\/2020\/10\/IMG_4364.jpg\" \/>\n\t<meta property=\"og:image:width\" content=\"1440\" \/>\n\t<meta property=\"og:image:height\" content=\"1920\" \/>\n\t<meta property=\"og:image:type\" content=\"image\/jpeg\" \/>\n<meta name=\"twitter:card\" content=\"summary_large_image\" \/>\n<meta name=\"twitter:label1\" content=\"Dur\u00e9e de lecture estim\u00e9e\" \/>\n\t<meta name=\"twitter:data1\" content=\"1 minute\" \/>\n<script type=\"application\/ld+json\" class=\"yoast-schema-graph\">{\"@context\":\"https:\\\/\\\/schema.org\",\"@graph\":[{\"@type\":\"WebPage\",\"@id\":\"https:\\\/\\\/brogue.ch\\\/fr\\\/product\\\/crockett-jones-lowndes\\\/\",\"url\":\"https:\\\/\\\/brogue.ch\\\/fr\\\/product\\\/crockett-jones-lowndes\\\/\",\"name\":\"Crockett &amp; Jones Lowndes Cuir Marron \u2022 Chaussures de luxe \u00e0 Gen\u00e8ve | Brogue Brogue\",\"isPartOf\":{\"@id\":\"https:\\\/\\\/brogue.ch\\\/fr\\\/#website\"},\"primaryImageOfPage\":{\"@id\":\"https:\\\/\\\/brogue.ch\\\/fr\\\/product\\\/crockett-jones-lowndes\\\/#primaryimage\"},\"image\":{\"@id\":\"https:\\\/\\\/brogue.ch\\\/fr\\\/product\\\/crockett-jones-lowndes\\\/#primaryimage\"},\"thumbnailUrl\":\"https:\\\/\\\/brogue.ch\\\/wp-content\\\/uploads\\\/2020\\\/10\\\/IMG_4364.jpg\",\"datePublished\":\"2021-05-26T12:35:45+00:00\",\"dateModified\":\"2024-05-16T16:07:49+00:00\",\"breadcrumb\":{\"@id\":\"https:\\\/\\\/brogue.ch\\\/fr\\\/product\\\/crockett-jones-lowndes\\\/#breadcrumb\"},\"inLanguage\":\"fr-FR\",\"potentialAction\":[{\"@type\":\"ReadAction\",\"target\":[\"https:\\\/\\\/brogue.ch\\\/fr\\\/product\\\/crockett-jones-lowndes\\\/\"]}]},{\"@type\":\"ImageObject\",\"inLanguage\":\"fr-FR\",\"@id\":\"https:\\\/\\\/brogue.ch\\\/fr\\\/product\\\/crockett-jones-lowndes\\\/#primaryimage\",\"url\":\"https:\\\/\\\/brogue.ch\\\/wp-content\\\/uploads\\\/2020\\\/10\\\/IMG_4364.jpg\",\"contentUrl\":\"https:\\\/\\\/brogue.ch\\\/wp-content\\\/uploads\\\/2020\\\/10\\\/IMG_4364.jpg\",\"width\":1440,\"height\":1920},{\"@type\":\"BreadcrumbList\",\"@id\":\"https:\\\/\\\/brogue.ch\\\/fr\\\/product\\\/crockett-jones-lowndes\\\/#breadcrumb\",\"itemListElement\":[{\"@type\":\"ListItem\",\"position\":1,\"name\":\"Home\",\"item\":\"https:\\\/\\\/brogue.ch\\\/fr\\\/\"},{\"@type\":\"ListItem\",\"position\":2,\"name\":\"Shop\",\"item\":\"https:\\\/\\\/brogue.ch\\\/fr\\\/shop\\\/\"},{\"@type\":\"ListItem\",\"position\":3,\"name\":\"Crockett &amp; Jones Lowndes Cuir Marron\"}]},{\"@type\":\"WebSite\",\"@id\":\"https:\\\/\\\/brogue.ch\\\/fr\\\/#website\",\"url\":\"https:\\\/\\\/brogue.ch\\\/fr\\\/\",\"name\":\"Brogue\",\"description\":\"World class shoes\",\"publisher\":{\"@id\":\"https:\\\/\\\/brogue.ch\\\/fr\\\/#organization\"},\"potentialAction\":[{\"@type\":\"SearchAction\",\"target\":{\"@type\":\"EntryPoint\",\"urlTemplate\":\"https:\\\/\\\/brogue.ch\\\/fr\\\/?s={search_term_string}\"},\"query-input\":{\"@type\":\"PropertyValueSpecification\",\"valueRequired\":true,\"valueName\":\"search_term_string\"}}],\"inLanguage\":\"fr-FR\"},{\"@type\":\"Organization\",\"@id\":\"https:\\\/\\\/brogue.ch\\\/fr\\\/#organization\",\"name\":\"Brogue\",\"url\":\"https:\\\/\\\/brogue.ch\\\/fr\\\/\",\"logo\":{\"@type\":\"ImageObject\",\"inLanguage\":\"fr-FR\",\"@id\":\"https:\\\/\\\/brogue.ch\\\/fr\\\/#\\\/schema\\\/logo\\\/image\\\/\",\"url\":\"https:\\\/\\\/brogue.ch\\\/wp-content\\\/uploads\\\/2020\\\/02\\\/logo-brogue.png\",\"contentUrl\":\"https:\\\/\\\/brogue.ch\\\/wp-content\\\/uploads\\\/2020\\\/02\\\/logo-brogue.png\",\"width\":1176,\"height\":444,\"caption\":\"Brogue\"},\"image\":{\"@id\":\"https:\\\/\\\/brogue.ch\\\/fr\\\/#\\\/schema\\\/logo\\\/image\\\/\"}}]}<\/script>\n<!-- \/ Yoast SEO plugin. -->","yoast_head_json":{"title":"Brogue","robots":{"index":"index","follow":"follow","max-snippet":"max-snippet:-1","max-image-preview":"max-image-preview:large","max-video-preview":"max-video-preview:-1"},"canonical":"https:\/\/brogue.ch\/fr\/product\/crockett-jones-lowndes\/","og_locale":"fr_FR","og_type":"article","og_title":"Crockett &amp; Jones Lowndes Cuir Marron \u2022 Chaussures de luxe \u00e0 Gen\u00e8ve | Brogue Brogue","og_description":"Lowndes, une chaussure double boucle avec un bout rapport\u00e9. Fabriqu\u00e9 \u00e0 partir des plus beaux cuirs de veau ou de veau velours et semelles en cuir unique pour la collection principale. Dit avoir \u00e9t\u00e9 d\u00e9velopp\u00e9 par un moine alpin au 15\u00e8me si\u00e8cle, et port\u00e9 dans les monast\u00e8res europ\u00e9ens, ce style a \u00e9t\u00e9 popularis\u00e9 dans les [&hellip;]","og_url":"https:\/\/brogue.ch\/fr\/product\/crockett-jones-lowndes\/","og_site_name":"Brogue","article_modified_time":"2024-05-16T16:07:49+00:00","og_image":[{"width":1440,"height":1920,"url":"https:\/\/brogue.ch\/wp-content\/uploads\/2020\/10\/IMG_4364.jpg","type":"image\/jpeg"}],"twitter_card":"summary_large_image","twitter_misc":{"Dur\u00e9e de lecture estim\u00e9e":"1 minute"},"schema":{"@context":"https:\/\/schema.org","@graph":[{"@type":"WebPage","@id":"https:\/\/brogue.ch\/fr\/product\/crockett-jones-lowndes\/","url":"https:\/\/brogue.ch\/fr\/product\/crockett-jones-lowndes\/","name":"Crockett &amp; Jones Lowndes Cuir Marron \u2022 Chaussures de luxe \u00e0 Gen\u00e8ve | Brogue Brogue","isPartOf":{"@id":"https:\/\/brogue.ch\/fr\/#website"},"primaryImageOfPage":{"@id":"https:\/\/brogue.ch\/fr\/product\/crockett-jones-lowndes\/#primaryimage"},"image":{"@id":"https:\/\/brogue.ch\/fr\/product\/crockett-jones-lowndes\/#primaryimage"},"thumbnailUrl":"https:\/\/brogue.ch\/wp-content\/uploads\/2020\/10\/IMG_4364.jpg","datePublished":"2021-05-26T12:35:45+00:00","dateModified":"2024-05-16T16:07:49+00:00","breadcrumb":{"@id":"https:\/\/brogue.ch\/fr\/product\/crockett-jones-lowndes\/#breadcrumb"},"inLanguage":"fr-FR","potentialAction":[{"@type":"ReadAction","target":["https:\/\/brogue.ch\/fr\/product\/crockett-jones-lowndes\/"]}]},{"@type":"ImageObject","inLanguage":"fr-FR","@id":"https:\/\/brogue.ch\/fr\/product\/crockett-jones-lowndes\/#primaryimage","url":"https:\/\/brogue.ch\/wp-content\/uploads\/2020\/10\/IMG_4364.jpg","contentUrl":"https:\/\/brogue.ch\/wp-content\/uploads\/2020\/10\/IMG_4364.jpg","width":1440,"height":1920},{"@type":"BreadcrumbList","@id":"https:\/\/brogue.ch\/fr\/product\/crockett-jones-lowndes\/#breadcrumb","itemListElement":[{"@type":"ListItem","position":1,"name":"Home","item":"https:\/\/brogue.ch\/fr\/"},{"@type":"ListItem","position":2,"name":"Shop","item":"https:\/\/brogue.ch\/fr\/shop\/"},{"@type":"ListItem","position":3,"name":"Crockett &amp; Jones Lowndes Cuir Marron"}]},{"@type":"WebSite","@id":"https:\/\/brogue.ch\/fr\/#website","url":"https:\/\/brogue.ch\/fr\/","name":"Brogue","description":"World class shoes","publisher":{"@id":"https:\/\/brogue.ch\/fr\/#organization"},"potentialAction":[{"@type":"SearchAction","target":{"@type":"EntryPoint","urlTemplate":"https:\/\/brogue.ch\/fr\/?s={search_term_string}"},"query-input":{"@type":"PropertyValueSpecification","valueRequired":true,"valueName":"search_term_string"}}],"inLanguage":"fr-FR"},{"@type":"Organization","@id":"https:\/\/brogue.ch\/fr\/#organization","name":"Brogue","url":"https:\/\/brogue.ch\/fr\/","logo":{"@type":"ImageObject","inLanguage":"fr-FR","@id":"https:\/\/brogue.ch\/fr\/#\/schema\/logo\/image\/","url":"https:\/\/brogue.ch\/wp-content\/uploads\/2020\/02\/logo-brogue.png","contentUrl":"https:\/\/brogue.ch\/wp-content\/uploads\/2020\/02\/logo-brogue.png","width":1176,"height":444,"caption":"Brogue"},"image":{"@id":"https:\/\/brogue.ch\/fr\/#\/schema\/logo\/image\/"}}]}},"_links":{"self":[{"href":"https:\/\/brogue.ch\/fr\/wp-json\/wp\/v2\/product\/27600","targetHints":{"allow":["GET"]}}],"collection":[{"href":"https:\/\/brogue.ch\/fr\/wp-json\/wp\/v2\/product"}],"about":[{"href":"https:\/\/brogue.ch\/fr\/wp-json\/wp\/v2\/types\/product"}],"wp:featuredmedia":[{"embeddable":true,"href":"https:\/\/brogue.ch\/fr\/wp-json\/wp\/v2\/media\/24329"}],"wp:attachment":[{"href":"https:\/\/brogue.ch\/fr\/wp-json\/wp\/v2\/media?parent=27600"}],"wp:term":[{"taxonomy":"product_brand","embeddable":true,"href":"https:\/\/brogue.ch\/fr\/wp-json\/wp\/v2\/product_brand?post=27600"},{"taxonomy":"product_cat","embeddable":true,"href":"https:\/\/brogue.ch\/fr\/wp-json\/wp\/v2\/product_cat?post=27600"},{"taxonomy":"product_tag","embeddable":true,"href":"https:\/\/brogue.ch\/fr\/wp-json\/wp\/v2\/product_tag?post=27600"}],"curies":[{"name":"wp","href":"https:\/\/api.w.org\/{rel}","templated":true}]}}