{"id":29467,"date":"2021-08-24T14:15:07","date_gmt":"2021-09-14T12:23:17","guid":{"rendered":"https:\/\/www.brogue.ch\/shop\/santoni-double-boucle-loafer-offre-de-la-semaine\/"},"modified":"2024-11-16T18:29:39","modified_gmt":"2024-11-16T16:29:39","slug":"santoni-double-boucle-loafer-offre-de-la-semaine","status":"publish","type":"product","link":"https:\/\/brogue.ch\/fr\/product\/santoni-double-boucle-loafer-offre-de-la-semaine\/","title":{"rendered":"Santoni Double Boucle Mocassin marron"},"content":{"rendered":"<div>\n<div class=\"block-editor-block-list__layout is-root-container\">\n<p id=\"block-c98c980e-fb7d-495b-a828-06e822b5ff61\" class=\"block-editor-rich-text__editable block-editor-block-list__block wp-block rich-text\" tabindex=\"0\" role=\"group\" aria-multiline=\"true\" aria-label=\"Paragraph block\" data-block=\"c98c980e-fb7d-495b-a828-06e822b5ff61\" data-type=\"core\/paragraph\" data-title=\"Paragraph\">Pour un style d\u00e9contract\u00e9 et original.<\/p>\n<p id=\"block-36afde7b-7769-4723-b955-23c08c5a9399\" class=\"block-editor-rich-text__editable block-editor-block-list__block wp-block rich-text\" tabindex=\"0\" role=\"group\" aria-multiline=\"true\" aria-label=\"Paragraph block\" data-block=\"36afde7b-7769-4723-b955-23c08c5a9399\" data-type=\"core\/paragraph\" data-title=\"Paragraph\">Double boucle mocassin,avec une patine brune.<\/p>\n<p id=\"block-a9090206-8b39-4d2e-94c0-7b134efad84d\" class=\"block-editor-rich-text__editable block-editor-block-list__block wp-block is-hovered rich-text\" tabindex=\"0\" role=\"group\" aria-multiline=\"true\" aria-label=\"Paragraph block\" data-block=\"a9090206-8b39-4d2e-94c0-7b134efad84d\" data-type=\"core\/paragraph\" data-title=\"Paragraph\">Si vous \u00eates int\u00e9ress\u00e9, vous \u00eates bienvenue dans notre boutique afin que l\u2019on puisse trouver votre pointure. Bien s\u00fbr, si vous \u00eates un client Santoni, cela ne sera pas n\u00e9cessaire. Ce mod\u00e8le nous est exclusif.<\/p>\n<p><strong>Les ventes sur les articles sold\u00e9s sont d\u00e9finitives. Aucun remboursement ne sera accord\u00e9 et aucun retour disponible. Livraison gratuite en Suisse, 30 \u20ac en Europe . Autres destinations sur demande.<\/strong><\/p>\n<div class=\"block-list-appender wp-block\" tabindex=\"-1\"><\/div>\n<\/div>\n<\/div>\n<div tabindex=\"0\"><\/div>\n","protected":false},"excerpt":{"rendered":"<p>Pour un style d\u00e9contract\u00e9 et original. Double boucle mocassin,avec une patine brune. Si vous \u00eates int\u00e9ress\u00e9, vous \u00eates bienvenue dans notre boutique afin que l\u2019on puisse trouver votre pointure. Bien s\u00fbr, si vous \u00eates un client Santoni, cela ne sera pas n\u00e9cessaire. Ce mod\u00e8le nous est exclusif. Les ventes sur les articles sold\u00e9s sont d\u00e9finitives. [&hellip;]<\/p>\n","protected":false},"featured_media":29285,"template":"","meta":[],"product_brand":[],"product_cat":[82],"product_tag":[],"class_list":{"0":"post-29467","1":"product","2":"type-product","3":"status-publish","4":"has-post-thumbnail","6":"product_cat-sortie","7":"pa_brand-santoni","8":"pa_style-loafer-fr","10":"first","11":"instock","12":"sale","13":"shipping-taxable","14":"purchasable","15":"product-type-variable","16":"add-to-wishlist-before_image"},"yoast_head":"<!-- This site is optimized with the Yoast SEO plugin v27.3 - https:\/\/yoast.com\/product\/yoast-seo-wordpress\/ -->\n<title>Brogue<\/title>\n<meta name=\"robots\" content=\"index, follow, max-snippet:-1, max-image-preview:large, max-video-preview:-1\" \/>\n<link rel=\"canonical\" href=\"https:\/\/brogue.ch\/fr\/product\/santoni-double-boucle-loafer-offre-de-la-semaine\/\" \/>\n<meta property=\"og:locale\" content=\"fr_FR\" \/>\n<meta property=\"og:type\" content=\"article\" \/>\n<meta property=\"og:title\" content=\"Santoni Double Boucle Mocassin marron &#8226; Brogue\" \/>\n<meta property=\"og:description\" content=\"Pour un style d\u00e9contract\u00e9 et original. Double boucle mocassin,avec une patine brune. Si vous \u00eates int\u00e9ress\u00e9, vous \u00eates bienvenue dans notre boutique afin que l\u2019on puisse trouver votre pointure. Bien s\u00fbr, si vous \u00eates un client Santoni, cela ne sera pas n\u00e9cessaire. Ce mod\u00e8le nous est exclusif. Les ventes sur les articles sold\u00e9s sont d\u00e9finitives. [&hellip;]\" \/>\n<meta property=\"og:url\" content=\"https:\/\/brogue.ch\/fr\/product\/santoni-double-boucle-loafer-offre-de-la-semaine\/\" \/>\n<meta property=\"og:site_name\" content=\"Brogue\" \/>\n<meta property=\"article:modified_time\" content=\"2024-11-16T16:29:39+00:00\" \/>\n<meta property=\"og:image\" content=\"https:\/\/brogue.ch\/wp-content\/uploads\/2021\/08\/IMG_0977.jpg\" \/>\n\t<meta property=\"og:image:width\" content=\"1124\" \/>\n\t<meta property=\"og:image:height\" content=\"1120\" \/>\n\t<meta property=\"og:image:type\" content=\"image\/jpeg\" \/>\n<meta name=\"twitter:card\" content=\"summary_large_image\" \/>\n<meta name=\"twitter:label1\" content=\"Dur\u00e9e de lecture estim\u00e9e\" \/>\n\t<meta name=\"twitter:data1\" content=\"1 minute\" \/>\n<script type=\"application\/ld+json\" class=\"yoast-schema-graph\">{\"@context\":\"https:\\\/\\\/schema.org\",\"@graph\":[{\"@type\":\"WebPage\",\"@id\":\"https:\\\/\\\/brogue.ch\\\/fr\\\/product\\\/santoni-double-boucle-loafer-offre-de-la-semaine\\\/\",\"url\":\"https:\\\/\\\/brogue.ch\\\/fr\\\/product\\\/santoni-double-boucle-loafer-offre-de-la-semaine\\\/\",\"name\":\"Santoni Double Boucle Mocassin marron &#8226; Brogue\",\"isPartOf\":{\"@id\":\"https:\\\/\\\/brogue.ch\\\/fr\\\/#website\"},\"primaryImageOfPage\":{\"@id\":\"https:\\\/\\\/brogue.ch\\\/fr\\\/product\\\/santoni-double-boucle-loafer-offre-de-la-semaine\\\/#primaryimage\"},\"image\":{\"@id\":\"https:\\\/\\\/brogue.ch\\\/fr\\\/product\\\/santoni-double-boucle-loafer-offre-de-la-semaine\\\/#primaryimage\"},\"thumbnailUrl\":\"https:\\\/\\\/brogue.ch\\\/wp-content\\\/uploads\\\/2021\\\/08\\\/IMG_0977.jpg\",\"datePublished\":\"2021-09-14T12:23:17+00:00\",\"dateModified\":\"2024-11-16T16:29:39+00:00\",\"breadcrumb\":{\"@id\":\"https:\\\/\\\/brogue.ch\\\/fr\\\/product\\\/santoni-double-boucle-loafer-offre-de-la-semaine\\\/#breadcrumb\"},\"inLanguage\":\"fr-FR\",\"potentialAction\":[{\"@type\":\"ReadAction\",\"target\":[\"https:\\\/\\\/brogue.ch\\\/fr\\\/product\\\/santoni-double-boucle-loafer-offre-de-la-semaine\\\/\"]}]},{\"@type\":\"ImageObject\",\"inLanguage\":\"fr-FR\",\"@id\":\"https:\\\/\\\/brogue.ch\\\/fr\\\/product\\\/santoni-double-boucle-loafer-offre-de-la-semaine\\\/#primaryimage\",\"url\":\"https:\\\/\\\/brogue.ch\\\/wp-content\\\/uploads\\\/2021\\\/08\\\/IMG_0977.jpg\",\"contentUrl\":\"https:\\\/\\\/brogue.ch\\\/wp-content\\\/uploads\\\/2021\\\/08\\\/IMG_0977.jpg\",\"width\":1124,\"height\":1120},{\"@type\":\"BreadcrumbList\",\"@id\":\"https:\\\/\\\/brogue.ch\\\/fr\\\/product\\\/santoni-double-boucle-loafer-offre-de-la-semaine\\\/#breadcrumb\",\"itemListElement\":[{\"@type\":\"ListItem\",\"position\":1,\"name\":\"Home\",\"item\":\"https:\\\/\\\/brogue.ch\\\/fr\\\/\"},{\"@type\":\"ListItem\",\"position\":2,\"name\":\"Shop\",\"item\":\"https:\\\/\\\/brogue.ch\\\/fr\\\/shop\\\/\"},{\"@type\":\"ListItem\",\"position\":3,\"name\":\"Santoni Double Boucle Mocassin marron\"}]},{\"@type\":\"WebSite\",\"@id\":\"https:\\\/\\\/brogue.ch\\\/fr\\\/#website\",\"url\":\"https:\\\/\\\/brogue.ch\\\/fr\\\/\",\"name\":\"Brogue\",\"description\":\"World class shoes\",\"publisher\":{\"@id\":\"https:\\\/\\\/brogue.ch\\\/fr\\\/#organization\"},\"potentialAction\":[{\"@type\":\"SearchAction\",\"target\":{\"@type\":\"EntryPoint\",\"urlTemplate\":\"https:\\\/\\\/brogue.ch\\\/fr\\\/?s={search_term_string}\"},\"query-input\":{\"@type\":\"PropertyValueSpecification\",\"valueRequired\":true,\"valueName\":\"search_term_string\"}}],\"inLanguage\":\"fr-FR\"},{\"@type\":\"Organization\",\"@id\":\"https:\\\/\\\/brogue.ch\\\/fr\\\/#organization\",\"name\":\"Brogue\",\"url\":\"https:\\\/\\\/brogue.ch\\\/fr\\\/\",\"logo\":{\"@type\":\"ImageObject\",\"inLanguage\":\"fr-FR\",\"@id\":\"https:\\\/\\\/brogue.ch\\\/fr\\\/#\\\/schema\\\/logo\\\/image\\\/\",\"url\":\"https:\\\/\\\/brogue.ch\\\/wp-content\\\/uploads\\\/2020\\\/02\\\/logo-brogue.png\",\"contentUrl\":\"https:\\\/\\\/brogue.ch\\\/wp-content\\\/uploads\\\/2020\\\/02\\\/logo-brogue.png\",\"width\":1176,\"height\":444,\"caption\":\"Brogue\"},\"image\":{\"@id\":\"https:\\\/\\\/brogue.ch\\\/fr\\\/#\\\/schema\\\/logo\\\/image\\\/\"}}]}<\/script>\n<!-- \/ Yoast SEO plugin. -->","yoast_head_json":{"title":"Brogue","robots":{"index":"index","follow":"follow","max-snippet":"max-snippet:-1","max-image-preview":"max-image-preview:large","max-video-preview":"max-video-preview:-1"},"canonical":"https:\/\/brogue.ch\/fr\/product\/santoni-double-boucle-loafer-offre-de-la-semaine\/","og_locale":"fr_FR","og_type":"article","og_title":"Santoni Double Boucle Mocassin marron &#8226; Brogue","og_description":"Pour un style d\u00e9contract\u00e9 et original. Double boucle mocassin,avec une patine brune. Si vous \u00eates int\u00e9ress\u00e9, vous \u00eates bienvenue dans notre boutique afin que l\u2019on puisse trouver votre pointure. Bien s\u00fbr, si vous \u00eates un client Santoni, cela ne sera pas n\u00e9cessaire. Ce mod\u00e8le nous est exclusif. Les ventes sur les articles sold\u00e9s sont d\u00e9finitives. [&hellip;]","og_url":"https:\/\/brogue.ch\/fr\/product\/santoni-double-boucle-loafer-offre-de-la-semaine\/","og_site_name":"Brogue","article_modified_time":"2024-11-16T16:29:39+00:00","og_image":[{"width":1124,"height":1120,"url":"https:\/\/brogue.ch\/wp-content\/uploads\/2021\/08\/IMG_0977.jpg","type":"image\/jpeg"}],"twitter_card":"summary_large_image","twitter_misc":{"Dur\u00e9e de lecture estim\u00e9e":"1 minute"},"schema":{"@context":"https:\/\/schema.org","@graph":[{"@type":"WebPage","@id":"https:\/\/brogue.ch\/fr\/product\/santoni-double-boucle-loafer-offre-de-la-semaine\/","url":"https:\/\/brogue.ch\/fr\/product\/santoni-double-boucle-loafer-offre-de-la-semaine\/","name":"Santoni Double Boucle Mocassin marron &#8226; Brogue","isPartOf":{"@id":"https:\/\/brogue.ch\/fr\/#website"},"primaryImageOfPage":{"@id":"https:\/\/brogue.ch\/fr\/product\/santoni-double-boucle-loafer-offre-de-la-semaine\/#primaryimage"},"image":{"@id":"https:\/\/brogue.ch\/fr\/product\/santoni-double-boucle-loafer-offre-de-la-semaine\/#primaryimage"},"thumbnailUrl":"https:\/\/brogue.ch\/wp-content\/uploads\/2021\/08\/IMG_0977.jpg","datePublished":"2021-09-14T12:23:17+00:00","dateModified":"2024-11-16T16:29:39+00:00","breadcrumb":{"@id":"https:\/\/brogue.ch\/fr\/product\/santoni-double-boucle-loafer-offre-de-la-semaine\/#breadcrumb"},"inLanguage":"fr-FR","potentialAction":[{"@type":"ReadAction","target":["https:\/\/brogue.ch\/fr\/product\/santoni-double-boucle-loafer-offre-de-la-semaine\/"]}]},{"@type":"ImageObject","inLanguage":"fr-FR","@id":"https:\/\/brogue.ch\/fr\/product\/santoni-double-boucle-loafer-offre-de-la-semaine\/#primaryimage","url":"https:\/\/brogue.ch\/wp-content\/uploads\/2021\/08\/IMG_0977.jpg","contentUrl":"https:\/\/brogue.ch\/wp-content\/uploads\/2021\/08\/IMG_0977.jpg","width":1124,"height":1120},{"@type":"BreadcrumbList","@id":"https:\/\/brogue.ch\/fr\/product\/santoni-double-boucle-loafer-offre-de-la-semaine\/#breadcrumb","itemListElement":[{"@type":"ListItem","position":1,"name":"Home","item":"https:\/\/brogue.ch\/fr\/"},{"@type":"ListItem","position":2,"name":"Shop","item":"https:\/\/brogue.ch\/fr\/shop\/"},{"@type":"ListItem","position":3,"name":"Santoni Double Boucle Mocassin marron"}]},{"@type":"WebSite","@id":"https:\/\/brogue.ch\/fr\/#website","url":"https:\/\/brogue.ch\/fr\/","name":"Brogue","description":"World class shoes","publisher":{"@id":"https:\/\/brogue.ch\/fr\/#organization"},"potentialAction":[{"@type":"SearchAction","target":{"@type":"EntryPoint","urlTemplate":"https:\/\/brogue.ch\/fr\/?s={search_term_string}"},"query-input":{"@type":"PropertyValueSpecification","valueRequired":true,"valueName":"search_term_string"}}],"inLanguage":"fr-FR"},{"@type":"Organization","@id":"https:\/\/brogue.ch\/fr\/#organization","name":"Brogue","url":"https:\/\/brogue.ch\/fr\/","logo":{"@type":"ImageObject","inLanguage":"fr-FR","@id":"https:\/\/brogue.ch\/fr\/#\/schema\/logo\/image\/","url":"https:\/\/brogue.ch\/wp-content\/uploads\/2020\/02\/logo-brogue.png","contentUrl":"https:\/\/brogue.ch\/wp-content\/uploads\/2020\/02\/logo-brogue.png","width":1176,"height":444,"caption":"Brogue"},"image":{"@id":"https:\/\/brogue.ch\/fr\/#\/schema\/logo\/image\/"}}]}},"_links":{"self":[{"href":"https:\/\/brogue.ch\/fr\/wp-json\/wp\/v2\/product\/29467","targetHints":{"allow":["GET"]}}],"collection":[{"href":"https:\/\/brogue.ch\/fr\/wp-json\/wp\/v2\/product"}],"about":[{"href":"https:\/\/brogue.ch\/fr\/wp-json\/wp\/v2\/types\/product"}],"wp:featuredmedia":[{"embeddable":true,"href":"https:\/\/brogue.ch\/fr\/wp-json\/wp\/v2\/media\/29285"}],"wp:attachment":[{"href":"https:\/\/brogue.ch\/fr\/wp-json\/wp\/v2\/media?parent=29467"}],"wp:term":[{"taxonomy":"product_brand","embeddable":true,"href":"https:\/\/brogue.ch\/fr\/wp-json\/wp\/v2\/product_brand?post=29467"},{"taxonomy":"product_cat","embeddable":true,"href":"https:\/\/brogue.ch\/fr\/wp-json\/wp\/v2\/product_cat?post=29467"},{"taxonomy":"product_tag","embeddable":true,"href":"https:\/\/brogue.ch\/fr\/wp-json\/wp\/v2\/product_tag?post=29467"}],"curies":[{"name":"wp","href":"https:\/\/api.w.org\/{rel}","templated":true}]}}