{"id":30089,"date":"2021-09-29T14:15:10","date_gmt":"2021-09-29T12:17:47","guid":{"rendered":"https:\/\/www.brogue.ch\/shop\/crockett-jones-coniston-noir-cuir-huile\/"},"modified":"2024-08-18T19:52:48","modified_gmt":"2024-08-18T17:52:48","slug":"crockett-jones-coniston-black-roughout","status":"publish","type":"product","link":"https:\/\/brogue.ch\/fr\/product\/crockett-jones-coniston-black-roughout\/","title":{"rendered":"Crockett &amp; Jones Coniston Noir cuir huil\u00e9"},"content":{"rendered":"<p>Coniston, une bottine derby. Fabriqu\u00e9 \u00e0 partir de veau velours brut noir robuste avec des semelles en caoutchouc \u00e0 crampons Vibram avec une trame \u00ab\u00a0temp\u00eate\u00a0\u00bb pour une r\u00e9sistance accrue \u00e0 l\u2019eau. THE BLACK EDITIONS, une collection audacieuse de chaussures anglaises, influenc\u00e9e par le style japonais.<\/p>\n<p>&nbsp;<\/p>\n<div class=\"qode-single-product-summary\">\n<div class=\"summary entry-summary\">\n<div class=\"clearfix\">\n<div class=\"q_accordion_holder toggle boxed woocommerce-accordion accordion ui-accordion ui-accordion-icons ui-widget ui-helper-reset\">\n<div class=\"accordion_content ui-accordion-content ui-helper-reset ui-widget-content ui-corner-bottom\">\n<div class=\"accordion_content_inner\">\n<p><strong>Livraison gratuite en Suisse. 30\u20ac Europe continentale. Autres destinations sur demande.<\/strong><\/p>\n<\/div>\n<\/div>\n<\/div>\n<\/div>\n<\/div>\n<\/div>\n<div class=\"related products\">\n<h4 class=\"qode-related-upsells-title\"><\/h4>\n<\/div>\n","protected":false},"excerpt":{"rendered":"<p>Coniston, une bottine derby. Fabriqu\u00e9 \u00e0 partir de veau velours brut noir robuste avec des semelles en caoutchouc \u00e0 crampons Vibram avec une trame \u00ab\u00a0temp\u00eate\u00a0\u00bb pour une r\u00e9sistance accrue \u00e0 l\u2019eau. THE BLACK EDITIONS, une collection audacieuse de chaussures anglaises, influenc\u00e9e par le style japonais. &nbsp; Livraison gratuite en Suisse. 30\u20ac Europe continentale. Autres destinations [&hellip;]<\/p>\n","protected":false},"featured_media":30081,"template":"","meta":[],"product_brand":[],"product_cat":[250],"product_tag":[],"class_list":{"0":"post-30089","1":"product","2":"type-product","3":"status-publish","4":"has-post-thumbnail","6":"product_cat-hommes","7":"pa_brand-crockett-jones","8":"pa_style-boot-fr","9":"pa_style-derby-boots-fr","11":"first","12":"instock","13":"shipping-taxable","14":"purchasable","15":"product-type-variable","16":"add-to-wishlist-before_image"},"yoast_head":"<!-- This site is optimized with the Yoast SEO plugin v27.3 - https:\/\/yoast.com\/product\/yoast-seo-wordpress\/ -->\n<title>Brogue<\/title>\n<meta name=\"robots\" content=\"index, follow, max-snippet:-1, max-image-preview:large, max-video-preview:-1\" \/>\n<link rel=\"canonical\" href=\"https:\/\/brogue.ch\/fr\/product\/crockett-jones-coniston-black-roughout\/\" \/>\n<meta property=\"og:locale\" content=\"fr_FR\" \/>\n<meta property=\"og:type\" content=\"article\" \/>\n<meta property=\"og:title\" content=\"Crockett &amp; Jones Coniston Noir cuir huil\u00e9 &#8226; Brogue\" \/>\n<meta property=\"og:description\" content=\"Coniston, une bottine derby. Fabriqu\u00e9 \u00e0 partir de veau velours brut noir robuste avec des semelles en caoutchouc \u00e0 crampons Vibram avec une trame \u00ab\u00a0temp\u00eate\u00a0\u00bb pour une r\u00e9sistance accrue \u00e0 l\u2019eau. THE BLACK EDITIONS, une collection audacieuse de chaussures anglaises, influenc\u00e9e par le style japonais. &nbsp; Livraison gratuite en Suisse. 30\u20ac Europe continentale. Autres destinations [&hellip;]\" \/>\n<meta property=\"og:url\" content=\"https:\/\/brogue.ch\/fr\/product\/crockett-jones-coniston-black-roughout\/\" \/>\n<meta property=\"og:site_name\" content=\"Brogue\" \/>\n<meta property=\"article:modified_time\" content=\"2024-08-18T17:52:48+00:00\" \/>\n<meta property=\"og:image\" content=\"https:\/\/brogue.ch\/wp-content\/uploads\/2021\/09\/IMG_1583.jpg\" \/>\n\t<meta property=\"og:image:width\" content=\"1440\" \/>\n\t<meta property=\"og:image:height\" content=\"1920\" \/>\n\t<meta property=\"og:image:type\" content=\"image\/jpeg\" \/>\n<meta name=\"twitter:card\" content=\"summary_large_image\" \/>\n<meta name=\"twitter:label1\" content=\"Dur\u00e9e de lecture estim\u00e9e\" \/>\n\t<meta name=\"twitter:data1\" content=\"1 minute\" \/>\n<script type=\"application\/ld+json\" class=\"yoast-schema-graph\">{\"@context\":\"https:\\\/\\\/schema.org\",\"@graph\":[{\"@type\":\"WebPage\",\"@id\":\"https:\\\/\\\/brogue.ch\\\/fr\\\/product\\\/crockett-jones-coniston-black-roughout\\\/\",\"url\":\"https:\\\/\\\/brogue.ch\\\/fr\\\/product\\\/crockett-jones-coniston-black-roughout\\\/\",\"name\":\"Crockett &amp; Jones Coniston Noir cuir huil\u00e9 &#8226; Brogue\",\"isPartOf\":{\"@id\":\"https:\\\/\\\/brogue.ch\\\/fr\\\/#website\"},\"primaryImageOfPage\":{\"@id\":\"https:\\\/\\\/brogue.ch\\\/fr\\\/product\\\/crockett-jones-coniston-black-roughout\\\/#primaryimage\"},\"image\":{\"@id\":\"https:\\\/\\\/brogue.ch\\\/fr\\\/product\\\/crockett-jones-coniston-black-roughout\\\/#primaryimage\"},\"thumbnailUrl\":\"https:\\\/\\\/brogue.ch\\\/wp-content\\\/uploads\\\/2021\\\/09\\\/IMG_1583.jpg\",\"datePublished\":\"2021-09-29T12:17:47+00:00\",\"dateModified\":\"2024-08-18T17:52:48+00:00\",\"breadcrumb\":{\"@id\":\"https:\\\/\\\/brogue.ch\\\/fr\\\/product\\\/crockett-jones-coniston-black-roughout\\\/#breadcrumb\"},\"inLanguage\":\"fr-FR\",\"potentialAction\":[{\"@type\":\"ReadAction\",\"target\":[\"https:\\\/\\\/brogue.ch\\\/fr\\\/product\\\/crockett-jones-coniston-black-roughout\\\/\"]}]},{\"@type\":\"ImageObject\",\"inLanguage\":\"fr-FR\",\"@id\":\"https:\\\/\\\/brogue.ch\\\/fr\\\/product\\\/crockett-jones-coniston-black-roughout\\\/#primaryimage\",\"url\":\"https:\\\/\\\/brogue.ch\\\/wp-content\\\/uploads\\\/2021\\\/09\\\/IMG_1583.jpg\",\"contentUrl\":\"https:\\\/\\\/brogue.ch\\\/wp-content\\\/uploads\\\/2021\\\/09\\\/IMG_1583.jpg\",\"width\":1440,\"height\":1920},{\"@type\":\"BreadcrumbList\",\"@id\":\"https:\\\/\\\/brogue.ch\\\/fr\\\/product\\\/crockett-jones-coniston-black-roughout\\\/#breadcrumb\",\"itemListElement\":[{\"@type\":\"ListItem\",\"position\":1,\"name\":\"Home\",\"item\":\"https:\\\/\\\/brogue.ch\\\/fr\\\/\"},{\"@type\":\"ListItem\",\"position\":2,\"name\":\"Shop\",\"item\":\"https:\\\/\\\/brogue.ch\\\/fr\\\/shop\\\/\"},{\"@type\":\"ListItem\",\"position\":3,\"name\":\"Crockett &amp; Jones Coniston Noir cuir huil\u00e9\"}]},{\"@type\":\"WebSite\",\"@id\":\"https:\\\/\\\/brogue.ch\\\/fr\\\/#website\",\"url\":\"https:\\\/\\\/brogue.ch\\\/fr\\\/\",\"name\":\"Brogue\",\"description\":\"World class shoes\",\"publisher\":{\"@id\":\"https:\\\/\\\/brogue.ch\\\/fr\\\/#organization\"},\"potentialAction\":[{\"@type\":\"SearchAction\",\"target\":{\"@type\":\"EntryPoint\",\"urlTemplate\":\"https:\\\/\\\/brogue.ch\\\/fr\\\/?s={search_term_string}\"},\"query-input\":{\"@type\":\"PropertyValueSpecification\",\"valueRequired\":true,\"valueName\":\"search_term_string\"}}],\"inLanguage\":\"fr-FR\"},{\"@type\":\"Organization\",\"@id\":\"https:\\\/\\\/brogue.ch\\\/fr\\\/#organization\",\"name\":\"Brogue\",\"url\":\"https:\\\/\\\/brogue.ch\\\/fr\\\/\",\"logo\":{\"@type\":\"ImageObject\",\"inLanguage\":\"fr-FR\",\"@id\":\"https:\\\/\\\/brogue.ch\\\/fr\\\/#\\\/schema\\\/logo\\\/image\\\/\",\"url\":\"https:\\\/\\\/brogue.ch\\\/wp-content\\\/uploads\\\/2020\\\/02\\\/logo-brogue.png\",\"contentUrl\":\"https:\\\/\\\/brogue.ch\\\/wp-content\\\/uploads\\\/2020\\\/02\\\/logo-brogue.png\",\"width\":1176,\"height\":444,\"caption\":\"Brogue\"},\"image\":{\"@id\":\"https:\\\/\\\/brogue.ch\\\/fr\\\/#\\\/schema\\\/logo\\\/image\\\/\"}}]}<\/script>\n<!-- \/ Yoast SEO plugin. -->","yoast_head_json":{"title":"Brogue","robots":{"index":"index","follow":"follow","max-snippet":"max-snippet:-1","max-image-preview":"max-image-preview:large","max-video-preview":"max-video-preview:-1"},"canonical":"https:\/\/brogue.ch\/fr\/product\/crockett-jones-coniston-black-roughout\/","og_locale":"fr_FR","og_type":"article","og_title":"Crockett &amp; Jones Coniston Noir cuir huil\u00e9 &#8226; Brogue","og_description":"Coniston, une bottine derby. Fabriqu\u00e9 \u00e0 partir de veau velours brut noir robuste avec des semelles en caoutchouc \u00e0 crampons Vibram avec une trame \u00ab\u00a0temp\u00eate\u00a0\u00bb pour une r\u00e9sistance accrue \u00e0 l\u2019eau. THE BLACK EDITIONS, une collection audacieuse de chaussures anglaises, influenc\u00e9e par le style japonais. &nbsp; Livraison gratuite en Suisse. 30\u20ac Europe continentale. Autres destinations [&hellip;]","og_url":"https:\/\/brogue.ch\/fr\/product\/crockett-jones-coniston-black-roughout\/","og_site_name":"Brogue","article_modified_time":"2024-08-18T17:52:48+00:00","og_image":[{"width":1440,"height":1920,"url":"https:\/\/brogue.ch\/wp-content\/uploads\/2021\/09\/IMG_1583.jpg","type":"image\/jpeg"}],"twitter_card":"summary_large_image","twitter_misc":{"Dur\u00e9e de lecture estim\u00e9e":"1 minute"},"schema":{"@context":"https:\/\/schema.org","@graph":[{"@type":"WebPage","@id":"https:\/\/brogue.ch\/fr\/product\/crockett-jones-coniston-black-roughout\/","url":"https:\/\/brogue.ch\/fr\/product\/crockett-jones-coniston-black-roughout\/","name":"Crockett &amp; Jones Coniston Noir cuir huil\u00e9 &#8226; Brogue","isPartOf":{"@id":"https:\/\/brogue.ch\/fr\/#website"},"primaryImageOfPage":{"@id":"https:\/\/brogue.ch\/fr\/product\/crockett-jones-coniston-black-roughout\/#primaryimage"},"image":{"@id":"https:\/\/brogue.ch\/fr\/product\/crockett-jones-coniston-black-roughout\/#primaryimage"},"thumbnailUrl":"https:\/\/brogue.ch\/wp-content\/uploads\/2021\/09\/IMG_1583.jpg","datePublished":"2021-09-29T12:17:47+00:00","dateModified":"2024-08-18T17:52:48+00:00","breadcrumb":{"@id":"https:\/\/brogue.ch\/fr\/product\/crockett-jones-coniston-black-roughout\/#breadcrumb"},"inLanguage":"fr-FR","potentialAction":[{"@type":"ReadAction","target":["https:\/\/brogue.ch\/fr\/product\/crockett-jones-coniston-black-roughout\/"]}]},{"@type":"ImageObject","inLanguage":"fr-FR","@id":"https:\/\/brogue.ch\/fr\/product\/crockett-jones-coniston-black-roughout\/#primaryimage","url":"https:\/\/brogue.ch\/wp-content\/uploads\/2021\/09\/IMG_1583.jpg","contentUrl":"https:\/\/brogue.ch\/wp-content\/uploads\/2021\/09\/IMG_1583.jpg","width":1440,"height":1920},{"@type":"BreadcrumbList","@id":"https:\/\/brogue.ch\/fr\/product\/crockett-jones-coniston-black-roughout\/#breadcrumb","itemListElement":[{"@type":"ListItem","position":1,"name":"Home","item":"https:\/\/brogue.ch\/fr\/"},{"@type":"ListItem","position":2,"name":"Shop","item":"https:\/\/brogue.ch\/fr\/shop\/"},{"@type":"ListItem","position":3,"name":"Crockett &amp; Jones Coniston Noir cuir huil\u00e9"}]},{"@type":"WebSite","@id":"https:\/\/brogue.ch\/fr\/#website","url":"https:\/\/brogue.ch\/fr\/","name":"Brogue","description":"World class shoes","publisher":{"@id":"https:\/\/brogue.ch\/fr\/#organization"},"potentialAction":[{"@type":"SearchAction","target":{"@type":"EntryPoint","urlTemplate":"https:\/\/brogue.ch\/fr\/?s={search_term_string}"},"query-input":{"@type":"PropertyValueSpecification","valueRequired":true,"valueName":"search_term_string"}}],"inLanguage":"fr-FR"},{"@type":"Organization","@id":"https:\/\/brogue.ch\/fr\/#organization","name":"Brogue","url":"https:\/\/brogue.ch\/fr\/","logo":{"@type":"ImageObject","inLanguage":"fr-FR","@id":"https:\/\/brogue.ch\/fr\/#\/schema\/logo\/image\/","url":"https:\/\/brogue.ch\/wp-content\/uploads\/2020\/02\/logo-brogue.png","contentUrl":"https:\/\/brogue.ch\/wp-content\/uploads\/2020\/02\/logo-brogue.png","width":1176,"height":444,"caption":"Brogue"},"image":{"@id":"https:\/\/brogue.ch\/fr\/#\/schema\/logo\/image\/"}}]}},"_links":{"self":[{"href":"https:\/\/brogue.ch\/fr\/wp-json\/wp\/v2\/product\/30089","targetHints":{"allow":["GET"]}}],"collection":[{"href":"https:\/\/brogue.ch\/fr\/wp-json\/wp\/v2\/product"}],"about":[{"href":"https:\/\/brogue.ch\/fr\/wp-json\/wp\/v2\/types\/product"}],"wp:featuredmedia":[{"embeddable":true,"href":"https:\/\/brogue.ch\/fr\/wp-json\/wp\/v2\/media\/30081"}],"wp:attachment":[{"href":"https:\/\/brogue.ch\/fr\/wp-json\/wp\/v2\/media?parent=30089"}],"wp:term":[{"taxonomy":"product_brand","embeddable":true,"href":"https:\/\/brogue.ch\/fr\/wp-json\/wp\/v2\/product_brand?post=30089"},{"taxonomy":"product_cat","embeddable":true,"href":"https:\/\/brogue.ch\/fr\/wp-json\/wp\/v2\/product_cat?post=30089"},{"taxonomy":"product_tag","embeddable":true,"href":"https:\/\/brogue.ch\/fr\/wp-json\/wp\/v2\/product_tag?post=30089"}],"curies":[{"name":"wp","href":"https:\/\/api.w.org\/{rel}","templated":true}]}}