{"id":31019,"date":"2021-10-14T12:19:17","date_gmt":"2022-01-31T15:15:05","guid":{"rendered":"https:\/\/www.brogue.ch\/?post_type=product&#038;p=31019"},"modified":"2024-05-16T18:05:36","modified_gmt":"2024-05-16T16:05:36","slug":"crockett-jones-chelsea-11-brown","status":"publish","type":"product","link":"https:\/\/brogue.ch\/fr\/product\/crockett-jones-chelsea-11-brown\/","title":{"rendered":"Crockett &amp; Jones Chelsea 11 Marron"},"content":{"rendered":"<p>Chelsea 11, une version copieuse de notre c\u00e9l\u00e8bre Chelsea 5. Fabriqu\u00e9 en utilisant le meilleur cuir grain en marron fonc\u00e9 avec une semelle en caoutchouc crommando de Vibram et une trame pour une r\u00e9sistance accrue \u00e0 l\u2019eau. Chelsea 11 est le chelsea ultime pour l\u2019hiver. Cuir qui vieilli bien avec le temps.<\/p>\n<p>&nbsp;<\/p>\n<div class=\"qode-single-product-summary\">\n<div class=\"summary entry-summary\">\n<div class=\"clearfix\">\n<div class=\"q_accordion_holder toggle boxed woocommerce-accordion accordion ui-accordion ui-accordion-icons ui-widget ui-helper-reset\">\n<div class=\"accordion_content ui-accordion-content ui-helper-reset ui-widget-content ui-corner-bottom\">\n<div class=\"accordion_content_inner\">\n<p><strong>Livraison gratuite en Suisse. 30\u20ac Europe continentale. Autres destinations sur demande.<\/strong><\/p>\n<\/div>\n<\/div>\n<\/div>\n<\/div>\n<\/div>\n<\/div>\n<div class=\"related products\">\n<h4 class=\"qode-related-upsells-title\"><\/h4>\n<\/div>\n","protected":false},"excerpt":{"rendered":"<p>Chelsea 11, une version copieuse de notre c\u00e9l\u00e8bre Chelsea 5. Fabriqu\u00e9 en utilisant le meilleur cuir grain en marron fonc\u00e9 avec une semelle en caoutchouc crommando de Vibram et une trame pour une r\u00e9sistance accrue \u00e0 l\u2019eau. Chelsea 11 est le chelsea ultime pour l\u2019hiver. Cuir qui vieilli bien avec le temps. &nbsp; Livraison gratuite [&hellip;]<\/p>\n","protected":false},"featured_media":31086,"template":"","meta":[],"product_brand":[],"product_cat":[250],"product_tag":[],"class_list":{"0":"post-31019","1":"product","2":"type-product","3":"status-publish","4":"has-post-thumbnail","6":"product_cat-hommes","7":"pa_brand-crockett-jones","8":"pa_style-boot-fr","9":"pa_style-chelsea-boots-fr","11":"first","12":"instock","13":"shipping-taxable","14":"purchasable","15":"product-type-variable","16":"add-to-wishlist-before_image"},"yoast_head":"<!-- This site is optimized with the Yoast SEO plugin v27.3 - https:\/\/yoast.com\/product\/yoast-seo-wordpress\/ -->\n<title>Brogue<\/title>\n<meta name=\"robots\" content=\"index, follow, max-snippet:-1, max-image-preview:large, max-video-preview:-1\" \/>\n<link rel=\"canonical\" href=\"https:\/\/brogue.ch\/fr\/product\/crockett-jones-chelsea-11-brown\/\" \/>\n<meta property=\"og:locale\" content=\"fr_FR\" \/>\n<meta property=\"og:type\" content=\"article\" \/>\n<meta property=\"og:title\" content=\"Crockett &amp; Jones Chelsea 11 Marron &#8226; Brogue\" \/>\n<meta property=\"og:description\" content=\"Chelsea 11, une version copieuse de notre c\u00e9l\u00e8bre Chelsea 5. Fabriqu\u00e9 en utilisant le meilleur cuir grain en marron fonc\u00e9 avec une semelle en caoutchouc crommando de Vibram et une trame pour une r\u00e9sistance accrue \u00e0 l\u2019eau. Chelsea 11 est le chelsea ultime pour l\u2019hiver. Cuir qui vieilli bien avec le temps. &nbsp; Livraison gratuite [&hellip;]\" \/>\n<meta property=\"og:url\" content=\"https:\/\/brogue.ch\/fr\/product\/crockett-jones-chelsea-11-brown\/\" \/>\n<meta property=\"og:site_name\" content=\"Brogue\" \/>\n<meta property=\"article:modified_time\" content=\"2024-05-16T16:05:36+00:00\" \/>\n<meta property=\"og:image\" content=\"https:\/\/brogue.ch\/wp-content\/uploads\/2021\/10\/IMG_2335.jpg\" \/>\n\t<meta property=\"og:image:width\" content=\"1440\" \/>\n\t<meta property=\"og:image:height\" content=\"1920\" \/>\n\t<meta property=\"og:image:type\" content=\"image\/jpeg\" \/>\n<meta name=\"twitter:card\" content=\"summary_large_image\" \/>\n<meta name=\"twitter:label1\" content=\"Dur\u00e9e de lecture estim\u00e9e\" \/>\n\t<meta name=\"twitter:data1\" content=\"1 minute\" \/>\n<script type=\"application\/ld+json\" class=\"yoast-schema-graph\">{\"@context\":\"https:\\\/\\\/schema.org\",\"@graph\":[{\"@type\":\"WebPage\",\"@id\":\"https:\\\/\\\/brogue.ch\\\/fr\\\/product\\\/crockett-jones-chelsea-11-brown\\\/\",\"url\":\"https:\\\/\\\/brogue.ch\\\/fr\\\/product\\\/crockett-jones-chelsea-11-brown\\\/\",\"name\":\"Crockett &amp; Jones Chelsea 11 Marron &#8226; Brogue\",\"isPartOf\":{\"@id\":\"https:\\\/\\\/brogue.ch\\\/fr\\\/#website\"},\"primaryImageOfPage\":{\"@id\":\"https:\\\/\\\/brogue.ch\\\/fr\\\/product\\\/crockett-jones-chelsea-11-brown\\\/#primaryimage\"},\"image\":{\"@id\":\"https:\\\/\\\/brogue.ch\\\/fr\\\/product\\\/crockett-jones-chelsea-11-brown\\\/#primaryimage\"},\"thumbnailUrl\":\"https:\\\/\\\/brogue.ch\\\/wp-content\\\/uploads\\\/2021\\\/10\\\/IMG_2335.jpg\",\"datePublished\":\"2022-01-31T15:15:05+00:00\",\"dateModified\":\"2024-05-16T16:05:36+00:00\",\"breadcrumb\":{\"@id\":\"https:\\\/\\\/brogue.ch\\\/fr\\\/product\\\/crockett-jones-chelsea-11-brown\\\/#breadcrumb\"},\"inLanguage\":\"fr-FR\",\"potentialAction\":[{\"@type\":\"ReadAction\",\"target\":[\"https:\\\/\\\/brogue.ch\\\/fr\\\/product\\\/crockett-jones-chelsea-11-brown\\\/\"]}]},{\"@type\":\"ImageObject\",\"inLanguage\":\"fr-FR\",\"@id\":\"https:\\\/\\\/brogue.ch\\\/fr\\\/product\\\/crockett-jones-chelsea-11-brown\\\/#primaryimage\",\"url\":\"https:\\\/\\\/brogue.ch\\\/wp-content\\\/uploads\\\/2021\\\/10\\\/IMG_2335.jpg\",\"contentUrl\":\"https:\\\/\\\/brogue.ch\\\/wp-content\\\/uploads\\\/2021\\\/10\\\/IMG_2335.jpg\",\"width\":1440,\"height\":1920},{\"@type\":\"BreadcrumbList\",\"@id\":\"https:\\\/\\\/brogue.ch\\\/fr\\\/product\\\/crockett-jones-chelsea-11-brown\\\/#breadcrumb\",\"itemListElement\":[{\"@type\":\"ListItem\",\"position\":1,\"name\":\"Home\",\"item\":\"https:\\\/\\\/brogue.ch\\\/fr\\\/\"},{\"@type\":\"ListItem\",\"position\":2,\"name\":\"Shop\",\"item\":\"https:\\\/\\\/brogue.ch\\\/fr\\\/shop\\\/\"},{\"@type\":\"ListItem\",\"position\":3,\"name\":\"Crockett &amp; Jones Chelsea 11 Marron\"}]},{\"@type\":\"WebSite\",\"@id\":\"https:\\\/\\\/brogue.ch\\\/fr\\\/#website\",\"url\":\"https:\\\/\\\/brogue.ch\\\/fr\\\/\",\"name\":\"Brogue\",\"description\":\"World class shoes\",\"publisher\":{\"@id\":\"https:\\\/\\\/brogue.ch\\\/fr\\\/#organization\"},\"potentialAction\":[{\"@type\":\"SearchAction\",\"target\":{\"@type\":\"EntryPoint\",\"urlTemplate\":\"https:\\\/\\\/brogue.ch\\\/fr\\\/?s={search_term_string}\"},\"query-input\":{\"@type\":\"PropertyValueSpecification\",\"valueRequired\":true,\"valueName\":\"search_term_string\"}}],\"inLanguage\":\"fr-FR\"},{\"@type\":\"Organization\",\"@id\":\"https:\\\/\\\/brogue.ch\\\/fr\\\/#organization\",\"name\":\"Brogue\",\"url\":\"https:\\\/\\\/brogue.ch\\\/fr\\\/\",\"logo\":{\"@type\":\"ImageObject\",\"inLanguage\":\"fr-FR\",\"@id\":\"https:\\\/\\\/brogue.ch\\\/fr\\\/#\\\/schema\\\/logo\\\/image\\\/\",\"url\":\"https:\\\/\\\/brogue.ch\\\/wp-content\\\/uploads\\\/2020\\\/02\\\/logo-brogue.png\",\"contentUrl\":\"https:\\\/\\\/brogue.ch\\\/wp-content\\\/uploads\\\/2020\\\/02\\\/logo-brogue.png\",\"width\":1176,\"height\":444,\"caption\":\"Brogue\"},\"image\":{\"@id\":\"https:\\\/\\\/brogue.ch\\\/fr\\\/#\\\/schema\\\/logo\\\/image\\\/\"}}]}<\/script>\n<!-- \/ Yoast SEO plugin. -->","yoast_head_json":{"title":"Brogue","robots":{"index":"index","follow":"follow","max-snippet":"max-snippet:-1","max-image-preview":"max-image-preview:large","max-video-preview":"max-video-preview:-1"},"canonical":"https:\/\/brogue.ch\/fr\/product\/crockett-jones-chelsea-11-brown\/","og_locale":"fr_FR","og_type":"article","og_title":"Crockett &amp; Jones Chelsea 11 Marron &#8226; Brogue","og_description":"Chelsea 11, une version copieuse de notre c\u00e9l\u00e8bre Chelsea 5. Fabriqu\u00e9 en utilisant le meilleur cuir grain en marron fonc\u00e9 avec une semelle en caoutchouc crommando de Vibram et une trame pour une r\u00e9sistance accrue \u00e0 l\u2019eau. Chelsea 11 est le chelsea ultime pour l\u2019hiver. Cuir qui vieilli bien avec le temps. &nbsp; Livraison gratuite [&hellip;]","og_url":"https:\/\/brogue.ch\/fr\/product\/crockett-jones-chelsea-11-brown\/","og_site_name":"Brogue","article_modified_time":"2024-05-16T16:05:36+00:00","og_image":[{"width":1440,"height":1920,"url":"https:\/\/brogue.ch\/wp-content\/uploads\/2021\/10\/IMG_2335.jpg","type":"image\/jpeg"}],"twitter_card":"summary_large_image","twitter_misc":{"Dur\u00e9e de lecture estim\u00e9e":"1 minute"},"schema":{"@context":"https:\/\/schema.org","@graph":[{"@type":"WebPage","@id":"https:\/\/brogue.ch\/fr\/product\/crockett-jones-chelsea-11-brown\/","url":"https:\/\/brogue.ch\/fr\/product\/crockett-jones-chelsea-11-brown\/","name":"Crockett &amp; Jones Chelsea 11 Marron &#8226; Brogue","isPartOf":{"@id":"https:\/\/brogue.ch\/fr\/#website"},"primaryImageOfPage":{"@id":"https:\/\/brogue.ch\/fr\/product\/crockett-jones-chelsea-11-brown\/#primaryimage"},"image":{"@id":"https:\/\/brogue.ch\/fr\/product\/crockett-jones-chelsea-11-brown\/#primaryimage"},"thumbnailUrl":"https:\/\/brogue.ch\/wp-content\/uploads\/2021\/10\/IMG_2335.jpg","datePublished":"2022-01-31T15:15:05+00:00","dateModified":"2024-05-16T16:05:36+00:00","breadcrumb":{"@id":"https:\/\/brogue.ch\/fr\/product\/crockett-jones-chelsea-11-brown\/#breadcrumb"},"inLanguage":"fr-FR","potentialAction":[{"@type":"ReadAction","target":["https:\/\/brogue.ch\/fr\/product\/crockett-jones-chelsea-11-brown\/"]}]},{"@type":"ImageObject","inLanguage":"fr-FR","@id":"https:\/\/brogue.ch\/fr\/product\/crockett-jones-chelsea-11-brown\/#primaryimage","url":"https:\/\/brogue.ch\/wp-content\/uploads\/2021\/10\/IMG_2335.jpg","contentUrl":"https:\/\/brogue.ch\/wp-content\/uploads\/2021\/10\/IMG_2335.jpg","width":1440,"height":1920},{"@type":"BreadcrumbList","@id":"https:\/\/brogue.ch\/fr\/product\/crockett-jones-chelsea-11-brown\/#breadcrumb","itemListElement":[{"@type":"ListItem","position":1,"name":"Home","item":"https:\/\/brogue.ch\/fr\/"},{"@type":"ListItem","position":2,"name":"Shop","item":"https:\/\/brogue.ch\/fr\/shop\/"},{"@type":"ListItem","position":3,"name":"Crockett &amp; Jones Chelsea 11 Marron"}]},{"@type":"WebSite","@id":"https:\/\/brogue.ch\/fr\/#website","url":"https:\/\/brogue.ch\/fr\/","name":"Brogue","description":"World class shoes","publisher":{"@id":"https:\/\/brogue.ch\/fr\/#organization"},"potentialAction":[{"@type":"SearchAction","target":{"@type":"EntryPoint","urlTemplate":"https:\/\/brogue.ch\/fr\/?s={search_term_string}"},"query-input":{"@type":"PropertyValueSpecification","valueRequired":true,"valueName":"search_term_string"}}],"inLanguage":"fr-FR"},{"@type":"Organization","@id":"https:\/\/brogue.ch\/fr\/#organization","name":"Brogue","url":"https:\/\/brogue.ch\/fr\/","logo":{"@type":"ImageObject","inLanguage":"fr-FR","@id":"https:\/\/brogue.ch\/fr\/#\/schema\/logo\/image\/","url":"https:\/\/brogue.ch\/wp-content\/uploads\/2020\/02\/logo-brogue.png","contentUrl":"https:\/\/brogue.ch\/wp-content\/uploads\/2020\/02\/logo-brogue.png","width":1176,"height":444,"caption":"Brogue"},"image":{"@id":"https:\/\/brogue.ch\/fr\/#\/schema\/logo\/image\/"}}]}},"_links":{"self":[{"href":"https:\/\/brogue.ch\/fr\/wp-json\/wp\/v2\/product\/31019","targetHints":{"allow":["GET"]}}],"collection":[{"href":"https:\/\/brogue.ch\/fr\/wp-json\/wp\/v2\/product"}],"about":[{"href":"https:\/\/brogue.ch\/fr\/wp-json\/wp\/v2\/types\/product"}],"wp:featuredmedia":[{"embeddable":true,"href":"https:\/\/brogue.ch\/fr\/wp-json\/wp\/v2\/media\/31086"}],"wp:attachment":[{"href":"https:\/\/brogue.ch\/fr\/wp-json\/wp\/v2\/media?parent=31019"}],"wp:term":[{"taxonomy":"product_brand","embeddable":true,"href":"https:\/\/brogue.ch\/fr\/wp-json\/wp\/v2\/product_brand?post=31019"},{"taxonomy":"product_cat","embeddable":true,"href":"https:\/\/brogue.ch\/fr\/wp-json\/wp\/v2\/product_cat?post=31019"},{"taxonomy":"product_tag","embeddable":true,"href":"https:\/\/brogue.ch\/fr\/wp-json\/wp\/v2\/product_tag?post=31019"}],"curies":[{"name":"wp","href":"https:\/\/api.w.org\/{rel}","templated":true}]}}