{"id":31439,"date":"2021-10-27T11:58:04","date_gmt":"2021-10-27T10:02:36","guid":{"rendered":"https:\/\/www.brogue.ch\/shop\/santoni-basket-bleu-vert-montante\/"},"modified":"2025-01-21T14:11:48","modified_gmt":"2025-01-21T12:11:48","slug":"santoni-blue-green-high-top-trainer","status":"publish","type":"product","link":"https:\/\/brogue.ch\/fr\/product\/santoni-blue-green-high-top-trainer\/","title":{"rendered":"Santoni Basket Montante Bleu\/Vert"},"content":{"rendered":"<p>Basket \u00e0 l&rsquo;allure sportive et chic. Patin\u00e9 \u00e0 la main en couleur marron. Semelle en gomme effet us\u00e9e. Semelle en caoutchouc tr\u00e8s souple et robuste.<\/p>\n<p><strong>Livraison gratuite en Suisse. 30\u20ac Europe continentale. Autres destinations sur demande.<\/strong><\/p>\n","protected":false},"excerpt":{"rendered":"<p>Basket \u00e0 l&rsquo;allure sportive et chic. Patin\u00e9 \u00e0 la main en couleur marron. Semelle en gomme effet us\u00e9e. Semelle en caoutchouc tr\u00e8s souple et robuste. Livraison gratuite en Suisse. 30\u20ac Europe continentale. Autres destinations sur demande.<\/p>\n","protected":false},"featured_media":31397,"template":"","meta":[],"product_brand":[],"product_cat":[250,82],"product_tag":[],"class_list":{"0":"post-31439","1":"product","2":"type-product","3":"status-publish","4":"has-post-thumbnail","6":"product_cat-hommes","7":"product_cat-sortie","8":"pa_brand-santoni","9":"pa_style-trainer-fr","11":"first","12":"instock","13":"sale","14":"shipping-taxable","15":"purchasable","16":"product-type-variable","17":"add-to-wishlist-before_image"},"yoast_head":"<!-- This site is optimized with the Yoast SEO plugin v27.3 - https:\/\/yoast.com\/product\/yoast-seo-wordpress\/ -->\n<title>Brogue<\/title>\n<meta name=\"robots\" content=\"index, follow, max-snippet:-1, max-image-preview:large, max-video-preview:-1\" \/>\n<link rel=\"canonical\" href=\"https:\/\/brogue.ch\/fr\/product\/santoni-blue-green-high-top-trainer\/\" \/>\n<meta property=\"og:locale\" content=\"fr_FR\" \/>\n<meta property=\"og:type\" content=\"article\" \/>\n<meta property=\"og:title\" content=\"Santoni Basket Montante Bleu\/Vert &#8226; Brogue\" \/>\n<meta property=\"og:description\" content=\"Basket \u00e0 l&rsquo;allure sportive et chic. Patin\u00e9 \u00e0 la main en couleur marron. Semelle en gomme effet us\u00e9e. Semelle en caoutchouc tr\u00e8s souple et robuste. Livraison gratuite en Suisse. 30\u20ac Europe continentale. Autres destinations sur demande.\" \/>\n<meta property=\"og:url\" content=\"https:\/\/brogue.ch\/fr\/product\/santoni-blue-green-high-top-trainer\/\" \/>\n<meta property=\"og:site_name\" content=\"Brogue\" \/>\n<meta property=\"article:modified_time\" content=\"2025-01-21T12:11:48+00:00\" \/>\n<meta property=\"og:image\" content=\"https:\/\/brogue.ch\/wp-content\/uploads\/2021\/10\/IMG_2599.jpg\" \/>\n\t<meta property=\"og:image:width\" content=\"1440\" \/>\n\t<meta property=\"og:image:height\" content=\"1920\" \/>\n\t<meta property=\"og:image:type\" content=\"image\/jpeg\" \/>\n<meta name=\"twitter:card\" content=\"summary_large_image\" \/>\n<meta name=\"twitter:label1\" content=\"Dur\u00e9e de lecture estim\u00e9e\" \/>\n\t<meta name=\"twitter:data1\" content=\"1 minute\" \/>\n<script type=\"application\/ld+json\" class=\"yoast-schema-graph\">{\"@context\":\"https:\\\/\\\/schema.org\",\"@graph\":[{\"@type\":\"WebPage\",\"@id\":\"https:\\\/\\\/brogue.ch\\\/fr\\\/product\\\/santoni-blue-green-high-top-trainer\\\/\",\"url\":\"https:\\\/\\\/brogue.ch\\\/fr\\\/product\\\/santoni-blue-green-high-top-trainer\\\/\",\"name\":\"Santoni Basket Montante Bleu\\\/Vert &#8226; Brogue\",\"isPartOf\":{\"@id\":\"https:\\\/\\\/brogue.ch\\\/fr\\\/#website\"},\"primaryImageOfPage\":{\"@id\":\"https:\\\/\\\/brogue.ch\\\/fr\\\/product\\\/santoni-blue-green-high-top-trainer\\\/#primaryimage\"},\"image\":{\"@id\":\"https:\\\/\\\/brogue.ch\\\/fr\\\/product\\\/santoni-blue-green-high-top-trainer\\\/#primaryimage\"},\"thumbnailUrl\":\"https:\\\/\\\/brogue.ch\\\/wp-content\\\/uploads\\\/2021\\\/10\\\/IMG_2599.jpg\",\"datePublished\":\"2021-10-27T10:02:36+00:00\",\"dateModified\":\"2025-01-21T12:11:48+00:00\",\"breadcrumb\":{\"@id\":\"https:\\\/\\\/brogue.ch\\\/fr\\\/product\\\/santoni-blue-green-high-top-trainer\\\/#breadcrumb\"},\"inLanguage\":\"fr-FR\",\"potentialAction\":[{\"@type\":\"ReadAction\",\"target\":[\"https:\\\/\\\/brogue.ch\\\/fr\\\/product\\\/santoni-blue-green-high-top-trainer\\\/\"]}]},{\"@type\":\"ImageObject\",\"inLanguage\":\"fr-FR\",\"@id\":\"https:\\\/\\\/brogue.ch\\\/fr\\\/product\\\/santoni-blue-green-high-top-trainer\\\/#primaryimage\",\"url\":\"https:\\\/\\\/brogue.ch\\\/wp-content\\\/uploads\\\/2021\\\/10\\\/IMG_2599.jpg\",\"contentUrl\":\"https:\\\/\\\/brogue.ch\\\/wp-content\\\/uploads\\\/2021\\\/10\\\/IMG_2599.jpg\",\"width\":1440,\"height\":1920},{\"@type\":\"BreadcrumbList\",\"@id\":\"https:\\\/\\\/brogue.ch\\\/fr\\\/product\\\/santoni-blue-green-high-top-trainer\\\/#breadcrumb\",\"itemListElement\":[{\"@type\":\"ListItem\",\"position\":1,\"name\":\"Home\",\"item\":\"https:\\\/\\\/brogue.ch\\\/fr\\\/\"},{\"@type\":\"ListItem\",\"position\":2,\"name\":\"Shop\",\"item\":\"https:\\\/\\\/brogue.ch\\\/fr\\\/shop\\\/\"},{\"@type\":\"ListItem\",\"position\":3,\"name\":\"Santoni Basket Montante Bleu\\\/Vert\"}]},{\"@type\":\"WebSite\",\"@id\":\"https:\\\/\\\/brogue.ch\\\/fr\\\/#website\",\"url\":\"https:\\\/\\\/brogue.ch\\\/fr\\\/\",\"name\":\"Brogue\",\"description\":\"World class shoes\",\"publisher\":{\"@id\":\"https:\\\/\\\/brogue.ch\\\/fr\\\/#organization\"},\"potentialAction\":[{\"@type\":\"SearchAction\",\"target\":{\"@type\":\"EntryPoint\",\"urlTemplate\":\"https:\\\/\\\/brogue.ch\\\/fr\\\/?s={search_term_string}\"},\"query-input\":{\"@type\":\"PropertyValueSpecification\",\"valueRequired\":true,\"valueName\":\"search_term_string\"}}],\"inLanguage\":\"fr-FR\"},{\"@type\":\"Organization\",\"@id\":\"https:\\\/\\\/brogue.ch\\\/fr\\\/#organization\",\"name\":\"Brogue\",\"url\":\"https:\\\/\\\/brogue.ch\\\/fr\\\/\",\"logo\":{\"@type\":\"ImageObject\",\"inLanguage\":\"fr-FR\",\"@id\":\"https:\\\/\\\/brogue.ch\\\/fr\\\/#\\\/schema\\\/logo\\\/image\\\/\",\"url\":\"https:\\\/\\\/brogue.ch\\\/wp-content\\\/uploads\\\/2020\\\/02\\\/logo-brogue.png\",\"contentUrl\":\"https:\\\/\\\/brogue.ch\\\/wp-content\\\/uploads\\\/2020\\\/02\\\/logo-brogue.png\",\"width\":1176,\"height\":444,\"caption\":\"Brogue\"},\"image\":{\"@id\":\"https:\\\/\\\/brogue.ch\\\/fr\\\/#\\\/schema\\\/logo\\\/image\\\/\"}}]}<\/script>\n<!-- \/ Yoast SEO plugin. -->","yoast_head_json":{"title":"Brogue","robots":{"index":"index","follow":"follow","max-snippet":"max-snippet:-1","max-image-preview":"max-image-preview:large","max-video-preview":"max-video-preview:-1"},"canonical":"https:\/\/brogue.ch\/fr\/product\/santoni-blue-green-high-top-trainer\/","og_locale":"fr_FR","og_type":"article","og_title":"Santoni Basket Montante Bleu\/Vert &#8226; Brogue","og_description":"Basket \u00e0 l&rsquo;allure sportive et chic. Patin\u00e9 \u00e0 la main en couleur marron. Semelle en gomme effet us\u00e9e. Semelle en caoutchouc tr\u00e8s souple et robuste. Livraison gratuite en Suisse. 30\u20ac Europe continentale. Autres destinations sur demande.","og_url":"https:\/\/brogue.ch\/fr\/product\/santoni-blue-green-high-top-trainer\/","og_site_name":"Brogue","article_modified_time":"2025-01-21T12:11:48+00:00","og_image":[{"width":1440,"height":1920,"url":"https:\/\/brogue.ch\/wp-content\/uploads\/2021\/10\/IMG_2599.jpg","type":"image\/jpeg"}],"twitter_card":"summary_large_image","twitter_misc":{"Dur\u00e9e de lecture estim\u00e9e":"1 minute"},"schema":{"@context":"https:\/\/schema.org","@graph":[{"@type":"WebPage","@id":"https:\/\/brogue.ch\/fr\/product\/santoni-blue-green-high-top-trainer\/","url":"https:\/\/brogue.ch\/fr\/product\/santoni-blue-green-high-top-trainer\/","name":"Santoni Basket Montante Bleu\/Vert &#8226; Brogue","isPartOf":{"@id":"https:\/\/brogue.ch\/fr\/#website"},"primaryImageOfPage":{"@id":"https:\/\/brogue.ch\/fr\/product\/santoni-blue-green-high-top-trainer\/#primaryimage"},"image":{"@id":"https:\/\/brogue.ch\/fr\/product\/santoni-blue-green-high-top-trainer\/#primaryimage"},"thumbnailUrl":"https:\/\/brogue.ch\/wp-content\/uploads\/2021\/10\/IMG_2599.jpg","datePublished":"2021-10-27T10:02:36+00:00","dateModified":"2025-01-21T12:11:48+00:00","breadcrumb":{"@id":"https:\/\/brogue.ch\/fr\/product\/santoni-blue-green-high-top-trainer\/#breadcrumb"},"inLanguage":"fr-FR","potentialAction":[{"@type":"ReadAction","target":["https:\/\/brogue.ch\/fr\/product\/santoni-blue-green-high-top-trainer\/"]}]},{"@type":"ImageObject","inLanguage":"fr-FR","@id":"https:\/\/brogue.ch\/fr\/product\/santoni-blue-green-high-top-trainer\/#primaryimage","url":"https:\/\/brogue.ch\/wp-content\/uploads\/2021\/10\/IMG_2599.jpg","contentUrl":"https:\/\/brogue.ch\/wp-content\/uploads\/2021\/10\/IMG_2599.jpg","width":1440,"height":1920},{"@type":"BreadcrumbList","@id":"https:\/\/brogue.ch\/fr\/product\/santoni-blue-green-high-top-trainer\/#breadcrumb","itemListElement":[{"@type":"ListItem","position":1,"name":"Home","item":"https:\/\/brogue.ch\/fr\/"},{"@type":"ListItem","position":2,"name":"Shop","item":"https:\/\/brogue.ch\/fr\/shop\/"},{"@type":"ListItem","position":3,"name":"Santoni Basket Montante Bleu\/Vert"}]},{"@type":"WebSite","@id":"https:\/\/brogue.ch\/fr\/#website","url":"https:\/\/brogue.ch\/fr\/","name":"Brogue","description":"World class shoes","publisher":{"@id":"https:\/\/brogue.ch\/fr\/#organization"},"potentialAction":[{"@type":"SearchAction","target":{"@type":"EntryPoint","urlTemplate":"https:\/\/brogue.ch\/fr\/?s={search_term_string}"},"query-input":{"@type":"PropertyValueSpecification","valueRequired":true,"valueName":"search_term_string"}}],"inLanguage":"fr-FR"},{"@type":"Organization","@id":"https:\/\/brogue.ch\/fr\/#organization","name":"Brogue","url":"https:\/\/brogue.ch\/fr\/","logo":{"@type":"ImageObject","inLanguage":"fr-FR","@id":"https:\/\/brogue.ch\/fr\/#\/schema\/logo\/image\/","url":"https:\/\/brogue.ch\/wp-content\/uploads\/2020\/02\/logo-brogue.png","contentUrl":"https:\/\/brogue.ch\/wp-content\/uploads\/2020\/02\/logo-brogue.png","width":1176,"height":444,"caption":"Brogue"},"image":{"@id":"https:\/\/brogue.ch\/fr\/#\/schema\/logo\/image\/"}}]}},"_links":{"self":[{"href":"https:\/\/brogue.ch\/fr\/wp-json\/wp\/v2\/product\/31439","targetHints":{"allow":["GET"]}}],"collection":[{"href":"https:\/\/brogue.ch\/fr\/wp-json\/wp\/v2\/product"}],"about":[{"href":"https:\/\/brogue.ch\/fr\/wp-json\/wp\/v2\/types\/product"}],"wp:featuredmedia":[{"embeddable":true,"href":"https:\/\/brogue.ch\/fr\/wp-json\/wp\/v2\/media\/31397"}],"wp:attachment":[{"href":"https:\/\/brogue.ch\/fr\/wp-json\/wp\/v2\/media?parent=31439"}],"wp:term":[{"taxonomy":"product_brand","embeddable":true,"href":"https:\/\/brogue.ch\/fr\/wp-json\/wp\/v2\/product_brand?post=31439"},{"taxonomy":"product_cat","embeddable":true,"href":"https:\/\/brogue.ch\/fr\/wp-json\/wp\/v2\/product_cat?post=31439"},{"taxonomy":"product_tag","embeddable":true,"href":"https:\/\/brogue.ch\/fr\/wp-json\/wp\/v2\/product_tag?post=31439"}],"curies":[{"name":"wp","href":"https:\/\/api.w.org\/{rel}","templated":true}]}}