{"id":34316,"date":"2022-01-26T18:41:15","date_gmt":"2022-01-27T09:48:26","guid":{"rendered":"https:\/\/www.brogue.ch\/shop\/john-lobb-hendford\/"},"modified":"2025-05-28T16:21:52","modified_gmt":"2025-05-28T14:21:52","slug":"john-lobb-hendford","status":"publish","type":"product","link":"https:\/\/brogue.ch\/fr\/product\/john-lobb-hendford\/","title":{"rendered":"John Lobb Henford"},"content":{"rendered":"<p>Henford pr\u00e9sente toutes les caract\u00e9ristiques de l&rsquo;Oxford Brogue traditionnel. Pr\u00e9sentant de d\u00e9licats d\u00e9tails poin\u00e7onn\u00e9s le long de ses empi\u00e8cements, il affiche des lignes \u00e9l\u00e9gantes.<\/p>\n<p>Inspir\u00e9 des archives Sur Mesure, un m\u00e9daillon habille le bout en amande du soulier. Disponible dans notre boutique exclusivement en marron fonc\u00e9 marbr\u00e9.<\/p>\n<p><strong>Livraison gratuite en Suisse. 30\u20ac Europe continentale. Autres destinations sur demande.<\/strong><\/p>\n","protected":false},"excerpt":{"rendered":"<p>Henford pr\u00e9sente toutes les caract\u00e9ristiques de l&rsquo;Oxford Brogue traditionnel. Pr\u00e9sentant de d\u00e9licats d\u00e9tails poin\u00e7onn\u00e9s le long de ses empi\u00e8cements, il affiche des lignes \u00e9l\u00e9gantes. Inspir\u00e9 des archives Sur Mesure, un m\u00e9daillon habille le bout en amande du soulier. Disponible dans notre boutique exclusivement en marron fonc\u00e9 marbr\u00e9. Livraison gratuite en Suisse. 30\u20ac Europe continentale. Autres [&hellip;]<\/p>\n","protected":false},"featured_media":34239,"template":"","meta":[],"product_brand":[],"product_cat":[250],"product_tag":[],"class_list":{"0":"post-34316","1":"product","2":"type-product","3":"status-publish","4":"has-post-thumbnail","6":"product_cat-hommes","7":"pa_brand-john-lobb","8":"pa_style-oxford-fr","10":"first","11":"instock","12":"sale","13":"shipping-taxable","14":"purchasable","15":"product-type-variable","16":"add-to-wishlist-before_image"},"yoast_head":"<!-- This site is optimized with the Yoast SEO plugin v27.3 - https:\/\/yoast.com\/product\/yoast-seo-wordpress\/ -->\n<title>Brogue<\/title>\n<meta name=\"robots\" content=\"index, follow, max-snippet:-1, max-image-preview:large, max-video-preview:-1\" \/>\n<link rel=\"canonical\" href=\"https:\/\/brogue.ch\/fr\/product\/john-lobb-hendford\/\" \/>\n<meta property=\"og:locale\" content=\"fr_FR\" \/>\n<meta property=\"og:type\" content=\"article\" \/>\n<meta property=\"og:title\" content=\"John Lobb Henford &#8226; Brogue\" \/>\n<meta property=\"og:description\" content=\"Henford pr\u00e9sente toutes les caract\u00e9ristiques de l&rsquo;Oxford Brogue traditionnel. Pr\u00e9sentant de d\u00e9licats d\u00e9tails poin\u00e7onn\u00e9s le long de ses empi\u00e8cements, il affiche des lignes \u00e9l\u00e9gantes. Inspir\u00e9 des archives Sur Mesure, un m\u00e9daillon habille le bout en amande du soulier. Disponible dans notre boutique exclusivement en marron fonc\u00e9 marbr\u00e9. Livraison gratuite en Suisse. 30\u20ac Europe continentale. Autres [&hellip;]\" \/>\n<meta property=\"og:url\" content=\"https:\/\/brogue.ch\/fr\/product\/john-lobb-hendford\/\" \/>\n<meta property=\"og:site_name\" content=\"Brogue\" \/>\n<meta property=\"article:modified_time\" content=\"2025-05-28T14:21:52+00:00\" \/>\n<meta property=\"og:image\" content=\"https:\/\/brogue.ch\/wp-content\/uploads\/2022\/01\/IMG_4194.jpg\" \/>\n\t<meta property=\"og:image:width\" content=\"1440\" \/>\n\t<meta property=\"og:image:height\" content=\"1920\" \/>\n\t<meta property=\"og:image:type\" content=\"image\/jpeg\" \/>\n<meta name=\"twitter:card\" content=\"summary_large_image\" \/>\n<script type=\"application\/ld+json\" class=\"yoast-schema-graph\">{\"@context\":\"https:\\\/\\\/schema.org\",\"@graph\":[{\"@type\":\"WebPage\",\"@id\":\"https:\\\/\\\/brogue.ch\\\/fr\\\/product\\\/john-lobb-hendford\\\/\",\"url\":\"https:\\\/\\\/brogue.ch\\\/fr\\\/product\\\/john-lobb-hendford\\\/\",\"name\":\"John Lobb Henford &#8226; Brogue\",\"isPartOf\":{\"@id\":\"https:\\\/\\\/brogue.ch\\\/fr\\\/#website\"},\"primaryImageOfPage\":{\"@id\":\"https:\\\/\\\/brogue.ch\\\/fr\\\/product\\\/john-lobb-hendford\\\/#primaryimage\"},\"image\":{\"@id\":\"https:\\\/\\\/brogue.ch\\\/fr\\\/product\\\/john-lobb-hendford\\\/#primaryimage\"},\"thumbnailUrl\":\"https:\\\/\\\/brogue.ch\\\/wp-content\\\/uploads\\\/2022\\\/01\\\/IMG_4194.jpg\",\"datePublished\":\"2022-01-27T09:48:26+00:00\",\"dateModified\":\"2025-05-28T14:21:52+00:00\",\"breadcrumb\":{\"@id\":\"https:\\\/\\\/brogue.ch\\\/fr\\\/product\\\/john-lobb-hendford\\\/#breadcrumb\"},\"inLanguage\":\"fr-FR\",\"potentialAction\":[{\"@type\":\"ReadAction\",\"target\":[\"https:\\\/\\\/brogue.ch\\\/fr\\\/product\\\/john-lobb-hendford\\\/\"]}]},{\"@type\":\"ImageObject\",\"inLanguage\":\"fr-FR\",\"@id\":\"https:\\\/\\\/brogue.ch\\\/fr\\\/product\\\/john-lobb-hendford\\\/#primaryimage\",\"url\":\"https:\\\/\\\/brogue.ch\\\/wp-content\\\/uploads\\\/2022\\\/01\\\/IMG_4194.jpg\",\"contentUrl\":\"https:\\\/\\\/brogue.ch\\\/wp-content\\\/uploads\\\/2022\\\/01\\\/IMG_4194.jpg\",\"width\":1440,\"height\":1920},{\"@type\":\"BreadcrumbList\",\"@id\":\"https:\\\/\\\/brogue.ch\\\/fr\\\/product\\\/john-lobb-hendford\\\/#breadcrumb\",\"itemListElement\":[{\"@type\":\"ListItem\",\"position\":1,\"name\":\"Home\",\"item\":\"https:\\\/\\\/brogue.ch\\\/fr\\\/\"},{\"@type\":\"ListItem\",\"position\":2,\"name\":\"Shop\",\"item\":\"https:\\\/\\\/brogue.ch\\\/fr\\\/shop\\\/\"},{\"@type\":\"ListItem\",\"position\":3,\"name\":\"John Lobb Henford\"}]},{\"@type\":\"WebSite\",\"@id\":\"https:\\\/\\\/brogue.ch\\\/fr\\\/#website\",\"url\":\"https:\\\/\\\/brogue.ch\\\/fr\\\/\",\"name\":\"Brogue\",\"description\":\"World class shoes\",\"publisher\":{\"@id\":\"https:\\\/\\\/brogue.ch\\\/fr\\\/#organization\"},\"potentialAction\":[{\"@type\":\"SearchAction\",\"target\":{\"@type\":\"EntryPoint\",\"urlTemplate\":\"https:\\\/\\\/brogue.ch\\\/fr\\\/?s={search_term_string}\"},\"query-input\":{\"@type\":\"PropertyValueSpecification\",\"valueRequired\":true,\"valueName\":\"search_term_string\"}}],\"inLanguage\":\"fr-FR\"},{\"@type\":\"Organization\",\"@id\":\"https:\\\/\\\/brogue.ch\\\/fr\\\/#organization\",\"name\":\"Brogue\",\"url\":\"https:\\\/\\\/brogue.ch\\\/fr\\\/\",\"logo\":{\"@type\":\"ImageObject\",\"inLanguage\":\"fr-FR\",\"@id\":\"https:\\\/\\\/brogue.ch\\\/fr\\\/#\\\/schema\\\/logo\\\/image\\\/\",\"url\":\"https:\\\/\\\/brogue.ch\\\/wp-content\\\/uploads\\\/2020\\\/02\\\/logo-brogue.png\",\"contentUrl\":\"https:\\\/\\\/brogue.ch\\\/wp-content\\\/uploads\\\/2020\\\/02\\\/logo-brogue.png\",\"width\":1176,\"height\":444,\"caption\":\"Brogue\"},\"image\":{\"@id\":\"https:\\\/\\\/brogue.ch\\\/fr\\\/#\\\/schema\\\/logo\\\/image\\\/\"}}]}<\/script>\n<!-- \/ Yoast SEO plugin. -->","yoast_head_json":{"title":"Brogue","robots":{"index":"index","follow":"follow","max-snippet":"max-snippet:-1","max-image-preview":"max-image-preview:large","max-video-preview":"max-video-preview:-1"},"canonical":"https:\/\/brogue.ch\/fr\/product\/john-lobb-hendford\/","og_locale":"fr_FR","og_type":"article","og_title":"John Lobb Henford &#8226; Brogue","og_description":"Henford pr\u00e9sente toutes les caract\u00e9ristiques de l&rsquo;Oxford Brogue traditionnel. Pr\u00e9sentant de d\u00e9licats d\u00e9tails poin\u00e7onn\u00e9s le long de ses empi\u00e8cements, il affiche des lignes \u00e9l\u00e9gantes. Inspir\u00e9 des archives Sur Mesure, un m\u00e9daillon habille le bout en amande du soulier. Disponible dans notre boutique exclusivement en marron fonc\u00e9 marbr\u00e9. Livraison gratuite en Suisse. 30\u20ac Europe continentale. Autres [&hellip;]","og_url":"https:\/\/brogue.ch\/fr\/product\/john-lobb-hendford\/","og_site_name":"Brogue","article_modified_time":"2025-05-28T14:21:52+00:00","og_image":[{"width":1440,"height":1920,"url":"https:\/\/brogue.ch\/wp-content\/uploads\/2022\/01\/IMG_4194.jpg","type":"image\/jpeg"}],"twitter_card":"summary_large_image","schema":{"@context":"https:\/\/schema.org","@graph":[{"@type":"WebPage","@id":"https:\/\/brogue.ch\/fr\/product\/john-lobb-hendford\/","url":"https:\/\/brogue.ch\/fr\/product\/john-lobb-hendford\/","name":"John Lobb Henford &#8226; Brogue","isPartOf":{"@id":"https:\/\/brogue.ch\/fr\/#website"},"primaryImageOfPage":{"@id":"https:\/\/brogue.ch\/fr\/product\/john-lobb-hendford\/#primaryimage"},"image":{"@id":"https:\/\/brogue.ch\/fr\/product\/john-lobb-hendford\/#primaryimage"},"thumbnailUrl":"https:\/\/brogue.ch\/wp-content\/uploads\/2022\/01\/IMG_4194.jpg","datePublished":"2022-01-27T09:48:26+00:00","dateModified":"2025-05-28T14:21:52+00:00","breadcrumb":{"@id":"https:\/\/brogue.ch\/fr\/product\/john-lobb-hendford\/#breadcrumb"},"inLanguage":"fr-FR","potentialAction":[{"@type":"ReadAction","target":["https:\/\/brogue.ch\/fr\/product\/john-lobb-hendford\/"]}]},{"@type":"ImageObject","inLanguage":"fr-FR","@id":"https:\/\/brogue.ch\/fr\/product\/john-lobb-hendford\/#primaryimage","url":"https:\/\/brogue.ch\/wp-content\/uploads\/2022\/01\/IMG_4194.jpg","contentUrl":"https:\/\/brogue.ch\/wp-content\/uploads\/2022\/01\/IMG_4194.jpg","width":1440,"height":1920},{"@type":"BreadcrumbList","@id":"https:\/\/brogue.ch\/fr\/product\/john-lobb-hendford\/#breadcrumb","itemListElement":[{"@type":"ListItem","position":1,"name":"Home","item":"https:\/\/brogue.ch\/fr\/"},{"@type":"ListItem","position":2,"name":"Shop","item":"https:\/\/brogue.ch\/fr\/shop\/"},{"@type":"ListItem","position":3,"name":"John Lobb Henford"}]},{"@type":"WebSite","@id":"https:\/\/brogue.ch\/fr\/#website","url":"https:\/\/brogue.ch\/fr\/","name":"Brogue","description":"World class shoes","publisher":{"@id":"https:\/\/brogue.ch\/fr\/#organization"},"potentialAction":[{"@type":"SearchAction","target":{"@type":"EntryPoint","urlTemplate":"https:\/\/brogue.ch\/fr\/?s={search_term_string}"},"query-input":{"@type":"PropertyValueSpecification","valueRequired":true,"valueName":"search_term_string"}}],"inLanguage":"fr-FR"},{"@type":"Organization","@id":"https:\/\/brogue.ch\/fr\/#organization","name":"Brogue","url":"https:\/\/brogue.ch\/fr\/","logo":{"@type":"ImageObject","inLanguage":"fr-FR","@id":"https:\/\/brogue.ch\/fr\/#\/schema\/logo\/image\/","url":"https:\/\/brogue.ch\/wp-content\/uploads\/2020\/02\/logo-brogue.png","contentUrl":"https:\/\/brogue.ch\/wp-content\/uploads\/2020\/02\/logo-brogue.png","width":1176,"height":444,"caption":"Brogue"},"image":{"@id":"https:\/\/brogue.ch\/fr\/#\/schema\/logo\/image\/"}}]}},"_links":{"self":[{"href":"https:\/\/brogue.ch\/fr\/wp-json\/wp\/v2\/product\/34316","targetHints":{"allow":["GET"]}}],"collection":[{"href":"https:\/\/brogue.ch\/fr\/wp-json\/wp\/v2\/product"}],"about":[{"href":"https:\/\/brogue.ch\/fr\/wp-json\/wp\/v2\/types\/product"}],"wp:featuredmedia":[{"embeddable":true,"href":"https:\/\/brogue.ch\/fr\/wp-json\/wp\/v2\/media\/34239"}],"wp:attachment":[{"href":"https:\/\/brogue.ch\/fr\/wp-json\/wp\/v2\/media?parent=34316"}],"wp:term":[{"taxonomy":"product_brand","embeddable":true,"href":"https:\/\/brogue.ch\/fr\/wp-json\/wp\/v2\/product_brand?post=34316"},{"taxonomy":"product_cat","embeddable":true,"href":"https:\/\/brogue.ch\/fr\/wp-json\/wp\/v2\/product_cat?post=34316"},{"taxonomy":"product_tag","embeddable":true,"href":"https:\/\/brogue.ch\/fr\/wp-json\/wp\/v2\/product_tag?post=34316"}],"curies":[{"name":"wp","href":"https:\/\/api.w.org\/{rel}","templated":true}]}}