{"id":36308,"date":"2022-08-12T11:30:20","date_gmt":"2022-08-12T09:30:20","guid":{"rendered":"https:\/\/www.brogue.ch\/?post_type=product&#038;p=36308"},"modified":"2024-05-24T22:23:59","modified_gmt":"2024-05-24T20:23:59","slug":"bontoni-prinicpe-ii-woven-suede-mocc","status":"publish","type":"product","link":"https:\/\/brogue.ch\/fr\/product\/bontoni-prinicpe-ii-woven-suede-mocc\/","title":{"rendered":"Bontoni Principe II Mocassin Tress\u00e9"},"content":{"rendered":"<p>Mocassin tr\u00e8s originale et authentique. Mocassin en veau velours marron fonc\u00e9 tress\u00e9 avec semelle fine vibram. Parfait pour cet \u00e9t\u00e9.<\/p>\n<p>&nbsp;<\/p>\n<p><strong>Livraison gratuite en Suisse. 30\u20ac Europe continentale. <\/strong><strong>Autres destinations sur demande.<\/strong><\/p>\n","protected":false},"excerpt":{"rendered":"<p>Mocassin tr\u00e8s originale et authentique. Mocassin en veau velours marron fonc\u00e9 tress\u00e9 avec semelle fine vibram. Parfait pour cet \u00e9t\u00e9. &nbsp; Livraison gratuite en Suisse. 30\u20ac Europe continentale. Autres destinations sur demande.<\/p>\n","protected":false},"featured_media":36365,"template":"","meta":[],"product_brand":[],"product_cat":[250,82],"product_tag":[],"class_list":{"0":"post-36308","1":"product","2":"type-product","3":"status-publish","4":"has-post-thumbnail","6":"product_cat-hommes","7":"product_cat-sortie","8":"pa_brand-bontoni","9":"pa_style-loafer-fr","11":"first","12":"instock","13":"sale","14":"shipping-taxable","15":"purchasable","16":"product-type-variable","17":"add-to-wishlist-before_image"},"yoast_head":"<!-- This site is optimized with the Yoast SEO plugin v27.3 - https:\/\/yoast.com\/product\/yoast-seo-wordpress\/ -->\n<title>Brogue<\/title>\n<meta name=\"robots\" content=\"index, follow, max-snippet:-1, max-image-preview:large, max-video-preview:-1\" \/>\n<link rel=\"canonical\" href=\"https:\/\/brogue.ch\/fr\/product\/bontoni-prinicpe-ii-woven-suede-mocc\/\" \/>\n<meta property=\"og:locale\" content=\"fr_FR\" \/>\n<meta property=\"og:type\" content=\"article\" \/>\n<meta property=\"og:title\" content=\"Bontoni Principe II Mocassin Tress\u00e9 &#8226; Brogue\" \/>\n<meta property=\"og:description\" content=\"Mocassin tr\u00e8s originale et authentique. Mocassin en veau velours marron fonc\u00e9 tress\u00e9 avec semelle fine vibram. Parfait pour cet \u00e9t\u00e9. &nbsp; Livraison gratuite en Suisse. 30\u20ac Europe continentale. Autres destinations sur demande.\" \/>\n<meta property=\"og:url\" content=\"https:\/\/brogue.ch\/fr\/product\/bontoni-prinicpe-ii-woven-suede-mocc\/\" \/>\n<meta property=\"og:site_name\" content=\"Brogue\" \/>\n<meta property=\"article:modified_time\" content=\"2024-05-24T20:23:59+00:00\" \/>\n<meta property=\"og:image\" content=\"https:\/\/brogue.ch\/wp-content\/uploads\/2022\/04\/IMG_5997.jpg\" \/>\n\t<meta property=\"og:image:width\" content=\"1560\" \/>\n\t<meta property=\"og:image:height\" content=\"1920\" \/>\n\t<meta property=\"og:image:type\" content=\"image\/jpeg\" \/>\n<meta name=\"twitter:card\" content=\"summary_large_image\" \/>\n<meta name=\"twitter:label1\" content=\"Dur\u00e9e de lecture estim\u00e9e\" \/>\n\t<meta name=\"twitter:data1\" content=\"1 minute\" \/>\n<script type=\"application\/ld+json\" class=\"yoast-schema-graph\">{\"@context\":\"https:\\\/\\\/schema.org\",\"@graph\":[{\"@type\":\"WebPage\",\"@id\":\"https:\\\/\\\/brogue.ch\\\/fr\\\/product\\\/bontoni-prinicpe-ii-woven-suede-mocc\\\/\",\"url\":\"https:\\\/\\\/brogue.ch\\\/fr\\\/product\\\/bontoni-prinicpe-ii-woven-suede-mocc\\\/\",\"name\":\"Bontoni Principe II Mocassin Tress\u00e9 &#8226; Brogue\",\"isPartOf\":{\"@id\":\"https:\\\/\\\/brogue.ch\\\/fr\\\/#website\"},\"primaryImageOfPage\":{\"@id\":\"https:\\\/\\\/brogue.ch\\\/fr\\\/product\\\/bontoni-prinicpe-ii-woven-suede-mocc\\\/#primaryimage\"},\"image\":{\"@id\":\"https:\\\/\\\/brogue.ch\\\/fr\\\/product\\\/bontoni-prinicpe-ii-woven-suede-mocc\\\/#primaryimage\"},\"thumbnailUrl\":\"https:\\\/\\\/brogue.ch\\\/wp-content\\\/uploads\\\/2022\\\/04\\\/IMG_5997.jpg\",\"datePublished\":\"2022-08-12T09:30:20+00:00\",\"dateModified\":\"2024-05-24T20:23:59+00:00\",\"breadcrumb\":{\"@id\":\"https:\\\/\\\/brogue.ch\\\/fr\\\/product\\\/bontoni-prinicpe-ii-woven-suede-mocc\\\/#breadcrumb\"},\"inLanguage\":\"fr-FR\",\"potentialAction\":[{\"@type\":\"ReadAction\",\"target\":[\"https:\\\/\\\/brogue.ch\\\/fr\\\/product\\\/bontoni-prinicpe-ii-woven-suede-mocc\\\/\"]}]},{\"@type\":\"ImageObject\",\"inLanguage\":\"fr-FR\",\"@id\":\"https:\\\/\\\/brogue.ch\\\/fr\\\/product\\\/bontoni-prinicpe-ii-woven-suede-mocc\\\/#primaryimage\",\"url\":\"https:\\\/\\\/brogue.ch\\\/wp-content\\\/uploads\\\/2022\\\/04\\\/IMG_5997.jpg\",\"contentUrl\":\"https:\\\/\\\/brogue.ch\\\/wp-content\\\/uploads\\\/2022\\\/04\\\/IMG_5997.jpg\",\"width\":1560,\"height\":1920},{\"@type\":\"BreadcrumbList\",\"@id\":\"https:\\\/\\\/brogue.ch\\\/fr\\\/product\\\/bontoni-prinicpe-ii-woven-suede-mocc\\\/#breadcrumb\",\"itemListElement\":[{\"@type\":\"ListItem\",\"position\":1,\"name\":\"Home\",\"item\":\"https:\\\/\\\/brogue.ch\\\/fr\\\/\"},{\"@type\":\"ListItem\",\"position\":2,\"name\":\"Shop\",\"item\":\"https:\\\/\\\/brogue.ch\\\/fr\\\/shop\\\/\"},{\"@type\":\"ListItem\",\"position\":3,\"name\":\"Bontoni Principe II Mocassin Tress\u00e9\"}]},{\"@type\":\"WebSite\",\"@id\":\"https:\\\/\\\/brogue.ch\\\/fr\\\/#website\",\"url\":\"https:\\\/\\\/brogue.ch\\\/fr\\\/\",\"name\":\"Brogue\",\"description\":\"World class shoes\",\"publisher\":{\"@id\":\"https:\\\/\\\/brogue.ch\\\/fr\\\/#organization\"},\"potentialAction\":[{\"@type\":\"SearchAction\",\"target\":{\"@type\":\"EntryPoint\",\"urlTemplate\":\"https:\\\/\\\/brogue.ch\\\/fr\\\/?s={search_term_string}\"},\"query-input\":{\"@type\":\"PropertyValueSpecification\",\"valueRequired\":true,\"valueName\":\"search_term_string\"}}],\"inLanguage\":\"fr-FR\"},{\"@type\":\"Organization\",\"@id\":\"https:\\\/\\\/brogue.ch\\\/fr\\\/#organization\",\"name\":\"Brogue\",\"url\":\"https:\\\/\\\/brogue.ch\\\/fr\\\/\",\"logo\":{\"@type\":\"ImageObject\",\"inLanguage\":\"fr-FR\",\"@id\":\"https:\\\/\\\/brogue.ch\\\/fr\\\/#\\\/schema\\\/logo\\\/image\\\/\",\"url\":\"https:\\\/\\\/brogue.ch\\\/wp-content\\\/uploads\\\/2020\\\/02\\\/logo-brogue.png\",\"contentUrl\":\"https:\\\/\\\/brogue.ch\\\/wp-content\\\/uploads\\\/2020\\\/02\\\/logo-brogue.png\",\"width\":1176,\"height\":444,\"caption\":\"Brogue\"},\"image\":{\"@id\":\"https:\\\/\\\/brogue.ch\\\/fr\\\/#\\\/schema\\\/logo\\\/image\\\/\"}}]}<\/script>\n<!-- \/ Yoast SEO plugin. -->","yoast_head_json":{"title":"Brogue","robots":{"index":"index","follow":"follow","max-snippet":"max-snippet:-1","max-image-preview":"max-image-preview:large","max-video-preview":"max-video-preview:-1"},"canonical":"https:\/\/brogue.ch\/fr\/product\/bontoni-prinicpe-ii-woven-suede-mocc\/","og_locale":"fr_FR","og_type":"article","og_title":"Bontoni Principe II Mocassin Tress\u00e9 &#8226; Brogue","og_description":"Mocassin tr\u00e8s originale et authentique. Mocassin en veau velours marron fonc\u00e9 tress\u00e9 avec semelle fine vibram. Parfait pour cet \u00e9t\u00e9. &nbsp; Livraison gratuite en Suisse. 30\u20ac Europe continentale. Autres destinations sur demande.","og_url":"https:\/\/brogue.ch\/fr\/product\/bontoni-prinicpe-ii-woven-suede-mocc\/","og_site_name":"Brogue","article_modified_time":"2024-05-24T20:23:59+00:00","og_image":[{"width":1560,"height":1920,"url":"https:\/\/brogue.ch\/wp-content\/uploads\/2022\/04\/IMG_5997.jpg","type":"image\/jpeg"}],"twitter_card":"summary_large_image","twitter_misc":{"Dur\u00e9e de lecture estim\u00e9e":"1 minute"},"schema":{"@context":"https:\/\/schema.org","@graph":[{"@type":"WebPage","@id":"https:\/\/brogue.ch\/fr\/product\/bontoni-prinicpe-ii-woven-suede-mocc\/","url":"https:\/\/brogue.ch\/fr\/product\/bontoni-prinicpe-ii-woven-suede-mocc\/","name":"Bontoni Principe II Mocassin Tress\u00e9 &#8226; Brogue","isPartOf":{"@id":"https:\/\/brogue.ch\/fr\/#website"},"primaryImageOfPage":{"@id":"https:\/\/brogue.ch\/fr\/product\/bontoni-prinicpe-ii-woven-suede-mocc\/#primaryimage"},"image":{"@id":"https:\/\/brogue.ch\/fr\/product\/bontoni-prinicpe-ii-woven-suede-mocc\/#primaryimage"},"thumbnailUrl":"https:\/\/brogue.ch\/wp-content\/uploads\/2022\/04\/IMG_5997.jpg","datePublished":"2022-08-12T09:30:20+00:00","dateModified":"2024-05-24T20:23:59+00:00","breadcrumb":{"@id":"https:\/\/brogue.ch\/fr\/product\/bontoni-prinicpe-ii-woven-suede-mocc\/#breadcrumb"},"inLanguage":"fr-FR","potentialAction":[{"@type":"ReadAction","target":["https:\/\/brogue.ch\/fr\/product\/bontoni-prinicpe-ii-woven-suede-mocc\/"]}]},{"@type":"ImageObject","inLanguage":"fr-FR","@id":"https:\/\/brogue.ch\/fr\/product\/bontoni-prinicpe-ii-woven-suede-mocc\/#primaryimage","url":"https:\/\/brogue.ch\/wp-content\/uploads\/2022\/04\/IMG_5997.jpg","contentUrl":"https:\/\/brogue.ch\/wp-content\/uploads\/2022\/04\/IMG_5997.jpg","width":1560,"height":1920},{"@type":"BreadcrumbList","@id":"https:\/\/brogue.ch\/fr\/product\/bontoni-prinicpe-ii-woven-suede-mocc\/#breadcrumb","itemListElement":[{"@type":"ListItem","position":1,"name":"Home","item":"https:\/\/brogue.ch\/fr\/"},{"@type":"ListItem","position":2,"name":"Shop","item":"https:\/\/brogue.ch\/fr\/shop\/"},{"@type":"ListItem","position":3,"name":"Bontoni Principe II Mocassin Tress\u00e9"}]},{"@type":"WebSite","@id":"https:\/\/brogue.ch\/fr\/#website","url":"https:\/\/brogue.ch\/fr\/","name":"Brogue","description":"World class shoes","publisher":{"@id":"https:\/\/brogue.ch\/fr\/#organization"},"potentialAction":[{"@type":"SearchAction","target":{"@type":"EntryPoint","urlTemplate":"https:\/\/brogue.ch\/fr\/?s={search_term_string}"},"query-input":{"@type":"PropertyValueSpecification","valueRequired":true,"valueName":"search_term_string"}}],"inLanguage":"fr-FR"},{"@type":"Organization","@id":"https:\/\/brogue.ch\/fr\/#organization","name":"Brogue","url":"https:\/\/brogue.ch\/fr\/","logo":{"@type":"ImageObject","inLanguage":"fr-FR","@id":"https:\/\/brogue.ch\/fr\/#\/schema\/logo\/image\/","url":"https:\/\/brogue.ch\/wp-content\/uploads\/2020\/02\/logo-brogue.png","contentUrl":"https:\/\/brogue.ch\/wp-content\/uploads\/2020\/02\/logo-brogue.png","width":1176,"height":444,"caption":"Brogue"},"image":{"@id":"https:\/\/brogue.ch\/fr\/#\/schema\/logo\/image\/"}}]}},"_links":{"self":[{"href":"https:\/\/brogue.ch\/fr\/wp-json\/wp\/v2\/product\/36308","targetHints":{"allow":["GET"]}}],"collection":[{"href":"https:\/\/brogue.ch\/fr\/wp-json\/wp\/v2\/product"}],"about":[{"href":"https:\/\/brogue.ch\/fr\/wp-json\/wp\/v2\/types\/product"}],"wp:featuredmedia":[{"embeddable":true,"href":"https:\/\/brogue.ch\/fr\/wp-json\/wp\/v2\/media\/36365"}],"wp:attachment":[{"href":"https:\/\/brogue.ch\/fr\/wp-json\/wp\/v2\/media?parent=36308"}],"wp:term":[{"taxonomy":"product_brand","embeddable":true,"href":"https:\/\/brogue.ch\/fr\/wp-json\/wp\/v2\/product_brand?post=36308"},{"taxonomy":"product_cat","embeddable":true,"href":"https:\/\/brogue.ch\/fr\/wp-json\/wp\/v2\/product_cat?post=36308"},{"taxonomy":"product_tag","embeddable":true,"href":"https:\/\/brogue.ch\/fr\/wp-json\/wp\/v2\/product_tag?post=36308"}],"curies":[{"name":"wp","href":"https:\/\/api.w.org\/{rel}","templated":true}]}}