{"id":41538,"date":"2022-09-21T16:42:15","date_gmt":"2022-09-21T14:42:15","guid":{"rendered":"https:\/\/www.brogue.ch\/shop\/john-lobb-william-bleu-graine\/"},"modified":"2025-02-17T13:41:54","modified_gmt":"2025-02-17T11:41:54","slug":"john-lobb-william-blue-grain","status":"publish","type":"product","link":"https:\/\/brogue.ch\/fr\/product\/john-lobb-william-blue-grain\/","title":{"rendered":"John Lobb William Bleu Grain\u00e9"},"content":{"rendered":"<p>Du nom de son cr\u00e9ateur William Lobb, ce mod\u00e8le iconique cr\u00e9\u00e9 dans les ann\u00e9es 1940 associe fonctionnalit\u00e9 et \u00e9l\u00e9gance. L\u2019\u00e9quilibre de ses proportions et le savoir-faire requis pour le r\u00e9aliser conf\u00e8rent \u00e0 ce double boucle signature une dimension intemporelle. Boucles de finition palladium. Enti\u00e8rement doubl\u00e9. Les semelles traditionnelles en cuir double offrent sophistication et durabilit\u00e9. Cousu Goodyear. Disponible en bleu, noir et bordeaux grain\u00e9.<\/p>\n<p>Ce mod\u00e8le nous est exclusif. Si vous \u00eates int\u00e9ress\u00e9, vous \u00eates bienvenue dans notre boutique afin que l\u2019on puisse trouver votre pointure.<\/p>\n<p><strong>Livraison gratuite en Suisse. 30\u20ac Europe continentale. Autres destinations sur demande.<\/strong><\/p>\n","protected":false},"excerpt":{"rendered":"<p>Du nom de son cr\u00e9ateur William Lobb, ce mod\u00e8le iconique cr\u00e9\u00e9 dans les ann\u00e9es 1940 associe fonctionnalit\u00e9 et \u00e9l\u00e9gance. L\u2019\u00e9quilibre de ses proportions et le savoir-faire requis pour le r\u00e9aliser conf\u00e8rent \u00e0 ce double boucle signature une dimension intemporelle. Boucles de finition palladium. Enti\u00e8rement doubl\u00e9. Les semelles traditionnelles en cuir double offrent sophistication et durabilit\u00e9. [&hellip;]<\/p>\n","protected":false},"featured_media":41384,"template":"","meta":[],"product_brand":[],"product_cat":[250,82],"product_tag":[],"class_list":{"0":"post-41538","1":"product","2":"type-product","3":"status-publish","4":"has-post-thumbnail","6":"product_cat-hommes","7":"product_cat-sortie","8":"pa_brand-john-lobb","9":"pa_style-monk-straps-fr","11":"first","12":"instock","13":"sale","14":"shipping-taxable","15":"purchasable","16":"product-type-variable","17":"add-to-wishlist-before_image"},"yoast_head":"<!-- This site is optimized with the Yoast SEO plugin v27.3 - https:\/\/yoast.com\/product\/yoast-seo-wordpress\/ -->\n<title>Brogue<\/title>\n<meta name=\"robots\" content=\"index, follow, max-snippet:-1, max-image-preview:large, max-video-preview:-1\" \/>\n<link rel=\"canonical\" href=\"https:\/\/brogue.ch\/fr\/product\/john-lobb-william-blue-grain\/\" \/>\n<meta property=\"og:locale\" content=\"fr_FR\" \/>\n<meta property=\"og:type\" content=\"article\" \/>\n<meta property=\"og:title\" content=\"John Lobb William Bleu Grain\u00e9 &#8226; Brogue\" \/>\n<meta property=\"og:description\" content=\"Du nom de son cr\u00e9ateur William Lobb, ce mod\u00e8le iconique cr\u00e9\u00e9 dans les ann\u00e9es 1940 associe fonctionnalit\u00e9 et \u00e9l\u00e9gance. L\u2019\u00e9quilibre de ses proportions et le savoir-faire requis pour le r\u00e9aliser conf\u00e8rent \u00e0 ce double boucle signature une dimension intemporelle. Boucles de finition palladium. Enti\u00e8rement doubl\u00e9. Les semelles traditionnelles en cuir double offrent sophistication et durabilit\u00e9. [&hellip;]\" \/>\n<meta property=\"og:url\" content=\"https:\/\/brogue.ch\/fr\/product\/john-lobb-william-blue-grain\/\" \/>\n<meta property=\"og:site_name\" content=\"Brogue\" \/>\n<meta property=\"article:modified_time\" content=\"2025-02-17T11:41:54+00:00\" \/>\n<meta property=\"og:image\" content=\"https:\/\/brogue.ch\/wp-content\/uploads\/2022\/09\/IMG_0768_jpg.jpg\" \/>\n\t<meta property=\"og:image:width\" content=\"1615\" \/>\n\t<meta property=\"og:image:height\" content=\"1920\" \/>\n\t<meta property=\"og:image:type\" content=\"image\/jpeg\" \/>\n<meta name=\"twitter:card\" content=\"summary_large_image\" \/>\n<meta name=\"twitter:label1\" content=\"Dur\u00e9e de lecture estim\u00e9e\" \/>\n\t<meta name=\"twitter:data1\" content=\"1 minute\" \/>\n<script type=\"application\/ld+json\" class=\"yoast-schema-graph\">{\"@context\":\"https:\\\/\\\/schema.org\",\"@graph\":[{\"@type\":\"WebPage\",\"@id\":\"https:\\\/\\\/brogue.ch\\\/fr\\\/product\\\/john-lobb-william-blue-grain\\\/\",\"url\":\"https:\\\/\\\/brogue.ch\\\/fr\\\/product\\\/john-lobb-william-blue-grain\\\/\",\"name\":\"John Lobb William Bleu Grain\u00e9 &#8226; Brogue\",\"isPartOf\":{\"@id\":\"https:\\\/\\\/brogue.ch\\\/fr\\\/#website\"},\"primaryImageOfPage\":{\"@id\":\"https:\\\/\\\/brogue.ch\\\/fr\\\/product\\\/john-lobb-william-blue-grain\\\/#primaryimage\"},\"image\":{\"@id\":\"https:\\\/\\\/brogue.ch\\\/fr\\\/product\\\/john-lobb-william-blue-grain\\\/#primaryimage\"},\"thumbnailUrl\":\"https:\\\/\\\/brogue.ch\\\/wp-content\\\/uploads\\\/2022\\\/09\\\/IMG_0768_jpg.jpg\",\"datePublished\":\"2022-09-21T14:42:15+00:00\",\"dateModified\":\"2025-02-17T11:41:54+00:00\",\"breadcrumb\":{\"@id\":\"https:\\\/\\\/brogue.ch\\\/fr\\\/product\\\/john-lobb-william-blue-grain\\\/#breadcrumb\"},\"inLanguage\":\"fr-FR\",\"potentialAction\":[{\"@type\":\"ReadAction\",\"target\":[\"https:\\\/\\\/brogue.ch\\\/fr\\\/product\\\/john-lobb-william-blue-grain\\\/\"]}]},{\"@type\":\"ImageObject\",\"inLanguage\":\"fr-FR\",\"@id\":\"https:\\\/\\\/brogue.ch\\\/fr\\\/product\\\/john-lobb-william-blue-grain\\\/#primaryimage\",\"url\":\"https:\\\/\\\/brogue.ch\\\/wp-content\\\/uploads\\\/2022\\\/09\\\/IMG_0768_jpg.jpg\",\"contentUrl\":\"https:\\\/\\\/brogue.ch\\\/wp-content\\\/uploads\\\/2022\\\/09\\\/IMG_0768_jpg.jpg\",\"width\":1615,\"height\":1920},{\"@type\":\"BreadcrumbList\",\"@id\":\"https:\\\/\\\/brogue.ch\\\/fr\\\/product\\\/john-lobb-william-blue-grain\\\/#breadcrumb\",\"itemListElement\":[{\"@type\":\"ListItem\",\"position\":1,\"name\":\"Home\",\"item\":\"https:\\\/\\\/brogue.ch\\\/fr\\\/\"},{\"@type\":\"ListItem\",\"position\":2,\"name\":\"Shop\",\"item\":\"https:\\\/\\\/brogue.ch\\\/fr\\\/shop\\\/\"},{\"@type\":\"ListItem\",\"position\":3,\"name\":\"John Lobb William Bleu Grain\u00e9\"}]},{\"@type\":\"WebSite\",\"@id\":\"https:\\\/\\\/brogue.ch\\\/fr\\\/#website\",\"url\":\"https:\\\/\\\/brogue.ch\\\/fr\\\/\",\"name\":\"Brogue\",\"description\":\"World class shoes\",\"publisher\":{\"@id\":\"https:\\\/\\\/brogue.ch\\\/fr\\\/#organization\"},\"potentialAction\":[{\"@type\":\"SearchAction\",\"target\":{\"@type\":\"EntryPoint\",\"urlTemplate\":\"https:\\\/\\\/brogue.ch\\\/fr\\\/?s={search_term_string}\"},\"query-input\":{\"@type\":\"PropertyValueSpecification\",\"valueRequired\":true,\"valueName\":\"search_term_string\"}}],\"inLanguage\":\"fr-FR\"},{\"@type\":\"Organization\",\"@id\":\"https:\\\/\\\/brogue.ch\\\/fr\\\/#organization\",\"name\":\"Brogue\",\"url\":\"https:\\\/\\\/brogue.ch\\\/fr\\\/\",\"logo\":{\"@type\":\"ImageObject\",\"inLanguage\":\"fr-FR\",\"@id\":\"https:\\\/\\\/brogue.ch\\\/fr\\\/#\\\/schema\\\/logo\\\/image\\\/\",\"url\":\"https:\\\/\\\/brogue.ch\\\/wp-content\\\/uploads\\\/2020\\\/02\\\/logo-brogue.png\",\"contentUrl\":\"https:\\\/\\\/brogue.ch\\\/wp-content\\\/uploads\\\/2020\\\/02\\\/logo-brogue.png\",\"width\":1176,\"height\":444,\"caption\":\"Brogue\"},\"image\":{\"@id\":\"https:\\\/\\\/brogue.ch\\\/fr\\\/#\\\/schema\\\/logo\\\/image\\\/\"}}]}<\/script>\n<!-- \/ Yoast SEO plugin. -->","yoast_head_json":{"title":"Brogue","robots":{"index":"index","follow":"follow","max-snippet":"max-snippet:-1","max-image-preview":"max-image-preview:large","max-video-preview":"max-video-preview:-1"},"canonical":"https:\/\/brogue.ch\/fr\/product\/john-lobb-william-blue-grain\/","og_locale":"fr_FR","og_type":"article","og_title":"John Lobb William Bleu Grain\u00e9 &#8226; Brogue","og_description":"Du nom de son cr\u00e9ateur William Lobb, ce mod\u00e8le iconique cr\u00e9\u00e9 dans les ann\u00e9es 1940 associe fonctionnalit\u00e9 et \u00e9l\u00e9gance. L\u2019\u00e9quilibre de ses proportions et le savoir-faire requis pour le r\u00e9aliser conf\u00e8rent \u00e0 ce double boucle signature une dimension intemporelle. Boucles de finition palladium. Enti\u00e8rement doubl\u00e9. Les semelles traditionnelles en cuir double offrent sophistication et durabilit\u00e9. [&hellip;]","og_url":"https:\/\/brogue.ch\/fr\/product\/john-lobb-william-blue-grain\/","og_site_name":"Brogue","article_modified_time":"2025-02-17T11:41:54+00:00","og_image":[{"width":1615,"height":1920,"url":"https:\/\/brogue.ch\/wp-content\/uploads\/2022\/09\/IMG_0768_jpg.jpg","type":"image\/jpeg"}],"twitter_card":"summary_large_image","twitter_misc":{"Dur\u00e9e de lecture estim\u00e9e":"1 minute"},"schema":{"@context":"https:\/\/schema.org","@graph":[{"@type":"WebPage","@id":"https:\/\/brogue.ch\/fr\/product\/john-lobb-william-blue-grain\/","url":"https:\/\/brogue.ch\/fr\/product\/john-lobb-william-blue-grain\/","name":"John Lobb William Bleu Grain\u00e9 &#8226; Brogue","isPartOf":{"@id":"https:\/\/brogue.ch\/fr\/#website"},"primaryImageOfPage":{"@id":"https:\/\/brogue.ch\/fr\/product\/john-lobb-william-blue-grain\/#primaryimage"},"image":{"@id":"https:\/\/brogue.ch\/fr\/product\/john-lobb-william-blue-grain\/#primaryimage"},"thumbnailUrl":"https:\/\/brogue.ch\/wp-content\/uploads\/2022\/09\/IMG_0768_jpg.jpg","datePublished":"2022-09-21T14:42:15+00:00","dateModified":"2025-02-17T11:41:54+00:00","breadcrumb":{"@id":"https:\/\/brogue.ch\/fr\/product\/john-lobb-william-blue-grain\/#breadcrumb"},"inLanguage":"fr-FR","potentialAction":[{"@type":"ReadAction","target":["https:\/\/brogue.ch\/fr\/product\/john-lobb-william-blue-grain\/"]}]},{"@type":"ImageObject","inLanguage":"fr-FR","@id":"https:\/\/brogue.ch\/fr\/product\/john-lobb-william-blue-grain\/#primaryimage","url":"https:\/\/brogue.ch\/wp-content\/uploads\/2022\/09\/IMG_0768_jpg.jpg","contentUrl":"https:\/\/brogue.ch\/wp-content\/uploads\/2022\/09\/IMG_0768_jpg.jpg","width":1615,"height":1920},{"@type":"BreadcrumbList","@id":"https:\/\/brogue.ch\/fr\/product\/john-lobb-william-blue-grain\/#breadcrumb","itemListElement":[{"@type":"ListItem","position":1,"name":"Home","item":"https:\/\/brogue.ch\/fr\/"},{"@type":"ListItem","position":2,"name":"Shop","item":"https:\/\/brogue.ch\/fr\/shop\/"},{"@type":"ListItem","position":3,"name":"John Lobb William Bleu Grain\u00e9"}]},{"@type":"WebSite","@id":"https:\/\/brogue.ch\/fr\/#website","url":"https:\/\/brogue.ch\/fr\/","name":"Brogue","description":"World class shoes","publisher":{"@id":"https:\/\/brogue.ch\/fr\/#organization"},"potentialAction":[{"@type":"SearchAction","target":{"@type":"EntryPoint","urlTemplate":"https:\/\/brogue.ch\/fr\/?s={search_term_string}"},"query-input":{"@type":"PropertyValueSpecification","valueRequired":true,"valueName":"search_term_string"}}],"inLanguage":"fr-FR"},{"@type":"Organization","@id":"https:\/\/brogue.ch\/fr\/#organization","name":"Brogue","url":"https:\/\/brogue.ch\/fr\/","logo":{"@type":"ImageObject","inLanguage":"fr-FR","@id":"https:\/\/brogue.ch\/fr\/#\/schema\/logo\/image\/","url":"https:\/\/brogue.ch\/wp-content\/uploads\/2020\/02\/logo-brogue.png","contentUrl":"https:\/\/brogue.ch\/wp-content\/uploads\/2020\/02\/logo-brogue.png","width":1176,"height":444,"caption":"Brogue"},"image":{"@id":"https:\/\/brogue.ch\/fr\/#\/schema\/logo\/image\/"}}]}},"_links":{"self":[{"href":"https:\/\/brogue.ch\/fr\/wp-json\/wp\/v2\/product\/41538","targetHints":{"allow":["GET"]}}],"collection":[{"href":"https:\/\/brogue.ch\/fr\/wp-json\/wp\/v2\/product"}],"about":[{"href":"https:\/\/brogue.ch\/fr\/wp-json\/wp\/v2\/types\/product"}],"wp:featuredmedia":[{"embeddable":true,"href":"https:\/\/brogue.ch\/fr\/wp-json\/wp\/v2\/media\/41384"}],"wp:attachment":[{"href":"https:\/\/brogue.ch\/fr\/wp-json\/wp\/v2\/media?parent=41538"}],"wp:term":[{"taxonomy":"product_brand","embeddable":true,"href":"https:\/\/brogue.ch\/fr\/wp-json\/wp\/v2\/product_brand?post=41538"},{"taxonomy":"product_cat","embeddable":true,"href":"https:\/\/brogue.ch\/fr\/wp-json\/wp\/v2\/product_cat?post=41538"},{"taxonomy":"product_tag","embeddable":true,"href":"https:\/\/brogue.ch\/fr\/wp-json\/wp\/v2\/product_tag?post=41538"}],"curies":[{"name":"wp","href":"https:\/\/api.w.org\/{rel}","templated":true}]}}