{"id":701277,"date":"2025-10-16T10:33:32","date_gmt":"2025-10-16T08:33:32","guid":{"rendered":"https:\/\/brogue.ch\/product\/bontoni-artistico-double-boucle-cuir-souple-tabac\/"},"modified":"2025-11-07T12:34:52","modified_gmt":"2025-11-07T10:34:52","slug":"bontoni-artistico-double-boucle-cuir-souple-tabac","status":"publish","type":"product","link":"https:\/\/brogue.ch\/fr\/product\/bontoni-artistico-double-boucle-cuir-souple-tabac\/","title":{"rendered":"BONTONI Artistico"},"content":{"rendered":"<ul>\n<li>Modele avec double brides \u00e0 boucles et un plateau cousu \u00e0 la main<\/li>\n<li>Cuir souple de veau pleine fleur marron fonc\u00e9<\/li>\n<li>Semelle en caoutchouc Vibram<\/li>\n<li>Construction Goodyear avec un cousu norvegien<\/li>\n<\/ul>\n","protected":false},"excerpt":{"rendered":"<p>Modele avec double brides \u00e0 boucles et un plateau cousu \u00e0 la main Cuir souple de veau pleine fleur marron fonc\u00e9 Semelle en caoutchouc Vibram Construction Goodyear avec un cousu norvegien<\/p>\n","protected":false},"featured_media":701230,"template":"","meta":[],"product_brand":[],"product_cat":[250,244],"product_tag":[],"class_list":{"0":"post-701277","1":"product","2":"type-product","3":"status-publish","4":"has-post-thumbnail","6":"product_cat-hommes","7":"product_cat-nouveaute","8":"pa_brand-bontoni","9":"pa_color-tobacco","10":"pa_style-double-buckle-fr","12":"first","13":"instock","14":"shipping-taxable","15":"purchasable","16":"product-type-variable","17":"add-to-wishlist-before_image"},"yoast_head":"<!-- This site is optimized with the Yoast SEO plugin v27.3 - https:\/\/yoast.com\/product\/yoast-seo-wordpress\/ -->\n<title>Brogue<\/title>\n<meta name=\"robots\" content=\"index, follow, max-snippet:-1, max-image-preview:large, max-video-preview:-1\" \/>\n<link rel=\"canonical\" href=\"https:\/\/brogue.ch\/fr\/product\/bontoni-artistico-double-boucle-cuir-souple-tabac\/\" \/>\n<meta property=\"og:locale\" content=\"fr_FR\" \/>\n<meta property=\"og:type\" content=\"article\" \/>\n<meta property=\"og:title\" content=\"BONTONI Artistico &#8226; Brogue\" \/>\n<meta property=\"og:description\" content=\"Modele avec double brides \u00e0 boucles et un plateau cousu \u00e0 la main Cuir souple de veau pleine fleur marron fonc\u00e9 Semelle en caoutchouc Vibram Construction Goodyear avec un cousu norvegien\" \/>\n<meta property=\"og:url\" content=\"https:\/\/brogue.ch\/fr\/product\/bontoni-artistico-double-boucle-cuir-souple-tabac\/\" \/>\n<meta property=\"og:site_name\" content=\"Brogue\" \/>\n<meta property=\"article:modified_time\" content=\"2025-11-07T10:34:52+00:00\" \/>\n<meta property=\"og:image\" content=\"https:\/\/brogue.ch\/wp-content\/uploads\/2025\/10\/IMG_5992-2.jpg\" \/>\n\t<meta property=\"og:image:width\" content=\"1373\" \/>\n\t<meta property=\"og:image:height\" content=\"1831\" \/>\n\t<meta property=\"og:image:type\" content=\"image\/jpeg\" \/>\n<meta name=\"twitter:card\" content=\"summary_large_image\" \/>\n<script type=\"application\/ld+json\" class=\"yoast-schema-graph\">{\"@context\":\"https:\\\/\\\/schema.org\",\"@graph\":[{\"@type\":\"WebPage\",\"@id\":\"https:\\\/\\\/brogue.ch\\\/fr\\\/product\\\/bontoni-artistico-double-boucle-cuir-souple-tabac\\\/\",\"url\":\"https:\\\/\\\/brogue.ch\\\/fr\\\/product\\\/bontoni-artistico-double-boucle-cuir-souple-tabac\\\/\",\"name\":\"BONTONI Artistico &#8226; Brogue\",\"isPartOf\":{\"@id\":\"https:\\\/\\\/brogue.ch\\\/fr\\\/#website\"},\"primaryImageOfPage\":{\"@id\":\"https:\\\/\\\/brogue.ch\\\/fr\\\/product\\\/bontoni-artistico-double-boucle-cuir-souple-tabac\\\/#primaryimage\"},\"image\":{\"@id\":\"https:\\\/\\\/brogue.ch\\\/fr\\\/product\\\/bontoni-artistico-double-boucle-cuir-souple-tabac\\\/#primaryimage\"},\"thumbnailUrl\":\"https:\\\/\\\/brogue.ch\\\/wp-content\\\/uploads\\\/2025\\\/10\\\/IMG_5992-2.jpg\",\"datePublished\":\"2025-10-16T08:33:32+00:00\",\"dateModified\":\"2025-11-07T10:34:52+00:00\",\"breadcrumb\":{\"@id\":\"https:\\\/\\\/brogue.ch\\\/fr\\\/product\\\/bontoni-artistico-double-boucle-cuir-souple-tabac\\\/#breadcrumb\"},\"inLanguage\":\"fr-FR\",\"potentialAction\":[{\"@type\":\"ReadAction\",\"target\":[\"https:\\\/\\\/brogue.ch\\\/fr\\\/product\\\/bontoni-artistico-double-boucle-cuir-souple-tabac\\\/\"]}]},{\"@type\":\"ImageObject\",\"inLanguage\":\"fr-FR\",\"@id\":\"https:\\\/\\\/brogue.ch\\\/fr\\\/product\\\/bontoni-artistico-double-boucle-cuir-souple-tabac\\\/#primaryimage\",\"url\":\"https:\\\/\\\/brogue.ch\\\/wp-content\\\/uploads\\\/2025\\\/10\\\/IMG_5992-2.jpg\",\"contentUrl\":\"https:\\\/\\\/brogue.ch\\\/wp-content\\\/uploads\\\/2025\\\/10\\\/IMG_5992-2.jpg\",\"width\":1373,\"height\":1831},{\"@type\":\"BreadcrumbList\",\"@id\":\"https:\\\/\\\/brogue.ch\\\/fr\\\/product\\\/bontoni-artistico-double-boucle-cuir-souple-tabac\\\/#breadcrumb\",\"itemListElement\":[{\"@type\":\"ListItem\",\"position\":1,\"name\":\"Home\",\"item\":\"https:\\\/\\\/brogue.ch\\\/fr\\\/\"},{\"@type\":\"ListItem\",\"position\":2,\"name\":\"Shop\",\"item\":\"https:\\\/\\\/brogue.ch\\\/fr\\\/shop\\\/\"},{\"@type\":\"ListItem\",\"position\":3,\"name\":\"BONTONI Artistico\"}]},{\"@type\":\"WebSite\",\"@id\":\"https:\\\/\\\/brogue.ch\\\/fr\\\/#website\",\"url\":\"https:\\\/\\\/brogue.ch\\\/fr\\\/\",\"name\":\"Brogue\",\"description\":\"World class shoes\",\"publisher\":{\"@id\":\"https:\\\/\\\/brogue.ch\\\/fr\\\/#organization\"},\"potentialAction\":[{\"@type\":\"SearchAction\",\"target\":{\"@type\":\"EntryPoint\",\"urlTemplate\":\"https:\\\/\\\/brogue.ch\\\/fr\\\/?s={search_term_string}\"},\"query-input\":{\"@type\":\"PropertyValueSpecification\",\"valueRequired\":true,\"valueName\":\"search_term_string\"}}],\"inLanguage\":\"fr-FR\"},{\"@type\":\"Organization\",\"@id\":\"https:\\\/\\\/brogue.ch\\\/fr\\\/#organization\",\"name\":\"Brogue\",\"url\":\"https:\\\/\\\/brogue.ch\\\/fr\\\/\",\"logo\":{\"@type\":\"ImageObject\",\"inLanguage\":\"fr-FR\",\"@id\":\"https:\\\/\\\/brogue.ch\\\/fr\\\/#\\\/schema\\\/logo\\\/image\\\/\",\"url\":\"https:\\\/\\\/brogue.ch\\\/wp-content\\\/uploads\\\/2020\\\/02\\\/logo-brogue.png\",\"contentUrl\":\"https:\\\/\\\/brogue.ch\\\/wp-content\\\/uploads\\\/2020\\\/02\\\/logo-brogue.png\",\"width\":1176,\"height\":444,\"caption\":\"Brogue\"},\"image\":{\"@id\":\"https:\\\/\\\/brogue.ch\\\/fr\\\/#\\\/schema\\\/logo\\\/image\\\/\"}}]}<\/script>\n<!-- \/ Yoast SEO plugin. -->","yoast_head_json":{"title":"Brogue","robots":{"index":"index","follow":"follow","max-snippet":"max-snippet:-1","max-image-preview":"max-image-preview:large","max-video-preview":"max-video-preview:-1"},"canonical":"https:\/\/brogue.ch\/fr\/product\/bontoni-artistico-double-boucle-cuir-souple-tabac\/","og_locale":"fr_FR","og_type":"article","og_title":"BONTONI Artistico &#8226; Brogue","og_description":"Modele avec double brides \u00e0 boucles et un plateau cousu \u00e0 la main Cuir souple de veau pleine fleur marron fonc\u00e9 Semelle en caoutchouc Vibram Construction Goodyear avec un cousu norvegien","og_url":"https:\/\/brogue.ch\/fr\/product\/bontoni-artistico-double-boucle-cuir-souple-tabac\/","og_site_name":"Brogue","article_modified_time":"2025-11-07T10:34:52+00:00","og_image":[{"width":1373,"height":1831,"url":"https:\/\/brogue.ch\/wp-content\/uploads\/2025\/10\/IMG_5992-2.jpg","type":"image\/jpeg"}],"twitter_card":"summary_large_image","schema":{"@context":"https:\/\/schema.org","@graph":[{"@type":"WebPage","@id":"https:\/\/brogue.ch\/fr\/product\/bontoni-artistico-double-boucle-cuir-souple-tabac\/","url":"https:\/\/brogue.ch\/fr\/product\/bontoni-artistico-double-boucle-cuir-souple-tabac\/","name":"BONTONI Artistico &#8226; Brogue","isPartOf":{"@id":"https:\/\/brogue.ch\/fr\/#website"},"primaryImageOfPage":{"@id":"https:\/\/brogue.ch\/fr\/product\/bontoni-artistico-double-boucle-cuir-souple-tabac\/#primaryimage"},"image":{"@id":"https:\/\/brogue.ch\/fr\/product\/bontoni-artistico-double-boucle-cuir-souple-tabac\/#primaryimage"},"thumbnailUrl":"https:\/\/brogue.ch\/wp-content\/uploads\/2025\/10\/IMG_5992-2.jpg","datePublished":"2025-10-16T08:33:32+00:00","dateModified":"2025-11-07T10:34:52+00:00","breadcrumb":{"@id":"https:\/\/brogue.ch\/fr\/product\/bontoni-artistico-double-boucle-cuir-souple-tabac\/#breadcrumb"},"inLanguage":"fr-FR","potentialAction":[{"@type":"ReadAction","target":["https:\/\/brogue.ch\/fr\/product\/bontoni-artistico-double-boucle-cuir-souple-tabac\/"]}]},{"@type":"ImageObject","inLanguage":"fr-FR","@id":"https:\/\/brogue.ch\/fr\/product\/bontoni-artistico-double-boucle-cuir-souple-tabac\/#primaryimage","url":"https:\/\/brogue.ch\/wp-content\/uploads\/2025\/10\/IMG_5992-2.jpg","contentUrl":"https:\/\/brogue.ch\/wp-content\/uploads\/2025\/10\/IMG_5992-2.jpg","width":1373,"height":1831},{"@type":"BreadcrumbList","@id":"https:\/\/brogue.ch\/fr\/product\/bontoni-artistico-double-boucle-cuir-souple-tabac\/#breadcrumb","itemListElement":[{"@type":"ListItem","position":1,"name":"Home","item":"https:\/\/brogue.ch\/fr\/"},{"@type":"ListItem","position":2,"name":"Shop","item":"https:\/\/brogue.ch\/fr\/shop\/"},{"@type":"ListItem","position":3,"name":"BONTONI Artistico"}]},{"@type":"WebSite","@id":"https:\/\/brogue.ch\/fr\/#website","url":"https:\/\/brogue.ch\/fr\/","name":"Brogue","description":"World class shoes","publisher":{"@id":"https:\/\/brogue.ch\/fr\/#organization"},"potentialAction":[{"@type":"SearchAction","target":{"@type":"EntryPoint","urlTemplate":"https:\/\/brogue.ch\/fr\/?s={search_term_string}"},"query-input":{"@type":"PropertyValueSpecification","valueRequired":true,"valueName":"search_term_string"}}],"inLanguage":"fr-FR"},{"@type":"Organization","@id":"https:\/\/brogue.ch\/fr\/#organization","name":"Brogue","url":"https:\/\/brogue.ch\/fr\/","logo":{"@type":"ImageObject","inLanguage":"fr-FR","@id":"https:\/\/brogue.ch\/fr\/#\/schema\/logo\/image\/","url":"https:\/\/brogue.ch\/wp-content\/uploads\/2020\/02\/logo-brogue.png","contentUrl":"https:\/\/brogue.ch\/wp-content\/uploads\/2020\/02\/logo-brogue.png","width":1176,"height":444,"caption":"Brogue"},"image":{"@id":"https:\/\/brogue.ch\/fr\/#\/schema\/logo\/image\/"}}]}},"_links":{"self":[{"href":"https:\/\/brogue.ch\/fr\/wp-json\/wp\/v2\/product\/701277","targetHints":{"allow":["GET"]}}],"collection":[{"href":"https:\/\/brogue.ch\/fr\/wp-json\/wp\/v2\/product"}],"about":[{"href":"https:\/\/brogue.ch\/fr\/wp-json\/wp\/v2\/types\/product"}],"wp:featuredmedia":[{"embeddable":true,"href":"https:\/\/brogue.ch\/fr\/wp-json\/wp\/v2\/media\/701230"}],"wp:attachment":[{"href":"https:\/\/brogue.ch\/fr\/wp-json\/wp\/v2\/media?parent=701277"}],"wp:term":[{"taxonomy":"product_brand","embeddable":true,"href":"https:\/\/brogue.ch\/fr\/wp-json\/wp\/v2\/product_brand?post=701277"},{"taxonomy":"product_cat","embeddable":true,"href":"https:\/\/brogue.ch\/fr\/wp-json\/wp\/v2\/product_cat?post=701277"},{"taxonomy":"product_tag","embeddable":true,"href":"https:\/\/brogue.ch\/fr\/wp-json\/wp\/v2\/product_tag?post=701277"}],"curies":[{"name":"wp","href":"https:\/\/api.w.org\/{rel}","templated":true}]}}