{"id":706229,"date":"2026-02-10T13:22:04","date_gmt":"2026-02-10T11:22:04","guid":{"rendered":"https:\/\/brogue.ch\/product\/crockett-jones-scarsdale-4-special-order\/"},"modified":"2026-02-10T13:22:04","modified_gmt":"2026-02-10T11:22:04","slug":"crockett-jones-scarsdale-4-special-order","status":"publish","type":"product","link":"https:\/\/brogue.ch\/fr\/product\/crockett-jones-scarsdale-4-special-order\/","title":{"rendered":"Crockett &amp; Jones Scarsdale 4 Special Order"},"content":{"rendered":"<p style=\"text-align: center;\"><strong>ACOMPTE UNIQUEMENT !<\/strong><\/p>\n<p>The Scarsdale 4 est un \u00e9legant Onecut agrement\u00e9 d&rsquo;un joli bout fleuri<\/p>\n<p>Issue de la collection Handgrade, elle est fabriqu\u00e9e \u00e0 partir des cuirs les plus fins et finie avec une couture sous gravure, refl\u00e9tant les plus hauts standard de la fabrication anglaise.<\/p>\n<p>Si vous souhaitez commander une paire, nous acceptons les pr\u00e9commandes d\u00e8s maintenant jusqu&rsquo;au 28 f\u00e9vrier pour une livraison courant mai. Nous garantissons un ajustement parfait ou le remboursement de votre acompte.<\/p>\n<p><strong>Acompte requis : CHF 450.-<\/strong><\/p>\n<p><strong>Prix Final : CHF 830.-<\/strong><\/p>\n<p>&nbsp;<\/p>\n","protected":false},"excerpt":{"rendered":"<p>ACOMPTE UNIQUEMENT ! The Scarsdale 4 est un \u00e9legant Onecut agrement\u00e9 d&rsquo;un joli bout fleuri Issue de la collection Handgrade, elle est fabriqu\u00e9e \u00e0 partir des cuirs les plus fins et finie avec une couture sous gravure, refl\u00e9tant les plus hauts standard de la fabrication anglaise. Si vous souhaitez commander une paire, nous acceptons les [&hellip;]<\/p>\n","protected":false},"featured_media":705434,"template":"","meta":[],"product_brand":[],"product_cat":[250],"product_tag":[],"class_list":{"0":"post-706229","1":"product","2":"type-product","3":"status-publish","4":"has-post-thumbnail","6":"product_cat-hommes","7":"pa_brand-crockett-jones","8":"pa_style-oxford-fr","10":"first","11":"instock","12":"shipping-taxable","13":"purchasable","14":"product-type-variable","15":"add-to-wishlist-before_image"},"yoast_head":"<!-- This site is optimized with the Yoast SEO plugin v27.3 - https:\/\/yoast.com\/product\/yoast-seo-wordpress\/ -->\n<title>Brogue<\/title>\n<meta name=\"robots\" content=\"index, follow, max-snippet:-1, max-image-preview:large, max-video-preview:-1\" \/>\n<link rel=\"canonical\" href=\"https:\/\/brogue.ch\/fr\/product\/crockett-jones-scarsdale-4-special-order\/\" \/>\n<meta property=\"og:locale\" content=\"fr_FR\" \/>\n<meta property=\"og:type\" content=\"article\" \/>\n<meta property=\"og:title\" content=\"Crockett &amp; Jones Scarsdale 4 Special Order &#8226; Brogue\" \/>\n<meta property=\"og:description\" content=\"ACOMPTE UNIQUEMENT ! The Scarsdale 4 est un \u00e9legant Onecut agrement\u00e9 d&rsquo;un joli bout fleuri Issue de la collection Handgrade, elle est fabriqu\u00e9e \u00e0 partir des cuirs les plus fins et finie avec une couture sous gravure, refl\u00e9tant les plus hauts standard de la fabrication anglaise. Si vous souhaitez commander une paire, nous acceptons les [&hellip;]\" \/>\n<meta property=\"og:url\" content=\"https:\/\/brogue.ch\/fr\/product\/crockett-jones-scarsdale-4-special-order\/\" \/>\n<meta property=\"og:site_name\" content=\"Brogue\" \/>\n<meta property=\"og:image\" content=\"https:\/\/brogue.ch\/wp-content\/uploads\/2026\/01\/IMG_0424-scaled.jpeg\" \/>\n\t<meta property=\"og:image:width\" content=\"1920\" \/>\n\t<meta property=\"og:image:height\" content=\"2560\" \/>\n\t<meta property=\"og:image:type\" content=\"image\/jpeg\" \/>\n<meta name=\"twitter:card\" content=\"summary_large_image\" \/>\n<script type=\"application\/ld+json\" class=\"yoast-schema-graph\">{\"@context\":\"https:\\\/\\\/schema.org\",\"@graph\":[{\"@type\":\"WebPage\",\"@id\":\"https:\\\/\\\/brogue.ch\\\/fr\\\/product\\\/crockett-jones-scarsdale-4-special-order\\\/\",\"url\":\"https:\\\/\\\/brogue.ch\\\/fr\\\/product\\\/crockett-jones-scarsdale-4-special-order\\\/\",\"name\":\"Crockett &amp; Jones Scarsdale 4 Special Order &#8226; Brogue\",\"isPartOf\":{\"@id\":\"https:\\\/\\\/brogue.ch\\\/fr\\\/#website\"},\"primaryImageOfPage\":{\"@id\":\"https:\\\/\\\/brogue.ch\\\/fr\\\/product\\\/crockett-jones-scarsdale-4-special-order\\\/#primaryimage\"},\"image\":{\"@id\":\"https:\\\/\\\/brogue.ch\\\/fr\\\/product\\\/crockett-jones-scarsdale-4-special-order\\\/#primaryimage\"},\"thumbnailUrl\":\"https:\\\/\\\/brogue.ch\\\/wp-content\\\/uploads\\\/2026\\\/01\\\/IMG_0424-scaled.jpeg\",\"datePublished\":\"2026-02-10T11:22:04+00:00\",\"breadcrumb\":{\"@id\":\"https:\\\/\\\/brogue.ch\\\/fr\\\/product\\\/crockett-jones-scarsdale-4-special-order\\\/#breadcrumb\"},\"inLanguage\":\"fr-FR\",\"potentialAction\":[{\"@type\":\"ReadAction\",\"target\":[\"https:\\\/\\\/brogue.ch\\\/fr\\\/product\\\/crockett-jones-scarsdale-4-special-order\\\/\"]}]},{\"@type\":\"ImageObject\",\"inLanguage\":\"fr-FR\",\"@id\":\"https:\\\/\\\/brogue.ch\\\/fr\\\/product\\\/crockett-jones-scarsdale-4-special-order\\\/#primaryimage\",\"url\":\"https:\\\/\\\/brogue.ch\\\/wp-content\\\/uploads\\\/2026\\\/01\\\/IMG_0424-scaled.jpeg\",\"contentUrl\":\"https:\\\/\\\/brogue.ch\\\/wp-content\\\/uploads\\\/2026\\\/01\\\/IMG_0424-scaled.jpeg\",\"width\":1920,\"height\":2560},{\"@type\":\"BreadcrumbList\",\"@id\":\"https:\\\/\\\/brogue.ch\\\/fr\\\/product\\\/crockett-jones-scarsdale-4-special-order\\\/#breadcrumb\",\"itemListElement\":[{\"@type\":\"ListItem\",\"position\":1,\"name\":\"Home\",\"item\":\"https:\\\/\\\/brogue.ch\\\/fr\\\/\"},{\"@type\":\"ListItem\",\"position\":2,\"name\":\"Shop\",\"item\":\"https:\\\/\\\/brogue.ch\\\/fr\\\/shop\\\/\"},{\"@type\":\"ListItem\",\"position\":3,\"name\":\"Crockett &amp; Jones Scarsdale 4 Special Order\"}]},{\"@type\":\"WebSite\",\"@id\":\"https:\\\/\\\/brogue.ch\\\/fr\\\/#website\",\"url\":\"https:\\\/\\\/brogue.ch\\\/fr\\\/\",\"name\":\"Brogue\",\"description\":\"World class shoes\",\"publisher\":{\"@id\":\"https:\\\/\\\/brogue.ch\\\/fr\\\/#organization\"},\"potentialAction\":[{\"@type\":\"SearchAction\",\"target\":{\"@type\":\"EntryPoint\",\"urlTemplate\":\"https:\\\/\\\/brogue.ch\\\/fr\\\/?s={search_term_string}\"},\"query-input\":{\"@type\":\"PropertyValueSpecification\",\"valueRequired\":true,\"valueName\":\"search_term_string\"}}],\"inLanguage\":\"fr-FR\"},{\"@type\":\"Organization\",\"@id\":\"https:\\\/\\\/brogue.ch\\\/fr\\\/#organization\",\"name\":\"Brogue\",\"url\":\"https:\\\/\\\/brogue.ch\\\/fr\\\/\",\"logo\":{\"@type\":\"ImageObject\",\"inLanguage\":\"fr-FR\",\"@id\":\"https:\\\/\\\/brogue.ch\\\/fr\\\/#\\\/schema\\\/logo\\\/image\\\/\",\"url\":\"https:\\\/\\\/brogue.ch\\\/wp-content\\\/uploads\\\/2020\\\/02\\\/logo-brogue.png\",\"contentUrl\":\"https:\\\/\\\/brogue.ch\\\/wp-content\\\/uploads\\\/2020\\\/02\\\/logo-brogue.png\",\"width\":1176,\"height\":444,\"caption\":\"Brogue\"},\"image\":{\"@id\":\"https:\\\/\\\/brogue.ch\\\/fr\\\/#\\\/schema\\\/logo\\\/image\\\/\"}}]}<\/script>\n<!-- \/ Yoast SEO plugin. -->","yoast_head_json":{"title":"Brogue","robots":{"index":"index","follow":"follow","max-snippet":"max-snippet:-1","max-image-preview":"max-image-preview:large","max-video-preview":"max-video-preview:-1"},"canonical":"https:\/\/brogue.ch\/fr\/product\/crockett-jones-scarsdale-4-special-order\/","og_locale":"fr_FR","og_type":"article","og_title":"Crockett &amp; Jones Scarsdale 4 Special Order &#8226; Brogue","og_description":"ACOMPTE UNIQUEMENT ! The Scarsdale 4 est un \u00e9legant Onecut agrement\u00e9 d&rsquo;un joli bout fleuri Issue de la collection Handgrade, elle est fabriqu\u00e9e \u00e0 partir des cuirs les plus fins et finie avec une couture sous gravure, refl\u00e9tant les plus hauts standard de la fabrication anglaise. Si vous souhaitez commander une paire, nous acceptons les [&hellip;]","og_url":"https:\/\/brogue.ch\/fr\/product\/crockett-jones-scarsdale-4-special-order\/","og_site_name":"Brogue","og_image":[{"width":1920,"height":2560,"url":"https:\/\/brogue.ch\/wp-content\/uploads\/2026\/01\/IMG_0424-scaled.jpeg","type":"image\/jpeg"}],"twitter_card":"summary_large_image","schema":{"@context":"https:\/\/schema.org","@graph":[{"@type":"WebPage","@id":"https:\/\/brogue.ch\/fr\/product\/crockett-jones-scarsdale-4-special-order\/","url":"https:\/\/brogue.ch\/fr\/product\/crockett-jones-scarsdale-4-special-order\/","name":"Crockett &amp; Jones Scarsdale 4 Special Order &#8226; Brogue","isPartOf":{"@id":"https:\/\/brogue.ch\/fr\/#website"},"primaryImageOfPage":{"@id":"https:\/\/brogue.ch\/fr\/product\/crockett-jones-scarsdale-4-special-order\/#primaryimage"},"image":{"@id":"https:\/\/brogue.ch\/fr\/product\/crockett-jones-scarsdale-4-special-order\/#primaryimage"},"thumbnailUrl":"https:\/\/brogue.ch\/wp-content\/uploads\/2026\/01\/IMG_0424-scaled.jpeg","datePublished":"2026-02-10T11:22:04+00:00","breadcrumb":{"@id":"https:\/\/brogue.ch\/fr\/product\/crockett-jones-scarsdale-4-special-order\/#breadcrumb"},"inLanguage":"fr-FR","potentialAction":[{"@type":"ReadAction","target":["https:\/\/brogue.ch\/fr\/product\/crockett-jones-scarsdale-4-special-order\/"]}]},{"@type":"ImageObject","inLanguage":"fr-FR","@id":"https:\/\/brogue.ch\/fr\/product\/crockett-jones-scarsdale-4-special-order\/#primaryimage","url":"https:\/\/brogue.ch\/wp-content\/uploads\/2026\/01\/IMG_0424-scaled.jpeg","contentUrl":"https:\/\/brogue.ch\/wp-content\/uploads\/2026\/01\/IMG_0424-scaled.jpeg","width":1920,"height":2560},{"@type":"BreadcrumbList","@id":"https:\/\/brogue.ch\/fr\/product\/crockett-jones-scarsdale-4-special-order\/#breadcrumb","itemListElement":[{"@type":"ListItem","position":1,"name":"Home","item":"https:\/\/brogue.ch\/fr\/"},{"@type":"ListItem","position":2,"name":"Shop","item":"https:\/\/brogue.ch\/fr\/shop\/"},{"@type":"ListItem","position":3,"name":"Crockett &amp; Jones Scarsdale 4 Special Order"}]},{"@type":"WebSite","@id":"https:\/\/brogue.ch\/fr\/#website","url":"https:\/\/brogue.ch\/fr\/","name":"Brogue","description":"World class shoes","publisher":{"@id":"https:\/\/brogue.ch\/fr\/#organization"},"potentialAction":[{"@type":"SearchAction","target":{"@type":"EntryPoint","urlTemplate":"https:\/\/brogue.ch\/fr\/?s={search_term_string}"},"query-input":{"@type":"PropertyValueSpecification","valueRequired":true,"valueName":"search_term_string"}}],"inLanguage":"fr-FR"},{"@type":"Organization","@id":"https:\/\/brogue.ch\/fr\/#organization","name":"Brogue","url":"https:\/\/brogue.ch\/fr\/","logo":{"@type":"ImageObject","inLanguage":"fr-FR","@id":"https:\/\/brogue.ch\/fr\/#\/schema\/logo\/image\/","url":"https:\/\/brogue.ch\/wp-content\/uploads\/2020\/02\/logo-brogue.png","contentUrl":"https:\/\/brogue.ch\/wp-content\/uploads\/2020\/02\/logo-brogue.png","width":1176,"height":444,"caption":"Brogue"},"image":{"@id":"https:\/\/brogue.ch\/fr\/#\/schema\/logo\/image\/"}}]}},"_links":{"self":[{"href":"https:\/\/brogue.ch\/fr\/wp-json\/wp\/v2\/product\/706229","targetHints":{"allow":["GET"]}}],"collection":[{"href":"https:\/\/brogue.ch\/fr\/wp-json\/wp\/v2\/product"}],"about":[{"href":"https:\/\/brogue.ch\/fr\/wp-json\/wp\/v2\/types\/product"}],"wp:featuredmedia":[{"embeddable":true,"href":"https:\/\/brogue.ch\/fr\/wp-json\/wp\/v2\/media\/705434"}],"wp:attachment":[{"href":"https:\/\/brogue.ch\/fr\/wp-json\/wp\/v2\/media?parent=706229"}],"wp:term":[{"taxonomy":"product_brand","embeddable":true,"href":"https:\/\/brogue.ch\/fr\/wp-json\/wp\/v2\/product_brand?post=706229"},{"taxonomy":"product_cat","embeddable":true,"href":"https:\/\/brogue.ch\/fr\/wp-json\/wp\/v2\/product_cat?post=706229"},{"taxonomy":"product_tag","embeddable":true,"href":"https:\/\/brogue.ch\/fr\/wp-json\/wp\/v2\/product_tag?post=706229"}],"curies":[{"name":"wp","href":"https:\/\/api.w.org\/{rel}","templated":true}]}}