{"id":706627,"date":"2026-02-21T13:43:35","date_gmt":"2026-02-21T11:43:35","guid":{"rendered":"https:\/\/brogue.ch\/product\/santoni-baskets-en-cuir-graine\/"},"modified":"2026-02-21T13:43:35","modified_gmt":"2026-02-21T11:43:35","slug":"santoni-baskets-en-cuir-graine","status":"publish","type":"product","link":"https:\/\/brogue.ch\/fr\/product\/santoni-baskets-en-cuir-graine\/","title":{"rendered":"Santoni Baskets en cuir grain\u00e9"},"content":{"rendered":"<ul>\n<li>Baskets en cuir<\/li>\n<li>Cuir grain\u00e9 marron fonc\u00e9<\/li>\n<li>Semelle \u00e9paisse blanche<\/li>\n<\/ul>\n","protected":false},"excerpt":{"rendered":"<p>Baskets en cuir Cuir grain\u00e9 marron fonc\u00e9 Semelle \u00e9paisse blanche<\/p>\n","protected":false},"featured_media":706549,"template":"","meta":[],"product_brand":[],"product_cat":[250,244],"product_tag":[],"class_list":{"0":"post-706627","1":"product","2":"type-product","3":"status-publish","4":"has-post-thumbnail","6":"product_cat-hommes","7":"product_cat-nouveaute","8":"pa_brand-santoni","9":"pa_style-trainer-fr","11":"first","12":"instock","13":"shipping-taxable","14":"purchasable","15":"product-type-variable","16":"add-to-wishlist-before_image"},"yoast_head":"<!-- This site is optimized with the Yoast SEO plugin v27.3 - https:\/\/yoast.com\/product\/yoast-seo-wordpress\/ -->\n<title>Brogue<\/title>\n<meta name=\"robots\" content=\"index, follow, max-snippet:-1, max-image-preview:large, max-video-preview:-1\" \/>\n<link rel=\"canonical\" href=\"https:\/\/brogue.ch\/fr\/product\/santoni-baskets-en-cuir-graine\/\" \/>\n<meta property=\"og:locale\" content=\"fr_FR\" \/>\n<meta property=\"og:type\" content=\"article\" \/>\n<meta property=\"og:title\" content=\"Santoni Baskets en cuir grain\u00e9 &#8226; Brogue\" \/>\n<meta property=\"og:description\" content=\"Baskets en cuir Cuir grain\u00e9 marron fonc\u00e9 Semelle \u00e9paisse blanche\" \/>\n<meta property=\"og:url\" content=\"https:\/\/brogue.ch\/fr\/product\/santoni-baskets-en-cuir-graine\/\" \/>\n<meta property=\"og:site_name\" content=\"Brogue\" \/>\n<meta property=\"og:image\" content=\"https:\/\/brogue.ch\/wp-content\/uploads\/2026\/02\/IMG_7211-scaled.jpeg\" \/>\n\t<meta property=\"og:image:width\" content=\"1920\" \/>\n\t<meta property=\"og:image:height\" content=\"2560\" \/>\n\t<meta property=\"og:image:type\" content=\"image\/jpeg\" \/>\n<meta name=\"twitter:card\" content=\"summary_large_image\" \/>\n<script type=\"application\/ld+json\" class=\"yoast-schema-graph\">{\"@context\":\"https:\\\/\\\/schema.org\",\"@graph\":[{\"@type\":\"WebPage\",\"@id\":\"https:\\\/\\\/brogue.ch\\\/fr\\\/product\\\/santoni-baskets-en-cuir-graine\\\/\",\"url\":\"https:\\\/\\\/brogue.ch\\\/fr\\\/product\\\/santoni-baskets-en-cuir-graine\\\/\",\"name\":\"Santoni Baskets en cuir grain\u00e9 &#8226; Brogue\",\"isPartOf\":{\"@id\":\"https:\\\/\\\/brogue.ch\\\/fr\\\/#website\"},\"primaryImageOfPage\":{\"@id\":\"https:\\\/\\\/brogue.ch\\\/fr\\\/product\\\/santoni-baskets-en-cuir-graine\\\/#primaryimage\"},\"image\":{\"@id\":\"https:\\\/\\\/brogue.ch\\\/fr\\\/product\\\/santoni-baskets-en-cuir-graine\\\/#primaryimage\"},\"thumbnailUrl\":\"https:\\\/\\\/brogue.ch\\\/wp-content\\\/uploads\\\/2026\\\/02\\\/IMG_7211-scaled.jpeg\",\"datePublished\":\"2026-02-21T11:43:35+00:00\",\"breadcrumb\":{\"@id\":\"https:\\\/\\\/brogue.ch\\\/fr\\\/product\\\/santoni-baskets-en-cuir-graine\\\/#breadcrumb\"},\"inLanguage\":\"fr-FR\",\"potentialAction\":[{\"@type\":\"ReadAction\",\"target\":[\"https:\\\/\\\/brogue.ch\\\/fr\\\/product\\\/santoni-baskets-en-cuir-graine\\\/\"]}]},{\"@type\":\"ImageObject\",\"inLanguage\":\"fr-FR\",\"@id\":\"https:\\\/\\\/brogue.ch\\\/fr\\\/product\\\/santoni-baskets-en-cuir-graine\\\/#primaryimage\",\"url\":\"https:\\\/\\\/brogue.ch\\\/wp-content\\\/uploads\\\/2026\\\/02\\\/IMG_7211-scaled.jpeg\",\"contentUrl\":\"https:\\\/\\\/brogue.ch\\\/wp-content\\\/uploads\\\/2026\\\/02\\\/IMG_7211-scaled.jpeg\",\"width\":1920,\"height\":2560},{\"@type\":\"BreadcrumbList\",\"@id\":\"https:\\\/\\\/brogue.ch\\\/fr\\\/product\\\/santoni-baskets-en-cuir-graine\\\/#breadcrumb\",\"itemListElement\":[{\"@type\":\"ListItem\",\"position\":1,\"name\":\"Home\",\"item\":\"https:\\\/\\\/brogue.ch\\\/fr\\\/\"},{\"@type\":\"ListItem\",\"position\":2,\"name\":\"Shop\",\"item\":\"https:\\\/\\\/brogue.ch\\\/fr\\\/shop\\\/\"},{\"@type\":\"ListItem\",\"position\":3,\"name\":\"Santoni Baskets en cuir grain\u00e9\"}]},{\"@type\":\"WebSite\",\"@id\":\"https:\\\/\\\/brogue.ch\\\/fr\\\/#website\",\"url\":\"https:\\\/\\\/brogue.ch\\\/fr\\\/\",\"name\":\"Brogue\",\"description\":\"World class shoes\",\"publisher\":{\"@id\":\"https:\\\/\\\/brogue.ch\\\/fr\\\/#organization\"},\"potentialAction\":[{\"@type\":\"SearchAction\",\"target\":{\"@type\":\"EntryPoint\",\"urlTemplate\":\"https:\\\/\\\/brogue.ch\\\/fr\\\/?s={search_term_string}\"},\"query-input\":{\"@type\":\"PropertyValueSpecification\",\"valueRequired\":true,\"valueName\":\"search_term_string\"}}],\"inLanguage\":\"fr-FR\"},{\"@type\":\"Organization\",\"@id\":\"https:\\\/\\\/brogue.ch\\\/fr\\\/#organization\",\"name\":\"Brogue\",\"url\":\"https:\\\/\\\/brogue.ch\\\/fr\\\/\",\"logo\":{\"@type\":\"ImageObject\",\"inLanguage\":\"fr-FR\",\"@id\":\"https:\\\/\\\/brogue.ch\\\/fr\\\/#\\\/schema\\\/logo\\\/image\\\/\",\"url\":\"https:\\\/\\\/brogue.ch\\\/wp-content\\\/uploads\\\/2020\\\/02\\\/logo-brogue.png\",\"contentUrl\":\"https:\\\/\\\/brogue.ch\\\/wp-content\\\/uploads\\\/2020\\\/02\\\/logo-brogue.png\",\"width\":1176,\"height\":444,\"caption\":\"Brogue\"},\"image\":{\"@id\":\"https:\\\/\\\/brogue.ch\\\/fr\\\/#\\\/schema\\\/logo\\\/image\\\/\"}}]}<\/script>\n<!-- \/ Yoast SEO plugin. -->","yoast_head_json":{"title":"Brogue","robots":{"index":"index","follow":"follow","max-snippet":"max-snippet:-1","max-image-preview":"max-image-preview:large","max-video-preview":"max-video-preview:-1"},"canonical":"https:\/\/brogue.ch\/fr\/product\/santoni-baskets-en-cuir-graine\/","og_locale":"fr_FR","og_type":"article","og_title":"Santoni Baskets en cuir grain\u00e9 &#8226; Brogue","og_description":"Baskets en cuir Cuir grain\u00e9 marron fonc\u00e9 Semelle \u00e9paisse blanche","og_url":"https:\/\/brogue.ch\/fr\/product\/santoni-baskets-en-cuir-graine\/","og_site_name":"Brogue","og_image":[{"width":1920,"height":2560,"url":"https:\/\/brogue.ch\/wp-content\/uploads\/2026\/02\/IMG_7211-scaled.jpeg","type":"image\/jpeg"}],"twitter_card":"summary_large_image","schema":{"@context":"https:\/\/schema.org","@graph":[{"@type":"WebPage","@id":"https:\/\/brogue.ch\/fr\/product\/santoni-baskets-en-cuir-graine\/","url":"https:\/\/brogue.ch\/fr\/product\/santoni-baskets-en-cuir-graine\/","name":"Santoni Baskets en cuir grain\u00e9 &#8226; Brogue","isPartOf":{"@id":"https:\/\/brogue.ch\/fr\/#website"},"primaryImageOfPage":{"@id":"https:\/\/brogue.ch\/fr\/product\/santoni-baskets-en-cuir-graine\/#primaryimage"},"image":{"@id":"https:\/\/brogue.ch\/fr\/product\/santoni-baskets-en-cuir-graine\/#primaryimage"},"thumbnailUrl":"https:\/\/brogue.ch\/wp-content\/uploads\/2026\/02\/IMG_7211-scaled.jpeg","datePublished":"2026-02-21T11:43:35+00:00","breadcrumb":{"@id":"https:\/\/brogue.ch\/fr\/product\/santoni-baskets-en-cuir-graine\/#breadcrumb"},"inLanguage":"fr-FR","potentialAction":[{"@type":"ReadAction","target":["https:\/\/brogue.ch\/fr\/product\/santoni-baskets-en-cuir-graine\/"]}]},{"@type":"ImageObject","inLanguage":"fr-FR","@id":"https:\/\/brogue.ch\/fr\/product\/santoni-baskets-en-cuir-graine\/#primaryimage","url":"https:\/\/brogue.ch\/wp-content\/uploads\/2026\/02\/IMG_7211-scaled.jpeg","contentUrl":"https:\/\/brogue.ch\/wp-content\/uploads\/2026\/02\/IMG_7211-scaled.jpeg","width":1920,"height":2560},{"@type":"BreadcrumbList","@id":"https:\/\/brogue.ch\/fr\/product\/santoni-baskets-en-cuir-graine\/#breadcrumb","itemListElement":[{"@type":"ListItem","position":1,"name":"Home","item":"https:\/\/brogue.ch\/fr\/"},{"@type":"ListItem","position":2,"name":"Shop","item":"https:\/\/brogue.ch\/fr\/shop\/"},{"@type":"ListItem","position":3,"name":"Santoni Baskets en cuir grain\u00e9"}]},{"@type":"WebSite","@id":"https:\/\/brogue.ch\/fr\/#website","url":"https:\/\/brogue.ch\/fr\/","name":"Brogue","description":"World class shoes","publisher":{"@id":"https:\/\/brogue.ch\/fr\/#organization"},"potentialAction":[{"@type":"SearchAction","target":{"@type":"EntryPoint","urlTemplate":"https:\/\/brogue.ch\/fr\/?s={search_term_string}"},"query-input":{"@type":"PropertyValueSpecification","valueRequired":true,"valueName":"search_term_string"}}],"inLanguage":"fr-FR"},{"@type":"Organization","@id":"https:\/\/brogue.ch\/fr\/#organization","name":"Brogue","url":"https:\/\/brogue.ch\/fr\/","logo":{"@type":"ImageObject","inLanguage":"fr-FR","@id":"https:\/\/brogue.ch\/fr\/#\/schema\/logo\/image\/","url":"https:\/\/brogue.ch\/wp-content\/uploads\/2020\/02\/logo-brogue.png","contentUrl":"https:\/\/brogue.ch\/wp-content\/uploads\/2020\/02\/logo-brogue.png","width":1176,"height":444,"caption":"Brogue"},"image":{"@id":"https:\/\/brogue.ch\/fr\/#\/schema\/logo\/image\/"}}]}},"_links":{"self":[{"href":"https:\/\/brogue.ch\/fr\/wp-json\/wp\/v2\/product\/706627","targetHints":{"allow":["GET"]}}],"collection":[{"href":"https:\/\/brogue.ch\/fr\/wp-json\/wp\/v2\/product"}],"about":[{"href":"https:\/\/brogue.ch\/fr\/wp-json\/wp\/v2\/types\/product"}],"wp:featuredmedia":[{"embeddable":true,"href":"https:\/\/brogue.ch\/fr\/wp-json\/wp\/v2\/media\/706549"}],"wp:attachment":[{"href":"https:\/\/brogue.ch\/fr\/wp-json\/wp\/v2\/media?parent=706627"}],"wp:term":[{"taxonomy":"product_brand","embeddable":true,"href":"https:\/\/brogue.ch\/fr\/wp-json\/wp\/v2\/product_brand?post=706627"},{"taxonomy":"product_cat","embeddable":true,"href":"https:\/\/brogue.ch\/fr\/wp-json\/wp\/v2\/product_cat?post=706627"},{"taxonomy":"product_tag","embeddable":true,"href":"https:\/\/brogue.ch\/fr\/wp-json\/wp\/v2\/product_tag?post=706627"}],"curies":[{"name":"wp","href":"https:\/\/api.w.org\/{rel}","templated":true}]}}