{"id":707732,"date":"2026-03-14T16:34:10","date_gmt":"2026-03-14T14:34:10","guid":{"rendered":"https:\/\/brogue.ch\/product\/franceschetti-burgundy-slip-on-mocassin\/"},"modified":"2026-03-31T11:53:12","modified_gmt":"2026-03-31T09:53:12","slug":"franceschetti-burgundy-slip-on-mocassin","status":"publish","type":"product","link":"https:\/\/brogue.ch\/fr\/product\/franceschetti-burgundy-slip-on-mocassin\/","title":{"rendered":"FRANCESCHETTI Burgundy Slip On Mocassin"},"content":{"rendered":"<ul>\n<li>Mocassin slip on<\/li>\n<li>daim bordeaux<\/li>\n<li>Semelle blanche en caoutchouc<\/li>\n<li>Construction \u00ab\u00a0Blake Rapid\u00a0\u00bb<\/li>\n<\/ul>\n<div class=\"Y3BBE\" data-sfc-cp=\"\" data-sfc-cb=\"\" data-hveid=\"CAEIAhAA\" data-complete=\"true\" data-processed=\"true\">\n<p>C&rsquo;est une technique \u00e0 double couture : une couture int\u00e9rieure (Blake) pour la souplesse et une couture ext\u00e9rieure (Rapid) pour la solidit\u00e9. Ce duo rend la chaussure ultra-robuste, mieux isol\u00e9e de l&rsquo;humidit\u00e9 et surtout facilement ressemelable. <\/p>\n<div data-xid=\"Gd7Hsc\" data-sfc-cp=\"\" data-sfc-cb=\"\" data-processed=\"true\" data-complete=\"true\">\n<div class=\"DBd2Wb\" data-processed=\"true\" data-complete=\"true\">\n<div class=\"zkL70c\" data-processed=\"true\">\n<div class=\"DwkS\" data-sfc-cb=\"\" data-complete=\"true\" data-processed=\"true\">\n<div class=\"RkJvxe\" data-wiz-uids=\"oiGtJd_t\" data-sfc-cb=\"\" data-complete=\"true\" data-processed=\"true\"><\/div>\n<\/div>\n<\/div>\n<\/div>\n<\/div>\n<p><strong>Livraison gratuite en Suisse. 30\u20ac Union Europ\u00e9enne. Autres destinations sur demande.<\/strong><\/p>\n<\/div>\n","protected":false},"excerpt":{"rendered":"<p>Mocassin slip on daim bordeaux Semelle blanche en caoutchouc Construction \u00ab\u00a0Blake Rapid\u00a0\u00bb C&rsquo;est une technique \u00e0 double couture : une couture int\u00e9rieure (Blake) pour la souplesse et une couture ext\u00e9rieure (Rapid) pour la solidit\u00e9. Ce duo rend la chaussure ultra-robuste, mieux isol\u00e9e de l&rsquo;humidit\u00e9 et surtout facilement ressemelable. Livraison gratuite en Suisse. 30\u20ac Union Europ\u00e9enne. [&hellip;]<\/p>\n","protected":false},"featured_media":707573,"template":"","meta":[],"product_brand":[],"product_cat":[250,244],"product_tag":[],"class_list":{"0":"post-707732","1":"product","2":"type-product","3":"status-publish","4":"has-post-thumbnail","6":"product_cat-hommes","7":"product_cat-nouveaute","8":"pa_brand-franceschetti","9":"pa_style-mocassin","11":"first","12":"instock","13":"shipping-taxable","14":"purchasable","15":"product-type-variable","16":"add-to-wishlist-before_image"},"yoast_head":"<!-- This site is optimized with the Yoast SEO plugin v27.3 - https:\/\/yoast.com\/product\/yoast-seo-wordpress\/ -->\n<title>Brogue<\/title>\n<meta name=\"robots\" content=\"index, follow, max-snippet:-1, max-image-preview:large, max-video-preview:-1\" \/>\n<link rel=\"canonical\" href=\"https:\/\/brogue.ch\/fr\/product\/franceschetti-burgundy-slip-on-mocassin\/\" \/>\n<meta property=\"og:locale\" content=\"fr_FR\" \/>\n<meta property=\"og:type\" content=\"article\" \/>\n<meta property=\"og:title\" content=\"FRANCESCHETTI Burgundy Slip On Mocassin &#8226; Brogue\" \/>\n<meta property=\"og:description\" content=\"Mocassin slip on daim bordeaux Semelle blanche en caoutchouc Construction \u00ab\u00a0Blake Rapid\u00a0\u00bb C&rsquo;est une technique \u00e0 double couture : une couture int\u00e9rieure (Blake) pour la souplesse et une couture ext\u00e9rieure (Rapid) pour la solidit\u00e9. Ce duo rend la chaussure ultra-robuste, mieux isol\u00e9e de l&rsquo;humidit\u00e9 et surtout facilement ressemelable. Livraison gratuite en Suisse. 30\u20ac Union Europ\u00e9enne. [&hellip;]\" \/>\n<meta property=\"og:url\" content=\"https:\/\/brogue.ch\/fr\/product\/franceschetti-burgundy-slip-on-mocassin\/\" \/>\n<meta property=\"og:site_name\" content=\"Brogue\" \/>\n<meta property=\"article:modified_time\" content=\"2026-03-31T09:53:12+00:00\" \/>\n<meta property=\"og:image\" content=\"https:\/\/brogue.ch\/wp-content\/uploads\/2026\/03\/IMG_1794.jpeg\" \/>\n\t<meta property=\"og:image:width\" content=\"2431\" \/>\n\t<meta property=\"og:image:height\" content=\"2431\" \/>\n\t<meta property=\"og:image:type\" content=\"image\/jpeg\" \/>\n<meta name=\"twitter:card\" content=\"summary_large_image\" \/>\n<script type=\"application\/ld+json\" class=\"yoast-schema-graph\">{\"@context\":\"https:\\\/\\\/schema.org\",\"@graph\":[{\"@type\":\"WebPage\",\"@id\":\"https:\\\/\\\/brogue.ch\\\/fr\\\/product\\\/franceschetti-burgundy-slip-on-mocassin\\\/\",\"url\":\"https:\\\/\\\/brogue.ch\\\/fr\\\/product\\\/franceschetti-burgundy-slip-on-mocassin\\\/\",\"name\":\"FRANCESCHETTI Burgundy Slip On Mocassin &#8226; Brogue\",\"isPartOf\":{\"@id\":\"https:\\\/\\\/brogue.ch\\\/fr\\\/#website\"},\"primaryImageOfPage\":{\"@id\":\"https:\\\/\\\/brogue.ch\\\/fr\\\/product\\\/franceschetti-burgundy-slip-on-mocassin\\\/#primaryimage\"},\"image\":{\"@id\":\"https:\\\/\\\/brogue.ch\\\/fr\\\/product\\\/franceschetti-burgundy-slip-on-mocassin\\\/#primaryimage\"},\"thumbnailUrl\":\"https:\\\/\\\/brogue.ch\\\/wp-content\\\/uploads\\\/2026\\\/03\\\/IMG_1794.jpeg\",\"datePublished\":\"2026-03-14T14:34:10+00:00\",\"dateModified\":\"2026-03-31T09:53:12+00:00\",\"breadcrumb\":{\"@id\":\"https:\\\/\\\/brogue.ch\\\/fr\\\/product\\\/franceschetti-burgundy-slip-on-mocassin\\\/#breadcrumb\"},\"inLanguage\":\"fr-FR\",\"potentialAction\":[{\"@type\":\"ReadAction\",\"target\":[\"https:\\\/\\\/brogue.ch\\\/fr\\\/product\\\/franceschetti-burgundy-slip-on-mocassin\\\/\"]}]},{\"@type\":\"ImageObject\",\"inLanguage\":\"fr-FR\",\"@id\":\"https:\\\/\\\/brogue.ch\\\/fr\\\/product\\\/franceschetti-burgundy-slip-on-mocassin\\\/#primaryimage\",\"url\":\"https:\\\/\\\/brogue.ch\\\/wp-content\\\/uploads\\\/2026\\\/03\\\/IMG_1794.jpeg\",\"contentUrl\":\"https:\\\/\\\/brogue.ch\\\/wp-content\\\/uploads\\\/2026\\\/03\\\/IMG_1794.jpeg\",\"width\":2431,\"height\":2431},{\"@type\":\"BreadcrumbList\",\"@id\":\"https:\\\/\\\/brogue.ch\\\/fr\\\/product\\\/franceschetti-burgundy-slip-on-mocassin\\\/#breadcrumb\",\"itemListElement\":[{\"@type\":\"ListItem\",\"position\":1,\"name\":\"Home\",\"item\":\"https:\\\/\\\/brogue.ch\\\/fr\\\/\"},{\"@type\":\"ListItem\",\"position\":2,\"name\":\"Shop\",\"item\":\"https:\\\/\\\/brogue.ch\\\/fr\\\/shop\\\/\"},{\"@type\":\"ListItem\",\"position\":3,\"name\":\"FRANCESCHETTI Burgundy Slip On Mocassin\"}]},{\"@type\":\"WebSite\",\"@id\":\"https:\\\/\\\/brogue.ch\\\/fr\\\/#website\",\"url\":\"https:\\\/\\\/brogue.ch\\\/fr\\\/\",\"name\":\"Brogue\",\"description\":\"World class shoes\",\"publisher\":{\"@id\":\"https:\\\/\\\/brogue.ch\\\/fr\\\/#organization\"},\"potentialAction\":[{\"@type\":\"SearchAction\",\"target\":{\"@type\":\"EntryPoint\",\"urlTemplate\":\"https:\\\/\\\/brogue.ch\\\/fr\\\/?s={search_term_string}\"},\"query-input\":{\"@type\":\"PropertyValueSpecification\",\"valueRequired\":true,\"valueName\":\"search_term_string\"}}],\"inLanguage\":\"fr-FR\"},{\"@type\":\"Organization\",\"@id\":\"https:\\\/\\\/brogue.ch\\\/fr\\\/#organization\",\"name\":\"Brogue\",\"url\":\"https:\\\/\\\/brogue.ch\\\/fr\\\/\",\"logo\":{\"@type\":\"ImageObject\",\"inLanguage\":\"fr-FR\",\"@id\":\"https:\\\/\\\/brogue.ch\\\/fr\\\/#\\\/schema\\\/logo\\\/image\\\/\",\"url\":\"https:\\\/\\\/brogue.ch\\\/wp-content\\\/uploads\\\/2020\\\/02\\\/logo-brogue.png\",\"contentUrl\":\"https:\\\/\\\/brogue.ch\\\/wp-content\\\/uploads\\\/2020\\\/02\\\/logo-brogue.png\",\"width\":1176,\"height\":444,\"caption\":\"Brogue\"},\"image\":{\"@id\":\"https:\\\/\\\/brogue.ch\\\/fr\\\/#\\\/schema\\\/logo\\\/image\\\/\"}}]}<\/script>\n<!-- \/ Yoast SEO plugin. -->","yoast_head_json":{"title":"Brogue","robots":{"index":"index","follow":"follow","max-snippet":"max-snippet:-1","max-image-preview":"max-image-preview:large","max-video-preview":"max-video-preview:-1"},"canonical":"https:\/\/brogue.ch\/fr\/product\/franceschetti-burgundy-slip-on-mocassin\/","og_locale":"fr_FR","og_type":"article","og_title":"FRANCESCHETTI Burgundy Slip On Mocassin &#8226; Brogue","og_description":"Mocassin slip on daim bordeaux Semelle blanche en caoutchouc Construction \u00ab\u00a0Blake Rapid\u00a0\u00bb C&rsquo;est une technique \u00e0 double couture : une couture int\u00e9rieure (Blake) pour la souplesse et une couture ext\u00e9rieure (Rapid) pour la solidit\u00e9. Ce duo rend la chaussure ultra-robuste, mieux isol\u00e9e de l&rsquo;humidit\u00e9 et surtout facilement ressemelable. Livraison gratuite en Suisse. 30\u20ac Union Europ\u00e9enne. [&hellip;]","og_url":"https:\/\/brogue.ch\/fr\/product\/franceschetti-burgundy-slip-on-mocassin\/","og_site_name":"Brogue","article_modified_time":"2026-03-31T09:53:12+00:00","og_image":[{"width":2431,"height":2431,"url":"https:\/\/brogue.ch\/wp-content\/uploads\/2026\/03\/IMG_1794.jpeg","type":"image\/jpeg"}],"twitter_card":"summary_large_image","schema":{"@context":"https:\/\/schema.org","@graph":[{"@type":"WebPage","@id":"https:\/\/brogue.ch\/fr\/product\/franceschetti-burgundy-slip-on-mocassin\/","url":"https:\/\/brogue.ch\/fr\/product\/franceschetti-burgundy-slip-on-mocassin\/","name":"FRANCESCHETTI Burgundy Slip On Mocassin &#8226; Brogue","isPartOf":{"@id":"https:\/\/brogue.ch\/fr\/#website"},"primaryImageOfPage":{"@id":"https:\/\/brogue.ch\/fr\/product\/franceschetti-burgundy-slip-on-mocassin\/#primaryimage"},"image":{"@id":"https:\/\/brogue.ch\/fr\/product\/franceschetti-burgundy-slip-on-mocassin\/#primaryimage"},"thumbnailUrl":"https:\/\/brogue.ch\/wp-content\/uploads\/2026\/03\/IMG_1794.jpeg","datePublished":"2026-03-14T14:34:10+00:00","dateModified":"2026-03-31T09:53:12+00:00","breadcrumb":{"@id":"https:\/\/brogue.ch\/fr\/product\/franceschetti-burgundy-slip-on-mocassin\/#breadcrumb"},"inLanguage":"fr-FR","potentialAction":[{"@type":"ReadAction","target":["https:\/\/brogue.ch\/fr\/product\/franceschetti-burgundy-slip-on-mocassin\/"]}]},{"@type":"ImageObject","inLanguage":"fr-FR","@id":"https:\/\/brogue.ch\/fr\/product\/franceschetti-burgundy-slip-on-mocassin\/#primaryimage","url":"https:\/\/brogue.ch\/wp-content\/uploads\/2026\/03\/IMG_1794.jpeg","contentUrl":"https:\/\/brogue.ch\/wp-content\/uploads\/2026\/03\/IMG_1794.jpeg","width":2431,"height":2431},{"@type":"BreadcrumbList","@id":"https:\/\/brogue.ch\/fr\/product\/franceschetti-burgundy-slip-on-mocassin\/#breadcrumb","itemListElement":[{"@type":"ListItem","position":1,"name":"Home","item":"https:\/\/brogue.ch\/fr\/"},{"@type":"ListItem","position":2,"name":"Shop","item":"https:\/\/brogue.ch\/fr\/shop\/"},{"@type":"ListItem","position":3,"name":"FRANCESCHETTI Burgundy Slip On Mocassin"}]},{"@type":"WebSite","@id":"https:\/\/brogue.ch\/fr\/#website","url":"https:\/\/brogue.ch\/fr\/","name":"Brogue","description":"World class shoes","publisher":{"@id":"https:\/\/brogue.ch\/fr\/#organization"},"potentialAction":[{"@type":"SearchAction","target":{"@type":"EntryPoint","urlTemplate":"https:\/\/brogue.ch\/fr\/?s={search_term_string}"},"query-input":{"@type":"PropertyValueSpecification","valueRequired":true,"valueName":"search_term_string"}}],"inLanguage":"fr-FR"},{"@type":"Organization","@id":"https:\/\/brogue.ch\/fr\/#organization","name":"Brogue","url":"https:\/\/brogue.ch\/fr\/","logo":{"@type":"ImageObject","inLanguage":"fr-FR","@id":"https:\/\/brogue.ch\/fr\/#\/schema\/logo\/image\/","url":"https:\/\/brogue.ch\/wp-content\/uploads\/2020\/02\/logo-brogue.png","contentUrl":"https:\/\/brogue.ch\/wp-content\/uploads\/2020\/02\/logo-brogue.png","width":1176,"height":444,"caption":"Brogue"},"image":{"@id":"https:\/\/brogue.ch\/fr\/#\/schema\/logo\/image\/"}}]}},"_links":{"self":[{"href":"https:\/\/brogue.ch\/fr\/wp-json\/wp\/v2\/product\/707732","targetHints":{"allow":["GET"]}}],"collection":[{"href":"https:\/\/brogue.ch\/fr\/wp-json\/wp\/v2\/product"}],"about":[{"href":"https:\/\/brogue.ch\/fr\/wp-json\/wp\/v2\/types\/product"}],"wp:featuredmedia":[{"embeddable":true,"href":"https:\/\/brogue.ch\/fr\/wp-json\/wp\/v2\/media\/707573"}],"wp:attachment":[{"href":"https:\/\/brogue.ch\/fr\/wp-json\/wp\/v2\/media?parent=707732"}],"wp:term":[{"taxonomy":"product_brand","embeddable":true,"href":"https:\/\/brogue.ch\/fr\/wp-json\/wp\/v2\/product_brand?post=707732"},{"taxonomy":"product_cat","embeddable":true,"href":"https:\/\/brogue.ch\/fr\/wp-json\/wp\/v2\/product_cat?post=707732"},{"taxonomy":"product_tag","embeddable":true,"href":"https:\/\/brogue.ch\/fr\/wp-json\/wp\/v2\/product_tag?post=707732"}],"curies":[{"name":"wp","href":"https:\/\/api.w.org\/{rel}","templated":true}]}}