{"id":707752,"date":"2026-03-14T18:57:57","date_gmt":"2026-03-14T16:57:57","guid":{"rendered":"https:\/\/brogue.ch\/product\/franceschetti-derbies-tyroliennes\/"},"modified":"2026-03-14T18:57:57","modified_gmt":"2026-03-14T16:57:57","slug":"franceschetti-derbies-tyroliennes","status":"publish","type":"product","link":"https:\/\/brogue.ch\/fr\/product\/franceschetti-derbies-tyroliennes\/","title":{"rendered":"FRANCESCHETTI Derbies tyroliennes"},"content":{"rendered":"<ul>\n<li>Derby style Tyroliennes<\/li>\n<li>Daim beige<\/li>\n<li>Cette semelle est fabriqu\u00e9e en EVA (\u00c9thyl\u00e8ne-Vinyle-Ac\u00e9tate) haute densit\u00e9, un mat\u00e9riau \u00ab expans\u00e9 \u00bb sophistiqu\u00e9.<br \/>Contrairement au caoutchouc traditionnel, il est inject\u00e9 de microbulles d&rsquo;air pour cr\u00e9er une structure rigide et alv\u00e9olaire, \u00e0 la fois extr\u00eamement robuste et \u00e9tonnamment l\u00e9g\u00e8re. <\/li>\n<li>Montage \u00ab\u00a0Blake RAPID\u00a0\u00bb<\/li>\n<\/ul>\n<p><strong>Livraison gratuite en Suisse. 30\u20ac Union Europ\u00e9enne. Autres destinations sur demande.<\/strong><\/p>\n","protected":false},"excerpt":{"rendered":"<p>Derby style Tyroliennes Daim beige Cette semelle est fabriqu\u00e9e en EVA (\u00c9thyl\u00e8ne-Vinyle-Ac\u00e9tate) haute densit\u00e9, un mat\u00e9riau \u00ab expans\u00e9 \u00bb sophistiqu\u00e9.Contrairement au caoutchouc traditionnel, il est inject\u00e9 de microbulles d&rsquo;air pour cr\u00e9er une structure rigide et alv\u00e9olaire, \u00e0 la fois extr\u00eamement robuste et \u00e9tonnamment l\u00e9g\u00e8re. Montage \u00ab\u00a0Blake RAPID\u00a0\u00bb Livraison gratuite en Suisse. 30\u20ac Union Europ\u00e9enne. Autres [&hellip;]<\/p>\n","protected":false},"featured_media":707644,"template":"","meta":[],"product_brand":[],"product_cat":[250,244],"product_tag":[],"class_list":{"0":"post-707752","1":"product","2":"type-product","3":"status-publish","4":"has-post-thumbnail","6":"product_cat-hommes","7":"product_cat-nouveaute","8":"pa_brand-franceschetti","9":"pa_style-derby-fr","11":"first","12":"instock","13":"shipping-taxable","14":"purchasable","15":"product-type-variable","16":"add-to-wishlist-before_image"},"yoast_head":"<!-- This site is optimized with the Yoast SEO plugin v27.3 - https:\/\/yoast.com\/product\/yoast-seo-wordpress\/ -->\n<title>Brogue<\/title>\n<meta name=\"robots\" content=\"index, follow, max-snippet:-1, max-image-preview:large, max-video-preview:-1\" \/>\n<link rel=\"canonical\" href=\"https:\/\/brogue.ch\/fr\/product\/franceschetti-derbies-tyroliennes\/\" \/>\n<meta property=\"og:locale\" content=\"fr_FR\" \/>\n<meta property=\"og:type\" content=\"article\" \/>\n<meta property=\"og:title\" content=\"FRANCESCHETTI Derbies tyroliennes &#8226; Brogue\" \/>\n<meta property=\"og:description\" content=\"Derby style Tyroliennes Daim beige Cette semelle est fabriqu\u00e9e en EVA (\u00c9thyl\u00e8ne-Vinyle-Ac\u00e9tate) haute densit\u00e9, un mat\u00e9riau \u00ab expans\u00e9 \u00bb sophistiqu\u00e9.Contrairement au caoutchouc traditionnel, il est inject\u00e9 de microbulles d&rsquo;air pour cr\u00e9er une structure rigide et alv\u00e9olaire, \u00e0 la fois extr\u00eamement robuste et \u00e9tonnamment l\u00e9g\u00e8re. Montage \u00ab\u00a0Blake RAPID\u00a0\u00bb Livraison gratuite en Suisse. 30\u20ac Union Europ\u00e9enne. Autres [&hellip;]\" \/>\n<meta property=\"og:url\" content=\"https:\/\/brogue.ch\/fr\/product\/franceschetti-derbies-tyroliennes\/\" \/>\n<meta property=\"og:site_name\" content=\"Brogue\" \/>\n<meta property=\"og:image\" content=\"https:\/\/brogue.ch\/wp-content\/uploads\/2026\/03\/thumbnail.webp\" \/>\n\t<meta property=\"og:image:width\" content=\"512\" \/>\n\t<meta property=\"og:image:height\" content=\"512\" \/>\n\t<meta property=\"og:image:type\" content=\"image\/webp\" \/>\n<meta name=\"twitter:card\" content=\"summary_large_image\" \/>\n<script type=\"application\/ld+json\" class=\"yoast-schema-graph\">{\"@context\":\"https:\\\/\\\/schema.org\",\"@graph\":[{\"@type\":\"WebPage\",\"@id\":\"https:\\\/\\\/brogue.ch\\\/fr\\\/product\\\/franceschetti-derbies-tyroliennes\\\/\",\"url\":\"https:\\\/\\\/brogue.ch\\\/fr\\\/product\\\/franceschetti-derbies-tyroliennes\\\/\",\"name\":\"FRANCESCHETTI Derbies tyroliennes &#8226; Brogue\",\"isPartOf\":{\"@id\":\"https:\\\/\\\/brogue.ch\\\/fr\\\/#website\"},\"primaryImageOfPage\":{\"@id\":\"https:\\\/\\\/brogue.ch\\\/fr\\\/product\\\/franceschetti-derbies-tyroliennes\\\/#primaryimage\"},\"image\":{\"@id\":\"https:\\\/\\\/brogue.ch\\\/fr\\\/product\\\/franceschetti-derbies-tyroliennes\\\/#primaryimage\"},\"thumbnailUrl\":\"https:\\\/\\\/brogue.ch\\\/wp-content\\\/uploads\\\/2026\\\/03\\\/thumbnail.webp\",\"datePublished\":\"2026-03-14T16:57:57+00:00\",\"breadcrumb\":{\"@id\":\"https:\\\/\\\/brogue.ch\\\/fr\\\/product\\\/franceschetti-derbies-tyroliennes\\\/#breadcrumb\"},\"inLanguage\":\"fr-FR\",\"potentialAction\":[{\"@type\":\"ReadAction\",\"target\":[\"https:\\\/\\\/brogue.ch\\\/fr\\\/product\\\/franceschetti-derbies-tyroliennes\\\/\"]}]},{\"@type\":\"ImageObject\",\"inLanguage\":\"fr-FR\",\"@id\":\"https:\\\/\\\/brogue.ch\\\/fr\\\/product\\\/franceschetti-derbies-tyroliennes\\\/#primaryimage\",\"url\":\"https:\\\/\\\/brogue.ch\\\/wp-content\\\/uploads\\\/2026\\\/03\\\/thumbnail.webp\",\"contentUrl\":\"https:\\\/\\\/brogue.ch\\\/wp-content\\\/uploads\\\/2026\\\/03\\\/thumbnail.webp\",\"width\":512,\"height\":512},{\"@type\":\"BreadcrumbList\",\"@id\":\"https:\\\/\\\/brogue.ch\\\/fr\\\/product\\\/franceschetti-derbies-tyroliennes\\\/#breadcrumb\",\"itemListElement\":[{\"@type\":\"ListItem\",\"position\":1,\"name\":\"Home\",\"item\":\"https:\\\/\\\/brogue.ch\\\/fr\\\/\"},{\"@type\":\"ListItem\",\"position\":2,\"name\":\"Shop\",\"item\":\"https:\\\/\\\/brogue.ch\\\/fr\\\/shop\\\/\"},{\"@type\":\"ListItem\",\"position\":3,\"name\":\"FRANCESCHETTI Derbies tyroliennes\"}]},{\"@type\":\"WebSite\",\"@id\":\"https:\\\/\\\/brogue.ch\\\/fr\\\/#website\",\"url\":\"https:\\\/\\\/brogue.ch\\\/fr\\\/\",\"name\":\"Brogue\",\"description\":\"World class shoes\",\"publisher\":{\"@id\":\"https:\\\/\\\/brogue.ch\\\/fr\\\/#organization\"},\"potentialAction\":[{\"@type\":\"SearchAction\",\"target\":{\"@type\":\"EntryPoint\",\"urlTemplate\":\"https:\\\/\\\/brogue.ch\\\/fr\\\/?s={search_term_string}\"},\"query-input\":{\"@type\":\"PropertyValueSpecification\",\"valueRequired\":true,\"valueName\":\"search_term_string\"}}],\"inLanguage\":\"fr-FR\"},{\"@type\":\"Organization\",\"@id\":\"https:\\\/\\\/brogue.ch\\\/fr\\\/#organization\",\"name\":\"Brogue\",\"url\":\"https:\\\/\\\/brogue.ch\\\/fr\\\/\",\"logo\":{\"@type\":\"ImageObject\",\"inLanguage\":\"fr-FR\",\"@id\":\"https:\\\/\\\/brogue.ch\\\/fr\\\/#\\\/schema\\\/logo\\\/image\\\/\",\"url\":\"https:\\\/\\\/brogue.ch\\\/wp-content\\\/uploads\\\/2020\\\/02\\\/logo-brogue.png\",\"contentUrl\":\"https:\\\/\\\/brogue.ch\\\/wp-content\\\/uploads\\\/2020\\\/02\\\/logo-brogue.png\",\"width\":1176,\"height\":444,\"caption\":\"Brogue\"},\"image\":{\"@id\":\"https:\\\/\\\/brogue.ch\\\/fr\\\/#\\\/schema\\\/logo\\\/image\\\/\"}}]}<\/script>\n<!-- \/ Yoast SEO plugin. -->","yoast_head_json":{"title":"Brogue","robots":{"index":"index","follow":"follow","max-snippet":"max-snippet:-1","max-image-preview":"max-image-preview:large","max-video-preview":"max-video-preview:-1"},"canonical":"https:\/\/brogue.ch\/fr\/product\/franceschetti-derbies-tyroliennes\/","og_locale":"fr_FR","og_type":"article","og_title":"FRANCESCHETTI Derbies tyroliennes &#8226; Brogue","og_description":"Derby style Tyroliennes Daim beige Cette semelle est fabriqu\u00e9e en EVA (\u00c9thyl\u00e8ne-Vinyle-Ac\u00e9tate) haute densit\u00e9, un mat\u00e9riau \u00ab expans\u00e9 \u00bb sophistiqu\u00e9.Contrairement au caoutchouc traditionnel, il est inject\u00e9 de microbulles d&rsquo;air pour cr\u00e9er une structure rigide et alv\u00e9olaire, \u00e0 la fois extr\u00eamement robuste et \u00e9tonnamment l\u00e9g\u00e8re. Montage \u00ab\u00a0Blake RAPID\u00a0\u00bb Livraison gratuite en Suisse. 30\u20ac Union Europ\u00e9enne. Autres [&hellip;]","og_url":"https:\/\/brogue.ch\/fr\/product\/franceschetti-derbies-tyroliennes\/","og_site_name":"Brogue","og_image":[{"width":512,"height":512,"url":"https:\/\/brogue.ch\/wp-content\/uploads\/2026\/03\/thumbnail.webp","type":"image\/webp"}],"twitter_card":"summary_large_image","schema":{"@context":"https:\/\/schema.org","@graph":[{"@type":"WebPage","@id":"https:\/\/brogue.ch\/fr\/product\/franceschetti-derbies-tyroliennes\/","url":"https:\/\/brogue.ch\/fr\/product\/franceschetti-derbies-tyroliennes\/","name":"FRANCESCHETTI Derbies tyroliennes &#8226; Brogue","isPartOf":{"@id":"https:\/\/brogue.ch\/fr\/#website"},"primaryImageOfPage":{"@id":"https:\/\/brogue.ch\/fr\/product\/franceschetti-derbies-tyroliennes\/#primaryimage"},"image":{"@id":"https:\/\/brogue.ch\/fr\/product\/franceschetti-derbies-tyroliennes\/#primaryimage"},"thumbnailUrl":"https:\/\/brogue.ch\/wp-content\/uploads\/2026\/03\/thumbnail.webp","datePublished":"2026-03-14T16:57:57+00:00","breadcrumb":{"@id":"https:\/\/brogue.ch\/fr\/product\/franceschetti-derbies-tyroliennes\/#breadcrumb"},"inLanguage":"fr-FR","potentialAction":[{"@type":"ReadAction","target":["https:\/\/brogue.ch\/fr\/product\/franceschetti-derbies-tyroliennes\/"]}]},{"@type":"ImageObject","inLanguage":"fr-FR","@id":"https:\/\/brogue.ch\/fr\/product\/franceschetti-derbies-tyroliennes\/#primaryimage","url":"https:\/\/brogue.ch\/wp-content\/uploads\/2026\/03\/thumbnail.webp","contentUrl":"https:\/\/brogue.ch\/wp-content\/uploads\/2026\/03\/thumbnail.webp","width":512,"height":512},{"@type":"BreadcrumbList","@id":"https:\/\/brogue.ch\/fr\/product\/franceschetti-derbies-tyroliennes\/#breadcrumb","itemListElement":[{"@type":"ListItem","position":1,"name":"Home","item":"https:\/\/brogue.ch\/fr\/"},{"@type":"ListItem","position":2,"name":"Shop","item":"https:\/\/brogue.ch\/fr\/shop\/"},{"@type":"ListItem","position":3,"name":"FRANCESCHETTI Derbies tyroliennes"}]},{"@type":"WebSite","@id":"https:\/\/brogue.ch\/fr\/#website","url":"https:\/\/brogue.ch\/fr\/","name":"Brogue","description":"World class shoes","publisher":{"@id":"https:\/\/brogue.ch\/fr\/#organization"},"potentialAction":[{"@type":"SearchAction","target":{"@type":"EntryPoint","urlTemplate":"https:\/\/brogue.ch\/fr\/?s={search_term_string}"},"query-input":{"@type":"PropertyValueSpecification","valueRequired":true,"valueName":"search_term_string"}}],"inLanguage":"fr-FR"},{"@type":"Organization","@id":"https:\/\/brogue.ch\/fr\/#organization","name":"Brogue","url":"https:\/\/brogue.ch\/fr\/","logo":{"@type":"ImageObject","inLanguage":"fr-FR","@id":"https:\/\/brogue.ch\/fr\/#\/schema\/logo\/image\/","url":"https:\/\/brogue.ch\/wp-content\/uploads\/2020\/02\/logo-brogue.png","contentUrl":"https:\/\/brogue.ch\/wp-content\/uploads\/2020\/02\/logo-brogue.png","width":1176,"height":444,"caption":"Brogue"},"image":{"@id":"https:\/\/brogue.ch\/fr\/#\/schema\/logo\/image\/"}}]}},"_links":{"self":[{"href":"https:\/\/brogue.ch\/fr\/wp-json\/wp\/v2\/product\/707752","targetHints":{"allow":["GET"]}}],"collection":[{"href":"https:\/\/brogue.ch\/fr\/wp-json\/wp\/v2\/product"}],"about":[{"href":"https:\/\/brogue.ch\/fr\/wp-json\/wp\/v2\/types\/product"}],"wp:featuredmedia":[{"embeddable":true,"href":"https:\/\/brogue.ch\/fr\/wp-json\/wp\/v2\/media\/707644"}],"wp:attachment":[{"href":"https:\/\/brogue.ch\/fr\/wp-json\/wp\/v2\/media?parent=707752"}],"wp:term":[{"taxonomy":"product_brand","embeddable":true,"href":"https:\/\/brogue.ch\/fr\/wp-json\/wp\/v2\/product_brand?post=707752"},{"taxonomy":"product_cat","embeddable":true,"href":"https:\/\/brogue.ch\/fr\/wp-json\/wp\/v2\/product_cat?post=707752"},{"taxonomy":"product_tag","embeddable":true,"href":"https:\/\/brogue.ch\/fr\/wp-json\/wp\/v2\/product_tag?post=707752"}],"curies":[{"name":"wp","href":"https:\/\/api.w.org\/{rel}","templated":true}]}}