{"id":71046,"date":"2024-04-25T14:43:18","date_gmt":"2024-04-25T12:43:18","guid":{"rendered":"https:\/\/preprod.brogue.ch\/product\/crockett-jones-hardwick-2\/"},"modified":"2025-06-17T16:23:20","modified_gmt":"2025-06-17T14:23:20","slug":"crockett-jones-hardwick-2","status":"publish","type":"product","link":"https:\/\/brogue.ch\/fr\/product\/crockett-jones-hardwick-2\/","title":{"rendered":"Crockett &amp; Jones Hardwick"},"content":{"rendered":"<p>Hardwick,un derby en cuir grain\u00e9 marron fonc\u00e9 Cuir qui vieilli bien avec le temps.<\/p>\n<p>semelle en gomme fine. Facile \u00e0 marier avec toutes tenues. Richelieu sublime. \u00c0 l\u2019int\u00e9rieur et \u00e0 l\u2019ext\u00e9rieur, les quartiers sont cousus \u00e0 un point d\u2019onglet de chaque c\u00f4t\u00e9 du vamp et la langue est coup\u00e9e dans le cadre du vamp et n\u2019est pas un composant distinct. Tr\u00e8s \u00e9l\u00e9gant.<\/p>\n<p>&nbsp;<\/p>\n<p><strong>Livraison gratuite en Suisse. 30\u20ac Europe continentale. Autres destinations sur demande.<\/strong><\/p>\n","protected":false},"excerpt":{"rendered":"<p>Hardwick,un derby en cuir grain\u00e9 marron fonc\u00e9 Cuir qui vieilli bien avec le temps. semelle en gomme fine. Facile \u00e0 marier avec toutes tenues. Richelieu sublime. \u00c0 l\u2019int\u00e9rieur et \u00e0 l\u2019ext\u00e9rieur, les quartiers sont cousus \u00e0 un point d\u2019onglet de chaque c\u00f4t\u00e9 du vamp et la langue est coup\u00e9e dans le cadre du vamp et [&hellip;]<\/p>\n","protected":false},"featured_media":65020,"template":"","meta":[],"product_brand":[],"product_cat":[250],"product_tag":[],"class_list":{"0":"post-71046","1":"product","2":"type-product","3":"status-publish","4":"has-post-thumbnail","6":"product_cat-hommes","7":"pa_brand-crockett-jones","8":"pa_style-derby-fr","10":"first","11":"instock","12":"shipping-taxable","13":"purchasable","14":"product-type-variable","15":"add-to-wishlist-before_image"},"yoast_head":"<!-- This site is optimized with the Yoast SEO plugin v27.3 - https:\/\/yoast.com\/product\/yoast-seo-wordpress\/ -->\n<title>Brogue<\/title>\n<meta name=\"robots\" content=\"index, follow, max-snippet:-1, max-image-preview:large, max-video-preview:-1\" \/>\n<link rel=\"canonical\" href=\"https:\/\/brogue.ch\/fr\/product\/crockett-jones-hardwick-2\/\" \/>\n<meta property=\"og:locale\" content=\"fr_FR\" \/>\n<meta property=\"og:type\" content=\"article\" \/>\n<meta property=\"og:title\" content=\"CROCKETT &amp; JONES HARDWICK \u2022 Luxury Shoes Store in Geneva | Brogue\" \/>\n<meta property=\"og:description\" content=\"Hardwick,un derby en cuir grain\u00e9 marron fonc\u00e9 Cuir qui vieilli bien avec le temps. semelle en gomme fine. Facile \u00e0 marier avec toutes tenues. Richelieu sublime. \u00c0 l\u2019int\u00e9rieur et \u00e0 l\u2019ext\u00e9rieur, les quartiers sont cousus \u00e0 un point d\u2019onglet de chaque c\u00f4t\u00e9 du vamp et la langue est coup\u00e9e dans le cadre du vamp et [&hellip;]\" \/>\n<meta property=\"og:url\" content=\"https:\/\/brogue.ch\/fr\/product\/crockett-jones-hardwick-2\/\" \/>\n<meta property=\"og:site_name\" content=\"Brogue\" \/>\n<meta property=\"article:modified_time\" content=\"2025-06-17T14:23:20+00:00\" \/>\n<meta property=\"og:image\" content=\"https:\/\/brogue.ch\/wp-content\/uploads\/2024\/04\/IMG_2900.jpg\" \/>\n\t<meta property=\"og:image:width\" content=\"1440\" \/>\n\t<meta property=\"og:image:height\" content=\"1920\" \/>\n\t<meta property=\"og:image:type\" content=\"image\/jpeg\" \/>\n<meta name=\"twitter:card\" content=\"summary_large_image\" \/>\n<script type=\"application\/ld+json\" class=\"yoast-schema-graph\">{\"@context\":\"https:\\\/\\\/schema.org\",\"@graph\":[{\"@type\":\"WebPage\",\"@id\":\"https:\\\/\\\/brogue.ch\\\/fr\\\/product\\\/crockett-jones-hardwick-2\\\/\",\"url\":\"https:\\\/\\\/brogue.ch\\\/fr\\\/product\\\/crockett-jones-hardwick-2\\\/\",\"name\":\"CROCKETT & JONES HARDWICK \u2022 Luxury Shoes Store in Geneva | Brogue\",\"isPartOf\":{\"@id\":\"https:\\\/\\\/brogue.ch\\\/fr\\\/#website\"},\"primaryImageOfPage\":{\"@id\":\"https:\\\/\\\/brogue.ch\\\/fr\\\/product\\\/crockett-jones-hardwick-2\\\/#primaryimage\"},\"image\":{\"@id\":\"https:\\\/\\\/brogue.ch\\\/fr\\\/product\\\/crockett-jones-hardwick-2\\\/#primaryimage\"},\"thumbnailUrl\":\"https:\\\/\\\/brogue.ch\\\/wp-content\\\/uploads\\\/2024\\\/04\\\/IMG_2900.jpg\",\"datePublished\":\"2024-04-25T12:43:18+00:00\",\"dateModified\":\"2025-06-17T14:23:20+00:00\",\"breadcrumb\":{\"@id\":\"https:\\\/\\\/brogue.ch\\\/fr\\\/product\\\/crockett-jones-hardwick-2\\\/#breadcrumb\"},\"inLanguage\":\"fr-FR\",\"potentialAction\":[{\"@type\":\"ReadAction\",\"target\":[\"https:\\\/\\\/brogue.ch\\\/fr\\\/product\\\/crockett-jones-hardwick-2\\\/\"]}]},{\"@type\":\"ImageObject\",\"inLanguage\":\"fr-FR\",\"@id\":\"https:\\\/\\\/brogue.ch\\\/fr\\\/product\\\/crockett-jones-hardwick-2\\\/#primaryimage\",\"url\":\"https:\\\/\\\/brogue.ch\\\/wp-content\\\/uploads\\\/2024\\\/04\\\/IMG_2900.jpg\",\"contentUrl\":\"https:\\\/\\\/brogue.ch\\\/wp-content\\\/uploads\\\/2024\\\/04\\\/IMG_2900.jpg\",\"width\":1440,\"height\":1920},{\"@type\":\"BreadcrumbList\",\"@id\":\"https:\\\/\\\/brogue.ch\\\/fr\\\/product\\\/crockett-jones-hardwick-2\\\/#breadcrumb\",\"itemListElement\":[{\"@type\":\"ListItem\",\"position\":1,\"name\":\"Home\",\"item\":\"https:\\\/\\\/brogue.ch\\\/fr\\\/\"},{\"@type\":\"ListItem\",\"position\":2,\"name\":\"Shop\",\"item\":\"https:\\\/\\\/brogue.ch\\\/fr\\\/shop\\\/\"},{\"@type\":\"ListItem\",\"position\":3,\"name\":\"Crockett &amp; Jones Hardwick\"}]},{\"@type\":\"WebSite\",\"@id\":\"https:\\\/\\\/brogue.ch\\\/fr\\\/#website\",\"url\":\"https:\\\/\\\/brogue.ch\\\/fr\\\/\",\"name\":\"Brogue\",\"description\":\"World class shoes\",\"publisher\":{\"@id\":\"https:\\\/\\\/brogue.ch\\\/fr\\\/#organization\"},\"potentialAction\":[{\"@type\":\"SearchAction\",\"target\":{\"@type\":\"EntryPoint\",\"urlTemplate\":\"https:\\\/\\\/brogue.ch\\\/fr\\\/?s={search_term_string}\"},\"query-input\":{\"@type\":\"PropertyValueSpecification\",\"valueRequired\":true,\"valueName\":\"search_term_string\"}}],\"inLanguage\":\"fr-FR\"},{\"@type\":\"Organization\",\"@id\":\"https:\\\/\\\/brogue.ch\\\/fr\\\/#organization\",\"name\":\"Brogue\",\"url\":\"https:\\\/\\\/brogue.ch\\\/fr\\\/\",\"logo\":{\"@type\":\"ImageObject\",\"inLanguage\":\"fr-FR\",\"@id\":\"https:\\\/\\\/brogue.ch\\\/fr\\\/#\\\/schema\\\/logo\\\/image\\\/\",\"url\":\"https:\\\/\\\/brogue.ch\\\/wp-content\\\/uploads\\\/2020\\\/02\\\/logo-brogue.png\",\"contentUrl\":\"https:\\\/\\\/brogue.ch\\\/wp-content\\\/uploads\\\/2020\\\/02\\\/logo-brogue.png\",\"width\":1176,\"height\":444,\"caption\":\"Brogue\"},\"image\":{\"@id\":\"https:\\\/\\\/brogue.ch\\\/fr\\\/#\\\/schema\\\/logo\\\/image\\\/\"}}]}<\/script>\n<!-- \/ Yoast SEO plugin. -->","yoast_head_json":{"title":"Brogue","robots":{"index":"index","follow":"follow","max-snippet":"max-snippet:-1","max-image-preview":"max-image-preview:large","max-video-preview":"max-video-preview:-1"},"canonical":"https:\/\/brogue.ch\/fr\/product\/crockett-jones-hardwick-2\/","og_locale":"fr_FR","og_type":"article","og_title":"CROCKETT & JONES HARDWICK \u2022 Luxury Shoes Store in Geneva | Brogue","og_description":"Hardwick,un derby en cuir grain\u00e9 marron fonc\u00e9 Cuir qui vieilli bien avec le temps. semelle en gomme fine. Facile \u00e0 marier avec toutes tenues. Richelieu sublime. \u00c0 l\u2019int\u00e9rieur et \u00e0 l\u2019ext\u00e9rieur, les quartiers sont cousus \u00e0 un point d\u2019onglet de chaque c\u00f4t\u00e9 du vamp et la langue est coup\u00e9e dans le cadre du vamp et [&hellip;]","og_url":"https:\/\/brogue.ch\/fr\/product\/crockett-jones-hardwick-2\/","og_site_name":"Brogue","article_modified_time":"2025-06-17T14:23:20+00:00","og_image":[{"width":1440,"height":1920,"url":"https:\/\/brogue.ch\/wp-content\/uploads\/2024\/04\/IMG_2900.jpg","type":"image\/jpeg"}],"twitter_card":"summary_large_image","schema":{"@context":"https:\/\/schema.org","@graph":[{"@type":"WebPage","@id":"https:\/\/brogue.ch\/fr\/product\/crockett-jones-hardwick-2\/","url":"https:\/\/brogue.ch\/fr\/product\/crockett-jones-hardwick-2\/","name":"CROCKETT & JONES HARDWICK \u2022 Luxury Shoes Store in Geneva | Brogue","isPartOf":{"@id":"https:\/\/brogue.ch\/fr\/#website"},"primaryImageOfPage":{"@id":"https:\/\/brogue.ch\/fr\/product\/crockett-jones-hardwick-2\/#primaryimage"},"image":{"@id":"https:\/\/brogue.ch\/fr\/product\/crockett-jones-hardwick-2\/#primaryimage"},"thumbnailUrl":"https:\/\/brogue.ch\/wp-content\/uploads\/2024\/04\/IMG_2900.jpg","datePublished":"2024-04-25T12:43:18+00:00","dateModified":"2025-06-17T14:23:20+00:00","breadcrumb":{"@id":"https:\/\/brogue.ch\/fr\/product\/crockett-jones-hardwick-2\/#breadcrumb"},"inLanguage":"fr-FR","potentialAction":[{"@type":"ReadAction","target":["https:\/\/brogue.ch\/fr\/product\/crockett-jones-hardwick-2\/"]}]},{"@type":"ImageObject","inLanguage":"fr-FR","@id":"https:\/\/brogue.ch\/fr\/product\/crockett-jones-hardwick-2\/#primaryimage","url":"https:\/\/brogue.ch\/wp-content\/uploads\/2024\/04\/IMG_2900.jpg","contentUrl":"https:\/\/brogue.ch\/wp-content\/uploads\/2024\/04\/IMG_2900.jpg","width":1440,"height":1920},{"@type":"BreadcrumbList","@id":"https:\/\/brogue.ch\/fr\/product\/crockett-jones-hardwick-2\/#breadcrumb","itemListElement":[{"@type":"ListItem","position":1,"name":"Home","item":"https:\/\/brogue.ch\/fr\/"},{"@type":"ListItem","position":2,"name":"Shop","item":"https:\/\/brogue.ch\/fr\/shop\/"},{"@type":"ListItem","position":3,"name":"Crockett &amp; Jones Hardwick"}]},{"@type":"WebSite","@id":"https:\/\/brogue.ch\/fr\/#website","url":"https:\/\/brogue.ch\/fr\/","name":"Brogue","description":"World class shoes","publisher":{"@id":"https:\/\/brogue.ch\/fr\/#organization"},"potentialAction":[{"@type":"SearchAction","target":{"@type":"EntryPoint","urlTemplate":"https:\/\/brogue.ch\/fr\/?s={search_term_string}"},"query-input":{"@type":"PropertyValueSpecification","valueRequired":true,"valueName":"search_term_string"}}],"inLanguage":"fr-FR"},{"@type":"Organization","@id":"https:\/\/brogue.ch\/fr\/#organization","name":"Brogue","url":"https:\/\/brogue.ch\/fr\/","logo":{"@type":"ImageObject","inLanguage":"fr-FR","@id":"https:\/\/brogue.ch\/fr\/#\/schema\/logo\/image\/","url":"https:\/\/brogue.ch\/wp-content\/uploads\/2020\/02\/logo-brogue.png","contentUrl":"https:\/\/brogue.ch\/wp-content\/uploads\/2020\/02\/logo-brogue.png","width":1176,"height":444,"caption":"Brogue"},"image":{"@id":"https:\/\/brogue.ch\/fr\/#\/schema\/logo\/image\/"}}]}},"_links":{"self":[{"href":"https:\/\/brogue.ch\/fr\/wp-json\/wp\/v2\/product\/71046","targetHints":{"allow":["GET"]}}],"collection":[{"href":"https:\/\/brogue.ch\/fr\/wp-json\/wp\/v2\/product"}],"about":[{"href":"https:\/\/brogue.ch\/fr\/wp-json\/wp\/v2\/types\/product"}],"wp:featuredmedia":[{"embeddable":true,"href":"https:\/\/brogue.ch\/fr\/wp-json\/wp\/v2\/media\/65020"}],"wp:attachment":[{"href":"https:\/\/brogue.ch\/fr\/wp-json\/wp\/v2\/media?parent=71046"}],"wp:term":[{"taxonomy":"product_brand","embeddable":true,"href":"https:\/\/brogue.ch\/fr\/wp-json\/wp\/v2\/product_brand?post=71046"},{"taxonomy":"product_cat","embeddable":true,"href":"https:\/\/brogue.ch\/fr\/wp-json\/wp\/v2\/product_cat?post=71046"},{"taxonomy":"product_tag","embeddable":true,"href":"https:\/\/brogue.ch\/fr\/wp-json\/wp\/v2\/product_tag?post=71046"}],"curies":[{"name":"wp","href":"https:\/\/api.w.org\/{rel}","templated":true}]}}